{"id":122,"date":"2014-08-21T10:47:02","date_gmt":"2014-08-21T13:47:02","guid":{"rendered":"https:\/\/wp.ufpel.edu.br\/posgd\/?page_id=122"},"modified":"2016-10-17T16:29:34","modified_gmt":"2016-10-17T18:29:34","slug":"corpo-discente-2014","status":"publish","type":"page","link":"https:\/\/wp.ufpel.edu.br\/posgd\/corpo-discente-2014\/","title":{"rendered":"Corpo Discente 2014"},"content":{"rendered":"<p style=\"padding-left: 60px\">Cristiane dos Santos Nunes (C)<\/p>\n<p style=\"padding-left: 60px\">Daniel Schwartz Lamas\u00a0(D)<\/p>\n<p style=\"padding-left: 60px\">Fernanda de Oliveira Rezende\u00a0(C)<\/p>\n<p style=\"padding-left: 60px\">Juarez Tabim Parode\u00a0(A)<\/p>\n<p style=\"padding-left: 60px\">Leonardo Francisco Borges de Pontes\u00a0(D)<\/p>\n<p style=\"padding-left: 60px\">Luiza Michalski Hentz\u00a0(C)<\/p>\n<p style=\"padding-left: 60px\">M\u00e1rcia Silveira Rodrigues\u00a0(C)<\/p>\n<p style=\"padding-left: 60px\">Mateus Casanova dos Santos\u00a0(D)<\/p>\n<p style=\"padding-left: 60px\">Pedro Costa de Souza\u00a0(D)<\/p>\n<p style=\"padding-left: 60px\">Rachel Lazzarotto Correia Lima\u00a0(A)<\/p>\n<p style=\"padding-left: 60px\">Rodolpho Meroni Bretanha\u00a0(A)<\/p>\n<p style=\"color: #000000;padding-left: 60px\">___________________________________________________________________<\/p>\n<p style=\"color: #000000;padding-left: 60px\">SITUA\u00c7\u00c3O:<\/p>\n<p style=\"color: #000000;padding-left: 60px\">(A) Atual, (D) Desligado, (DSM) Desligado Sem Monografia, (T) Trancado, (C) Conclu\u00eddo<\/p>\n","protected":false},"excerpt":{"rendered":"<p>Cristiane dos Santos Nunes (C) Daniel Schwartz Lamas\u00a0(D) Fernanda de Oliveira Rezende\u00a0(C) Juarez Tabim Parode\u00a0(A) Leonardo Francisco Borges de Pontes\u00a0(D) Luiza Michalski Hentz\u00a0(C) M\u00e1rcia Silveira Rodrigues\u00a0(C) Mateus Casanova dos Santos\u00a0(D) Pedro Costa de Souza\u00a0(D) Rachel Lazzarotto Correia Lima\u00a0(A) Rodolpho Meroni Bretanha\u00a0(A) ___________________________________________________________________ SITUA\u00c7\u00c3O: (A) Atual, (D) Desligado, (DSM) Desligado Sem Monografia, (T) Trancado, (C) Conclu\u00eddo<\/p>\n","protected":false},"author":390,"featured_media":0,"parent":0,"menu_order":0,"comment_status":"closed","ping_status":"closed","template":"","meta":{"footnotes":""},"class_list":["post-122","page","type-page","status-publish","hentry"],"_links":{"self":[{"href":"https:\/\/wp.ufpel.edu.br\/posgd\/wp-json\/wp\/v2\/pages\/122","targetHints":{"allow":["GET"]}}],"collection":[{"href":"https:\/\/wp.ufpel.edu.br\/posgd\/wp-json\/wp\/v2\/pages"}],"about":[{"href":"https:\/\/wp.ufpel.edu.br\/posgd\/wp-json\/wp\/v2\/types\/page"}],"author":[{"embeddable":true,"href":"https:\/\/wp.ufpel.edu.br\/posgd\/wp-json\/wp\/v2\/users\/390"}],"replies":[{"embeddable":true,"href":"https:\/\/wp.ufpel.edu.br\/posgd\/wp-json\/wp\/v2\/comments?post=122"}],"version-history":[{"count":6,"href":"https:\/\/wp.ufpel.edu.br\/posgd\/wp-json\/wp\/v2\/pages\/122\/revisions"}],"predecessor-version":[{"id":356,"href":"https:\/\/wp.ufpel.edu.br\/posgd\/wp-json\/wp\/v2\/pages\/122\/revisions\/356"}],"wp:attachment":[{"href":"https:\/\/wp.ufpel.edu.br\/posgd\/wp-json\/wp\/v2\/media?parent=122"}],"curies":[{"name":"wp","href":"https:\/\/api.w.org\/{rel}","templated":true}]}}