{"id":118,"date":"2014-08-21T10:32:11","date_gmt":"2014-08-21T13:32:11","guid":{"rendered":"https:\/\/wp.ufpel.edu.br\/posgd\/?page_id=118"},"modified":"2016-10-17T16:26:47","modified_gmt":"2016-10-17T18:26:47","slug":"corpo-discente-2011","status":"publish","type":"page","link":"https:\/\/wp.ufpel.edu.br\/posgd\/corpo-discente-2011\/","title":{"rendered":"Corpo Discente 2011"},"content":{"rendered":"<p style=\"padding-left: 60px\">Daniel Leiria da Rosa (D)<\/p>\n<p style=\"padding-left: 60px\">Fabiane Mena Brahm (D)<\/p>\n<p style=\"padding-left: 60px\">Jana\u00edna Buchweitz e Silva\u00a0(D)<\/p>\n<p style=\"padding-left: 60px\">Lessandro Machado da Rosa\u00a0(D)<\/p>\n<p style=\"padding-left: 60px\">Lisiane Correa Gomes Silveira (C)<\/p>\n<p style=\"padding-left: 60px\">Marcus Freitas Neves\u00a0(C)<\/p>\n<p style=\"padding-left: 60px\">Marina Lange Funari de Carvalho\u00a0(C)<\/p>\n<p style=\"padding-left: 60px\">\u00a0___________________________________________________________________<\/p>\n<p class=\"entry-content clearfix\" style=\"padding-left: 60px\">SITUA\u00c7\u00c3O:<\/p>\n<p class=\"entry-content clearfix\" style=\"padding-left: 60px\">(A) Atual, (D) Desligado, (DSM) Desligado Sem Monografia, (T) Trancado, (C) Conclu\u00eddo<\/p>\n","protected":false},"excerpt":{"rendered":"<p>Daniel Leiria da Rosa (D) Fabiane Mena Brahm (D) Jana\u00edna Buchweitz e Silva\u00a0(D) Lessandro Machado da Rosa\u00a0(D) Lisiane Correa Gomes Silveira (C) Marcus Freitas Neves\u00a0(C) Marina Lange Funari de Carvalho\u00a0(C) \u00a0___________________________________________________________________ SITUA\u00c7\u00c3O: (A) Atual, (D) Desligado, (DSM) Desligado Sem Monografia, (T) Trancado, (C) Conclu\u00eddo<\/p>\n","protected":false},"author":390,"featured_media":0,"parent":0,"menu_order":0,"comment_status":"closed","ping_status":"closed","template":"","meta":{"footnotes":""},"class_list":["post-118","page","type-page","status-publish","hentry"],"_links":{"self":[{"href":"https:\/\/wp.ufpel.edu.br\/posgd\/wp-json\/wp\/v2\/pages\/118","targetHints":{"allow":["GET"]}}],"collection":[{"href":"https:\/\/wp.ufpel.edu.br\/posgd\/wp-json\/wp\/v2\/pages"}],"about":[{"href":"https:\/\/wp.ufpel.edu.br\/posgd\/wp-json\/wp\/v2\/types\/page"}],"author":[{"embeddable":true,"href":"https:\/\/wp.ufpel.edu.br\/posgd\/wp-json\/wp\/v2\/users\/390"}],"replies":[{"embeddable":true,"href":"https:\/\/wp.ufpel.edu.br\/posgd\/wp-json\/wp\/v2\/comments?post=118"}],"version-history":[{"count":11,"href":"https:\/\/wp.ufpel.edu.br\/posgd\/wp-json\/wp\/v2\/pages\/118\/revisions"}],"predecessor-version":[{"id":353,"href":"https:\/\/wp.ufpel.edu.br\/posgd\/wp-json\/wp\/v2\/pages\/118\/revisions\/353"}],"wp:attachment":[{"href":"https:\/\/wp.ufpel.edu.br\/posgd\/wp-json\/wp\/v2\/media?parent=118"}],"curies":[{"name":"wp","href":"https:\/\/api.w.org\/{rel}","templated":true}]}}