{"id":116,"date":"2014-08-21T10:32:02","date_gmt":"2014-08-21T13:32:02","guid":{"rendered":"https:\/\/wp.ufpel.edu.br\/posgd\/?page_id=116"},"modified":"2016-10-17T16:26:10","modified_gmt":"2016-10-17T18:26:10","slug":"corpo-discente-2010","status":"publish","type":"page","link":"https:\/\/wp.ufpel.edu.br\/posgd\/corpo-discente-2010\/","title":{"rendered":"Corpo Discente 2010"},"content":{"rendered":"<p style=\"padding-left: 60px\">Artur Le\u00e3o Vieira da Cunha (D)<\/p>\n<p style=\"padding-left: 60px\">Celso Rosandro Pedroso Dias (D)<\/p>\n<p style=\"padding-left: 60px\">Cristiano Corr\u00eaa Ferreira (C)<\/p>\n<p style=\"padding-left: 60px\">Daniela Vieira Goularte (D)<\/p>\n<p style=\"padding-left: 60px\">Jo\u00e3o Pedro Silveira de Oliveira (D)<\/p>\n<p style=\"padding-left: 60px\">Roland Hackbart de Medeiros (D)<\/p>\n<p style=\"padding-left: 60px\">Wagner Costa Oliveira (C)<\/p>\n<p style=\"padding-left: 60px\">\u00a0___________________________________________________________________<\/p>\n<p style=\"padding-left: 60px\">SITUA\u00c7\u00c3O:<\/p>\n<p style=\"padding-left: 60px\">(A) Atual, (D) Desligado, (DSM) Desligado Sem Monografia, (T) Trancado, (C) Conclu\u00eddo<\/p>\n","protected":false},"excerpt":{"rendered":"<p>Artur Le\u00e3o Vieira da Cunha (D) Celso Rosandro Pedroso Dias (D) Cristiano Corr\u00eaa Ferreira (C) Daniela Vieira Goularte (D) Jo\u00e3o Pedro Silveira de Oliveira (D) Roland Hackbart de Medeiros (D) Wagner Costa Oliveira (C) \u00a0___________________________________________________________________ SITUA\u00c7\u00c3O: (A) Atual, (D) Desligado, (DSM) Desligado Sem Monografia, (T) Trancado, (C) Conclu\u00eddo<\/p>\n","protected":false},"author":390,"featured_media":0,"parent":0,"menu_order":0,"comment_status":"closed","ping_status":"closed","template":"","meta":{"footnotes":""},"class_list":["post-116","page","type-page","status-publish","hentry"],"_links":{"self":[{"href":"https:\/\/wp.ufpel.edu.br\/posgd\/wp-json\/wp\/v2\/pages\/116","targetHints":{"allow":["GET"]}}],"collection":[{"href":"https:\/\/wp.ufpel.edu.br\/posgd\/wp-json\/wp\/v2\/pages"}],"about":[{"href":"https:\/\/wp.ufpel.edu.br\/posgd\/wp-json\/wp\/v2\/types\/page"}],"author":[{"embeddable":true,"href":"https:\/\/wp.ufpel.edu.br\/posgd\/wp-json\/wp\/v2\/users\/390"}],"replies":[{"embeddable":true,"href":"https:\/\/wp.ufpel.edu.br\/posgd\/wp-json\/wp\/v2\/comments?post=116"}],"version-history":[{"count":5,"href":"https:\/\/wp.ufpel.edu.br\/posgd\/wp-json\/wp\/v2\/pages\/116\/revisions"}],"predecessor-version":[{"id":352,"href":"https:\/\/wp.ufpel.edu.br\/posgd\/wp-json\/wp\/v2\/pages\/116\/revisions\/352"}],"wp:attachment":[{"href":"https:\/\/wp.ufpel.edu.br\/posgd\/wp-json\/wp\/v2\/media?parent=116"}],"curies":[{"name":"wp","href":"https:\/\/api.w.org\/{rel}","templated":true}]}}