{"id":112,"date":"2014-08-21T10:31:44","date_gmt":"2014-08-21T13:31:44","guid":{"rendered":"https:\/\/wp.ufpel.edu.br\/posgd\/?page_id=112"},"modified":"2016-10-17T16:22:54","modified_gmt":"2016-10-17T18:22:54","slug":"corpo-discente-2007","status":"publish","type":"page","link":"https:\/\/wp.ufpel.edu.br\/posgd\/corpo-discente-2007\/","title":{"rendered":"Corpo Discente 2007"},"content":{"rendered":"<p style=\"padding-left: 60px\">Adriana Silva da Silva (C)<\/p>\n<p style=\"padding-left: 60px\">Ana Cl\u00e1udia de Oliveira (C)<\/p>\n<p style=\"padding-left: 60px\">C\u00edntia da Silva (C)<\/p>\n<p style=\"padding-left: 60px\">Elisa Dutra (C)<\/p>\n<p style=\"padding-left: 60px\">Eloir da Silva (C)<\/p>\n<p style=\"padding-left: 60px\">Gabriela da Silva (C)<\/p>\n<p style=\"padding-left: 60px\">Lea Schiavon (C)<\/p>\n<p style=\"padding-left: 60px\">Leisa C\u00e1ssia Farina (DSM)<\/p>\n<p style=\"padding-left: 60px\">Roger Vieira (C)<\/p>\n<p style=\"padding-left: 60px\">Sheron Bermudes (DSM)<\/p>\n<p style=\"padding-left: 60px\">Vanessa Signorini (DSM)<\/p>\n<p style=\"padding-left: 60px\">\u00a0_____________________________________________________________________<\/p>\n<p style=\"padding-left: 60px\">SITUA\u00c7\u00c3O:<\/p>\n<p style=\"padding-left: 60px\">(A) Atual, (D) Desligado, (DSM) Desligado Sem Monografia, (T) Trancado, (C) Conclu\u00eddo<\/p>\n","protected":false},"excerpt":{"rendered":"<p>Adriana Silva da Silva (C) Ana Cl\u00e1udia de Oliveira (C) C\u00edntia da Silva (C) Elisa Dutra (C) Eloir da Silva (C) Gabriela da Silva (C) Lea Schiavon (C) Leisa C\u00e1ssia Farina (DSM) Roger Vieira (C) Sheron Bermudes (DSM) Vanessa Signorini (DSM) \u00a0_____________________________________________________________________ SITUA\u00c7\u00c3O: (A) Atual, (D) Desligado, (DSM) Desligado Sem Monografia, (T) Trancado, (C) Conclu\u00eddo<\/p>\n","protected":false},"author":390,"featured_media":0,"parent":0,"menu_order":0,"comment_status":"closed","ping_status":"closed","template":"","meta":{"footnotes":""},"class_list":["post-112","page","type-page","status-publish","hentry"],"_links":{"self":[{"href":"https:\/\/wp.ufpel.edu.br\/posgd\/wp-json\/wp\/v2\/pages\/112","targetHints":{"allow":["GET"]}}],"collection":[{"href":"https:\/\/wp.ufpel.edu.br\/posgd\/wp-json\/wp\/v2\/pages"}],"about":[{"href":"https:\/\/wp.ufpel.edu.br\/posgd\/wp-json\/wp\/v2\/types\/page"}],"author":[{"embeddable":true,"href":"https:\/\/wp.ufpel.edu.br\/posgd\/wp-json\/wp\/v2\/users\/390"}],"replies":[{"embeddable":true,"href":"https:\/\/wp.ufpel.edu.br\/posgd\/wp-json\/wp\/v2\/comments?post=112"}],"version-history":[{"count":5,"href":"https:\/\/wp.ufpel.edu.br\/posgd\/wp-json\/wp\/v2\/pages\/112\/revisions"}],"predecessor-version":[{"id":350,"href":"https:\/\/wp.ufpel.edu.br\/posgd\/wp-json\/wp\/v2\/pages\/112\/revisions\/350"}],"wp:attachment":[{"href":"https:\/\/wp.ufpel.edu.br\/posgd\/wp-json\/wp\/v2\/media?parent=112"}],"curies":[{"name":"wp","href":"https:\/\/api.w.org\/{rel}","templated":true}]}}