{"id":104,"date":"2014-08-21T10:31:03","date_gmt":"2014-08-21T13:31:03","guid":{"rendered":"https:\/\/wp.ufpel.edu.br\/posgd\/?page_id=104"},"modified":"2016-10-16T22:57:28","modified_gmt":"2016-10-17T00:57:28","slug":"corpo-discente-2002","status":"publish","type":"page","link":"https:\/\/wp.ufpel.edu.br\/posgd\/corpo-discente-2002\/","title":{"rendered":"Corpo Discente 2002"},"content":{"rendered":"<p style=\"padding-left: 60px\">Abner Gilead Ara\u00fajo Guedes (C)<\/p>\n<p style=\"padding-left: 60px\">Adriane Rodrigues Coitinho (C)<\/p>\n<p style=\"padding-left: 60px\">Alcides Valentim Perinotto (C)<\/p>\n<p style=\"padding-left: 60px\">C\u00e9sar Alves Nunes (D)<\/p>\n<p style=\"padding-left: 60px\">C\u00edntia Elichirigoity Behrensdorf (D)<\/p>\n<p style=\"padding-left: 60px\">Cristina Pereira Anton (C)<\/p>\n<p style=\"padding-left: 60px\">Fernanda da Cruz Moscarelli (D)<\/p>\n<p style=\"padding-left: 60px\">Helen Corr\u00eaa Fernandes (DSM)<\/p>\n<p style=\"padding-left: 60px\">Luciana Roso de Arraial (C)<\/p>\n<p style=\"padding-left: 60px\">Olga Maria Almeida da Silva (C)<\/p>\n<p style=\"padding-left: 60px\">Rafael Klumb Arnoni (DSM)<\/p>\n<p style=\"padding-left: 60px\">____________________________________________________________________<\/p>\n<p style=\"padding-left: 60px\">SITUA\u00c7\u00c3O:<\/p>\n<p style=\"padding-left: 60px\">(A) Atual, (D) Desligado, (DSM) Desligado Sem Monografia, (T) Trancado, (C) Conclu\u00eddo<\/p>\n","protected":false},"excerpt":{"rendered":"<p>Abner Gilead Ara\u00fajo Guedes (C) Adriane Rodrigues Coitinho (C) Alcides Valentim Perinotto (C) C\u00e9sar Alves Nunes (D) C\u00edntia Elichirigoity Behrensdorf (D) Cristina Pereira Anton (C) Fernanda da Cruz Moscarelli (D) Helen Corr\u00eaa Fernandes (DSM) Luciana Roso de Arraial (C) Olga Maria Almeida da Silva (C) Rafael Klumb Arnoni (DSM) ____________________________________________________________________ SITUA\u00c7\u00c3O: (A) Atual, (D) Desligado, [&hellip;]<\/p>\n","protected":false},"author":390,"featured_media":0,"parent":0,"menu_order":0,"comment_status":"closed","ping_status":"closed","template":"","meta":{"footnotes":""},"class_list":["post-104","page","type-page","status-publish","hentry"],"_links":{"self":[{"href":"https:\/\/wp.ufpel.edu.br\/posgd\/wp-json\/wp\/v2\/pages\/104","targetHints":{"allow":["GET"]}}],"collection":[{"href":"https:\/\/wp.ufpel.edu.br\/posgd\/wp-json\/wp\/v2\/pages"}],"about":[{"href":"https:\/\/wp.ufpel.edu.br\/posgd\/wp-json\/wp\/v2\/types\/page"}],"author":[{"embeddable":true,"href":"https:\/\/wp.ufpel.edu.br\/posgd\/wp-json\/wp\/v2\/users\/390"}],"replies":[{"embeddable":true,"href":"https:\/\/wp.ufpel.edu.br\/posgd\/wp-json\/wp\/v2\/comments?post=104"}],"version-history":[{"count":5,"href":"https:\/\/wp.ufpel.edu.br\/posgd\/wp-json\/wp\/v2\/pages\/104\/revisions"}],"predecessor-version":[{"id":346,"href":"https:\/\/wp.ufpel.edu.br\/posgd\/wp-json\/wp\/v2\/pages\/104\/revisions\/346"}],"wp:attachment":[{"href":"https:\/\/wp.ufpel.edu.br\/posgd\/wp-json\/wp\/v2\/media?parent=104"}],"curies":[{"name":"wp","href":"https:\/\/api.w.org\/{rel}","templated":true}]}}