{"id":100,"date":"2014-08-21T10:30:37","date_gmt":"2014-08-21T13:30:37","guid":{"rendered":"https:\/\/wp.ufpel.edu.br\/posgd\/?page_id=100"},"modified":"2016-10-16T22:55:02","modified_gmt":"2016-10-17T00:55:02","slug":"corpo-discente-2000","status":"publish","type":"page","link":"https:\/\/wp.ufpel.edu.br\/posgd\/corpo-discente-2000\/","title":{"rendered":"Corpo Discente 2000"},"content":{"rendered":"<p style=\"padding-left: 60px\">Cec\u00edlia Oliveira Boanova (C)<\/p>\n<p style=\"padding-left: 60px\">Daniela de Almeida Tunes (DSM)<\/p>\n<p style=\"padding-left: 60px\">Daniela Rassier Cheuiche (DSM)<\/p>\n<p style=\"padding-left: 60px\">Felipe Etchegaray Heidrich (C)<\/p>\n<p style=\"padding-left: 60px\">Liege Dias Lannes (C)<\/p>\n<p style=\"padding-left: 60px\">Leonardo Alberto Bianchini (C)<\/p>\n<p style=\"padding-left: 60px\">Leonardo Borges Menezes (C)<\/p>\n<p style=\"padding-left: 60px\">Mateus Treptow Coswig (DSM)<\/p>\n<p style=\"padding-left: 60px\">Pablo Crespi (D)<\/p>\n<p style=\"padding-left: 60px\">Ros\u00e2ngela Oliveira da Silva (DSM)<\/p>\n<p style=\"padding-left: 60px\">_____________________________________________________________________<\/p>\n<p style=\"padding-left: 60px\">SITUA\u00c7\u00c3O:<\/p>\n<p style=\"padding-left: 60px\">(A) Atual, (D) Desligado, (DSM) Desligado Sem Monografia, (T) Trancado, (C) Conclu\u00eddo<\/p>\n","protected":false},"excerpt":{"rendered":"<p>Cec\u00edlia Oliveira Boanova (C) Daniela de Almeida Tunes (DSM) Daniela Rassier Cheuiche (DSM) Felipe Etchegaray Heidrich (C) Liege Dias Lannes (C) Leonardo Alberto Bianchini (C) Leonardo Borges Menezes (C) Mateus Treptow Coswig (DSM) Pablo Crespi (D) Ros\u00e2ngela Oliveira da Silva (DSM) _____________________________________________________________________ SITUA\u00c7\u00c3O: (A) Atual, (D) Desligado, (DSM) Desligado Sem Monografia, (T) Trancado, (C) Conclu\u00eddo<\/p>\n","protected":false},"author":390,"featured_media":0,"parent":0,"menu_order":0,"comment_status":"closed","ping_status":"closed","template":"","meta":{"footnotes":""},"class_list":["post-100","page","type-page","status-publish","hentry"],"_links":{"self":[{"href":"https:\/\/wp.ufpel.edu.br\/posgd\/wp-json\/wp\/v2\/pages\/100","targetHints":{"allow":["GET"]}}],"collection":[{"href":"https:\/\/wp.ufpel.edu.br\/posgd\/wp-json\/wp\/v2\/pages"}],"about":[{"href":"https:\/\/wp.ufpel.edu.br\/posgd\/wp-json\/wp\/v2\/types\/page"}],"author":[{"embeddable":true,"href":"https:\/\/wp.ufpel.edu.br\/posgd\/wp-json\/wp\/v2\/users\/390"}],"replies":[{"embeddable":true,"href":"https:\/\/wp.ufpel.edu.br\/posgd\/wp-json\/wp\/v2\/comments?post=100"}],"version-history":[{"count":5,"href":"https:\/\/wp.ufpel.edu.br\/posgd\/wp-json\/wp\/v2\/pages\/100\/revisions"}],"predecessor-version":[{"id":345,"href":"https:\/\/wp.ufpel.edu.br\/posgd\/wp-json\/wp\/v2\/pages\/100\/revisions\/345"}],"wp:attachment":[{"href":"https:\/\/wp.ufpel.edu.br\/posgd\/wp-json\/wp\/v2\/media?parent=100"}],"curies":[{"name":"wp","href":"https:\/\/api.w.org\/{rel}","templated":true}]}}