{"id":84,"date":"2023-10-19T21:41:09","date_gmt":"2023-10-20T00:41:09","guid":{"rendered":"https:\/\/wp.ufpel.edu.br\/portugues\/?page_id=84"},"modified":"2026-03-26T11:11:58","modified_gmt":"2026-03-26T14:11:58","slug":"noticias","status":"publish","type":"page","link":"https:\/\/wp.ufpel.edu.br\/portugues\/noticias\/","title":{"rendered":"Not\u00edcias"},"content":{"rendered":"<p><a href=\"https:\/\/wp.ufpel.edu.br\/portugues\/files\/2026\/03\/transferir.png\"><img loading=\"lazy\" decoding=\"async\" class=\"aligncenter wp-image-291\" src=\"https:\/\/wp.ufpel.edu.br\/portugues\/files\/2026\/03\/transferir.png\" alt=\"\" width=\"584\" height=\"172\" srcset=\"https:\/\/wp.ufpel.edu.br\/portugues\/files\/2026\/03\/transferir.png 414w, https:\/\/wp.ufpel.edu.br\/portugues\/files\/2026\/03\/transferir-212x62.png 212w\" sizes=\"auto, (max-width: 584px) 100vw, 584px\" \/><\/a><\/p>\n<p><span style=\"font-size: 18pt; color: #993300;\"><strong>Est\u00e3o abertas as inscri\u00e7\u00f5es para Sele\u00e7\u00e3o de Estudantes para o PIBID\/UFPel.<\/strong><\/span><\/p>\n<p>Leia atentamente o Edital!<\/p>\n<p><a href=\"https:\/\/wp.ufpel.edu.br\/pre\/2026\/03\/23\/chamada-no-06-edital-nuprop-no-31-2024-selecao-em-fluxo-continuo-de-estudantes-das-licenciaturas-da-ufpel-para-o-pibid\/\">Chamada n\u00ba 06 \u2013 Edital Nuprop n\u00ba. 31\/2024 \u2013 Sele\u00e7\u00e3o em Fluxo Cont\u00ednuo de Estudantes das Licenciaturas da UFPel para o PIBID<\/a><\/p>\n<h2>**************************************<\/h2>\n<h2><span style=\"color: #993366;\">Vem a\u00ed a 37\u00aa Semana Acad\u00eamica das Letras&#8230;<\/span><\/h2>\n<h4><a href=\"https:\/\/wp.ufpel.edu.br\/portugues\/files\/2025\/11\/Semana-Academica.jpg\"><img loading=\"lazy\" decoding=\"async\" class=\"aligncenter size-full wp-image-242\" src=\"https:\/\/wp.ufpel.edu.br\/portugues\/files\/2025\/11\/Semana-Academica.jpg\" alt=\"\" width=\"1072\" height=\"720\" srcset=\"https:\/\/wp.ufpel.edu.br\/portugues\/files\/2025\/11\/Semana-Academica.jpg 1072w, https:\/\/wp.ufpel.edu.br\/portugues\/files\/2025\/11\/Semana-Academica-424x285.jpg 424w, https:\/\/wp.ufpel.edu.br\/portugues\/files\/2025\/11\/Semana-Academica-212x142.jpg 212w, https:\/\/wp.ufpel.edu.br\/portugues\/files\/2025\/11\/Semana-Academica-768x516.jpg 768w, https:\/\/wp.ufpel.edu.br\/portugues\/files\/2025\/11\/Semana-Academica-750x504.jpg 750w\" sizes=\"auto, (max-width: 1072px) 100vw, 1072px\" \/><\/a>\u00c9 com enorme satisfa\u00e7\u00e3o que o DAEB UFPel, em parceria com o CLC, anuncia a 37\u00aa Semana Acad\u00eamica das Letras!<\/h4>\n<h4>O tema deste ano \u00e9 o <em>Percurso da L\u00edngua atrav\u00e9s da Arte Marginal<\/em>, um convite para refletirmos sobre est\u00e9ticas, vozes e cria\u00e7\u00f5es que transbordam as bordas do institucional.<\/h4>\n<h4>As inscri\u00e7\u00f5es j\u00e1 est\u00e3o abertas!<br \/>\nPreenche o formul\u00e1rio e garante tua vaga!<\/h4>\n<h4>https:\/\/docs.google.com\/document\/d\/17odGgbmW4DQk4EIWkFzLHIt7I3WMB6nVKfNaLOjLFGg\/edit?usp=sharing<\/h4>\n<p>&nbsp;<\/p>\n<h3><strong>PARTICIPE!!<\/strong><\/h3>\n<p>&nbsp;<\/p>\n<p>&nbsp;<\/p>\n<p><a href=\"https:\/\/wp.ufpel.edu.br\/portugues\/files\/2025\/10\/Palestra.png\"><img loading=\"lazy\" decoding=\"async\" class=\"aligncenter wp-image-214\" src=\"https:\/\/wp.ufpel.edu.br\/portugues\/files\/2025\/10\/Palestra.png\" alt=\"\" width=\"532\" height=\"665\" srcset=\"https:\/\/wp.ufpel.edu.br\/portugues\/files\/2025\/10\/Palestra.png 1080w, https:\/\/wp.ufpel.edu.br\/portugues\/files\/2025\/10\/Palestra-254x318.png 254w, https:\/\/wp.ufpel.edu.br\/portugues\/files\/2025\/10\/Palestra-127x159.png 127w, https:\/\/wp.ufpel.edu.br\/portugues\/files\/2025\/10\/Palestra-768x960.png 768w, https:\/\/wp.ufpel.edu.br\/portugues\/files\/2025\/10\/Palestra-750x938.png 750w\" sizes=\"auto, (max-width: 532px) 100vw, 532px\" \/><\/a><\/p>\n<div class=\"\" data-block=\"true\" data-editor=\"83qdn\" data-offset-key=\"5uvu-0-0\">\n<div class=\"_1mf _1mj\" data-offset-key=\"5uvu-0-0\">\n<p>No dia <strong>31\/10\/2025 (sexta-feira),<\/strong> a disciplina \u201cTexto Multimodal e Ensino de L\u00edngua\u201d, sob a responsabilidade do Prof. Dr. Giovane Fernandes Oliveira, receber\u00e1 o Prof. Dr. Paulo Vin\u00edcius \u00c1vila N\u00f3brega (UEPB), que ministrar\u00e1 a aula aberta \u201cMultimodalidade e aquisi\u00e7\u00e3o de l\u00edngua materna: o envelope multimodal\u201d.<\/p>\n<\/div>\n<\/div>\n<div class=\"\" data-block=\"true\" data-editor=\"83qdn\" data-offset-key=\"71lc2-0-0\">\n<div class=\"_1mf _1mj\" data-offset-key=\"71lc2-0-0\"><span data-offset-key=\"71lc2-0-0\">Inserida como a\u00e7\u00e3o no \u00e2mbito do Programa \u201cPerman\u00eancia e Qualidade Acad\u00eamica em Letras \u2013 Portugu\u00eas\u201d, a aula aberta ter\u00e1 transmiss\u00e3o via Google Meet.<\/span><\/div>\n<\/div>\n<div class=\"\" data-block=\"true\" data-editor=\"83qdn\" data-offset-key=\"865l6-0-0\">\n<div class=\"_1mf _1mj\" data-offset-key=\"865l6-0-0\"><span data-offset-key=\"865l6-0-0\">\u00a0<\/span><\/div>\n<\/div>\n<div class=\"\" data-block=\"true\" data-editor=\"83qdn\" data-offset-key=\"8c34f-0-0\">\n<div class=\"_1mf _1mj\" data-offset-key=\"8c34f-0-0\"><span data-offset-key=\"8c34f-0-0\"><strong>Para inscrever-se como ouvinte,<\/strong> contate o seguinte e-mail: <strong>giofoliver@gmail.com<\/strong><\/span><\/div>\n<\/div>\n<p><!--nextpage--><\/p>\n<p><strong>PIBID &#8211; L\u00edngua Portuguesa<\/strong><\/p>\n<p>Chamada n\u00ba 05 \u2013 Edital Nuprop n\u00ba. 31\/2024 \u2013 Sele\u00e7\u00e3o em Fluxo Cont\u00ednuo de Alunos das Licenciaturas da UFPel para o PIBID. Para acessar o edital, <strong><a href=\"https:\/\/wp.ufpel.edu.br\/pre\/2025\/09\/18\/chamada-no-05-edital-nuprop-no-31-2024-selecao-em-fluxo-continuo-de-alunos-das-licenciaturas-da-ufpel-para-o-pibid\/\">clique aqui!<\/a><\/strong><\/p>\n<h5><strong>Per\u00edodo de inscri\u00e7\u00f5es:<\/strong> Inscri\u00e7\u00f5es: 22 a 28 de setembro de 2025 no link <a href=\"https:\/\/docs.google.com\/forms\/d\/e\/1FAIpQLSeFgPsSLj8i0H5uV-KBzk0YNstLRqBCimpWMjeLTTX55aaLcw\/viewform?usp=pp_url?\">clique aqui!<\/a><br \/>\n<strong>Homologa\u00e7\u00e3o<\/strong> &#8211; Resultado preliminar: 30 de setembro de 2025<br \/>\n<strong>Prazo de Recursos:<\/strong> 01 e 02 de outubro de 2025<br \/>\n<strong>Homologa\u00e7\u00e3o<\/strong> &#8211; Resultado final e publica\u00e7\u00e3o da data, hor\u00e1rio e local das entrevistas: 03 de outubro de 2025<br \/>\n<strong>Per\u00edodo de entrevistas:<\/strong> 06 a 10 de outubro de 2025<br \/>\n<strong>Resultado preliminar:<\/strong> 13 de outubro de 2025<br \/>\n<strong>Prazo de recursos:<\/strong> 14 e 15 de outubro de 2025<br \/>\n<strong>Resultado final:<\/strong> 16 de outubro de 2025<\/h5>\n<p>&nbsp;<\/p>\n<p><strong>ENADE<\/strong><\/p>\n<p><strong>Alunos Concluintes<\/strong> do curso de Licenciatura em <strong>Letras Portugu\u00eas<\/strong> t\u00eam at\u00e9 <strong>25\/10\/2025<\/strong>\u00a0para preencher o Question\u00e1rio do Estudante. Para maiores informa\u00e7\u00f5es, <strong><a href=\"https:\/\/www.gov.br\/inep\/pt-br\/centrais-de-conteudo\/noticias\/enade\/concluintes-de-licenciaturas-tem-ate-25-10-para-preencher-questionario-do-estudante\">clique aqui!<\/a><\/strong><\/p>\n<p>&nbsp;<\/p>\n","protected":false},"excerpt":{"rendered":"<p>Est\u00e3o abertas as inscri\u00e7\u00f5es para Sele\u00e7\u00e3o de Estudantes para o PIBID\/UFPel. Leia atentamente o Edital! Chamada n\u00ba 06 \u2013 Edital Nuprop n\u00ba. 31\/2024 \u2013 Sele\u00e7\u00e3o em Fluxo Cont\u00ednuo de Estudantes das Licenciaturas da UFPel para o PIBID ************************************** Vem a\u00ed a 37\u00aa Semana Acad\u00eamica das Letras&#8230; \u00c9 com enorme satisfa\u00e7\u00e3o que o DAEB UFPel, em &hellip; <\/p>\n<p><a class=\"more-link btn\" href=\"https:\/\/wp.ufpel.edu.br\/portugues\/noticias\/\">Continue lendo<\/a><\/p>\n","protected":false},"author":50,"featured_media":0,"parent":0,"menu_order":0,"comment_status":"closed","ping_status":"closed","template":"","meta":{"footnotes":""},"class_list":["post-84","page","type-page","status-publish","hentry","nodate","item-wrap"],"_links":{"self":[{"href":"https:\/\/wp.ufpel.edu.br\/portugues\/wp-json\/wp\/v2\/pages\/84","targetHints":{"allow":["GET"]}}],"collection":[{"href":"https:\/\/wp.ufpel.edu.br\/portugues\/wp-json\/wp\/v2\/pages"}],"about":[{"href":"https:\/\/wp.ufpel.edu.br\/portugues\/wp-json\/wp\/v2\/types\/page"}],"author":[{"embeddable":true,"href":"https:\/\/wp.ufpel.edu.br\/portugues\/wp-json\/wp\/v2\/users\/50"}],"replies":[{"embeddable":true,"href":"https:\/\/wp.ufpel.edu.br\/portugues\/wp-json\/wp\/v2\/comments?post=84"}],"version-history":[{"count":5,"href":"https:\/\/wp.ufpel.edu.br\/portugues\/wp-json\/wp\/v2\/pages\/84\/revisions"}],"predecessor-version":[{"id":297,"href":"https:\/\/wp.ufpel.edu.br\/portugues\/wp-json\/wp\/v2\/pages\/84\/revisions\/297"}],"wp:attachment":[{"href":"https:\/\/wp.ufpel.edu.br\/portugues\/wp-json\/wp\/v2\/media?parent=84"}],"curies":[{"name":"wp","href":"https:\/\/api.w.org\/{rel}","templated":true}]}}