{"id":33,"date":"2015-11-13T15:46:08","date_gmt":"2015-11-13T17:46:08","guid":{"rendered":"https:\/\/wp.ufpel.edu.br\/portugues\/?page_id=33"},"modified":"2026-03-26T15:42:15","modified_gmt":"2026-03-26T18:42:15","slug":"documentos","status":"publish","type":"page","link":"https:\/\/wp.ufpel.edu.br\/portugues\/documentos\/","title":{"rendered":"Documentos &#038; Formul\u00e1rios"},"content":{"rendered":"<p><a href=\"https:\/\/wp.ufpel.edu.br\/portugues\/files\/2018\/09\/2.2-PPC-do-Curso.pdf\">Projeto Pedag\u00f3gico de Curso \u2013 Licenciatura em Letras-Portugu\u00eas &#8211; at\u00e9 2019<\/a><\/p>\n<p><a href=\"https:\/\/wp.ufpel.edu.br\/portugues\/files\/2021\/02\/PPC_FINAL.pdf\">Projeto Pedag\u00f3gico de Curso &#8211; Licenciatura em Letras-Portugu\u00eas &#8211; a partir de 2020<\/a><\/p>\n<p>&nbsp;<\/p>\n<p><strong>Est\u00e1gios Obrigat\u00f3rios<\/strong><\/p>\n<p><a href=\"https:\/\/wp.ufpel.edu.br\/clc\/colegiado-do-clc\/estagios\/\">Documentos necess\u00e1rios para o Est\u00e1gio Obrigat\u00f3rio<\/a><\/p>\n<p><a href=\"https:\/\/docs.ufpel.edu.br\/index.php\/s\/GvKrXPgCW6OUbJT\">Declara\u00e7\u00e3o de Orienta\u00e7\u00e3o de Est\u00e1gio<\/a><\/p>\n<p>&nbsp;<\/p>\n<p><strong>TCC &#8211; Documentos para elabora\u00e7\u00e3o e defesa<\/strong><\/p>\n<p><a href=\"https:\/\/wp.ufpel.edu.br\/sisbi\/manual-de-normas-ufpel-para-trabalhos-academicos-atualizada-2023\/\">Manual de Normas UFPel para Trabalhos Acad\u00eamicos (A partir de mar\u00e7o de 2024)<\/a><\/p>\n<p><a href=\"https:\/\/docs.ufpel.edu.br\/index.php\/s\/UVe3iIegPKs4XIL\">Modelo de TCC &#8211; ARTIGO<\/a><\/p>\n<p><a href=\"https:\/\/docs.ufpel.edu.br\/index.php\/s\/1AFz8ouPVABCkNe\">Declara\u00e7\u00e3o de Orienta\u00e7\u00e3o de TCC<\/a><\/p>\n<p><a href=\"https:\/\/docs.ufpel.edu.br\/index.php\/s\/5FgESgQKvriX11J\">Modelo de Ata de Defesa<\/a><\/p>\n<p><a href=\"https:\/\/docs.ufpel.edu.br\/index.php\/s\/odXCfH7r6Ysr6lr\">Modelo de Ficha de Avalia\u00e7\u00e3o pela Banca Examinadora<\/a><\/p>\n<p><a href=\"https:\/\/docs.ufpel.edu.br\/index.php\/s\/u6iZwQcPgRsLVy2\">Procedimentos para solicita\u00e7\u00e3o de Ficha Catalogr\u00e1fica<\/a><\/p>\n<p><a href=\"https:\/\/docs.ufpel.edu.br\/index.php\/s\/OP9X5gLwpBXjfLE\">Termo de Autoriza\u00e7\u00e3o<\/a> (anexar \u00e0 vers\u00e3o final do trabalho e enviar \u00e0 Coordena\u00e7\u00e3o do Curso)<\/p>\n","protected":false},"excerpt":{"rendered":"<p>Projeto Pedag\u00f3gico de Curso \u2013 Licenciatura em Letras-Portugu\u00eas &#8211; at\u00e9 2019 Projeto Pedag\u00f3gico de Curso &#8211; Licenciatura em Letras-Portugu\u00eas &#8211; a partir de 2020 &nbsp; Est\u00e1gios Obrigat\u00f3rios Documentos necess\u00e1rios para o Est\u00e1gio Obrigat\u00f3rio Declara\u00e7\u00e3o de Orienta\u00e7\u00e3o de Est\u00e1gio &nbsp; TCC &#8211; Documentos para elabora\u00e7\u00e3o e defesa Manual de Normas UFPel para Trabalhos Acad\u00eamicos (A partir &hellip; <\/p>\n<p><a class=\"more-link btn\" href=\"https:\/\/wp.ufpel.edu.br\/portugues\/documentos\/\">Continue lendo<\/a><\/p>\n","protected":false},"author":50,"featured_media":0,"parent":0,"menu_order":0,"comment_status":"closed","ping_status":"closed","template":"","meta":{"footnotes":""},"class_list":["post-33","page","type-page","status-publish","hentry","nodate","item-wrap"],"_links":{"self":[{"href":"https:\/\/wp.ufpel.edu.br\/portugues\/wp-json\/wp\/v2\/pages\/33","targetHints":{"allow":["GET"]}}],"collection":[{"href":"https:\/\/wp.ufpel.edu.br\/portugues\/wp-json\/wp\/v2\/pages"}],"about":[{"href":"https:\/\/wp.ufpel.edu.br\/portugues\/wp-json\/wp\/v2\/types\/page"}],"author":[{"embeddable":true,"href":"https:\/\/wp.ufpel.edu.br\/portugues\/wp-json\/wp\/v2\/users\/50"}],"replies":[{"embeddable":true,"href":"https:\/\/wp.ufpel.edu.br\/portugues\/wp-json\/wp\/v2\/comments?post=33"}],"version-history":[{"count":5,"href":"https:\/\/wp.ufpel.edu.br\/portugues\/wp-json\/wp\/v2\/pages\/33\/revisions"}],"predecessor-version":[{"id":298,"href":"https:\/\/wp.ufpel.edu.br\/portugues\/wp-json\/wp\/v2\/pages\/33\/revisions\/298"}],"wp:attachment":[{"href":"https:\/\/wp.ufpel.edu.br\/portugues\/wp-json\/wp\/v2\/media?parent=33"}],"curies":[{"name":"wp","href":"https:\/\/api.w.org\/{rel}","templated":true}]}}