{"id":192,"date":"2025-09-19T10:17:24","date_gmt":"2025-09-19T13:17:24","guid":{"rendered":"https:\/\/wp.ufpel.edu.br\/portugues\/?page_id=192"},"modified":"2026-02-08T15:31:24","modified_gmt":"2026-02-08T18:31:24","slug":"tccs-defendidos","status":"publish","type":"page","link":"https:\/\/wp.ufpel.edu.br\/portugues\/tccs-defendidos\/","title":{"rendered":"TCCs Defendidos"},"content":{"rendered":"<h3>2025<\/h3>\n<p><span id=\"page5R_mcid12\" class=\"markedContent\"><span dir=\"ltr\" role=\"presentation\">An\u00e1lise Materialista do Discurso Jornal\u00edstico sobre (o sujeito n)os atos de 8 de janeiro &#8211; <strong>MARIA EDUARDA FATTINI<\/strong> &#8211; <strong><a href=\"https:\/\/docs.ufpel.edu.br\/index.php\/s\/y2Js3i12Wb7jZFi\">Link<\/a><\/strong><\/span><\/span><\/p>\n<p><span dir=\"ltr\" role=\"presentation\">L\u00edngua Portuguesa, intera\u00e7\u00e3o e criatividade: uma revis\u00e3o bibliogr\u00e1fica &#8211; <strong>M\u00d4NICA VAZ LIMA<\/strong> &#8211; <strong><a href=\"https:\/\/docs.ufpel.edu.br\/index.php\/s\/JIsYV0NURp5243Q\">Link<\/a><\/strong><\/span><\/p>\n<p>Dificuldades enfrentadas na aquisi\u00e7\u00e3o da escrita por alunos do sexto ano do ensino fundamental p\u00f3s-pandemia<strong> &#8211; ELISABETE SILVA DRUNN PEREIRA \u2013 <a href=\"https:\/\/docs.ufpel.edu.br\/index.php\/s\/GwGB9c8PutWe6n2\">Link<\/a><\/strong><\/p>\n<p>Corpos abatidos: domina\u00e7\u00e3o e canibalismo em Saboroso Cad\u00e1ver, de Agustina Bazterrica &#8211; <strong>GABRIELA CHAVES MARRA &#8211; <a href=\"https:\/\/docs.ufpel.edu.br\/index.php\/s\/XmNTLvLMyvDplXh\">Link<\/a><\/strong><\/p>\n<p>Entre o tambor e o afeto: cuidado e autismo na obra O tambor m\u00e1gico de Nacito &#8211; <strong>JAMILE DE SOUZA ESCALANTE &#8211; <a href=\"https:\/\/docs.ufpel.edu.br\/index.php\/s\/sWD7bO0Lh3wQ2Kz\">Link<\/a><\/strong><\/p>\n<p>A forma\u00e7\u00e3o de leitores no Ensino Fundamental II: dificuldade(s) enfrentada(s) por professores de L\u00edngua Portuguesa &#8211; <strong>THIAGO DE OLIVEIRA LU\u00c7ARDO \u2013 <a href=\"https:\/\/docs.ufpel.edu.br\/index.php\/s\/L1lb52T1jw1lJaY\">Link<\/a><\/strong><\/p>\n<p>Discurso, religi\u00e3o e poder: as enuncia\u00e7\u00f5es acerca de uma manifesta\u00e7\u00e3o religiosa nas Olimp\u00edadas de 2024 &#8211; <strong>VANESSA L\u00dcBKE PETER \u2013 <a href=\"https:\/\/docs.ufpel.edu.br\/index.php\/s\/AOW8tH0by9GiVsw\">Link<\/a><\/strong><\/p>\n<h3><strong>2024<\/strong><\/h3>\n<p><span dir=\"ltr\" role=\"presentation\">Alvos e gatilhos no processo de palataliza\u00e7\u00e3o no Portugu\u00eas Brasileiro &#8211; <strong>ELIZANDRA BENGO SOARES DA ROSA<\/strong> &#8211; <strong><a href=\"https:\/\/docs.ufpel.edu.br\/index.php\/s\/o2DmHzDKmEfyDfu\">Link<\/a><\/strong><\/span><\/p>\n<p>A representa\u00e7\u00e3o da pessoa privada de liberdade nas obras \u201cMem\u00f3rias do C\u00e1rcere\u201d, de Graciliano Ramos e \u201cEsta\u00e7\u00e3o Carandiru\u201d, de Drauzio Varella &#8211; <strong>JOANA DE ALMEIDA KONZGEN<\/strong> \u2013 <a href=\"https:\/\/docs.ufpel.edu.br\/index.php\/s\/WtHV7x5v4BucPyj\"><strong>Link<\/strong><\/a><\/p>\n<p>Os discursos no pedido de perd\u00e3o: an\u00e1lise de coment\u00e1rios femininos na publica\u00e7\u00e3o de Neymar j\u00fanior no instagram segundo a an\u00e1lise dial\u00f3gica do discurso &#8211;<strong> LA\u00cdZE AMARAL DA COSTA<\/strong> &#8211; <a href=\"https:\/\/docs.ufpel.edu.br\/index.php\/s\/XbK4WxfcLXR246R\"><strong>Link<\/strong><\/a><\/p>\n<p>Interface entre fonologia e ortografia: estudo sobre o uso de \u2018ch\u2019 e \u2018x\u2019 na escrita, do latim \u00e0 l\u00edngua\u00a0portuguesa &#8211; <strong>MAREN CAMILE RUTZ BERGMANN<\/strong> &#8211;\u00a0 <a href=\"https:\/\/docs.ufpel.edu.br\/index.php\/s\/paY2hZdJMCnO0ob\"><strong>Link<\/strong><\/a><\/p>\n<p>A constru\u00e7\u00e3o de personagens femininas na literatura infantojuvenil: um olhar sobre as representa\u00e7\u00f5es do corpo no\u00a0conto Rapunzel &#8211; <strong>MARIANA SOARES DA FONSECA<\/strong> &#8211; <a href=\"https:\/\/docs.ufpel.edu.br\/index.php\/s\/HozsKvxIvlmHg7s\"><strong>Link<\/strong><\/a><\/p>\n<p>A escrita de um aluno de escola estadual p\u00f3s pandemia: reflex\u00f5es para o ensino &#8211; <strong>R\u00d3BSON SCHULZ &#8211; <a href=\"https:\/\/docs.ufpel.edu.br\/index.php\/s\/Ve0vQqRmOjdL03r\">Link<\/a><\/strong><\/p>\n","protected":false},"excerpt":{"rendered":"<p>2025 An\u00e1lise Materialista do Discurso Jornal\u00edstico sobre (o sujeito n)os atos de 8 de janeiro &#8211; MARIA EDUARDA FATTINI &#8211; Link L\u00edngua Portuguesa, intera\u00e7\u00e3o e criatividade: uma revis\u00e3o bibliogr\u00e1fica &#8211; M\u00d4NICA VAZ LIMA &#8211; Link Dificuldades enfrentadas na aquisi\u00e7\u00e3o da escrita por alunos do sexto ano do ensino fundamental p\u00f3s-pandemia &#8211; ELISABETE SILVA DRUNN PEREIRA &hellip; <\/p>\n<p><a class=\"more-link btn\" href=\"https:\/\/wp.ufpel.edu.br\/portugues\/tccs-defendidos\/\">Continue lendo<\/a><\/p>\n","protected":false},"author":50,"featured_media":0,"parent":0,"menu_order":0,"comment_status":"closed","ping_status":"closed","template":"","meta":{"footnotes":""},"class_list":["post-192","page","type-page","status-publish","hentry","nodate","item-wrap"],"_links":{"self":[{"href":"https:\/\/wp.ufpel.edu.br\/portugues\/wp-json\/wp\/v2\/pages\/192","targetHints":{"allow":["GET"]}}],"collection":[{"href":"https:\/\/wp.ufpel.edu.br\/portugues\/wp-json\/wp\/v2\/pages"}],"about":[{"href":"https:\/\/wp.ufpel.edu.br\/portugues\/wp-json\/wp\/v2\/types\/page"}],"author":[{"embeddable":true,"href":"https:\/\/wp.ufpel.edu.br\/portugues\/wp-json\/wp\/v2\/users\/50"}],"replies":[{"embeddable":true,"href":"https:\/\/wp.ufpel.edu.br\/portugues\/wp-json\/wp\/v2\/comments?post=192"}],"version-history":[{"count":3,"href":"https:\/\/wp.ufpel.edu.br\/portugues\/wp-json\/wp\/v2\/pages\/192\/revisions"}],"predecessor-version":[{"id":258,"href":"https:\/\/wp.ufpel.edu.br\/portugues\/wp-json\/wp\/v2\/pages\/192\/revisions\/258"}],"wp:attachment":[{"href":"https:\/\/wp.ufpel.edu.br\/portugues\/wp-json\/wp\/v2\/media?parent=192"}],"curies":[{"name":"wp","href":"https:\/\/api.w.org\/{rel}","templated":true}]}}