{"id":14,"date":"2015-11-13T14:57:10","date_gmt":"2015-11-13T16:57:10","guid":{"rendered":"https:\/\/wp.ufpel.edu.br\/portugues\/?page_id=14"},"modified":"2026-03-13T16:26:15","modified_gmt":"2026-03-13T19:26:15","slug":"horarios","status":"publish","type":"page","link":"https:\/\/wp.ufpel.edu.br\/portugues\/horarios\/","title":{"rendered":"Ofertas e Calend\u00e1rio"},"content":{"rendered":"<p><strong>CALEND\u00c1RIO ACAD\u00caMICO 2026<\/strong>\u00a0(<a style=\"background-color: #ffffff;\" href=\"https:\/\/wp.ufpel.edu.br\/cra\/calendarios-academicos\/calendario-academico-2026\/\">acesse aqui<\/a>)<\/p>\n<p><strong>HOR\u00c1RIOS 2026\/1<\/strong> (<a href=\"https:\/\/docs.ufpel.edu.br\/index.php\/s\/0dN2o33qgzVSwIE\">acesse aqui<\/a>)<\/p>\n<p>\u2217\u2217\u2217\u2217\u2217\u2217\u2217\u2217\u2217\u2217\u2217\u2217<\/p>\n<p><strong>CALEND\u00c1RIO ACAD\u00caMICO 2025\/2\u00a0<\/strong>\u00a0<a href=\"https:\/\/wp.ufpel.edu.br\/cra\/calendarios-academicos\/calendario-academico-2025\/\">(acesse aqui)<\/a><\/p>\n<p><strong>HOR\u00c1RIOS 2025\/2<\/strong> <a href=\"https:\/\/wp.ufpel.edu.br\/clc\/files\/2025\/09\/PORTUGUES-E-LIT.-1.pdf\">(acesse aqui)<\/a><\/p>\n","protected":false},"excerpt":{"rendered":"<p>CALEND\u00c1RIO ACAD\u00caMICO 2026\u00a0(acesse aqui) HOR\u00c1RIOS 2026\/1 (acesse aqui) \u2217\u2217\u2217\u2217\u2217\u2217\u2217\u2217\u2217\u2217\u2217\u2217 CALEND\u00c1RIO ACAD\u00caMICO 2025\/2\u00a0\u00a0(acesse aqui) HOR\u00c1RIOS 2025\/2 (acesse aqui)<\/p>\n","protected":false},"author":50,"featured_media":0,"parent":0,"menu_order":0,"comment_status":"closed","ping_status":"closed","template":"","meta":{"footnotes":""},"class_list":["post-14","page","type-page","status-publish","hentry","nodate","item-wrap"],"_links":{"self":[{"href":"https:\/\/wp.ufpel.edu.br\/portugues\/wp-json\/wp\/v2\/pages\/14","targetHints":{"allow":["GET"]}}],"collection":[{"href":"https:\/\/wp.ufpel.edu.br\/portugues\/wp-json\/wp\/v2\/pages"}],"about":[{"href":"https:\/\/wp.ufpel.edu.br\/portugues\/wp-json\/wp\/v2\/types\/page"}],"author":[{"embeddable":true,"href":"https:\/\/wp.ufpel.edu.br\/portugues\/wp-json\/wp\/v2\/users\/50"}],"replies":[{"embeddable":true,"href":"https:\/\/wp.ufpel.edu.br\/portugues\/wp-json\/wp\/v2\/comments?post=14"}],"version-history":[{"count":3,"href":"https:\/\/wp.ufpel.edu.br\/portugues\/wp-json\/wp\/v2\/pages\/14\/revisions"}],"predecessor-version":[{"id":265,"href":"https:\/\/wp.ufpel.edu.br\/portugues\/wp-json\/wp\/v2\/pages\/14\/revisions\/265"}],"wp:attachment":[{"href":"https:\/\/wp.ufpel.edu.br\/portugues\/wp-json\/wp\/v2\/media?parent=14"}],"curies":[{"name":"wp","href":"https:\/\/api.w.org\/{rel}","templated":true}]}}