{"id":15,"date":"2014-11-05T11:11:31","date_gmt":"2014-11-05T13:11:31","guid":{"rendered":"https:\/\/wp.ufpel.edu.br\/portodasartes\/?page_id=15"},"modified":"2014-11-14T11:24:05","modified_gmt":"2014-11-14T13:24:05","slug":"eventos-participantes","status":"publish","type":"page","link":"https:\/\/wp.ufpel.edu.br\/portodasartes\/eventos-participantes\/","title":{"rendered":"Eventos Participantes"},"content":{"rendered":"<ul>\n<li style=\"text-align: justify\"><strong>IV Simp\u00f3sio Internacional de G\u00eanero, Arte e Mem\u00f3ria \u2013 SIGAM<\/strong><\/li>\n<\/ul>\n<p style=\"text-align: justify\">O SIGAM, Simp\u00f3sio Internacional G\u00eanero, Arte e Mem\u00f3ria \u00e9 promovido pelo Grupo de Pesquisa Caixa de Pandora do Centro de Artes da Universidade Federal de Pelotas. Desde 2008, pesquisadores, docentes, discentes de gradua\u00e7\u00e3o e p\u00f3s-gradua\u00e7\u00e3o em artes e humanidades, integrantes de movimentos sociais, de institui\u00e7\u00f5es p\u00fablicas e privadas do Brasil e do exterior se re\u00fanem a fim de promover e compreender\u00a0discursos e as pol\u00edticas em torno da igualdade de g\u00eanero atrav\u00e9s do interc\u00e2mbio de diferentes experi\u00eancias acad\u00eamicas, art\u00edsticas e pol\u00edticas.<\/p>\n<p style=\"text-align: justify\">O tema do SIGAM 2014 \u00e9 \u201cdesvelando Pandora: imagens, identidades e discursos\u201d. Mais informa\u00e7\u00f5es no site oficial do evento:\u00a0<span style=\"color: #0000ff\"><a style=\"color: #0000ff\" href=\"\/\/www.sigamufpel.com.br\/#!apresentacao\/cjg9\">IV SIGAM 2014<\/a><\/span><\/p>\n<ul style=\"text-align: justify\">\n<li><strong>I Encontro de Pesquisadores da Cultura Popular<\/strong><\/li>\n<\/ul>\n<p>A realizar-se no dia 22 de novembro, das 09h \u00e0s 18h no audit\u00f3rio da Faurb UFPel, rua Benjamin Constant, 1359, o evento \u00e9 uma promo\u00e7\u00e3o do Centro de Artes da UFPel, atrav\u00e9s do Observat\u00f3rio de Culturas Populares, em parceria com o NUFOLK (N\u00facleo de Folclore da UFPel); P.E.P.E.U.(Programa de Extens\u00e3o em Percuss\u00e3o daUFPel); LAPS (Laborat\u00f3rio de Artes Populares da UFPel), COREOLAB (Laborat\u00f3rio de Estudos Coreogr\u00e1ficos da UFPel) e IOV (Organiza\u00e7\u00e3o Internacional de Artes Tradicionais), visando criar uma rede para o interc\u00e2mbio, legitima\u00e7\u00e3o e difus\u00e3o de a\u00e7\u00f5es relacionadas \u00e0s a\u00e7\u00f5es e atividades de cultura popular desenvolvidas em seus respectivos contextos.<\/p>\n<p>Para tanto cada convidado ter\u00e1 o tempo de 10 (dez) minutos para a exposi\u00e7\u00e3o dos seus projetos e a\u00e7\u00f5es nessa \u00e1rea, seguidos de debates e conversas a partir dos relatos. O encontro, que faz parte do evento maior que envolve as comemora\u00e7\u00f5es do 45\u00ba anivers\u00e1rio da UFPel, denominado <strong>Porto das Artes,\u00a0<\/strong>entende que movimentos dessa natureza possam apontar caminhos para a amplia\u00e7\u00e3o, troca, incentivo e reconhecimento da import\u00e2ncia do tema de Cultura Popular na forma\u00e7\u00e3o acad\u00eamica, bem como na articula\u00e7\u00e3o da sociedade com a academia.<\/p>\n<p>O evento \u00e9 gratuito e a confirma\u00e7\u00e3o dever\u00e1 ser procedida at\u00e9 o dia 12 de novembro, pelo email:<a href=\"mailto:carminhalese@yahoo.com.br\">carminhalese@yahoo.com.br<\/a>.<\/p>\n<ul style=\"text-align: justify\">\n<li><strong>Projeto Cine Viagem<\/strong><\/li>\n<\/ul>\n<p style=\"text-align: justify\">O Projeto Cine Viagem tem como finalidade propiciar \u00e0 comunidade de Pelotas uma vis\u00e3o multidisciplinar e uma experi\u00eancia cultural vivenciada em pr\u00e9dios hist\u00f3ricos da cidade, atrav\u00e9s da arte cinematogr\u00e1fica. Especificamente o projeto objetiva difundir a cultura e a criatividade atrav\u00e9s do cinema e outras \u00a0express\u00f5es art\u00edsticas; possibilitar uma aproxima\u00e7\u00e3o da comunidade com os pr\u00e9dios hist\u00f3ricos da UFPel; proporcionar aos discentes um aprendizado pragm\u00e1tico na \u00e1rea de lazer e recrea\u00e7\u00e3o, e hospitalidade; desenvolver o senso cr\u00edtico, est\u00e9tico e cultural sobre o Brasil e outros pa\u00edses do mundo; favorecer o debate em torno de temas atuais apresentados por meio de filmes e\/ou document\u00e1rios; estimular o h\u00e1bito de apreciar a arte do Cinema, como forma de gerar um aprendizado cultural, social e art\u00edstico.<\/p>\n<ul style=\"text-align: justify\">\n<li><strong>\u009eDan\u00e7a em Processo<\/strong><\/li>\n<\/ul>\n<p>\u00c9 um evento semestral, promovido pelo Curso de Dan\u00e7a &#8211; Licenciatura da UFPel, que visa reunir e divulgar as produ\u00e7\u00f5es finais das disciplinas do Curso. Normalmente \u00e9 aberto \u00e0 comunidade acad\u00eamica da UFPel e \u00e0 comunidade de Pelotas e \u00e9 composto por mostra de trabalhos art\u00edsticos, semin\u00e1rios de est\u00e1gios, semin\u00e1rios de projetos e bancas de avalia\u00e7\u00e3o de Trabalhos de Conclus\u00e3o de Cursos. Seguindo este modelo, em 2014.1 associa parte das suas atividades \u00e0 programa\u00e7\u00e3o do Porto das Artes como forma de compartilhar mais amplamente sua produ\u00e7\u00e3o colocando-a em di\u00e1logo com os demais eventos que simultaneamente v\u00e3o estar enchendo de arte o cotidiano da nossa Universidade. Al\u00e9m das produ\u00e7\u00f5es internas do Curso, o Dan\u00e7a em Processo deste semestre contar\u00e1 com a participa\u00e7\u00e3o de professores convidados que atuam em Gradua\u00e7\u00f5es em Dan\u00e7a de outras IES do Brasil. Confiram a programa\u00e7\u00e3o por tipo de evento!<\/p>\n<ul>\n<li><strong>Mostra da Licenciatura em M\u00fasica<\/strong><\/li>\n<li><strong>Sobremesa Cultural\u00a0<\/strong><\/li>\n<\/ul>\n<p>Shows no entorno do Centro de Artes e no Cap\u00e3o do Le\u00e3o no intervalo de almo\u00e7o.<\/p>\n<ul style=\"text-align: justify\">\n<li><strong>Festival Internacional de Contadores de Hist\u00f3rias<\/strong><\/li>\n<\/ul>\n<ul style=\"text-align: justify\">\n<li><strong>\u009eII Semana de Percuss\u00e3o de Pelotas<\/strong><\/li>\n<\/ul>\n<p>&nbsp;<\/p>\n<ul style=\"text-align: justify\">\n<li><strong>Semana da Consci\u00eancia Negra<\/strong><\/li>\n<\/ul>\n<p style=\"text-align: justify\">Realizada pelo Departamento de Antropologia da UFPEL, a Semana da Consci\u00eancia Negra promove mesas de discuss\u00e3o, palestras, oficinas de m\u00fasica e capoeira, mostras de v\u00eddeo e exposi\u00e7\u00f5es. A Semana \u00e9 dedicada a promover momentos de reflex\u00e3o e debate sobre a inser\u00e7\u00e3o do negro na sociedade de Pelotas ao longo do tempo e sobre o papel da pesquisa universit\u00e1ria no combate ao preconceito e na valoriza\u00e7\u00e3o das refer\u00eancias culturais das comunidades negras. As a\u00e7\u00f5es ser\u00e3o desenvolvidas na Escola de Belas Artes (EBA).<\/p>\n<ul style=\"text-align: justify\">\n<li><strong>Produ\u00e7\u00e3o e exibi\u00e7\u00e3o do Curso Cinema da UFPel<\/strong><\/li>\n<\/ul>\n<p>O curso de Cinema e Audiovisual ir\u00e1 acompanhar as atividades desenvolvidas durante o Porto das Artes, de posse de c\u00e2meras digitais. Tudo isso ser\u00e1 compilado e editado em um <b>v\u00eddeo-registro<\/b> de aproximadamente 10 minutos, que ser\u00e1 exibido no \u00faltimo dia do evento, como mais uma atividade cultural de integra\u00e7\u00e3o entre universidade e comunidade.<\/p>\n<ul style=\"text-align: justify\">\n<li><strong>Pelotas Jazz Festival<\/strong><\/li>\n<\/ul>\n<p style=\"text-align: justify\">O Pelotas Jazz Festival existe desde 2012, e desde\u00a0sua primeira edi\u00e7\u00e3o, foi uma proposta para levar \u00e0 popula\u00e7\u00e3o os acordes do ritmo musical. Nesta terceira edi\u00e7\u00e3o, o festival tornou-se uma refer\u00eancia de grandes encontros da m\u00fasica no mundo.<br \/>\nNo evento desse ano, o festival conta com nomes de peso, como Hermeto Pascoal e Nana Vasconcelos. Mais informa\u00e7\u00f5es pelo site oficial:\u00a0<span style=\"color: #0000ff\"><a style=\"color: #0000ff\" href=\"http:\/\/www.pelotasjazzfestival.com.br\/\">Pelotas Jazz Festival 2014<\/a>.<\/span><\/p>\n<ul>\n<li style=\"text-align: justify\"><b>COREOLAB (Laborat\u00f3rio de Estudos Coreogr\u00e1ficos) <\/b><\/li>\n<\/ul>\n<p>\u00c9 um projeto de extens\u00e3o, vinculado ao Curso de Dan\u00e7a-Licenciatura, coordenado pela professora Carmen Anita Hoffmann, que visa estimular os alunos desenvolverem suas cria\u00e7\u00f5es coreogr\u00e1ficas e se orientarem com os professores do Curso, a fim de qualificarem suas produ\u00e7\u00f5es e, desta forma, ficarem aptos a socializarem diferentes ambientes como: escolas, encontros, mostras entre outros. Oferece oficinas dos diferentes g\u00eaneros de dan\u00e7a com convidados especiais, na busca da qualifica\u00e7\u00e3o, atrav\u00e9s das chamadas Maratonas coreogr\u00e1ficas.<\/p>\n","protected":false},"excerpt":{"rendered":"<p>IV Simp\u00f3sio Internacional de G\u00eanero, Arte e Mem\u00f3ria \u2013 SIGAM O SIGAM, Simp\u00f3sio Internacional G\u00eanero, Arte e Mem\u00f3ria \u00e9 promovido pelo Grupo de Pesquisa Caixa de Pandora do Centro de Artes da Universidade Federal de Pelotas. Desde 2008, pesquisadores, docentes, discentes de gradua\u00e7\u00e3o e p\u00f3s-gradua\u00e7\u00e3o em artes e humanidades, integrantes de movimentos sociais, de institui\u00e7\u00f5es [&hellip;]<\/p>\n","protected":false},"author":464,"featured_media":0,"parent":0,"menu_order":4,"comment_status":"closed","ping_status":"closed","template":"page-sem-sidebar.php","meta":{"footnotes":""},"class_list":["post-15","page","type-page","status-publish","hentry"],"_links":{"self":[{"href":"https:\/\/wp.ufpel.edu.br\/portodasartes\/wp-json\/wp\/v2\/pages\/15","targetHints":{"allow":["GET"]}}],"collection":[{"href":"https:\/\/wp.ufpel.edu.br\/portodasartes\/wp-json\/wp\/v2\/pages"}],"about":[{"href":"https:\/\/wp.ufpel.edu.br\/portodasartes\/wp-json\/wp\/v2\/types\/page"}],"author":[{"embeddable":true,"href":"https:\/\/wp.ufpel.edu.br\/portodasartes\/wp-json\/wp\/v2\/users\/464"}],"replies":[{"embeddable":true,"href":"https:\/\/wp.ufpel.edu.br\/portodasartes\/wp-json\/wp\/v2\/comments?post=15"}],"version-history":[{"count":25,"href":"https:\/\/wp.ufpel.edu.br\/portodasartes\/wp-json\/wp\/v2\/pages\/15\/revisions"}],"predecessor-version":[{"id":398,"href":"https:\/\/wp.ufpel.edu.br\/portodasartes\/wp-json\/wp\/v2\/pages\/15\/revisions\/398"}],"wp:attachment":[{"href":"https:\/\/wp.ufpel.edu.br\/portodasartes\/wp-json\/wp\/v2\/media?parent=15"}],"curies":[{"name":"wp","href":"https:\/\/api.w.org\/{rel}","templated":true}]}}