{"id":100,"date":"2014-11-07T09:55:52","date_gmt":"2014-11-07T11:55:52","guid":{"rendered":"https:\/\/wp.ufpel.edu.br\/portodasartes\/?page_id=100"},"modified":"2014-11-12T08:24:13","modified_gmt":"2014-11-12T10:24:13","slug":"localize-se","status":"publish","type":"page","link":"https:\/\/wp.ufpel.edu.br\/portodasartes\/localize-se\/","title":{"rendered":"Localize-se"},"content":{"rendered":"<p><span style=\"font-size: 12pt\">Clique nas imagens para abrir o mapa com a localiza\u00e7\u00e3o.<\/span><\/p>\n<p>&nbsp;<\/p>\n<p><strong>AABB<\/strong> &#8211; Alberto Rosa, 580<\/p>\n<p><a href=\"https:\/\/www.google.com.br\/maps\/place\/R.+Cel.+Alberto+Rosa,+580+-+Sim%C3%B5es+Lopes,+Pelotas+-+RS,+96010-770\/@-31.7713385,-52.3373972,17z\/data=!4m7!1m4!3m3!1s0x9511b5bebc89e289:0xcb63b6717eb539e5!2sR.+Cel.+Alberto+Rosa,+580+-+Sim%C3%B5es+Lopes,+Pelotas+-+RS,+96010-770!3b1!3m1!1s0x9511b5bebc89e289:0xcb63b6717eb539e5?hl=pt-BR\" target=\"_blank\"><img class=\"alignnone  wp-image-127\" src=\"https:\/\/wp.ufpel.edu.br\/portodasartes\/files\/2014\/11\/aabb-424x280.jpg\" alt=\"aabb\" width=\"228\" height=\"151\" srcset=\"https:\/\/wp.ufpel.edu.br\/portodasartes\/files\/2014\/11\/aabb-424x280.jpg 424w, https:\/\/wp.ufpel.edu.br\/portodasartes\/files\/2014\/11\/aabb-212x140.jpg 212w, https:\/\/wp.ufpel.edu.br\/portodasartes\/files\/2014\/11\/aabb.jpg 1631w\" sizes=\"(max-width: 228px) 100vw, 228px\" \/><\/a><\/p>\n<p><strong>Audit\u00f3rio 2 \/ \u00a0Centro de Artes &#8211;\u00a0<\/strong>Rua Alberto Rosa, 62<\/p>\n<p><a href=\"https:\/\/www.google.com.br\/maps\/place\/R.+Cel.+Alberto+Rosa,+62+-+Centro\/@-31.7801328,-52.3400853,18z\/data=!4m3!3m2!1s0x9511b5bb7ae0fbb9:0x81a2769d38023086!4b1\" target=\"_blank\"><img class=\"alignnone  wp-image-104\" src=\"https:\/\/wp.ufpel.edu.br\/portodasartes\/files\/2014\/11\/ca-411x318.jpg\" alt=\"ca\" width=\"226\" height=\"175\" srcset=\"https:\/\/wp.ufpel.edu.br\/portodasartes\/files\/2014\/11\/ca-411x318.jpg 411w, https:\/\/wp.ufpel.edu.br\/portodasartes\/files\/2014\/11\/ca-205x159.jpg 205w, https:\/\/wp.ufpel.edu.br\/portodasartes\/files\/2014\/11\/ca.jpg 776w\" sizes=\"(max-width: 226px) 100vw, 226px\" \/><\/a><\/p>\n<p><strong>Biblioteca P\u00fablica &#8211; <\/strong>Pc Cel Pedro Os\u00f3rio, 103, Pelotas &#8211; RS, 96015-010<\/p>\n<p><a href=\"Pc Cel Pedro Os\u00f3rio, 103, Pelotas - RS, 96015-010\" target=\"_blank\"><img class=\"alignnone  wp-image-129\" src=\"https:\/\/wp.ufpel.edu.br\/portodasartes\/files\/2014\/11\/biblio-424x221.jpg\" alt=\"biblio\" width=\"261\" height=\"136\" srcset=\"https:\/\/wp.ufpel.edu.br\/portodasartes\/files\/2014\/11\/biblio-424x221.jpg 424w, https:\/\/wp.ufpel.edu.br\/portodasartes\/files\/2014\/11\/biblio-212x110.jpg 212w, https:\/\/wp.ufpel.edu.br\/portodasartes\/files\/2014\/11\/biblio.jpg 956w\" sizes=\"(max-width: 261px) 100vw, 261px\" \/><\/a><\/p>\n<p><strong>Campus Cap\u00e3o do Le\u00e3o<\/strong> &#8211; UFPEL Cap\u00e3o do Le\u00e3o<\/p>\n<p><a href=\"https:\/\/www.google.com.br\/maps\/place\/UFPel\/@-31.801853,-52.415214,17z\/data=!3m1!4b1!4m2!3m1!1s0x9511cbc7f9d1b02b:0xb17645ce43828f30\" target=\"_blank\"><img class=\"alignnone  wp-image-110\" src=\"https:\/\/wp.ufpel.edu.br\/portodasartes\/files\/2014\/11\/cap-424x318.jpg\" alt=\"cap\" width=\"207\" height=\"155\" srcset=\"https:\/\/wp.ufpel.edu.br\/portodasartes\/files\/2014\/11\/cap-424x318.jpg 424w, https:\/\/wp.ufpel.edu.br\/portodasartes\/files\/2014\/11\/cap-212x159.jpg 212w, https:\/\/wp.ufpel.edu.br\/portodasartes\/files\/2014\/11\/cap.jpg 640w\" sizes=\"(max-width: 207px) 100vw, 207px\" \/><\/a> <a href=\"https:\/\/www.google.com.br\/maps\/place\/UFPel\/@-31.801853,-52.415214,17z\/data=!3m1!4b1!4m2!3m1!1s0x9511cbc7f9d1b02b:0xb17645ce43828f30\" target=\"_blank\"><img class=\"alignnone  wp-image-111\" src=\"https:\/\/wp.ufpel.edu.br\/portodasartes\/files\/2014\/11\/10581234_373411976154378_859913359_n-424x282.jpg\" alt=\"10581234_373411976154378_859913359_n\" width=\"232\" height=\"154\" srcset=\"https:\/\/wp.ufpel.edu.br\/portodasartes\/files\/2014\/11\/10581234_373411976154378_859913359_n-424x282.jpg 424w, https:\/\/wp.ufpel.edu.br\/portodasartes\/files\/2014\/11\/10581234_373411976154378_859913359_n-212x141.jpg 212w, https:\/\/wp.ufpel.edu.br\/portodasartes\/files\/2014\/11\/10581234_373411976154378_859913359_n.jpg 500w\" sizes=\"(max-width: 232px) 100vw, 232px\" \/><\/a><\/p>\n<p><strong>Centro de Integra\u00e7\u00e3o\u00a0Mercosul<\/strong> &#8211;\u00a0Rua Andrade Neves, 1529<\/p>\n<p><a href=\"https:\/\/www.google.com.br\/maps\/place\/R.+Lobo+da+Costa,+1218+-+Centro,+Pelotas+-+RS,+96010-150\/@-31.7698422,-52.3433392,18z\/data=!3m1!4b1!4m7!1m4!3m3!1s0x9511b5c1fac0b303:0x62c959d2dea14b13!2sR.+Benjamin+Constant,+1359+-+Centro,+Pelotas+-+RS,+96010-020!3b1!3m1!1s0x9511b596fca891bf:0x83fda44d718325dc\" target=\"_blank\"><img class=\"alignnone  wp-image-135\" src=\"https:\/\/wp.ufpel.edu.br\/portodasartes\/files\/2014\/11\/mercosul-424x318.jpg\" alt=\"mercosul\" width=\"224\" height=\"168\" srcset=\"https:\/\/wp.ufpel.edu.br\/portodasartes\/files\/2014\/11\/mercosul-424x318.jpg 424w, https:\/\/wp.ufpel.edu.br\/portodasartes\/files\/2014\/11\/mercosul-212x159.jpg 212w, https:\/\/wp.ufpel.edu.br\/portodasartes\/files\/2014\/11\/mercosul.jpg 500w\" sizes=\"(max-width: 224px) 100vw, 224px\" \/><\/a><\/p>\n<p><strong>Escola de Belas Artes Pra\u00e7a dos Enforcados &#8211; <\/strong>Rua Marechal Floriano, 177\/179, Pelotas<\/p>\n<p><a href=\"https:\/\/www.google.com.br\/maps\/place\/R.+Mal.+Floriano,+177+-+Centro,+Pelotas+-+RS,+96015-440\/@-31.7685925,-52.3432723,17z\/data=!3m1!4b1!4m2!3m1!1s0x9511b597057a3ddf:0x52f5ac046184ebcb\" target=\"_blank\"><img class=\"alignnone  wp-image-102\" src=\"https:\/\/wp.ufpel.edu.br\/portodasartes\/files\/2014\/11\/EBA-424x282.jpg\" alt=\"EBA\" width=\"230\" height=\"153\" srcset=\"https:\/\/wp.ufpel.edu.br\/portodasartes\/files\/2014\/11\/EBA-424x282.jpg 424w, https:\/\/wp.ufpel.edu.br\/portodasartes\/files\/2014\/11\/EBA-212x141.jpg 212w, https:\/\/wp.ufpel.edu.br\/portodasartes\/files\/2014\/11\/EBA.jpg 1620w\" sizes=\"(max-width: 230px) 100vw, 230px\" \/><\/a><\/p>\n<p><strong>Escola Santa Rita &#8211;<\/strong> Rua Zola Amaro, 168<\/p>\n<p><a href=\"https:\/\/www.google.com.br\/maps\/place\/R.+Zola+Amaro,+168+-+Tres+Vendas,+Pelotas+-+RS,+96055-830\/@-31.7423788,-52.3368825,17z\/data=!4m2!3m1!1s0x9511b5130b328607:0x98402b8ededfbf0\" target=\"_blank\"><img class=\"alignnone  wp-image-107\" src=\"https:\/\/wp.ufpel.edu.br\/portodasartes\/files\/2014\/11\/sta-rita.png\" alt=\"sta rita\" width=\"243\" height=\"126\" srcset=\"https:\/\/wp.ufpel.edu.br\/portodasartes\/files\/2014\/11\/sta-rita.png 320w, https:\/\/wp.ufpel.edu.br\/portodasartes\/files\/2014\/11\/sta-rita-212x109.png 212w\" sizes=\"(max-width: 243px) 100vw, 243px\" \/><\/a><\/p>\n<p><strong>FAE<\/strong> &#8211;\u00a0Rua Alberto Rosa, 154 \u2013 2\u00ba andar (Pr\u00e9dio do ICH)<\/p>\n<p><a href=\"https:\/\/www.google.com.br\/maps\/place\/31%C2%B046'46.4%22S+52%C2%B020'23.3%22W\/@-31.779541,-52.339801,17z\/data=!3m1!4b1!4m2!3m1!1s0x0:0x0\" target=\"_blank\"><img class=\"alignnone  wp-image-153\" src=\"https:\/\/wp.ufpel.edu.br\/portodasartes\/files\/2014\/11\/ich-424x283.jpg\" alt=\"ich\" width=\"235\" height=\"157\" srcset=\"https:\/\/wp.ufpel.edu.br\/portodasartes\/files\/2014\/11\/ich-424x283.jpg 424w, https:\/\/wp.ufpel.edu.br\/portodasartes\/files\/2014\/11\/ich-212x141.jpg 212w\" sizes=\"(max-width: 235px) 100vw, 235px\" \/><\/a><\/p>\n<p><strong>FAURB<\/strong> &#8211;\u00a0Rua Benjamin Constant, n\u00ba 1359<\/p>\n<p><a href=\"https:\/\/www.google.com.br\/maps\/place\/R.+Benjamin+Constant,+1359+-+Centro,+Pelotas+-+RS,+96010-020\/@-31.7796774,-52.3398105,17z\/data=!3m1!4b1!4m2!3m1!1s0x9511b5c1fac0b303:0x62c959d2dea14b13\" target=\"_blank\"><img class=\"alignnone  wp-image-132\" src=\"https:\/\/wp.ufpel.edu.br\/portodasartes\/files\/2014\/11\/faurb-424x291.jpg\" alt=\"faurb\" width=\"229\" height=\"157\" srcset=\"https:\/\/wp.ufpel.edu.br\/portodasartes\/files\/2014\/11\/faurb-424x291.jpg 424w, https:\/\/wp.ufpel.edu.br\/portodasartes\/files\/2014\/11\/faurb-212x145.jpg 212w, https:\/\/wp.ufpel.edu.br\/portodasartes\/files\/2014\/11\/faurb.jpg 479w\" sizes=\"(max-width: 229px) 100vw, 229px\" \/><\/a><\/p>\n<p><strong>Museu do Doce<\/strong> &#8211;\u00a0Pra\u00e7a Cel. Pedro Os\u00f3rio,\u00a0Casar\u00e3o 8<\/p>\n<p><a href=\"https:\/\/www.google.com.br\/maps\/place\/Pra\u00e7a+Cel.+Pedro+Os\u00f3rio,+1032+-+Centro,+Pelotas+-+RS\/@-31.7702077,-52.3401268,18z\/data=!3m1!4b1!4m7!1m4!3m3!1s0x9511b5c1fac0b303:0x62c959d2dea14b13!2sR.+Benjamin+Constant,+1359+-+Centro,+Pelotas+-+RS,+96010-020!3b1!3m1!1s0x9511b59603c7afa7:0x4b6a5a78ff8bbb43\" target=\"_blank\"><img class=\"alignnone  wp-image-137\" src=\"https:\/\/wp.ufpel.edu.br\/portodasartes\/files\/2014\/11\/museu-do-doce-424x282.jpg\" alt=\"museu do doce\" width=\"230\" height=\"153\" srcset=\"https:\/\/wp.ufpel.edu.br\/portodasartes\/files\/2014\/11\/museu-do-doce-424x282.jpg 424w, https:\/\/wp.ufpel.edu.br\/portodasartes\/files\/2014\/11\/museu-do-doce-212x141.jpg 212w, https:\/\/wp.ufpel.edu.br\/portodasartes\/files\/2014\/11\/museu-do-doce.jpg 1620w\" sizes=\"(max-width: 230px) 100vw, 230px\" \/><\/a><\/p>\n<p><strong>Palco Teatro Guarany<\/strong> &#8211; Rua Lobo da Costa, 849<\/p>\n<p><a href=\"https:\/\/www.google.com.br\/maps\/place\/Teatro+Guarani\/@-31.770278,-52.3419168,17z\/data=!4m7!1m4!3m3!1s0x9511b5c1fac0b303:0x62c959d2dea14b13!2sR.+Benjamin+Constant,+1359+-+Centro,+Pelotas+-+RS,+96010-020!3b1!3m1!1s0x0000000000000000:0x4f90bf266edac8f8\" target=\"_blank\"><img class=\"alignnone  wp-image-141\" src=\"https:\/\/wp.ufpel.edu.br\/portodasartes\/files\/2014\/11\/guarany-424x318.jpg\" alt=\"guarany\" width=\"236\" height=\"177\" srcset=\"https:\/\/wp.ufpel.edu.br\/portodasartes\/files\/2014\/11\/guarany-424x318.jpg 424w, https:\/\/wp.ufpel.edu.br\/portodasartes\/files\/2014\/11\/guarany-212x159.jpg 212w, https:\/\/wp.ufpel.edu.br\/portodasartes\/files\/2014\/11\/guarany.jpg 800w\" sizes=\"(max-width: 236px) 100vw, 236px\" \/><\/a><\/p>\n<p><a href=\"Lobo%20da Costa com F\u00e9lix da Cunha na esquina da Pra\u00e7a Coronel Pedro Os\u00f3rio\" target=\"_blank\"><strong>Palco TIM Music<\/strong><\/a> &#8211; Lobo da Costa com F\u00e9lix da Cunha na esquina da Pra\u00e7a Coronel Pedro Os\u00f3rio<\/p>\n<p><strong>Pra\u00e7a Coronel Pedro Os\u00f3rio &#8211;\u00a0<\/strong>Rua Lobo da Costa<\/p>\n<p><a href=\"https:\/\/www.google.com.br\/maps\/place\/R.+Lobo+da+Costa,+161+-+Centro,+Pelotas+-+RS\/@-31.770511,-52.3417525,18z\/data=!3m1!4b1!4m7!1m4!3m3!1s0x0:0x0!2zMzHCsDQ2JzE1LjIiUyA1MsKwMjAnMjUuNyJX!3b1!3m1!1s0x9511b5966d305699:0x3ca2d3040c176935\" target=\"_blank\"><img class=\"alignnone  wp-image-145\" src=\"https:\/\/wp.ufpel.edu.br\/portodasartes\/files\/2014\/11\/pedro-424x318.jpg\" alt=\"pedro\" width=\"239\" height=\"179\" srcset=\"https:\/\/wp.ufpel.edu.br\/portodasartes\/files\/2014\/11\/pedro-424x318.jpg 424w, https:\/\/wp.ufpel.edu.br\/portodasartes\/files\/2014\/11\/pedro-212x159.jpg 212w, https:\/\/wp.ufpel.edu.br\/portodasartes\/files\/2014\/11\/pedro.jpg 800w\" sizes=\"(max-width: 239px) 100vw, 239px\" \/><\/a><\/p>\n<p><strong>Quadrado &#8211;\u00a0<\/strong>Coronel Alberto Rosa<\/p>\n<p><a href=\"https:\/\/www.google.com.br\/maps\/place\/R.+Cel.+Alberto+Rosa,+110+-+Centro,+Pelotas+-+RS,+96010-770\/@-31.7829469,-52.3411475,18z\/data=!3m1!4b1!4m7!1m4!3m3!1s0x9511b4c49c91e66f:0x3836066dfbddd94c!2sR.+Manoel+Caimares+Quadrado+-+Tres+Vendas,+Pelotas+-+RS,+96087-030!3b1!3m1!1s0x9511b5e9c8e65db7:0xe06b5b656ebe3826\" target=\"_blank\"><img class=\"alignnone wp-image-149\" src=\"https:\/\/wp.ufpel.edu.br\/portodasartes\/files\/2014\/11\/quadrado-424x318.jpg\" alt=\"quadrado\" width=\"237\" height=\"178\" srcset=\"https:\/\/wp.ufpel.edu.br\/portodasartes\/files\/2014\/11\/quadrado-424x318.jpg 424w, https:\/\/wp.ufpel.edu.br\/portodasartes\/files\/2014\/11\/quadrado-212x159.jpg 212w, https:\/\/wp.ufpel.edu.br\/portodasartes\/files\/2014\/11\/quadrado.jpg 1600w\" sizes=\"(max-width: 237px) 100vw, 237px\" \/><\/a><\/p>\n","protected":false},"excerpt":{"rendered":"<p>Clique nas imagens para abrir o mapa com a localiza\u00e7\u00e3o. &nbsp; AABB &#8211; Alberto Rosa, 580 Audit\u00f3rio 2 \/ \u00a0Centro de Artes &#8211;\u00a0Rua Alberto Rosa, 62 Biblioteca P\u00fablica &#8211; Pc Cel Pedro Os\u00f3rio, 103, Pelotas &#8211; RS, 96015-010 Campus Cap\u00e3o do Le\u00e3o &#8211; UFPEL Cap\u00e3o do Le\u00e3o Centro de Integra\u00e7\u00e3o\u00a0Mercosul &#8211;\u00a0Rua Andrade Neves, 1529 Escola [&hellip;]<\/p>\n","protected":false},"author":464,"featured_media":0,"parent":0,"menu_order":5,"comment_status":"closed","ping_status":"closed","template":"page-sem-sidebar.php","meta":{"footnotes":""},"class_list":["post-100","page","type-page","status-publish","hentry"],"_links":{"self":[{"href":"https:\/\/wp.ufpel.edu.br\/portodasartes\/wp-json\/wp\/v2\/pages\/100","targetHints":{"allow":["GET"]}}],"collection":[{"href":"https:\/\/wp.ufpel.edu.br\/portodasartes\/wp-json\/wp\/v2\/pages"}],"about":[{"href":"https:\/\/wp.ufpel.edu.br\/portodasartes\/wp-json\/wp\/v2\/types\/page"}],"author":[{"embeddable":true,"href":"https:\/\/wp.ufpel.edu.br\/portodasartes\/wp-json\/wp\/v2\/users\/464"}],"replies":[{"embeddable":true,"href":"https:\/\/wp.ufpel.edu.br\/portodasartes\/wp-json\/wp\/v2\/comments?post=100"}],"version-history":[{"count":36,"href":"https:\/\/wp.ufpel.edu.br\/portodasartes\/wp-json\/wp\/v2\/pages\/100\/revisions"}],"predecessor-version":[{"id":171,"href":"https:\/\/wp.ufpel.edu.br\/portodasartes\/wp-json\/wp\/v2\/pages\/100\/revisions\/171"}],"wp:attachment":[{"href":"https:\/\/wp.ufpel.edu.br\/portodasartes\/wp-json\/wp\/v2\/media?parent=100"}],"curies":[{"name":"wp","href":"https:\/\/api.w.org\/{rel}","templated":true}]}}