{"id":248,"date":"2022-09-02T10:46:44","date_gmt":"2022-09-02T13:46:44","guid":{"rendered":"https:\/\/wp.ufpel.edu.br\/portaltecnologico\/?page_id=248"},"modified":"2022-09-02T11:38:55","modified_gmt":"2022-09-02T14:38:55","slug":"equipe","status":"publish","type":"page","link":"https:\/\/wp.ufpel.edu.br\/portaltecnologico\/equipe\/","title":{"rendered":"Equipe"},"content":{"rendered":"<div id=\"pl-248\"  class=\"panel-layout\" ><div id=\"pg-248-0\"  class=\"panel-grid panel-no-style\" ><div id=\"pgc-248-0-0\"  class=\"panel-grid-cell\" ><div id=\"panel-248-0-0-0\" class=\"so-panel widget widget_sow-editor panel-first-child panel-last-child\" data-index=\"0\" ><div\n\t\t\t\n\t\t\tclass=\"so-widget-sow-editor so-widget-sow-editor-base\"\n\t\t\t\n\t\t>\n<div class=\"siteorigin-widget-tinymce textwidget\">\n\t<p>&nbsp;<\/p>\n<div class=\"siteorigin-widget-tinymce textwidget\">\n<p>&nbsp;<\/p>\n<div id=\"attachment_748\" style=\"width: 380px\" class=\"wp-caption aligncenter\"><a href=\"https:\/\/wp.ufpel.edu.br\/portaltecnologico\/files\/2022\/09\/vinicius-campos.jpg\"><img aria-describedby=\"caption-attachment-748\" loading=\"lazy\" decoding=\"async\" class=\"size-full wp-image-748\" src=\"https:\/\/wp.ufpel.edu.br\/portaltecnologico\/files\/2022\/09\/vinicius-campos.jpg\" alt=\"\" width=\"370\" height=\"245\" srcset=\"https:\/\/wp.ufpel.edu.br\/portaltecnologico\/files\/2022\/09\/vinicius-campos.jpg 370w, https:\/\/wp.ufpel.edu.br\/portaltecnologico\/files\/2022\/09\/vinicius-campos-300x200.jpg 300w\" sizes=\"auto, (max-width: 370px) 100vw, 370px\" \/><\/a><p id=\"caption-attachment-748\" class=\"wp-caption-text\">Prof. Dr. Vinicius Farias Campos<br \/>Superintendente de Inova\u00e7\u00e3o e Desenvolvimento Interinstitucional<br \/><a href=\"mailto:campos.vinicius@ufpel.edu.br\">campos.vinicius@ufpel.edu.br<\/a><\/p><\/div>\n<\/div>\n<div class=\"siteorigin-widget-tinymce textwidget\">\n<div id=\"attachment_741\" style=\"width: 410px\" class=\"wp-caption aligncenter\"><a href=\"https:\/\/wp.ufpel.edu.br\/portaltecnologico\/files\/2022\/09\/0ec340f407d2e98c55a17559d89ade32.jpg\"><img aria-describedby=\"caption-attachment-741\" loading=\"lazy\" decoding=\"async\" class=\"size-medium wp-image-741\" src=\"https:\/\/wp.ufpel.edu.br\/portaltecnologico\/files\/2022\/09\/0ec340f407d2e98c55a17559d89ade32-400x285.jpg\" alt=\"\" width=\"400\" height=\"285\" srcset=\"https:\/\/wp.ufpel.edu.br\/portaltecnologico\/files\/2022\/09\/0ec340f407d2e98c55a17559d89ade32-400x285.jpg 400w, https:\/\/wp.ufpel.edu.br\/portaltecnologico\/files\/2022\/09\/0ec340f407d2e98c55a17559d89ade32-281x200.jpg 281w, https:\/\/wp.ufpel.edu.br\/portaltecnologico\/files\/2022\/09\/0ec340f407d2e98c55a17559d89ade32.jpg 520w\" sizes=\"auto, (max-width: 400px) 100vw, 400px\" \/><\/a><p id=\"caption-attachment-741\" class=\"wp-caption-text\">Prof. Dr. Felipe de Souza Marques<br \/>N\u00facleo de Empreendedorismo e Incuba\u00e7\u00e3o de Empresas<br \/><a href=\"mailto:felipe.marques@ufpel.edu.br\">felipe.marques@ufpel.edu.br<\/a><\/p><\/div>\n<\/div>\n<div style=\"width: 410px\" class=\"wp-caption aligncenter\"><a href=\"https:\/\/wp.ufpel.edu.br\/portaltecnologico\/files\/2022\/09\/52756bebfc2c13041026770bbbc338ae.jpg\"><img loading=\"lazy\" decoding=\"async\" class=\"size-medium wp-image-745\" src=\"https:\/\/wp.ufpel.edu.br\/portaltecnologico\/files\/2022\/09\/52756bebfc2c13041026770bbbc338ae-400x285.jpg\" alt=\"\" width=\"400\" height=\"285\" srcset=\"https:\/\/wp.ufpel.edu.br\/portaltecnologico\/files\/2022\/09\/52756bebfc2c13041026770bbbc338ae-400x285.jpg 400w, https:\/\/wp.ufpel.edu.br\/portaltecnologico\/files\/2022\/09\/52756bebfc2c13041026770bbbc338ae-281x200.jpg 281w, https:\/\/wp.ufpel.edu.br\/portaltecnologico\/files\/2022\/09\/52756bebfc2c13041026770bbbc338ae.jpg 520w\" sizes=\"auto, (max-width: 400px) 100vw, 400px\" \/><\/a><p class=\"wp-caption-text\">Adalice Andrade Kosby<br \/>N\u00facleo de Empreendedorismo e Incuba\u00e7\u00e3o de Empresas<br \/><a href=\"mailto:conectar@ufpel.edu.br\">conectar@ufpel.edu.br<\/a><\/p><\/div>\n<div id=\"attachment_743\" style=\"width: 410px\" class=\"wp-caption aligncenter\"><a href=\"https:\/\/wp.ufpel.edu.br\/portaltecnologico\/files\/2022\/09\/467cab19e72c58810aca97b42b633a69.jpg\"><img aria-describedby=\"caption-attachment-743\" loading=\"lazy\" decoding=\"async\" class=\"size-medium wp-image-743\" src=\"https:\/\/wp.ufpel.edu.br\/portaltecnologico\/files\/2022\/09\/467cab19e72c58810aca97b42b633a69-400x285.jpg\" alt=\"\" width=\"400\" height=\"285\" srcset=\"https:\/\/wp.ufpel.edu.br\/portaltecnologico\/files\/2022\/09\/467cab19e72c58810aca97b42b633a69-400x285.jpg 400w, https:\/\/wp.ufpel.edu.br\/portaltecnologico\/files\/2022\/09\/467cab19e72c58810aca97b42b633a69-281x200.jpg 281w, https:\/\/wp.ufpel.edu.br\/portaltecnologico\/files\/2022\/09\/467cab19e72c58810aca97b42b633a69.jpg 520w\" sizes=\"auto, (max-width: 400px) 100vw, 400px\" \/><\/a><p id=\"caption-attachment-743\" class=\"wp-caption-text\">Dr. Glenio do Couto Pinto Jr<br \/>N\u00facleo de Propriedade Intelectual e Patentes<br \/>glenio.junior@ufpel.edu.br<\/p><\/div>\n<div id=\"attachment_746\" style=\"width: 410px\" class=\"wp-caption aligncenter\"><a href=\"https:\/\/wp.ufpel.edu.br\/portaltecnologico\/files\/2022\/09\/6c54b8345838cfd4f0ff7ee475e45dee.jpg\"><img aria-describedby=\"caption-attachment-746\" loading=\"lazy\" decoding=\"async\" class=\"size-medium wp-image-746\" src=\"https:\/\/wp.ufpel.edu.br\/portaltecnologico\/files\/2022\/09\/6c54b8345838cfd4f0ff7ee475e45dee-400x285.jpg\" alt=\"\" width=\"400\" height=\"285\" srcset=\"https:\/\/wp.ufpel.edu.br\/portaltecnologico\/files\/2022\/09\/6c54b8345838cfd4f0ff7ee475e45dee-400x285.jpg 400w, https:\/\/wp.ufpel.edu.br\/portaltecnologico\/files\/2022\/09\/6c54b8345838cfd4f0ff7ee475e45dee-281x200.jpg 281w, https:\/\/wp.ufpel.edu.br\/portaltecnologico\/files\/2022\/09\/6c54b8345838cfd4f0ff7ee475e45dee.jpg 520w\" sizes=\"auto, (max-width: 400px) 100vw, 400px\" \/><\/a><p id=\"caption-attachment-746\" class=\"wp-caption-text\">S\u00edlvia Trisch dos Santos Acunha<br \/>Dep\u00f3sitos e Acompanhamentos de Patentes<br \/><a href=\"mailto:silviatrisch@gmail.com\">silviatrisch@gmail.com<\/a><\/p><\/div>\n<div id=\"attachment_744\" style=\"width: 410px\" class=\"wp-caption aligncenter\"><a href=\"https:\/\/wp.ufpel.edu.br\/portaltecnologico\/files\/2022\/09\/0b09d0d687bbcf64dbc37f9bfdd1b767.jpg\"><img aria-describedby=\"caption-attachment-744\" loading=\"lazy\" decoding=\"async\" class=\"size-medium wp-image-744\" src=\"https:\/\/wp.ufpel.edu.br\/portaltecnologico\/files\/2022\/09\/0b09d0d687bbcf64dbc37f9bfdd1b767-400x285.jpg\" alt=\"\" width=\"400\" height=\"285\" srcset=\"https:\/\/wp.ufpel.edu.br\/portaltecnologico\/files\/2022\/09\/0b09d0d687bbcf64dbc37f9bfdd1b767-400x285.jpg 400w, https:\/\/wp.ufpel.edu.br\/portaltecnologico\/files\/2022\/09\/0b09d0d687bbcf64dbc37f9bfdd1b767-281x200.jpg 281w, https:\/\/wp.ufpel.edu.br\/portaltecnologico\/files\/2022\/09\/0b09d0d687bbcf64dbc37f9bfdd1b767.jpg 520w\" sizes=\"auto, (max-width: 400px) 100vw, 400px\" \/><\/a><p id=\"caption-attachment-744\" class=\"wp-caption-text\">Amanda Krolow Norenberg<br \/>Dep\u00f3sitos e Acompanhamentos de Patentes<br \/><a href=\"mailto:amandakrolown@gmail.com\">amandakrolown@gmail.com<\/a><\/p><\/div>\n<\/div>\n<\/div><\/div><\/div><\/div><\/div>","protected":false},"excerpt":{"rendered":"<p> [&hellip;]<\/p>\n","protected":false},"author":46,"featured_media":0,"parent":0,"menu_order":0,"comment_status":"closed","ping_status":"closed","template":"","meta":{"_acf_changed":false,"footnotes":""},"class_list":["post-248","page","type-page","status-publish","hentry","post"],"acf":[],"publishpress_future_action":{"enabled":false,"date":"2026-04-16 13:37:27","action":"change-status","newStatus":"draft","terms":[],"taxonomy":"","extraData":[]},"publishpress_future_workflow_manual_trigger":{"enabledWorkflows":[]},"_links":{"self":[{"href":"https:\/\/wp.ufpel.edu.br\/portaltecnologico\/wp-json\/wp\/v2\/pages\/248","targetHints":{"allow":["GET"]}}],"collection":[{"href":"https:\/\/wp.ufpel.edu.br\/portaltecnologico\/wp-json\/wp\/v2\/pages"}],"about":[{"href":"https:\/\/wp.ufpel.edu.br\/portaltecnologico\/wp-json\/wp\/v2\/types\/page"}],"author":[{"embeddable":true,"href":"https:\/\/wp.ufpel.edu.br\/portaltecnologico\/wp-json\/wp\/v2\/users\/46"}],"replies":[{"embeddable":true,"href":"https:\/\/wp.ufpel.edu.br\/portaltecnologico\/wp-json\/wp\/v2\/comments?post=248"}],"version-history":[{"count":20,"href":"https:\/\/wp.ufpel.edu.br\/portaltecnologico\/wp-json\/wp\/v2\/pages\/248\/revisions"}],"predecessor-version":[{"id":765,"href":"https:\/\/wp.ufpel.edu.br\/portaltecnologico\/wp-json\/wp\/v2\/pages\/248\/revisions\/765"}],"wp:attachment":[{"href":"https:\/\/wp.ufpel.edu.br\/portaltecnologico\/wp-json\/wp\/v2\/media?parent=248"}],"curies":[{"name":"wp","href":"https:\/\/api.w.org\/{rel}","templated":true}]}}