{"id":148,"date":"2021-05-11T13:40:18","date_gmt":"2021-05-11T16:40:18","guid":{"rendered":"https:\/\/wp.ufpel.edu.br\/portaltecnologico\/?page_id=148"},"modified":"2022-08-09T11:25:24","modified_gmt":"2022-08-09T14:25:24","slug":"pagina-inicial","status":"publish","type":"page","link":"https:\/\/wp.ufpel.edu.br\/portaltecnologico\/","title":{"rendered":"P\u00e1gina Inicial"},"content":{"rendered":"<div id=\"pl-148\"  class=\"panel-layout\" ><div id=\"pg-148-0\"  class=\"panel-grid panel-no-style\" ><div id=\"pgc-148-0-0\"  class=\"panel-grid-cell\" ><div id=\"panel-148-0-0-0\" class=\"so-panel widget widget_search panel-first-child\" data-index=\"0\" ><div class=\"panel-widget-style panel-widget-style-for-148-0-0-0\" ><h3 class=\"widget-title\">Pesquisa de patentes<\/h3>\n<form method=\"get\" class=\"searchform\" action=\"https:\/\/wp.ufpel.edu.br\/portaltecnologico\/\" role=\"search\">\n\t<label for=\"search-form\" class=\"screen-reader-text\">Search for:<\/label>\n\t<input type=\"search\" name=\"s\" class=\"field\" id=\"search-form\" value=\"\" placeholder=\"Busca\"\/>\n<\/form>\n<\/div><\/div>\n\t\t<div id=\"panel-148-0-0-1\" class=\"so-panel widget widget_recent-posts widget_recent_entries panel-last-child\" data-index=\"1\" >\n\t\t<h3 class=\"widget-title\">Posts recentes<\/h3>\n\t\t<ul>\n\t\t\t\t\t\t\t\t\t\t\t<li>\n\t\t\t\t\t<a href=\"https:\/\/wp.ufpel.edu.br\/portaltecnologico\/patentes\/outros\/repositor-eletrolitico-energetico-e-mineral-para-neonatos-bovinos\/\">Repositor eletrol\u00edtico, energ\u00e9tico e mineral para neonatos bovinos<\/a>\n\t\t\t\t\t\t\t\t\t<\/li>\n\t\t\t\t\t\t\t\t\t\t\t<li>\n\t\t\t\t\t<a href=\"https:\/\/wp.ufpel.edu.br\/portaltecnologico\/patentes\/outros\/formulacao-gel-de-liberacao-sustentada-de-estradiol-para-aplicacao-veterinaria\/\">Formula\u00e7\u00e3o gel de libera\u00e7\u00e3o sustentada de estradiol para aplica\u00e7\u00e3o veterin\u00e1ria<\/a>\n\t\t\t\t\t\t\t\t\t<\/li>\n\t\t\t\t\t\t\t\t\t\t\t<li>\n\t\t\t\t\t<a href=\"https:\/\/wp.ufpel.edu.br\/portaltecnologico\/patentes\/outros\/clareadores-livres-de-peroxido-para-clareamento-de-dentes-naturais-e-manufaturados\/\">Clareadores livres de per\u00f3xido para clareamento de dentes naturais e manufaturados<\/a>\n\t\t\t\t\t\t\t\t\t<\/li>\n\t\t\t\t\t\t\t\t\t\t\t<li>\n\t\t\t\t\t<a href=\"https:\/\/wp.ufpel.edu.br\/portaltecnologico\/patentes\/outros\/dispositivo-processo-de-analise-e-escala-de-fluorescencia-de-biomateriais\/\">Dispositivo, processo de an\u00e1lise e escala de fluorescencia de biomateriais<\/a>\n\t\t\t\t\t\t\t\t\t<\/li>\n\t\t\t\t\t\t\t\t\t\t\t<li>\n\t\t\t\t\t<a href=\"https:\/\/wp.ufpel.edu.br\/portaltecnologico\/patentes\/outros\/conjunto-de-algoritmos-de-baixa-complexidade-para-particionamento-de-coding-units-na-codificacao-de-videos-digitais-segundo-o-padrao-h-265-hevc\/\">Conjunto de algoritmos de baixa complexidade para particionamento de coding units na codifica\u00e7\u00e3o de v\u00eddeos digitais segundo o padr\u00e3o h.265\/hevc<\/a>\n\t\t\t\t\t\t\t\t\t<\/li>\n\t\t\t\t\t<\/ul>\n\n\t\t<\/div><\/div><\/div><\/div>","protected":false},"excerpt":{"rendered":"<p> [&hellip;]<\/p>\n","protected":false},"author":46,"featured_media":0,"parent":0,"menu_order":0,"comment_status":"closed","ping_status":"closed","template":"home-panels.php","meta":{"_acf_changed":false,"footnotes":""},"class_list":["post-148","page","type-page","status-publish","hentry","post"],"acf":[],"publishpress_future_action":{"enabled":false,"date":"2026-04-14 12:07:50","action":"change-status","newStatus":"draft","terms":[],"taxonomy":"","extraData":[]},"publishpress_future_workflow_manual_trigger":{"enabledWorkflows":[]},"_links":{"self":[{"href":"https:\/\/wp.ufpel.edu.br\/portaltecnologico\/wp-json\/wp\/v2\/pages\/148","targetHints":{"allow":["GET"]}}],"collection":[{"href":"https:\/\/wp.ufpel.edu.br\/portaltecnologico\/wp-json\/wp\/v2\/pages"}],"about":[{"href":"https:\/\/wp.ufpel.edu.br\/portaltecnologico\/wp-json\/wp\/v2\/types\/page"}],"author":[{"embeddable":true,"href":"https:\/\/wp.ufpel.edu.br\/portaltecnologico\/wp-json\/wp\/v2\/users\/46"}],"replies":[{"embeddable":true,"href":"https:\/\/wp.ufpel.edu.br\/portaltecnologico\/wp-json\/wp\/v2\/comments?post=148"}],"version-history":[{"count":40,"href":"https:\/\/wp.ufpel.edu.br\/portaltecnologico\/wp-json\/wp\/v2\/pages\/148\/revisions"}],"predecessor-version":[{"id":738,"href":"https:\/\/wp.ufpel.edu.br\/portaltecnologico\/wp-json\/wp\/v2\/pages\/148\/revisions\/738"}],"wp:attachment":[{"href":"https:\/\/wp.ufpel.edu.br\/portaltecnologico\/wp-json\/wp\/v2\/media?parent=148"}],"curies":[{"name":"wp","href":"https:\/\/api.w.org\/{rel}","templated":true}]}}