{"id":93,"date":"2014-10-09T21:34:57","date_gmt":"2014-10-10T00:34:57","guid":{"rendered":"https:\/\/wp.ufpel.edu.br\/porciuncula\/?page_id=93"},"modified":"2014-10-20T12:29:08","modified_gmt":"2014-10-20T14:29:08","slug":"maquinas-iv","status":"publish","type":"page","link":"https:\/\/wp.ufpel.edu.br\/porciuncula\/disciplinas-2014\/maquinas-iv\/","title":{"rendered":"M\u00e1quinas IV"},"content":{"rendered":"<p><a title=\"Aula 1\" href=\"https:\/\/drive.google.com\/file\/d\/0Bz7Q7hNYyG7_Yi1HNks1UE0wemc\/view?usp=sharing\"><span style=\"font-size: 14pt\">Aula 1 &#8211; Introdu\u00e7\u00e3o a Sistemas Hidr\u00e1ulicos e Pneum\u00e1ticos<\/span><\/a><\/p>\n<p><a href=\"https:\/\/drive.google.com\/file\/d\/0Bz7Q7hNYyG7_TDAxV3Y2WTE1aWM\/view?usp=sharing\"><span style=\"font-size: 14pt\">Aula 2.1 &#8211; Sistemas de acionamentos em M\u00e1quinas Agr\u00edcolas<\/span><\/a><\/p>\n<p><a href=\"https:\/\/drive.google.com\/file\/d\/0Bz7Q7hNYyG7_U2JVUW5pZFk1OEU\/view?usp=sharing\"><span style=\"font-size: 14pt\">Aula 2.2 &#8211; Sistemas e Componentes da Hidr\u00e1ulica Mobil<\/span><\/a><\/p>\n<p>&nbsp;<\/p>\n<p><span style=\"color: #ffcc00\"><em><strong><span style=\"font-size: 24pt\">Material de Apoio<\/span><\/strong><\/em><\/span><\/p>\n<p><a href=\"https:\/\/drive.google.com\/file\/d\/0Bz7Q7hNYyG7_ZGM5YzE2MTYtMmI1OC00YWZkLWFhYzYtMTNjZjgwYzQ5Zjkx\/view?usp=sharing\"><span style=\"font-size: 18pt\">ISO 1219<\/span><\/a><\/p>\n<p><a href=\"https:\/\/drive.google.com\/file\/d\/0Bz7Q7hNYyG7_YTg2YTk5ZDAtY2U4ZC00OWM4LWJiOGMtMTg1MGRjZjI1ZjMx\/view?usp=sharing\"><span style=\"font-size: 18pt\">Apostila de Hidr\u00e1ulica<\/span><\/a><\/p>\n<p><a href=\"https:\/\/drive.google.com\/file\/d\/0Bz7Q7hNYyG7_YTZkZGMyNWYtNWFiYi00ZGQyLTkyMDMtNjcxNjhiN2QzNjFh\/view?usp=sharing\"><span style=\"font-size: 18pt\">Apostila de Pneum\u00e1tica<\/span><\/a><\/p>\n","protected":false},"excerpt":{"rendered":"<p>Aula 1 &#8211; Introdu\u00e7\u00e3o a Sistemas Hidr\u00e1ulicos e Pneum\u00e1ticos Aula 2.1 &#8211; Sistemas de acionamentos em M\u00e1quinas Agr\u00edcolas Aula 2.2 &#8211; Sistemas e Componentes da Hidr\u00e1ulica Mobil &nbsp; Material de Apoio ISO 1219 Apostila de Hidr\u00e1ulica Apostila de Pneum\u00e1tica<\/p>\n","protected":false},"author":372,"featured_media":0,"parent":9,"menu_order":0,"comment_status":"closed","ping_status":"closed","template":"","meta":{"footnotes":""},"class_list":["post-93","page","type-page","status-publish","hentry"],"_links":{"self":[{"href":"https:\/\/wp.ufpel.edu.br\/porciuncula\/wp-json\/wp\/v2\/pages\/93","targetHints":{"allow":["GET"]}}],"collection":[{"href":"https:\/\/wp.ufpel.edu.br\/porciuncula\/wp-json\/wp\/v2\/pages"}],"about":[{"href":"https:\/\/wp.ufpel.edu.br\/porciuncula\/wp-json\/wp\/v2\/types\/page"}],"author":[{"embeddable":true,"href":"https:\/\/wp.ufpel.edu.br\/porciuncula\/wp-json\/wp\/v2\/users\/372"}],"replies":[{"embeddable":true,"href":"https:\/\/wp.ufpel.edu.br\/porciuncula\/wp-json\/wp\/v2\/comments?post=93"}],"version-history":[{"count":6,"href":"https:\/\/wp.ufpel.edu.br\/porciuncula\/wp-json\/wp\/v2\/pages\/93\/revisions"}],"predecessor-version":[{"id":97,"href":"https:\/\/wp.ufpel.edu.br\/porciuncula\/wp-json\/wp\/v2\/pages\/93\/revisions\/97"}],"up":[{"embeddable":true,"href":"https:\/\/wp.ufpel.edu.br\/porciuncula\/wp-json\/wp\/v2\/pages\/9"}],"wp:attachment":[{"href":"https:\/\/wp.ufpel.edu.br\/porciuncula\/wp-json\/wp\/v2\/media?parent=93"}],"curies":[{"name":"wp","href":"https:\/\/api.w.org\/{rel}","templated":true}]}}