{"id":9,"date":"2014-04-14T16:04:49","date_gmt":"2014-04-14T19:04:49","guid":{"rendered":"https:\/\/wp.ufpel.edu.br\/porciuncula\/?page_id=9"},"modified":"2015-09-09T22:31:06","modified_gmt":"2015-09-10T01:31:06","slug":"disciplinas-2014","status":"publish","type":"page","link":"https:\/\/wp.ufpel.edu.br\/porciuncula\/disciplinas-2014\/","title":{"rendered":"DISCIPLINAS 2015 &#8211; Segundo semestre"},"content":{"rendered":"<p><em><span style=\"font-family: verdana, geneva, sans-serif\"><span style=\"font-size: 18pt\"><a href=\"https:\/\/wp.ufpel.edu.br\/porciuncula\/disciplinas-2014\/gestao-da-manutencao\/\">Gest\u00e3o da Manuten\u00e7\u00e3o<\/a><\/span><\/span><\/em><\/p>\n<p>&nbsp;<\/p>\n<p><a href=\"https:\/\/wp.ufpel.edu.br\/porciuncula\/disciplinas-2014\/automacao-industrial\/\"><em><span style=\"font-family: verdana, geneva, sans-serif\"><span style=\"font-size: 18pt\">A<\/span><span style=\"font-size: 18pt\">utoma\u00e7\u00e3o Industrial<\/span><\/span><\/em><\/a><\/p>\n<p>&nbsp;<\/p>\n<p><em><span style=\"font-family: verdana, geneva, sans-serif\"><a title=\"M\u00e1quinas IV\" href=\"https:\/\/wp.ufpel.edu.br\/porciuncula\/maquinas-iv\/\"><span style=\"font-size: 18pt\">M\u00e1quinas IV<\/span><\/a><\/span><\/em><\/p>\n","protected":false},"excerpt":{"rendered":"<p>Gest\u00e3o da Manuten\u00e7\u00e3o &nbsp; Automa\u00e7\u00e3o Industrial &nbsp; M\u00e1quinas IV<\/p>\n","protected":false},"author":372,"featured_media":0,"parent":0,"menu_order":0,"comment_status":"closed","ping_status":"closed","template":"","meta":{"footnotes":""},"class_list":["post-9","page","type-page","status-publish","hentry"],"_links":{"self":[{"href":"https:\/\/wp.ufpel.edu.br\/porciuncula\/wp-json\/wp\/v2\/pages\/9","targetHints":{"allow":["GET"]}}],"collection":[{"href":"https:\/\/wp.ufpel.edu.br\/porciuncula\/wp-json\/wp\/v2\/pages"}],"about":[{"href":"https:\/\/wp.ufpel.edu.br\/porciuncula\/wp-json\/wp\/v2\/types\/page"}],"author":[{"embeddable":true,"href":"https:\/\/wp.ufpel.edu.br\/porciuncula\/wp-json\/wp\/v2\/users\/372"}],"replies":[{"embeddable":true,"href":"https:\/\/wp.ufpel.edu.br\/porciuncula\/wp-json\/wp\/v2\/comments?post=9"}],"version-history":[{"count":12,"href":"https:\/\/wp.ufpel.edu.br\/porciuncula\/wp-json\/wp\/v2\/pages\/9\/revisions"}],"predecessor-version":[{"id":132,"href":"https:\/\/wp.ufpel.edu.br\/porciuncula\/wp-json\/wp\/v2\/pages\/9\/revisions\/132"}],"wp:attachment":[{"href":"https:\/\/wp.ufpel.edu.br\/porciuncula\/wp-json\/wp\/v2\/media?parent=9"}],"curies":[{"name":"wp","href":"https:\/\/api.w.org\/{rel}","templated":true}]}}