{"id":63,"date":"2014-09-01T14:25:41","date_gmt":"2014-09-01T17:25:41","guid":{"rendered":"https:\/\/wp.ufpel.edu.br\/porciuncula\/?page_id=63"},"modified":"2015-08-11T17:49:34","modified_gmt":"2015-08-11T20:49:34","slug":"gestao-da-manutencao","status":"publish","type":"page","link":"https:\/\/wp.ufpel.edu.br\/porciuncula\/disciplinas-2014\/gestao-da-manutencao\/","title":{"rendered":"Gest\u00e3o da Manuten\u00e7\u00e3o"},"content":{"rendered":"<p>&nbsp;<\/p>\n<p><a title=\"Plano de Ensino\" href=\"https:\/\/drive.google.com\/file\/d\/0Bz7Q7hNYyG7_dHE4T1AwS0ZWWFk\/view?usp=sharing\"><b><i>PLANO DE ENSINO<\/i><\/b><\/a><\/p>\n<p><a title=\"Conte\u00fado\" href=\"https:\/\/wp.ufpel.edu.br\/porciuncula\/disciplinas-2014\/gestao-da-manutencao\/conteudo\/\"><em><strong>CONTE\u00daDO<\/strong><\/em><\/a><\/p>\n<p><a title=\"ATIVIDADES\" href=\"https:\/\/wp.ufpel.edu.br\/porciuncula\/?p=108\"><em><strong>ATIVIDADES<\/strong><\/em><\/a><\/p>\n<p>&nbsp;<\/p>\n","protected":false},"excerpt":{"rendered":"<p>&nbsp; PLANO DE ENSINO CONTE\u00daDO ATIVIDADES &nbsp;<\/p>\n","protected":false},"author":372,"featured_media":0,"parent":9,"menu_order":0,"comment_status":"closed","ping_status":"closed","template":"","meta":{"footnotes":""},"class_list":["post-63","page","type-page","status-publish","hentry"],"_links":{"self":[{"href":"https:\/\/wp.ufpel.edu.br\/porciuncula\/wp-json\/wp\/v2\/pages\/63","targetHints":{"allow":["GET"]}}],"collection":[{"href":"https:\/\/wp.ufpel.edu.br\/porciuncula\/wp-json\/wp\/v2\/pages"}],"about":[{"href":"https:\/\/wp.ufpel.edu.br\/porciuncula\/wp-json\/wp\/v2\/types\/page"}],"author":[{"embeddable":true,"href":"https:\/\/wp.ufpel.edu.br\/porciuncula\/wp-json\/wp\/v2\/users\/372"}],"replies":[{"embeddable":true,"href":"https:\/\/wp.ufpel.edu.br\/porciuncula\/wp-json\/wp\/v2\/comments?post=63"}],"version-history":[{"count":17,"href":"https:\/\/wp.ufpel.edu.br\/porciuncula\/wp-json\/wp\/v2\/pages\/63\/revisions"}],"predecessor-version":[{"id":201,"href":"https:\/\/wp.ufpel.edu.br\/porciuncula\/wp-json\/wp\/v2\/pages\/63\/revisions\/201"}],"up":[{"embeddable":true,"href":"https:\/\/wp.ufpel.edu.br\/porciuncula\/wp-json\/wp\/v2\/pages\/9"}],"wp:attachment":[{"href":"https:\/\/wp.ufpel.edu.br\/porciuncula\/wp-json\/wp\/v2\/media?parent=63"}],"curies":[{"name":"wp","href":"https:\/\/api.w.org\/{rel}","templated":true}]}}