{"id":61,"date":"2014-08-26T15:59:45","date_gmt":"2014-08-26T18:59:45","guid":{"rendered":"https:\/\/wp.ufpel.edu.br\/porciuncula\/?page_id=61"},"modified":"2015-10-13T12:09:46","modified_gmt":"2015-10-13T15:09:46","slug":"conteudo","status":"publish","type":"page","link":"https:\/\/wp.ufpel.edu.br\/porciuncula\/disciplinas-2014\/gestao-da-manutencao\/conteudo\/","title":{"rendered":"Conte\u00fado"},"content":{"rendered":"<p><span style=\"font-family: 'comic sans ms', sans-serif;font-size: 18pt\"><em><a href=\"https:\/\/drive.google.com\/file\/d\/0Bz7Q7hNYyG7_SnBvazVna09wQkk\/view?usp=sharing\">Aula 1 &#8211; Apresenta\u00e7\u00e3o da Disciplina de\u00a0Gest\u00e3o da Manuten\u00e7\u00e3o<\/a><\/em><\/span><\/p>\n<p><span style=\"font-family: 'comic sans ms', sans-serif;font-size: 18pt\"><a href=\"https:\/\/drive.google.com\/file\/d\/0Bz7Q7hNYyG7_ejh2MlN4cUd3QW8\/view?usp=sharing\">Aula 2 &#8211; Introdu\u00e7\u00e3o a gest\u00e3o da Manuten\u00e7\u00e3o<\/a><\/span><\/p>\n<p><span style=\"text-decoration: underline\"><span style=\"font-family: 'comic sans ms', sans-serif;font-size: 18pt;color: #0000ff;text-decoration: underline\"><a href=\"https:\/\/drive.google.com\/open?id=0Bz7Q7hNYyG7_ZHNxZW1CX3BLbEE\">Aula 3 &#8211; Tipos de Manuten\u00e7\u00e3o: Manuten\u00e7\u00e3o Corretiva e Manuten\u00e7\u00e3o Preventiva<\/a><\/span><\/span><\/p>\n<p><span style=\"font-family: 'comic sans ms', sans-serif;font-size: 18pt\"><a href=\"https:\/\/drive.google.com\/file\/d\/0Bz7Q7hNYyG7_bHVoZDB5a1lESHc\/view?usp=sharing\">Aula 4 &#8211; Tipos de Manuten\u00e7\u00e3o: Manuten\u00e7\u00e3o Preditiva<\/a><\/span><\/p>\n<p><span style=\"font-family: 'comic sans ms', sans-serif;font-size: 18pt\"><a href=\"https:\/\/drive.google.com\/file\/d\/0Bz7Q7hNYyG7_UXh6WHZNSmFkTFk\/view?usp=sharing\">Aula 5 &#8211; Tipos de Manuten\u00e7\u00e3o: Mantuten\u00e7\u00e3o Proativa<\/a><\/span><\/p>\n<p><span style=\"font-family: 'comic sans ms', sans-serif;font-size: 18pt\"><a href=\"https:\/\/drive.google.com\/file\/d\/0Bz7Q7hNYyG7_TzBsZl9pUHZKWm8\/view?usp=sharing\">Aula 6 &#8211; M\u00e9todo de An\u00e1lise de falha em Sistemas<\/a><\/span><\/p>\n<p>&nbsp;<\/p>\n<p>&nbsp;<\/p>\n<p>&nbsp;<\/p>\n","protected":false},"excerpt":{"rendered":"<p>Aula 1 &#8211; Apresenta\u00e7\u00e3o da Disciplina de\u00a0Gest\u00e3o da Manuten\u00e7\u00e3o Aula 2 &#8211; Introdu\u00e7\u00e3o a gest\u00e3o da Manuten\u00e7\u00e3o Aula 3 &#8211; Tipos de Manuten\u00e7\u00e3o: Manuten\u00e7\u00e3o Corretiva e Manuten\u00e7\u00e3o Preventiva Aula 4 &#8211; Tipos de Manuten\u00e7\u00e3o: Manuten\u00e7\u00e3o Preditiva Aula 5 &#8211; Tipos de Manuten\u00e7\u00e3o: Mantuten\u00e7\u00e3o Proativa Aula 6 &#8211; M\u00e9todo de An\u00e1lise de falha em Sistemas &nbsp; [&hellip;]<\/p>\n","protected":false},"author":372,"featured_media":0,"parent":63,"menu_order":0,"comment_status":"closed","ping_status":"closed","template":"","meta":{"footnotes":""},"class_list":["post-61","page","type-page","status-publish","hentry"],"_links":{"self":[{"href":"https:\/\/wp.ufpel.edu.br\/porciuncula\/wp-json\/wp\/v2\/pages\/61","targetHints":{"allow":["GET"]}}],"collection":[{"href":"https:\/\/wp.ufpel.edu.br\/porciuncula\/wp-json\/wp\/v2\/pages"}],"about":[{"href":"https:\/\/wp.ufpel.edu.br\/porciuncula\/wp-json\/wp\/v2\/types\/page"}],"author":[{"embeddable":true,"href":"https:\/\/wp.ufpel.edu.br\/porciuncula\/wp-json\/wp\/v2\/users\/372"}],"replies":[{"embeddable":true,"href":"https:\/\/wp.ufpel.edu.br\/porciuncula\/wp-json\/wp\/v2\/comments?post=61"}],"version-history":[{"count":28,"href":"https:\/\/wp.ufpel.edu.br\/porciuncula\/wp-json\/wp\/v2\/pages\/61\/revisions"}],"predecessor-version":[{"id":273,"href":"https:\/\/wp.ufpel.edu.br\/porciuncula\/wp-json\/wp\/v2\/pages\/61\/revisions\/273"}],"up":[{"embeddable":true,"href":"https:\/\/wp.ufpel.edu.br\/porciuncula\/wp-json\/wp\/v2\/pages\/63"}],"wp:attachment":[{"href":"https:\/\/wp.ufpel.edu.br\/porciuncula\/wp-json\/wp\/v2\/media?parent=61"}],"curies":[{"name":"wp","href":"https:\/\/api.w.org\/{rel}","templated":true}]}}