{"id":28,"date":"2014-04-17T18:16:24","date_gmt":"2014-04-17T21:16:24","guid":{"rendered":"https:\/\/wp.ufpel.edu.br\/porciuncula\/?page_id=28"},"modified":"2015-10-23T20:39:35","modified_gmt":"2015-10-23T22:39:35","slug":"atividades","status":"publish","type":"page","link":"https:\/\/wp.ufpel.edu.br\/porciuncula\/disciplinas-2014\/automacao-industrial\/atividades\/","title":{"rendered":"ATIVIDADES"},"content":{"rendered":"<p>&nbsp;<\/p>\n<p><span style=\"font-family: 'comic sans ms', sans-serif;font-size: 18pt\"><a href=\"https:\/\/drive.google.com\/file\/d\/0Bz7Q7hNYyG7_cGtmYW0ySTZVTXM\/view?usp=sharing\">Orienta\u00e7\u00f5es para o trabalho 1<\/a><\/span><\/p>\n<p><span style=\"text-decoration: underline\"><em><span style=\"font-family: 'comic sans ms', sans-serif;font-size: 18pt\"><a href=\"https:\/\/drive.google.com\/file\/d\/0Bz7Q7hNYyG7_UnRhRDZWYnJNTkE\/view?usp=sharing\">Trabalho 1<\/a><\/span><\/em><\/span><\/p>\n<p><span style=\"font-family: 'comic sans ms', sans-serif;font-size: 18pt\"><a href=\"https:\/\/wp.ufpel.edu.br\/porciuncula\/files\/2015\/10\/Trabalho-2-Automa\u00e7\u00e3o-Industrial.pdf\">Orienta\u00e7\u00f5es para o Trabalho 2<\/a><\/span><\/p>\n","protected":false},"excerpt":{"rendered":"<p>&nbsp; Orienta\u00e7\u00f5es para o trabalho 1 Trabalho 1 Orienta\u00e7\u00f5es para o Trabalho 2<\/p>\n","protected":false},"author":372,"featured_media":0,"parent":15,"menu_order":0,"comment_status":"closed","ping_status":"closed","template":"","meta":{"footnotes":""},"class_list":["post-28","page","type-page","status-publish","hentry"],"_links":{"self":[{"href":"https:\/\/wp.ufpel.edu.br\/porciuncula\/wp-json\/wp\/v2\/pages\/28","targetHints":{"allow":["GET"]}}],"collection":[{"href":"https:\/\/wp.ufpel.edu.br\/porciuncula\/wp-json\/wp\/v2\/pages"}],"about":[{"href":"https:\/\/wp.ufpel.edu.br\/porciuncula\/wp-json\/wp\/v2\/types\/page"}],"author":[{"embeddable":true,"href":"https:\/\/wp.ufpel.edu.br\/porciuncula\/wp-json\/wp\/v2\/users\/372"}],"replies":[{"embeddable":true,"href":"https:\/\/wp.ufpel.edu.br\/porciuncula\/wp-json\/wp\/v2\/comments?post=28"}],"version-history":[{"count":9,"href":"https:\/\/wp.ufpel.edu.br\/porciuncula\/wp-json\/wp\/v2\/pages\/28\/revisions"}],"predecessor-version":[{"id":226,"href":"https:\/\/wp.ufpel.edu.br\/porciuncula\/wp-json\/wp\/v2\/pages\/28\/revisions\/226"}],"up":[{"embeddable":true,"href":"https:\/\/wp.ufpel.edu.br\/porciuncula\/wp-json\/wp\/v2\/pages\/15"}],"wp:attachment":[{"href":"https:\/\/wp.ufpel.edu.br\/porciuncula\/wp-json\/wp\/v2\/media?parent=28"}],"curies":[{"name":"wp","href":"https:\/\/api.w.org\/{rel}","templated":true}]}}