{"id":23,"date":"2014-04-17T17:46:56","date_gmt":"2014-04-17T20:46:56","guid":{"rendered":"https:\/\/wp.ufpel.edu.br\/porciuncula\/?page_id=23"},"modified":"2015-11-23T15:40:14","modified_gmt":"2015-11-23T17:40:14","slug":"conteudo","status":"publish","type":"page","link":"https:\/\/wp.ufpel.edu.br\/porciuncula\/disciplinas-2014\/automacao-industrial\/conteudo\/","title":{"rendered":"CONTE\u00daDO"},"content":{"rendered":"<p><span style=\"font-family: 'comic sans ms', sans-serif;font-size: 18pt\"><em><a title=\"Aula 1\" href=\"https:\/\/drive.google.com\/file\/d\/0Bz7Q7hNYyG7_QTZseWZSZ0pwaU0\/view?usp=sharing\">Aula 1 &#8211; Apresenta\u00e7\u00e3o da Disciplina e Introdu\u00e7\u00e3o \u00e0 Automa\u00e7\u00e3o Industrial<\/a><\/em><\/span><\/p>\n<p><span style=\"font-family: 'comic sans ms', sans-serif;font-size: 18pt\"><em><a href=\"https:\/\/drive.google.com\/file\/d\/0Bz7Q7hNYyG7_bzBZalhrZHhuWTg\/view?usp=sharing\">Aula 2 &#8211; Introdu\u00e7\u00e3o a Sistemas Hidr\u00e1ulicos e Pneum\u00e1ticos<\/a><\/em><\/span><\/p>\n<p><span style=\"font-family: 'comic sans ms', sans-serif;font-size: 18pt\"><a href=\"https:\/\/drive.google.com\/file\/d\/0Bz7Q7hNYyG7_MVo4ZjZPZzdKWFk\/view?usp=sharing\">Aula 3 &#8211; Produ\u00e7\u00e3o, Tratamento e Distribui\u00e7\u00e3o de Ar Comprimido<\/a><\/span><\/p>\n<p><span style=\"text-decoration: underline\"><em><span style=\"font-family: 'comic sans ms', sans-serif;font-size: 18pt\"><a href=\"https:\/\/wp.ufpel.edu.br\/porciuncula\/?p=219\">Aula 4 &#8211; Sistemas Pneum\u00e1ticos<\/a><\/span><\/em><\/span><\/p>\n<p><a href=\"https:\/\/drive.google.com\/file\/d\/0Bz7Q7hNYyG7_ZTZ3S0hQMnNTa3M\/view?usp=sharing\"><span style=\"font-family: 'comic sans ms', sans-serif;font-size: 18pt\">Aula 5 &#8211; Sistemas Pneum\u00e1ticos &#8211; circuitos sequenciais<\/span><\/a><\/p>\n<p><span style=\"font-family: 'comic sans ms', sans-serif;font-size: 18pt\"><a href=\"https:\/\/drive.google.com\/file\/d\/0Bz7Q7hNYyG7_Ny1nT3ZiOWNtN1E\/view?usp=sharing\">Aula 6\u00a0&#8211; Sistemas Pneum\u00e1ticos &#8211; Circuitos sequenciais &#8211; M\u00e9todo Cascata<\/a><\/span><\/p>\n<p><span style=\"font-family: 'comic sans ms', sans-serif;font-size: 18pt\"><a href=\"https:\/\/drive.google.com\/file\/d\/0Bz7Q7hNYyG7_azVneFFVVGxWWXc\/view?usp=sharing\">Aula 7 &#8211; Introdu\u00e7\u00e3o a Sistemas Hidr\u00e1ulicos<\/a><\/span><\/p>\n<p><span style=\"font-family: 'comic sans ms', sans-serif;font-size: 18pt\"><a href=\"https:\/\/drive.google.com\/file\/d\/0Bz7Q7hNYyG7_RTBOR0hpaWpMOTg\/view?usp=sharing\">Aula 8 &#8211; Sistemas Hidr\u00e1ulicos \u00a0&#8211; Componentes \u00a0e circuitos<\/a>\u00a0<\/span><\/p>\n","protected":false},"excerpt":{"rendered":"<p>Aula 1 &#8211; Apresenta\u00e7\u00e3o da Disciplina e Introdu\u00e7\u00e3o \u00e0 Automa\u00e7\u00e3o Industrial Aula 2 &#8211; Introdu\u00e7\u00e3o a Sistemas Hidr\u00e1ulicos e Pneum\u00e1ticos Aula 3 &#8211; Produ\u00e7\u00e3o, Tratamento e Distribui\u00e7\u00e3o de Ar Comprimido Aula 4 &#8211; Sistemas Pneum\u00e1ticos Aula 5 &#8211; Sistemas Pneum\u00e1ticos &#8211; circuitos sequenciais Aula 6\u00a0&#8211; Sistemas Pneum\u00e1ticos &#8211; Circuitos sequenciais &#8211; M\u00e9todo Cascata Aula 7 [&hellip;]<\/p>\n","protected":false},"author":372,"featured_media":0,"parent":15,"menu_order":0,"comment_status":"closed","ping_status":"closed","template":"","meta":{"footnotes":""},"class_list":["post-23","page","type-page","status-publish","hentry"],"_links":{"self":[{"href":"https:\/\/wp.ufpel.edu.br\/porciuncula\/wp-json\/wp\/v2\/pages\/23","targetHints":{"allow":["GET"]}}],"collection":[{"href":"https:\/\/wp.ufpel.edu.br\/porciuncula\/wp-json\/wp\/v2\/pages"}],"about":[{"href":"https:\/\/wp.ufpel.edu.br\/porciuncula\/wp-json\/wp\/v2\/types\/page"}],"author":[{"embeddable":true,"href":"https:\/\/wp.ufpel.edu.br\/porciuncula\/wp-json\/wp\/v2\/users\/372"}],"replies":[{"embeddable":true,"href":"https:\/\/wp.ufpel.edu.br\/porciuncula\/wp-json\/wp\/v2\/comments?post=23"}],"version-history":[{"count":18,"href":"https:\/\/wp.ufpel.edu.br\/porciuncula\/wp-json\/wp\/v2\/pages\/23\/revisions"}],"predecessor-version":[{"id":279,"href":"https:\/\/wp.ufpel.edu.br\/porciuncula\/wp-json\/wp\/v2\/pages\/23\/revisions\/279"}],"up":[{"embeddable":true,"href":"https:\/\/wp.ufpel.edu.br\/porciuncula\/wp-json\/wp\/v2\/pages\/15"}],"wp:attachment":[{"href":"https:\/\/wp.ufpel.edu.br\/porciuncula\/wp-json\/wp\/v2\/media?parent=23"}],"curies":[{"name":"wp","href":"https:\/\/api.w.org\/{rel}","templated":true}]}}