{"id":94,"date":"2023-11-10T22:01:26","date_gmt":"2023-11-11T01:01:26","guid":{"rendered":"https:\/\/wp.ufpel.edu.br\/pollyane\/?page_id=94"},"modified":"2024-11-28T19:05:42","modified_gmt":"2024-11-28T22:05:42","slug":"projeto-de-ensino","status":"publish","type":"page","link":"https:\/\/wp.ufpel.edu.br\/pollyane\/projeto-de-ensino\/","title":{"rendered":"PROJETO DE ENSINO"},"content":{"rendered":"<p style=\"text-align: justify;\">Fa\u00e7o parte da equipe do Projeto de Ensino intitulado &#8220;FERRAMENTAS COMPUTACIONAIS NO ENSINO DA ESTAT\u00cdSTICA&#8221; coordenado pela Profa. Ana Rita de Assump\u00e7\u00e3o Mazzini.<\/p>\n<div class=\"ficha-label\" style=\"text-align: justify;\">RESUMO<\/div>\n<div class=\"ficha-campo\" style=\"text-align: justify;\">\n<p>O momento atual requer dos estudantes e profissionais das diferentes \u00e1reas do conhecimento a capacita\u00e7\u00e3o para o uso de recursos computacionais na organiza\u00e7\u00e3o e an\u00e1lise de dados. Neste contexto a inclus\u00e3o de ferramentas computacionais no ensino da estat\u00edstica assume grande relev\u00e2ncia na forma\u00e7\u00e3o dos futuros profissionais. Esta pode ser realizada na forma de oficinas, grupos de estudo, cursos, resolu\u00e7\u00e3o de exerc\u00edcios, leitura de artigos cient\u00edficos, dentre outras. Uma das limita\u00e7\u00f5es da utiliza\u00e7\u00e3o de pacotes estat\u00edsticos \u00e9 o alto custo para obten\u00e7\u00e3o das licen\u00e7as. Contudo hoje em dia, existem dispon\u00edveis v\u00e1rias ferramentas de an\u00e1lise de dados de livre acesso, as quais podem contribuir com a forma\u00e7\u00e3o dos discentes sem onerar custos. Diante disso, este projeto visa o estudo de ferramentas computacionais, bem como a produ\u00e7\u00e3o de materiais e oficinas did\u00e1ticas que propiciem facilitar o acesso do acad\u00eamico a essas tecnologias dispon\u00edveis.<\/p>\n<p>Esse Projeto tem como objetivo estudar ferramentas computacionais para organiza\u00e7\u00e3o e an\u00e1lise de dados, bem como produzir materiais e oficinas did\u00e1ticas que facilitem o acesso dos discentes a essas tecnologias dispon\u00edveis.<\/p>\n<p>Nos \u00faltimos anos foram realizadas diversas oficinas com Aplica\u00e7\u00f5es de Estat\u00edstica no RStudio.<\/p>\n<p>Contato do Projeto de Ensino: <strong>p.ferramentascomputacionais@gmail.com<\/strong><\/p>\n<\/div>\n<div><\/div>\n<div><img class=\"alignnone size-medium wp-image-96\" src=\"https:\/\/wp.ufpel.edu.br\/pollyane\/files\/2023\/11\/WhatsApp-Image-2023-11-10-at-21.52.53-400x300.jpeg\" alt=\"\" width=\"400\" height=\"300\" srcset=\"https:\/\/wp.ufpel.edu.br\/pollyane\/files\/2023\/11\/WhatsApp-Image-2023-11-10-at-21.52.53-400x300.jpeg 400w, https:\/\/wp.ufpel.edu.br\/pollyane\/files\/2023\/11\/WhatsApp-Image-2023-11-10-at-21.52.53-768x576.jpeg 768w, https:\/\/wp.ufpel.edu.br\/pollyane\/files\/2023\/11\/WhatsApp-Image-2023-11-10-at-21.52.53.jpeg 1024w\" sizes=\"(max-width: 400px) 100vw, 400px\" \/> <img class=\"alignnone size-medium wp-image-97\" src=\"https:\/\/wp.ufpel.edu.br\/pollyane\/files\/2023\/11\/WhatsApp-Image-2023-11-10-at-21.52.54-400x300.jpeg\" alt=\"\" width=\"400\" height=\"300\" srcset=\"https:\/\/wp.ufpel.edu.br\/pollyane\/files\/2023\/11\/WhatsApp-Image-2023-11-10-at-21.52.54-400x300.jpeg 400w, https:\/\/wp.ufpel.edu.br\/pollyane\/files\/2023\/11\/WhatsApp-Image-2023-11-10-at-21.52.54-1024x768.jpeg 1024w, https:\/\/wp.ufpel.edu.br\/pollyane\/files\/2023\/11\/WhatsApp-Image-2023-11-10-at-21.52.54-768x576.jpeg 768w, https:\/\/wp.ufpel.edu.br\/pollyane\/files\/2023\/11\/WhatsApp-Image-2023-11-10-at-21.52.54-1536x1152.jpeg 1536w, https:\/\/wp.ufpel.edu.br\/pollyane\/files\/2023\/11\/WhatsApp-Image-2023-11-10-at-21.52.54.jpeg 1600w\" sizes=\"(max-width: 400px) 100vw, 400px\" \/> <img class=\"alignnone size-medium wp-image-98\" src=\"https:\/\/wp.ufpel.edu.br\/pollyane\/files\/2023\/11\/WhatsApp-Image-2023-11-10-at-21.52.56-400x300.jpeg\" alt=\"\" width=\"400\" height=\"300\" srcset=\"https:\/\/wp.ufpel.edu.br\/pollyane\/files\/2023\/11\/WhatsApp-Image-2023-11-10-at-21.52.56-400x300.jpeg 400w, https:\/\/wp.ufpel.edu.br\/pollyane\/files\/2023\/11\/WhatsApp-Image-2023-11-10-at-21.52.56-1024x768.jpeg 1024w, https:\/\/wp.ufpel.edu.br\/pollyane\/files\/2023\/11\/WhatsApp-Image-2023-11-10-at-21.52.56-768x576.jpeg 768w, https:\/\/wp.ufpel.edu.br\/pollyane\/files\/2023\/11\/WhatsApp-Image-2023-11-10-at-21.52.56-1536x1152.jpeg 1536w, https:\/\/wp.ufpel.edu.br\/pollyane\/files\/2023\/11\/WhatsApp-Image-2023-11-10-at-21.52.56.jpeg 1600w\" sizes=\"(max-width: 400px) 100vw, 400px\" \/><\/div>\n<div>Fotos de uma oficina realizada em 2023.<\/div>\n<div><img class=\"alignnone size-medium wp-image-402\" src=\"https:\/\/wp.ufpel.edu.br\/pollyane\/files\/2024\/11\/WhatsApp-Image-2024-11-07-at-16.29.02-400x300.jpeg\" alt=\"\" width=\"400\" height=\"300\" srcset=\"https:\/\/wp.ufpel.edu.br\/pollyane\/files\/2024\/11\/WhatsApp-Image-2024-11-07-at-16.29.02-400x300.jpeg 400w, https:\/\/wp.ufpel.edu.br\/pollyane\/files\/2024\/11\/WhatsApp-Image-2024-11-07-at-16.29.02-1024x768.jpeg 1024w, https:\/\/wp.ufpel.edu.br\/pollyane\/files\/2024\/11\/WhatsApp-Image-2024-11-07-at-16.29.02-768x576.jpeg 768w, https:\/\/wp.ufpel.edu.br\/pollyane\/files\/2024\/11\/WhatsApp-Image-2024-11-07-at-16.29.02-1536x1152.jpeg 1536w, https:\/\/wp.ufpel.edu.br\/pollyane\/files\/2024\/11\/WhatsApp-Image-2024-11-07-at-16.29.02.jpeg 1600w\" sizes=\"(max-width: 400px) 100vw, 400px\" \/><\/div>\n<div>Foto da confraterniza\u00e7\u00e3o com a equipe do Projeto. Novembro\/2024.<\/div>\n","protected":false},"excerpt":{"rendered":"<p>Fa\u00e7o parte da equipe do Projeto de Ensino intitulado &#8220;FERRAMENTAS COMPUTACIONAIS NO ENSINO DA ESTAT\u00cdSTICA&#8221; coordenado pela Profa. Ana Rita de Assump\u00e7\u00e3o Mazzini. RESUMO O momento atual requer dos estudantes e profissionais das diferentes \u00e1reas do conhecimento a capacita\u00e7\u00e3o para o uso de recursos computacionais na organiza\u00e7\u00e3o e an\u00e1lise de dados. Neste contexto a inclus\u00e3o [&hellip;]<\/p>\n","protected":false},"author":1342,"featured_media":0,"parent":0,"menu_order":0,"comment_status":"closed","ping_status":"closed","template":"","meta":{"footnotes":""},"class_list":["post-94","page","type-page","status-publish","hentry"],"jetpack_sharing_enabled":true,"jetpack_likes_enabled":false,"_links":{"self":[{"href":"https:\/\/wp.ufpel.edu.br\/pollyane\/wp-json\/wp\/v2\/pages\/94","targetHints":{"allow":["GET"]}}],"collection":[{"href":"https:\/\/wp.ufpel.edu.br\/pollyane\/wp-json\/wp\/v2\/pages"}],"about":[{"href":"https:\/\/wp.ufpel.edu.br\/pollyane\/wp-json\/wp\/v2\/types\/page"}],"author":[{"embeddable":true,"href":"https:\/\/wp.ufpel.edu.br\/pollyane\/wp-json\/wp\/v2\/users\/1342"}],"replies":[{"embeddable":true,"href":"https:\/\/wp.ufpel.edu.br\/pollyane\/wp-json\/wp\/v2\/comments?post=94"}],"version-history":[{"count":6,"href":"https:\/\/wp.ufpel.edu.br\/pollyane\/wp-json\/wp\/v2\/pages\/94\/revisions"}],"predecessor-version":[{"id":449,"href":"https:\/\/wp.ufpel.edu.br\/pollyane\/wp-json\/wp\/v2\/pages\/94\/revisions\/449"}],"wp:attachment":[{"href":"https:\/\/wp.ufpel.edu.br\/pollyane\/wp-json\/wp\/v2\/media?parent=94"}],"curies":[{"name":"wp","href":"https:\/\/api.w.org\/{rel}","templated":true}]}}