{"id":337,"date":"2024-09-13T11:35:27","date_gmt":"2024-09-13T14:35:27","guid":{"rendered":"https:\/\/wp.ufpel.edu.br\/pollyane\/?page_id=337"},"modified":"2025-12-05T16:14:48","modified_gmt":"2025-12-05T19:14:48","slug":"tcc","status":"publish","type":"page","link":"https:\/\/wp.ufpel.edu.br\/pollyane\/orientacao\/tcc\/","title":{"rendered":"TCC"},"content":{"rendered":"<p>Orienta\u00e7\u00f5es de TCC <strong>2025\/2<\/strong><\/p>\n<ul>\n<li>Victor Cezar Dias Recondo<\/li>\n<\/ul>\n<p>T\u00edtulo: Modelos Lineares Generalizados Aplicados a um Estudo Pluviom\u00e9trico na Cidade de Pelotas, RS<\/p>\n<p>Data da defesa: 10\/12\/2025<\/p>\n<p>Link de acesso ao TCC:<\/p>\n<p>&nbsp;<\/p>\n<p>Orienta\u00e7\u00f5es de TCC <strong>2025\/1<\/strong><\/p>\n<ul>\n<li>Nelitiane Soares dos Santos<\/li>\n<\/ul>\n<p>T\u00edtulo: Probabilidade e Estat\u00edstica nas quest\u00f5es das provas do PAVE da UFPEL: Uma An\u00e1lise Quali-quantitativa Sob a Luz da BNCC<\/p>\n<p>Data da defesa: 15\/08\/2025<\/p>\n<p>Link de acesso ao TCC:<\/p>\n<p>&nbsp;<\/p>\n<ul>\n<li>Vania Escalant Pereira<\/li>\n<\/ul>\n<p>T\u00edtulo: An\u00e1lise Estat\u00edstica dos Indicadores de Fluxo de Ingressantes no Curso de Gradua\u00e7\u00e3o em Matem\u00e1tica das Universidades P\u00fablicas do Rio Grande do Sul<\/p>\n<p>Data da defesa: 19\/08\/2025<\/p>\n<p>Link de acesso ao TCC:<\/p>\n<p>&nbsp;<\/p>\n<ul>\n<li>Cristian Torres Amaral<\/li>\n<\/ul>\n<p>T\u00edtulo: An\u00e1lise do V\u00eddeos de Probabilidade e Estat\u00edstica do Acervo do Festival de V\u00eddeos Digitais e Educa\u00e7\u00e3o Matem\u00e1tica<\/p>\n<p>Data da defesa: 19\/08\/2025<\/p>\n<p>Link de acesso ao TCC:<\/p>\n<p>&nbsp;<\/p>\n","protected":false},"excerpt":{"rendered":"<p>Orienta\u00e7\u00f5es de TCC 2025\/2 Victor Cezar Dias Recondo T\u00edtulo: Modelos Lineares Generalizados Aplicados a um Estudo Pluviom\u00e9trico na Cidade de Pelotas, RS Data da defesa: 10\/12\/2025 Link de acesso ao TCC: &nbsp; Orienta\u00e7\u00f5es de TCC 2025\/1 Nelitiane Soares dos Santos T\u00edtulo: Probabilidade e Estat\u00edstica nas quest\u00f5es das provas do PAVE da UFPEL: Uma An\u00e1lise Quali-quantitativa [&hellip;]<\/p>\n","protected":false},"author":1342,"featured_media":0,"parent":326,"menu_order":0,"comment_status":"closed","ping_status":"closed","template":"","meta":{"footnotes":""},"class_list":["post-337","page","type-page","status-publish","hentry"],"jetpack_sharing_enabled":true,"jetpack_likes_enabled":false,"_links":{"self":[{"href":"https:\/\/wp.ufpel.edu.br\/pollyane\/wp-json\/wp\/v2\/pages\/337","targetHints":{"allow":["GET"]}}],"collection":[{"href":"https:\/\/wp.ufpel.edu.br\/pollyane\/wp-json\/wp\/v2\/pages"}],"about":[{"href":"https:\/\/wp.ufpel.edu.br\/pollyane\/wp-json\/wp\/v2\/types\/page"}],"author":[{"embeddable":true,"href":"https:\/\/wp.ufpel.edu.br\/pollyane\/wp-json\/wp\/v2\/users\/1342"}],"replies":[{"embeddable":true,"href":"https:\/\/wp.ufpel.edu.br\/pollyane\/wp-json\/wp\/v2\/comments?post=337"}],"version-history":[{"count":3,"href":"https:\/\/wp.ufpel.edu.br\/pollyane\/wp-json\/wp\/v2\/pages\/337\/revisions"}],"predecessor-version":[{"id":615,"href":"https:\/\/wp.ufpel.edu.br\/pollyane\/wp-json\/wp\/v2\/pages\/337\/revisions\/615"}],"up":[{"embeddable":true,"href":"https:\/\/wp.ufpel.edu.br\/pollyane\/wp-json\/wp\/v2\/pages\/326"}],"wp:attachment":[{"href":"https:\/\/wp.ufpel.edu.br\/pollyane\/wp-json\/wp\/v2\/media?parent=337"}],"curies":[{"name":"wp","href":"https:\/\/api.w.org\/{rel}","templated":true}]}}