{"id":326,"date":"2024-09-13T11:31:12","date_gmt":"2024-09-13T14:31:12","guid":{"rendered":"https:\/\/wp.ufpel.edu.br\/pollyane\/?page_id=326"},"modified":"2024-09-13T13:52:13","modified_gmt":"2024-09-13T16:52:13","slug":"orientacao","status":"publish","type":"page","link":"https:\/\/wp.ufpel.edu.br\/pollyane\/orientacao\/","title":{"rendered":"ORIENTA\u00c7\u00c3O"},"content":{"rendered":"<p>Nesta se\u00e7\u00e3o apresento os alunos que est\u00e3o sob ou que passaram por minha orienta\u00e7\u00e3o na UFPel.<\/p>\n","protected":false},"excerpt":{"rendered":"<p>Nesta se\u00e7\u00e3o apresento os alunos que est\u00e3o sob ou que passaram por minha orienta\u00e7\u00e3o na UFPel.<\/p>\n","protected":false},"author":1342,"featured_media":0,"parent":0,"menu_order":0,"comment_status":"closed","ping_status":"closed","template":"","meta":{"footnotes":""},"class_list":["post-326","page","type-page","status-publish","hentry"],"jetpack_sharing_enabled":true,"jetpack_likes_enabled":false,"_links":{"self":[{"href":"https:\/\/wp.ufpel.edu.br\/pollyane\/wp-json\/wp\/v2\/pages\/326","targetHints":{"allow":["GET"]}}],"collection":[{"href":"https:\/\/wp.ufpel.edu.br\/pollyane\/wp-json\/wp\/v2\/pages"}],"about":[{"href":"https:\/\/wp.ufpel.edu.br\/pollyane\/wp-json\/wp\/v2\/types\/page"}],"author":[{"embeddable":true,"href":"https:\/\/wp.ufpel.edu.br\/pollyane\/wp-json\/wp\/v2\/users\/1342"}],"replies":[{"embeddable":true,"href":"https:\/\/wp.ufpel.edu.br\/pollyane\/wp-json\/wp\/v2\/comments?post=326"}],"version-history":[{"count":5,"href":"https:\/\/wp.ufpel.edu.br\/pollyane\/wp-json\/wp\/v2\/pages\/326\/revisions"}],"predecessor-version":[{"id":347,"href":"https:\/\/wp.ufpel.edu.br\/pollyane\/wp-json\/wp\/v2\/pages\/326\/revisions\/347"}],"wp:attachment":[{"href":"https:\/\/wp.ufpel.edu.br\/pollyane\/wp-json\/wp\/v2\/media?parent=326"}],"curies":[{"name":"wp","href":"https:\/\/api.w.org\/{rel}","templated":true}]}}