{"id":199,"date":"2023-11-12T15:45:15","date_gmt":"2023-11-12T18:45:15","guid":{"rendered":"https:\/\/wp.ufpel.edu.br\/pollyane\/?page_id=199"},"modified":"2025-06-21T16:21:52","modified_gmt":"2025-06-21T19:21:52","slug":"projeto-de-pesquisa-externo-a-ufpel","status":"publish","type":"page","link":"https:\/\/wp.ufpel.edu.br\/pollyane\/projeto-de-pesquisa-externo-a-ufpel\/","title":{"rendered":"Projeto de Pesquisa externo \u00e0 UFPel"},"content":{"rendered":"<p>T\u00cdTULO: Visualiza\u00e7\u00e3o do processo de ortogonaliza\u00e7\u00e3o de Gram-Schmidt com o aux\u00edlio do software Geogebra<\/p>\n<p>RESUMO: A disciplina de Geometria Anal\u00edtica (GA) pertence ao n\u00facleo b\u00e1sico das disciplinas das ci\u00eancias exatas presente em diversos cursos de gradua\u00e7\u00e3o como Matem\u00e1tica, F\u00edsica, Qu\u00edmica, Engenharias, dentre outros. Comumente, nas universidades do pa\u00eds, esta disciplina possui um alto \u00edndice de reprova\u00e7\u00e3o, reten\u00e7\u00e3o e evas\u00e3o. Diante do exposto, faz-se necess\u00e1ria a melhoria da qualidade do processo de ensino aprendizagem. Neste sentido, este trabalho tem como objetivo a aplica\u00e7\u00e3o de uma sequ\u00eancia did\u00e1tica com vi\u00e9s geom\u00e9trico sobre o conte\u00fado de Bases Ortogonais e o processo de Ortogonaliza\u00e7\u00e3o de Gram-Schmidt com o uso de uma tecnologia digital, software Geogebra, para aux\u00edlio na constru\u00e7\u00e3o matem\u00e1tica e na visualiza\u00e7\u00e3o do conte\u00fado. A aplica\u00e7\u00e3o da atividade proposta na sequ\u00eancia did\u00e1tica ser\u00e1 realizada em uma turma de gradua\u00e7\u00e3o da Universidade Federal do Rec\u00f4ncavo da Bahia que esteja cursando a disciplina de Geometria Anal\u00edtica e consequentemente, teve contato com o conte\u00fado da referida atividade. Os dados obtidos, assim como o feedback dos alunos durante a realiza\u00e7\u00e3o da atividade, ser\u00e3o coletados por meio das notas do professor respons\u00e1vel pela aplica\u00e7\u00e3o. Como resultado, espera-se verificar se a representa\u00e7\u00e3o geom\u00e9trica associada ao uso do software Geogebra mostra-se significativa na aprendizagem do conte\u00fado por parte dos estudantes. Tamb\u00e9m espera-se que esta pesquisa tenha relev\u00e2ncia para a \u00e1rea de conhecimento investigada neste trabalho, servindo de incentivo para novas possibilidades de estudos.<\/p>\n<p>Este projeto foi desenvolvido juntamente com dois docentes da Universidade Federal do Rec\u00f4ncavo da Bahia, Prof. Dr. Givanildo Donizeti de Melo e Profa. Dra. Rogelma Maria da Silva Ferreira, e o artigo produzido est\u00e1 em fase de avalia\u00e7\u00e3o da revista para publica\u00e7\u00e3o.<\/p>\n","protected":false},"excerpt":{"rendered":"<p>T\u00cdTULO: Visualiza\u00e7\u00e3o do processo de ortogonaliza\u00e7\u00e3o de Gram-Schmidt com o aux\u00edlio do software Geogebra RESUMO: A disciplina de Geometria Anal\u00edtica (GA) pertence ao n\u00facleo b\u00e1sico das disciplinas das ci\u00eancias exatas presente em diversos cursos de gradua\u00e7\u00e3o como Matem\u00e1tica, F\u00edsica, Qu\u00edmica, Engenharias, dentre outros. Comumente, nas universidades do pa\u00eds, esta disciplina possui um alto \u00edndice de [&hellip;]<\/p>\n","protected":false},"author":1342,"featured_media":0,"parent":0,"menu_order":0,"comment_status":"closed","ping_status":"closed","template":"","meta":{"footnotes":""},"class_list":["post-199","page","type-page","status-publish","hentry"],"jetpack_sharing_enabled":true,"jetpack_likes_enabled":false,"_links":{"self":[{"href":"https:\/\/wp.ufpel.edu.br\/pollyane\/wp-json\/wp\/v2\/pages\/199","targetHints":{"allow":["GET"]}}],"collection":[{"href":"https:\/\/wp.ufpel.edu.br\/pollyane\/wp-json\/wp\/v2\/pages"}],"about":[{"href":"https:\/\/wp.ufpel.edu.br\/pollyane\/wp-json\/wp\/v2\/types\/page"}],"author":[{"embeddable":true,"href":"https:\/\/wp.ufpel.edu.br\/pollyane\/wp-json\/wp\/v2\/users\/1342"}],"replies":[{"embeddable":true,"href":"https:\/\/wp.ufpel.edu.br\/pollyane\/wp-json\/wp\/v2\/comments?post=199"}],"version-history":[{"count":5,"href":"https:\/\/wp.ufpel.edu.br\/pollyane\/wp-json\/wp\/v2\/pages\/199\/revisions"}],"predecessor-version":[{"id":529,"href":"https:\/\/wp.ufpel.edu.br\/pollyane\/wp-json\/wp\/v2\/pages\/199\/revisions\/529"}],"wp:attachment":[{"href":"https:\/\/wp.ufpel.edu.br\/pollyane\/wp-json\/wp\/v2\/media?parent=199"}],"curies":[{"name":"wp","href":"https:\/\/api.w.org\/{rel}","templated":true}]}}