{"id":124,"date":"2023-11-10T22:10:23","date_gmt":"2023-11-11T01:10:23","guid":{"rendered":"https:\/\/wp.ufpel.edu.br\/pollyane\/?page_id=124"},"modified":"2023-11-12T15:27:13","modified_gmt":"2023-11-12T18:27:13","slug":"bioestatistica","status":"publish","type":"page","link":"https:\/\/wp.ufpel.edu.br\/pollyane\/bioestatistica\/","title":{"rendered":"BIOESTAT\u00cdSTICA"},"content":{"rendered":"<p>EMENTA: Estat\u00edstica descritiva; elementos de probabilidade e de infer\u00eancia estat\u00edstica; base conceitual, m\u00e9todos e aplica\u00e7\u00f5es da Estat\u00edstica em Ci\u00eancia e Tecnologia.<\/p>\n<p>Alunos matriculados nesta disciplina acessem o <a href=\"https:\/\/e-aula.ufpel.edu.br\">e &#8211; AULA<\/a> para consultar o material utilizado nas aulas, bem como listas e atividades propostas.<\/p>\n<p>&nbsp;<\/p>\n","protected":false},"excerpt":{"rendered":"<p>EMENTA: Estat\u00edstica descritiva; elementos de probabilidade e de infer\u00eancia estat\u00edstica; base conceitual, m\u00e9todos e aplica\u00e7\u00f5es da Estat\u00edstica em Ci\u00eancia e Tecnologia. Alunos matriculados nesta disciplina acessem o e &#8211; AULA para consultar o material utilizado nas aulas, bem como listas e atividades propostas. &nbsp;<\/p>\n","protected":false},"author":1342,"featured_media":0,"parent":0,"menu_order":0,"comment_status":"closed","ping_status":"closed","template":"","meta":{"footnotes":""},"class_list":["post-124","page","type-page","status-publish","hentry"],"jetpack_sharing_enabled":true,"jetpack_likes_enabled":false,"_links":{"self":[{"href":"https:\/\/wp.ufpel.edu.br\/pollyane\/wp-json\/wp\/v2\/pages\/124","targetHints":{"allow":["GET"]}}],"collection":[{"href":"https:\/\/wp.ufpel.edu.br\/pollyane\/wp-json\/wp\/v2\/pages"}],"about":[{"href":"https:\/\/wp.ufpel.edu.br\/pollyane\/wp-json\/wp\/v2\/types\/page"}],"author":[{"embeddable":true,"href":"https:\/\/wp.ufpel.edu.br\/pollyane\/wp-json\/wp\/v2\/users\/1342"}],"replies":[{"embeddable":true,"href":"https:\/\/wp.ufpel.edu.br\/pollyane\/wp-json\/wp\/v2\/comments?post=124"}],"version-history":[{"count":2,"href":"https:\/\/wp.ufpel.edu.br\/pollyane\/wp-json\/wp\/v2\/pages\/124\/revisions"}],"predecessor-version":[{"id":188,"href":"https:\/\/wp.ufpel.edu.br\/pollyane\/wp-json\/wp\/v2\/pages\/124\/revisions\/188"}],"wp:attachment":[{"href":"https:\/\/wp.ufpel.edu.br\/pollyane\/wp-json\/wp\/v2\/media?parent=124"}],"curies":[{"name":"wp","href":"https:\/\/api.w.org\/{rel}","templated":true}]}}