{"id":109,"date":"2023-11-10T22:09:25","date_gmt":"2023-11-11T01:09:25","guid":{"rendered":"https:\/\/wp.ufpel.edu.br\/pollyane\/?page_id=109"},"modified":"2023-11-12T15:27:58","modified_gmt":"2023-11-12T18:27:58","slug":"estatistica-basica","status":"publish","type":"page","link":"https:\/\/wp.ufpel.edu.br\/pollyane\/estatistica-basica\/","title":{"rendered":"ESTAT\u00cdSTICA B\u00c1SICA"},"content":{"rendered":"<p>EMENTA: Estat\u00edstica Descritiva, Elementos de Probabilidade e de Infer\u00eancia estat\u00edstica: base conceitual, m\u00e9todos e aplica\u00e7\u00f5es da Estat\u00edstica em Ci\u00eancia e Tecnologia.<\/p>\n<p>Alunos matriculados nesta disciplina acessem o e-AULA para consultar o material utilizado nas aulas, bem como listas e atividades propostas.<\/p>\n<p><a href=\"https:\/\/e-aula.ufpel.edu.br\">e &#8211; AULA<\/a><\/p>\n","protected":false},"excerpt":{"rendered":"<p>EMENTA: Estat\u00edstica Descritiva, Elementos de Probabilidade e de Infer\u00eancia estat\u00edstica: base conceitual, m\u00e9todos e aplica\u00e7\u00f5es da Estat\u00edstica em Ci\u00eancia e Tecnologia. Alunos matriculados nesta disciplina acessem o e-AULA para consultar o material utilizado nas aulas, bem como listas e atividades propostas. e &#8211; AULA<\/p>\n","protected":false},"author":1342,"featured_media":0,"parent":0,"menu_order":0,"comment_status":"closed","ping_status":"closed","template":"","meta":{"footnotes":""},"class_list":["post-109","page","type-page","status-publish","hentry"],"jetpack_sharing_enabled":true,"jetpack_likes_enabled":false,"_links":{"self":[{"href":"https:\/\/wp.ufpel.edu.br\/pollyane\/wp-json\/wp\/v2\/pages\/109","targetHints":{"allow":["GET"]}}],"collection":[{"href":"https:\/\/wp.ufpel.edu.br\/pollyane\/wp-json\/wp\/v2\/pages"}],"about":[{"href":"https:\/\/wp.ufpel.edu.br\/pollyane\/wp-json\/wp\/v2\/types\/page"}],"author":[{"embeddable":true,"href":"https:\/\/wp.ufpel.edu.br\/pollyane\/wp-json\/wp\/v2\/users\/1342"}],"replies":[{"embeddable":true,"href":"https:\/\/wp.ufpel.edu.br\/pollyane\/wp-json\/wp\/v2\/comments?post=109"}],"version-history":[{"count":4,"href":"https:\/\/wp.ufpel.edu.br\/pollyane\/wp-json\/wp\/v2\/pages\/109\/revisions"}],"predecessor-version":[{"id":189,"href":"https:\/\/wp.ufpel.edu.br\/pollyane\/wp-json\/wp\/v2\/pages\/109\/revisions\/189"}],"wp:attachment":[{"href":"https:\/\/wp.ufpel.edu.br\/pollyane\/wp-json\/wp\/v2\/media?parent=109"}],"curies":[{"name":"wp","href":"https:\/\/api.w.org\/{rel}","templated":true}]}}