{"id":27,"date":"2024-08-15T15:36:27","date_gmt":"2024-08-15T18:36:27","guid":{"rendered":"https:\/\/wp.ufpel.edu.br\/politicaexterna\/?page_id=27"},"modified":"2025-09-18T16:53:00","modified_gmt":"2025-09-18T19:53:00","slug":"equipe","status":"publish","type":"page","link":"https:\/\/wp.ufpel.edu.br\/politicaexterna\/equipe\/","title":{"rendered":"EQUIPE"},"content":{"rendered":"<p><strong>Coordena\u00e7\u00e3o<\/strong><\/p>\n<p>DRA. FERNANDA DE MOURA FERNANDES<\/p>\n<p>Professora Associada do Curso de Rela\u00e7\u00f5es Internacionais<\/p>\n<p>Contato: fernandes.fernanda@ufpel.edu.br \/ pexdebate@gmail.com<\/p>\n<p><a href=\"https:\/\/institucional.ufpel.edu.br\/servidores\/id\/140992\">https:\/\/institucional.ufpel.edu.br\/servidores\/id\/140992<\/a><\/p>\n<p>&nbsp;<\/p>\n<p><strong>Discentes colaboradores<\/strong><\/p>\n<p>CARLOS HENRIQUE CRESPO NUNES &#8211; Graduando em Rela\u00e7\u00f5es Internacionais<\/p>\n<p>EDUARDO GRECCO CORREA- Graduando em Rela\u00e7\u00f5es Internacionais<\/p>\n<p>PAULA GEORDANA HAHN- Graduanda em Rela\u00e7\u00f5es Internacionais<\/p>\n<p>TIAGO TADIOTTO KUHN- Graduando em Rela\u00e7\u00f5es Internacionais<\/p>\n<p>LAV\u00cdNIA KUKUL &#8211; Graduanda em Rela\u00e7\u00f5es Internacionais<\/p>\n<p>J\u00daLIA MARTINEZ- Graduanda em Rela\u00e7\u00f5es Internacionais<\/p>\n<p>MATEUS KAWABE &#8211; Graduando em Rela\u00e7\u00f5es Internacionais<\/p>\n<p>&nbsp;<\/p>\n<p><strong>Ex-colaboradores<\/strong><\/p>\n<p>ANNA CAROLINA ESPINOZA GULARTE &#8211; Egressa em Rela\u00e7\u00f5es Internacionais<\/p>\n<p>J\u00c9SSICA SCHUG &#8211; Graduanda em Rela\u00e7\u00f5es Internacionais<\/p>\n","protected":false},"excerpt":{"rendered":"<p>Coordena\u00e7\u00e3o DRA. FERNANDA DE MOURA FERNANDES Professora Associada do Curso de Rela\u00e7\u00f5es Internacionais Contato: fernandes.fernanda@ufpel.edu.br \/ pexdebate@gmail.com https:\/\/institucional.ufpel.edu.br\/servidores\/id\/140992 &nbsp; Discentes colaboradores CARLOS HENRIQUE CRESPO NUNES &#8211; Graduando em Rela\u00e7\u00f5es Internacionais EDUARDO GRECCO CORREA- Graduando em Rela\u00e7\u00f5es Internacionais PAULA GEORDANA HAHN- Graduanda em Rela\u00e7\u00f5es Internacionais TIAGO TADIOTTO KUHN- Graduando em Rela\u00e7\u00f5es Internacionais LAV\u00cdNIA KUKUL &#8211; Graduanda [&hellip;]<\/p>\n","protected":false},"author":1380,"featured_media":0,"parent":0,"menu_order":0,"comment_status":"closed","ping_status":"closed","template":"","meta":{"footnotes":""},"class_list":["post-27","page","type-page","status-publish","hentry"],"_links":{"self":[{"href":"https:\/\/wp.ufpel.edu.br\/politicaexterna\/wp-json\/wp\/v2\/pages\/27","targetHints":{"allow":["GET"]}}],"collection":[{"href":"https:\/\/wp.ufpel.edu.br\/politicaexterna\/wp-json\/wp\/v2\/pages"}],"about":[{"href":"https:\/\/wp.ufpel.edu.br\/politicaexterna\/wp-json\/wp\/v2\/types\/page"}],"author":[{"embeddable":true,"href":"https:\/\/wp.ufpel.edu.br\/politicaexterna\/wp-json\/wp\/v2\/users\/1380"}],"replies":[{"embeddable":true,"href":"https:\/\/wp.ufpel.edu.br\/politicaexterna\/wp-json\/wp\/v2\/comments?post=27"}],"version-history":[{"count":4,"href":"https:\/\/wp.ufpel.edu.br\/politicaexterna\/wp-json\/wp\/v2\/pages\/27\/revisions"}],"predecessor-version":[{"id":309,"href":"https:\/\/wp.ufpel.edu.br\/politicaexterna\/wp-json\/wp\/v2\/pages\/27\/revisions\/309"}],"wp:attachment":[{"href":"https:\/\/wp.ufpel.edu.br\/politicaexterna\/wp-json\/wp\/v2\/media?parent=27"}],"curies":[{"name":"wp","href":"https:\/\/api.w.org\/{rel}","templated":true}]}}