{"id":171,"date":"2025-02-14T18:11:28","date_gmt":"2025-02-14T21:11:28","guid":{"rendered":"https:\/\/wp.ufpel.edu.br\/politicaexterna\/?page_id=171"},"modified":"2025-04-29T16:38:27","modified_gmt":"2025-04-29T19:38:27","slug":"producoes","status":"publish","type":"page","link":"https:\/\/wp.ufpel.edu.br\/politicaexterna\/producoes\/","title":{"rendered":"PUBLICA\u00c7\u00d5ES"},"content":{"rendered":"<h2 style=\"text-align: center;\">Apresenta\u00e7\u00e3o de Trabalho, Resumo e P\u00f4ster<\/h2>\n<p><strong><span class=\"transform\">7\u00ba Semin\u00e1rio de Gradua\u00e7\u00e3o e P\u00f3s-Gradua\u00e7\u00e3o em Rela\u00e7\u00f5es Internacionais da ABRI (2024)<\/span><\/strong><\/p>\n<div class=\"layout-cell layout-cell-11\"><a href=\"https:\/\/wp.ufpel.edu.br\/politicaexterna\/producoes\/poster-ic-abri\/\" rel=\"attachment wp-att-212\">FERNANDES, F. M.; CORDEIRO, B. S. ; FRANCYS, L. ; FIRME, G. V. F. .Tend\u00eancias da produ\u00e7\u00e3o cient\u00edfica em An\u00e1lise de Pol\u00edtica Externa Brasileira nos Encontros Nacionais da ABRI. P\u00f4ster, Mostra de Inicia\u00e7\u00e3o Cient\u00edfica (IC), Porto Alegre, 2024.\u00a0<\/a><\/div>\n<p><img class=\"\" src=\"https:\/\/wp.ufpel.edu.br\/ri\/files\/2024\/12\/WhatsApp-Image-2024-12-12-at-10.56.37-AM-400x225.jpeg\" width=\"459\" height=\"258\" \/><\/p>\n<p>Na foto, da esquerda para a direita: Profa. Silvana Schimanski, Maria Antonia Amaral Leripio, Geovana Vieira de Queiroz, Gabriela von Fr\u00fchauf Firme, Caio Fernando da Silva, Lucas Mota Ferreira, Nataniele Paim Schmutz, Beatriz da Silva Cordeiro e Leonardo Francys Prates. Fonte: Bacharelado em Rela\u00e7\u00f5es Internacionais UFPel. Dispon\u00edvel em: https:\/\/wp.ufpel.edu.br\/ri\/2024\/12\/15\/o-curso-de-ri-presente-no-7o-seminario-da-abri\/.<\/p>\n<p>&nbsp;<\/p>\n<p><strong>10\u00aa SIIEPE UFPel (2024)<\/strong><\/p>\n<p>&nbsp;<\/p>\n<p><strong>XXXIII Congresso de Inicia\u00e7\u00e3o Cient\u00edfica (CIC)<\/strong><\/p>\n<p><a href=\"https:\/\/cti.ufpel.edu.br\/siiepe\/arquivos\/2024\/CH_05464.pdf\">CORDEIRO, B. S. ; FRANCYS, L. ; FIRME, G. V. F. ;\u00a0FERNANDES, F. M.\u00a0. Agenda de pesquisa em pol\u00edtica externa brasileira nos trabalhos da ABRI. In: 10\u00aa Semana Integrada de Inova\u00e7\u00e3o, Pesquisa, Ensino e Extens\u00e3o, 2024, Pelotas. Anais do XXXIII CIC. Pelotas: UFPel, 2024.<\/a><\/p>\n<p><a href=\"https:\/\/cti.ufpel.edu.br\/siepe\/arquivos\/2024\/CH_04606.pdf\" target=\"_blank\" rel=\"noopener\">GULARTE, A. C. ; FERNANDES, F. M. . A rela\u00e7\u00e3o entre m\u00eddia e pol\u00edtica externa nas Rela\u00e7\u00f5es Internacionais: diferentes abordagens. In: 10\u00aa Semana Integrada de Inova\u00e7\u00e3o, Pesquisa, Ensino e Extens\u00e3o, 2024, Pelotas. Anais do XXXIII CIC. Pelotas: UFPel, 2024.<\/a><\/p>\n<p><a href=\"https:\/\/cti.ufpel.edu.br\/siepe\/arquivos\/2024\/CH_03740.pdf\">CORREA, E. G. ; FERNANDES, F. M. . Fake news e pol\u00edtica externa nas rela\u00e7\u00f5es internacionais contempor\u00e2neas. In: 10\u00aa Semana Integrada de Inova\u00e7\u00e3o, Pesquisa, Ensino e Extens\u00e3o, 2024, Pelotas. Anais do XXXIII CIC. Pelotas: UFPel, 2024.<\/a><\/p>\n<p><strong>X Congresso de Ensino de Gradua\u00e7\u00e3o (CEG)<\/strong><\/p>\n<p><a href=\"https:\/\/cti.ufpel.edu.br\/siepe\/arquivos\/2024\/G3_04963.pdf\">KUHN, T. T. ; FERNANDES, F. M. . Agenda externa nas elei\u00e7\u00f5es municipais do Rio Grande do Sul. In: 10\u00aa Semana Integrada de Inova\u00e7\u00e3o, Pesquisa, Ensino e Extens\u00e3o, 2024, Pelotas. Anais do X CEG. Pelotas: UFPel, 2024.<\/a><\/p>\n<p><a href=\"https:\/\/cti.ufpel.edu.br\/siepe\/arquivos\/2024\/G5_03801.pdf\">HAHN, P. ; FERNANDES, F. M. . Vamos falar de pol\u00edtica externa? Relatos de um Grupo de estudos do curso de Rela\u00e7\u00f5es Internacionais. In: 10\u00aa Semana Integrada de Inova\u00e7\u00e3o, Pesquisa, Ensino e Extens\u00e3o, 2024, Pelotas. Anais do X CEG. Pelotas: UFPel, 2024.<\/a><\/p>\n<p><a href=\"https:\/\/wp.ufpel.edu.br\/politicaexterna\/producoes\/siiepe-2024-2\/\" rel=\"attachment wp-att-194\"><img class=\"alignnone wp-image-194\" src=\"https:\/\/wp.ufpel.edu.br\/politicaexterna\/files\/2025\/03\/SIIEPE-2024-1.png\" alt=\"\" width=\"467\" height=\"522\" srcset=\"https:\/\/wp.ufpel.edu.br\/politicaexterna\/files\/2025\/03\/SIIEPE-2024-1.png 791w, https:\/\/wp.ufpel.edu.br\/politicaexterna\/files\/2025\/03\/SIIEPE-2024-1-358x400.png 358w, https:\/\/wp.ufpel.edu.br\/politicaexterna\/files\/2025\/03\/SIIEPE-2024-1-768x859.png 768w\" sizes=\"(max-width: 467px) 100vw, 467px\" \/><\/a><\/p>\n","protected":false},"excerpt":{"rendered":"<p>Apresenta\u00e7\u00e3o de Trabalho, Resumo e P\u00f4ster 7\u00ba Semin\u00e1rio de Gradua\u00e7\u00e3o e P\u00f3s-Gradua\u00e7\u00e3o em Rela\u00e7\u00f5es Internacionais da ABRI (2024) FERNANDES, F. M.; CORDEIRO, B. S. ; FRANCYS, L. ; FIRME, G. V. F. .Tend\u00eancias da produ\u00e7\u00e3o cient\u00edfica em An\u00e1lise de Pol\u00edtica Externa Brasileira nos Encontros Nacionais da ABRI. P\u00f4ster, Mostra de Inicia\u00e7\u00e3o Cient\u00edfica (IC), Porto Alegre, [&hellip;]<\/p>\n","protected":false},"author":1380,"featured_media":0,"parent":0,"menu_order":0,"comment_status":"closed","ping_status":"closed","template":"","meta":{"footnotes":""},"class_list":["post-171","page","type-page","status-publish","hentry"],"_links":{"self":[{"href":"https:\/\/wp.ufpel.edu.br\/politicaexterna\/wp-json\/wp\/v2\/pages\/171","targetHints":{"allow":["GET"]}}],"collection":[{"href":"https:\/\/wp.ufpel.edu.br\/politicaexterna\/wp-json\/wp\/v2\/pages"}],"about":[{"href":"https:\/\/wp.ufpel.edu.br\/politicaexterna\/wp-json\/wp\/v2\/types\/page"}],"author":[{"embeddable":true,"href":"https:\/\/wp.ufpel.edu.br\/politicaexterna\/wp-json\/wp\/v2\/users\/1380"}],"replies":[{"embeddable":true,"href":"https:\/\/wp.ufpel.edu.br\/politicaexterna\/wp-json\/wp\/v2\/comments?post=171"}],"version-history":[{"count":17,"href":"https:\/\/wp.ufpel.edu.br\/politicaexterna\/wp-json\/wp\/v2\/pages\/171\/revisions"}],"predecessor-version":[{"id":220,"href":"https:\/\/wp.ufpel.edu.br\/politicaexterna\/wp-json\/wp\/v2\/pages\/171\/revisions\/220"}],"wp:attachment":[{"href":"https:\/\/wp.ufpel.edu.br\/politicaexterna\/wp-json\/wp\/v2\/media?parent=171"}],"curies":[{"name":"wp","href":"https:\/\/api.w.org\/{rel}","templated":true}]}}