{"id":7076,"date":"2025-12-09T12:00:00","date_gmt":"2025-12-09T15:00:00","guid":{"rendered":"https:\/\/wp.ufpel.edu.br\/poiema\/?page_id=7076"},"modified":"2025-12-09T12:17:01","modified_gmt":"2025-12-09T15:17:01","slug":"jaime-i-de-aragao-1208-1276-notas-sobre-um-conquistador","status":"publish","type":"page","link":"https:\/\/wp.ufpel.edu.br\/poiema\/jaime-i-de-aragao-1208-1276-notas-sobre-um-conquistador\/","title":{"rendered":"Jaime I de Arag\u00e3o (1208-1276): Notas sobre um conquistador"},"content":{"rendered":"\n<p style=\"text-align: right;\">Lucas Augusto T. da Silva<a href=\"#_ftn1\" id=\"_ftnref1\">[1]<\/a><\/p>\n\n\n\n<p style=\"text-align: justify; text-indent: 2.5rem; padding: 0 1rem;\">Jaime I, conhecido pelo ep\u00edteto de \u201co Conquistador\u201d, ascendeu ao trono da ent\u00e3o denominada Coroa de Arag\u00e3o<a href=\"#_ftn2\" id=\"_ftnref2\">[2]<\/a> quando tinha apenas seis anos de idade e viria a consolidar-se como uma das figuras mais marcantes e com grande influ\u00eancia na conjuntura pol\u00edtica ib\u00e9rica medieval do s\u00e9culo XIII.<\/p>\n\n\n\n<p style=\"text-align: center; font-size: 10pt;\">Figura 1 \u2013 Coroa de Arag\u00e3o na Pen\u00ednsula Ib\u00e9rica (s\u00e9c. XIII)<\/p>\n\n\n<div class=\"wp-block-image\">\n<figure class=\"aligncenter size-full\"><img loading=\"lazy\" decoding=\"async\" width=\"664\" height=\"548\" src=\"https:\/\/wp.ufpel.edu.br\/poiema\/files\/2025\/12\/image.png\" alt=\"\" class=\"wp-image-7078\" srcset=\"https:\/\/wp.ufpel.edu.br\/poiema\/files\/2025\/12\/image.png 664w, https:\/\/wp.ufpel.edu.br\/poiema\/files\/2025\/12\/image-400x330.png 400w\" sizes=\"auto, (max-width: 664px) 100vw, 664px\" \/><\/figure>\n<\/div>\n\n\n<p style=\"text-align: center; font-size: 10pt;\">Fonte: adaptado de FAT\u00c1S (2014, p. 113)<\/p>\n\n\n\n<p style=\"text-align: justify; text-indent: 2.5rem; padding: 0 1rem;\">Com um reinado longo, iniciado logo ap\u00f3s a morte de seu pai, Pedro II, na Batalha de Muret, em 1213, epis\u00f3dio inserido no contexto da Cruzada Albigense no Languedoc, Jaime I teve sua inf\u00e2ncia e parte da adolesc\u00eancia sob os cuidados e educa\u00e7\u00e3o da Ordem do Templo em Arag\u00e3o. Nesse \u00ednterim, a Coroa de Arag\u00e3o ingressou em um per\u00edodo de reg\u00eancia, conduzido por seu tio-av\u00f4, o conde Sancho Raimundo, que assumiu a responsabilidade de preservar a estabilidade pol\u00edtica e garantir a continuidade da Coroa at\u00e9 que o jovem monarca atingisse a idade necess\u00e1ria para governar.<\/p>\n\n\n\n<p style=\"text-align: justify; text-indent: 2.5rem; padding: 0 1rem;\">A reg\u00eancia do conde Sancho teve como principal marca um cen\u00e1rio de insatisfa\u00e7\u00e3o entre a alta nobreza, os chamados ricos-homens. Esses nobres procuravam ampliar seus benef\u00edcios fiscais e econ\u00f4micos, al\u00e9m de assegurar a concess\u00e3o de honras e privil\u00e9gios particulares do estrato aristocr\u00e1tico ao qual pertenciam (UTRILLA UTRILLA, 2009).<\/p>\n\n\n\n<p style=\"text-align: justify; text-indent: 2.5rem; padding: 0 1rem;\">Considerando a diversidade territorial que compunha a Coroa de Arag\u00e3o, n\u00e3o causa surpresa a exist\u00eancia de particularidades pol\u00edticas, econ\u00f4micas e sociais que norteavam os interesses dos diferentes n\u00facleos nobili\u00e1rquicos da Coroa. Assim, enquanto o Reino de Arag\u00e3o apresentava uma estrutura essencialmente feudal e agr\u00e1ria, o que fazia com que os interesses de sua nobreza se voltassem prioritariamente para o \u00e2mbito peninsular, a Catalunha, por sua vez, possu\u00eda uma sociedade mais urbanizada e sustentada por uma base burguesa e mercantil (SARASA S\u00c1NCHEZ, 2001) que compelia os interesses da nobreza catal\u00e3 para o espa\u00e7o mediterr\u00e2nico.<\/p>\n\n\n\n<p style=\"text-align: justify; text-indent: 2.5rem; padding: 0 1rem;\">Essa diverg\u00eancia de interesses entre a nobreza catal\u00e3 e a aragonesa representou um desafio significativo para a a\u00e7\u00e3o da monarquia, especialmente no que se refere \u00e0 manuten\u00e7\u00e3o de um equil\u00edbrio nas rela\u00e7\u00f5es sociopol\u00edticas com tais n\u00facleos nobili\u00e1rquicos. O resultado foi a forma\u00e7\u00e3o de um ambiente de tens\u00e3o e instabilidade pol\u00edtica que n\u00e3o apenas se prolongou durante a reg\u00eancia do conde Sancho, mas tamb\u00e9m se estendeu ao in\u00edcio do reinado pleno de Jaime I, a partir de 1218. Esse per\u00edodo foi marcado por revoltas e conflitos nobili\u00e1rquicos de grande amplitude, que desafiaram a autoridade real e amea\u00e7aram a coes\u00e3o da Coroa. Somente com a imposi\u00e7\u00e3o do Tratado de Alcal\u00e1, em 1227, Jaime I teve \u00eaxito em conter as insurrei\u00e7\u00f5es e restabelecer, ainda que temporariamente, o equil\u00edbrio da ordem pol\u00edtica sobre os dom\u00ednios da Coroa de Arag\u00e3o.<\/p>\n\n\n\n<p style=\"text-align: justify; text-indent: 2.5rem; padding: 0 1rem;\">Com a estabilidade pol\u00edtica interna momentaneamente restaurada, Jaime I p\u00f4de retomar a pol\u00edtica externa expansionista da Coroa de Arag\u00e3o, interrompida desde a derrota de seu pai na Cruzada Albigense. Iniciava-se, assim, o per\u00edodo de seu reinado que denominamos como a Era das Conquistas (SILVA, 2024), fase em que o monarca orientou sua atua\u00e7\u00e3o para a amplia\u00e7\u00e3o territorial e o fortalecimento do poder r\u00e9gio. Nesse contexto, Jaime I concentrou seus esfor\u00e7os em empreender campanhas militares contra os territ\u00f3rios isl\u00e2micos ainda existentes na Pen\u00ednsula Ib\u00e9rica, integrando a Coroa ao amplo movimento de Reconquista. Al\u00e9m de buscar ganhos pol\u00edticos e econ\u00f4micos, tais campanhas tamb\u00e9m tinham o prop\u00f3sito estrat\u00e9gico de unificar os diversos setores da sociedade aragonesa e catal\u00e3 em torno de uma causa comum: a luta contra o inimigo mu\u00e7ulmano, o que contribu\u00eda para redirecionar as tens\u00f5es internas e consolidar a autoridade real.<\/p>\n\n\n\n<p style=\"text-align: justify; text-indent: 2.5rem; padding: 0 1rem;\">Em 1229, o rei lan\u00e7ou a expedi\u00e7\u00e3o militar contra a ilha de Maiorca, a qual representou mais do que uma simples incorpora\u00e7\u00e3o territorial aos dom\u00ednios da Coroa de Arag\u00e3o ou o marco inicial da pol\u00edtica de expans\u00e3o mediterr\u00e2nica catalano-aragonesa, a campanha militar maiorquina conduzida por Jaime I significou uma oportunidade decisiva para o fortalecimento de sua autoridade pol\u00edtica. Esse empreendimento, considerado o primeiro grande \u00eaxito militar de seu reinado, permitiu ao monarca reconfigurar o equil\u00edbrio de for\u00e7as nas rela\u00e7\u00f5es com a nobreza catal\u00e3, um segmento cujo apoio e coopera\u00e7\u00e3o eram essenciais para assegurar a estabilidade e a governabilidade da Coroa. Dessa forma, a conquista de Maiorca n\u00e3o apenas ampliou o territ\u00f3rio e a influ\u00eancia aragonesa, mas tamb\u00e9m consolidou a legitimidade e o prest\u00edgio r\u00e9gio no contexto das complexas din\u00e2micas de poder internas.<\/p>\n\n\n\n<p style=\"text-align: justify; text-indent: 2.5rem; padding: 0 1rem;\">O sucesso em Maiorca deu novo \u00edmpeto \u00e0 pol\u00edtica expansionista e, entre 1232 e 1245, Jaime empreendeu a conquista do reino mu\u00e7ulmano de Val\u00eancia. Essa campanha, mais longa e complexa que a anterior, envolveu longos cercos, tratados e reorganiza\u00e7\u00f5es administrativas que, ap\u00f3s a queda da capital em 1238, resultou na incorpora\u00e7\u00e3o de Val\u00eancia como um novo reino aos dom\u00ednios da Coroa, contrariando os interesses dos ricos-homens aragoneses que almejavam \u201c[&#8230;] anexar as terras valencianas ao Reino de Arag\u00e3o\u201d (SILVA, 2024, p. 84), resultando no distanciamento desse n\u00facleo nobili\u00e1rquico nas rela\u00e7\u00f5es com o rei (SESMA MU\u00d1OZ, 1980).<\/p>\n\n\n\n<p style=\"text-align: justify; text-indent: 2.5rem; padding: 0 1rem;\">Em s\u00edntese, a decis\u00e3o do rei de criar um novo reino em vez de incorpor\u00e1-lo diretamente ao territ\u00f3rio de Arag\u00e3o, ap\u00f3s a conquista de Val\u00eancia, reavivou as antigas tens\u00f5es nobili\u00e1rquicas que j\u00e1 haviam marcado os primeiros anos de seu reinado. Essa instabilidade pol\u00edtica foi ampliada pela forma como Jaime I distribuiu os dom\u00ednios da Coroa entre seus herdeiros por meio de uma s\u00e9rie de testamentos ao longo das d\u00e9cadas seguintes que \u201c[&#8230;] contribuyeron a aumentar el descontento pol\u00edtico tanto de aragoneses como de catalanes [&#8230;]\u201d (RODRIGO ESTEVAN, 2009, p.87) perpetuando a tens\u00e3o nas rela\u00e7\u00f5es entre o monarca e a nobreza at\u00e9 os \u00faltimos dias de sua vida.<\/p>\n\n\n\n<p style=\"text-align: justify; text-indent: 2.5rem; padding: 0 1rem;\">Jaime I morreu no ano de 1276, em Val\u00eancia, encerrando um reinado longo e complexo. Sua morte marcou o encerramento de uma era de expans\u00e3o e o in\u00edcio de um novo momento em que a Coroa teria de lidar com os efeitos da pr\u00f3pria grandeza. O legado que deixou foi amb\u00edguo: de um lado, um amplo e consolidado dom\u00ednio territorial; de outro, as sementes de divis\u00f5es internas que acompanhariam a trajet\u00f3ria pol\u00edtica da Coroa de Arag\u00e3o no s\u00e9culo seguinte.<\/p>\n\n\n\n<p style=\"text-align: justify; text-indent: 2.5rem; padding: 0 1rem;\"><strong>Refer\u00eancias<\/strong><\/p>\n\n\n\n<p style=\"text-align: justify; text-indent: 2.5rem; padding: 0 1rem;\">FAT\u00c1S, Guillermo. <strong>Prontuario aragon\u00e9s del Reino y la Corona de Arag\u00f3n<\/strong>. Espanha: Cortes de Arag\u00f3n Parlamento, 2014.<\/p>\n\n\n\n<p style=\"text-align: justify; text-indent: 2.5rem; padding: 0 1rem;\">RODRIGO ESTEVAN, Mar\u00eda L. Los testamentos de Jaime I: repartos territoriales y turbulencias pol\u00edticas. <strong>Cuadernos<\/strong>, Monz\u00f3n, n. 35, p. 61-90, 2009. Dispon\u00edvel em: &lt;<a href=\"https:\/\/www.academia.edu\/3040304\/Los_testamentos_de_Jaime_I_de_Arag%C3%B3n_Repartos_territoriales_y_turbulencias_pol%C3%ADticas_2009_\">https:\/\/www.academia.edu\/3040304\/Los_testamentos_de_Jaime_I_de_Arag%C3%B3n_Repartos_territoriales_y_turbulencias_pol%C3%ADticas_2009_<\/a>&gt;. Acesso em: 4 nov. 2025.<\/p>\n\n\n\n<p style=\"text-align: justify; text-indent: 2.5rem; padding: 0 1rem;\">SARASA S\u00c1NCHEZ, Esteban. <strong>La Corona de Arag\u00f3n en la Edad Media<\/strong>. Zaragoza: Caja de Ahorros de la Inmaculada de Arag\u00f3n, 2001.<\/p>\n\n\n\n<p style=\"text-align: justify; text-indent: 2.5rem; padding: 0 1rem;\">SESMA MU\u00d1OZ, Jos\u00e9 \u00c1ngel. Arag\u00f3n Medieval. In: CANNELAS L\u00d3PEZ, \u00c1ngel. <strong>Arag\u00f3n en su Historia<\/strong>. Espanha: Caja de Ahorros de la Inmaculada de Arag\u00f3n, 1980, p. 108-188.<\/p>\n\n\n\n<p style=\"text-align: justify; text-indent: 2.5rem; padding: 0 1rem;\">SILVA, Lucas Augusto Tavares. <strong>Jaime I o Conquistador e as rela\u00e7\u00f5es sociopol\u00edticas na Coroa de Arag\u00e3o (1208-1276)<\/strong>. 2024. 129 p. Tese (Doutorado em Hist\u00f3ria) \u2013 Setor de Ci\u00eancias Humanas, Universidade Federal do Paran\u00e1, Programa de P\u00f3s-Gradua\u00e7\u00e3o em Hist\u00f3ria, Curitiba, p. 48. Dispon\u00edvel em: &lt;<a href=\"https:\/\/acervodigital.ufpr.br\/xmlui\/handle\/1884\/87631\">https:\/\/acervodigital.ufpr.br\/xmlui\/handle\/1884\/87631<\/a>&gt;. Acesso em: 5 nov. 2025.<\/p>\n\n\n\n<hr class=\"wp-block-separator has-alpha-channel-opacity\"\/>\n\n\n\n<p style=\"text-align: justify; text-indent: 2.5rem; padding: 0 1rem;\"><a href=\"#_ftnref1\" id=\"_ftn1\">[1]<\/a> Doutor em Hist\u00f3ria pelo Programa de P\u00f3s-Gradua\u00e7\u00e3o em Hist\u00f3ria da Universidade Federal do Paran\u00e1 (PPGHIS\/UFPR). Pesquisador associado ao N\u00facleo de Estudos Mediterr\u00e2nicos (NEMED\/UFPR). (<a href=\"mailto:lucasatds.augusto@gmail.com\">lucasatds.augusto@gmail.com<\/a>). <a href=\"http:\/\/lattes.cnpq.br\/9164122901944549\">http:\/\/lattes.cnpq.br\/9164122901944549<\/a>.<\/p>\n\n\n\n<p style=\"text-align: justify; text-indent: 2.5rem; padding: 0 1rem;\"><a href=\"#_ftnref2\" id=\"_ftn2\">[2]<\/a> \u201c[&#8230;] el conjunto de reinos, condados, se\u00f1or\u00edos y dominios gobernados por la soberan\u00eda del rey de Arag\u00f3n\u201d (SARASA S\u00c1NCHEZ, 2001, p. 5).<\/p>\n\n\n\n\n\n\n\n<div class=\"citationSection\">\n<p style=\"text-align: center;\"><em>Publicado em 08 de Dezembro de 2025.<\/em><\/p>\n<p style=\"text-align: justify;\"><strong>Como citar:<\/strong> SILVA, Lucas Augusto T. Jaime I de Arag\u00e3o (1208-1276): Notas sobre um conquistador <strong>Blog do POIEMA<\/strong>. Pelotas: 08 de dez. 2025. Dispon\u00edvel em: <a href=\"https:\/\/wp.ufpel.edu.br\/poiema\/jaime-i-de-aragao-1208-1276-notas-sobre-um-conquistador\">https:\/\/wp.ufpel.edu.br\/poiema\/jaime-i-de-aragao-1208-1276-notas-sobre-um-conquistador<\/a> Acesso em: data em que voc\u00ea acessou o artigo.<\/p>\n<\/div>\n","protected":false},"excerpt":{"rendered":"<p>Lucas Augusto T. da Silva[1] Jaime I, conhecido pelo ep\u00edteto de \u201co Conquistador\u201d, ascendeu ao trono da ent\u00e3o denominada Coroa de Arag\u00e3o[2] quando tinha apenas seis anos de idade e viria a consolidar-se como uma das figuras mais marcantes e com grande influ\u00eancia na conjuntura pol\u00edtica ib\u00e9rica medieval do s\u00e9culo XIII. Figura 1 \u2013 Coroa &hellip; <\/p>\n<p><a class=\"more-link btn\" href=\"https:\/\/wp.ufpel.edu.br\/poiema\/jaime-i-de-aragao-1208-1276-notas-sobre-um-conquistador\/\">Continue lendo<\/a><\/p>\n","protected":false},"author":1170,"featured_media":0,"parent":0,"menu_order":0,"comment_status":"closed","ping_status":"closed","template":"","meta":{"footnotes":""},"class_list":["post-7076","page","type-page","status-publish","hentry","nodate","item-wrap"],"yoast_head":"<!-- This site is optimized with the Yoast SEO plugin v26.7 - https:\/\/yoast.com\/wordpress\/plugins\/seo\/ -->\n<title>Jaime I de Arag\u00e3o (1208-1276): Notas sobre um conquistador - POIEMA<\/title>\n<meta name=\"robots\" content=\"index, follow, max-snippet:-1, max-image-preview:large, max-video-preview:-1\" \/>\n<link rel=\"canonical\" href=\"https:\/\/wp.ufpel.edu.br\/poiema\/jaime-i-de-aragao-1208-1276-notas-sobre-um-conquistador\/\" \/>\n<meta property=\"og:locale\" content=\"pt_BR\" \/>\n<meta property=\"og:type\" content=\"article\" \/>\n<meta property=\"og:title\" content=\"Jaime I de Arag\u00e3o (1208-1276): Notas sobre um conquistador - POIEMA\" \/>\n<meta property=\"og:description\" content=\"Lucas Augusto T. da Silva[1] Jaime I, conhecido pelo ep\u00edteto de \u201co Conquistador\u201d, ascendeu ao trono da ent\u00e3o denominada Coroa de Arag\u00e3o[2] quando tinha apenas seis anos de idade e viria a consolidar-se como uma das figuras mais marcantes e com grande influ\u00eancia na conjuntura pol\u00edtica ib\u00e9rica medieval do s\u00e9culo XIII. Figura 1 \u2013 Coroa &hellip; Continue lendo\" \/>\n<meta property=\"og:url\" content=\"https:\/\/wp.ufpel.edu.br\/poiema\/jaime-i-de-aragao-1208-1276-notas-sobre-um-conquistador\/\" \/>\n<meta property=\"og:site_name\" content=\"POIEMA\" \/>\n<meta property=\"article:modified_time\" content=\"2025-12-09T15:17:01+00:00\" \/>\n<meta property=\"og:image\" content=\"https:\/\/wp.ufpel.edu.br\/poiema\/files\/2025\/12\/image.png\" \/>\n\t<meta property=\"og:image:width\" content=\"664\" \/>\n\t<meta property=\"og:image:height\" content=\"548\" \/>\n\t<meta property=\"og:image:type\" content=\"image\/png\" \/>\n<meta name=\"twitter:card\" content=\"summary_large_image\" \/>\n<meta name=\"twitter:label1\" content=\"Est. tempo de leitura\" \/>\n\t<meta name=\"twitter:data1\" content=\"7 minutos\" \/>\n<script type=\"application\/ld+json\" class=\"yoast-schema-graph\">{\"@context\":\"https:\/\/schema.org\",\"@graph\":[{\"@type\":\"WebPage\",\"@id\":\"https:\/\/wp.ufpel.edu.br\/poiema\/jaime-i-de-aragao-1208-1276-notas-sobre-um-conquistador\/\",\"url\":\"https:\/\/wp.ufpel.edu.br\/poiema\/jaime-i-de-aragao-1208-1276-notas-sobre-um-conquistador\/\",\"name\":\"Jaime I de Arag\u00e3o (1208-1276): Notas sobre um conquistador - POIEMA\",\"isPartOf\":{\"@id\":\"https:\/\/wp.ufpel.edu.br\/poiema\/#website\"},\"primaryImageOfPage\":{\"@id\":\"https:\/\/wp.ufpel.edu.br\/poiema\/jaime-i-de-aragao-1208-1276-notas-sobre-um-conquistador\/#primaryimage\"},\"image\":{\"@id\":\"https:\/\/wp.ufpel.edu.br\/poiema\/jaime-i-de-aragao-1208-1276-notas-sobre-um-conquistador\/#primaryimage\"},\"thumbnailUrl\":\"https:\/\/wp.ufpel.edu.br\/poiema\/files\/2025\/12\/image.png\",\"datePublished\":\"2025-12-09T15:00:00+00:00\",\"dateModified\":\"2025-12-09T15:17:01+00:00\",\"breadcrumb\":{\"@id\":\"https:\/\/wp.ufpel.edu.br\/poiema\/jaime-i-de-aragao-1208-1276-notas-sobre-um-conquistador\/#breadcrumb\"},\"inLanguage\":\"pt-BR\",\"potentialAction\":[{\"@type\":\"ReadAction\",\"target\":[\"https:\/\/wp.ufpel.edu.br\/poiema\/jaime-i-de-aragao-1208-1276-notas-sobre-um-conquistador\/\"]}]},{\"@type\":\"ImageObject\",\"inLanguage\":\"pt-BR\",\"@id\":\"https:\/\/wp.ufpel.edu.br\/poiema\/jaime-i-de-aragao-1208-1276-notas-sobre-um-conquistador\/#primaryimage\",\"url\":\"https:\/\/wp.ufpel.edu.br\/poiema\/files\/2025\/12\/image.png\",\"contentUrl\":\"https:\/\/wp.ufpel.edu.br\/poiema\/files\/2025\/12\/image.png\",\"width\":664,\"height\":548},{\"@type\":\"BreadcrumbList\",\"@id\":\"https:\/\/wp.ufpel.edu.br\/poiema\/jaime-i-de-aragao-1208-1276-notas-sobre-um-conquistador\/#breadcrumb\",\"itemListElement\":[{\"@type\":\"ListItem\",\"position\":1,\"name\":\"In\u00edcio\",\"item\":\"https:\/\/wp.ufpel.edu.br\/poiema\/\"},{\"@type\":\"ListItem\",\"position\":2,\"name\":\"Jaime I de Arag\u00e3o (1208-1276): Notas sobre um conquistador\"}]},{\"@type\":\"WebSite\",\"@id\":\"https:\/\/wp.ufpel.edu.br\/poiema\/#website\",\"url\":\"https:\/\/wp.ufpel.edu.br\/poiema\/\",\"name\":\"POIEMA\",\"description\":\"POIEMA UFPel\",\"potentialAction\":[{\"@type\":\"SearchAction\",\"target\":{\"@type\":\"EntryPoint\",\"urlTemplate\":\"https:\/\/wp.ufpel.edu.br\/poiema\/?s={search_term_string}\"},\"query-input\":{\"@type\":\"PropertyValueSpecification\",\"valueRequired\":true,\"valueName\":\"search_term_string\"}}],\"inLanguage\":\"pt-BR\"}]}<\/script>\n<!-- \/ Yoast SEO plugin. -->","yoast_head_json":{"title":"Jaime I de Arag\u00e3o (1208-1276): Notas sobre um conquistador - POIEMA","robots":{"index":"index","follow":"follow","max-snippet":"max-snippet:-1","max-image-preview":"max-image-preview:large","max-video-preview":"max-video-preview:-1"},"canonical":"https:\/\/wp.ufpel.edu.br\/poiema\/jaime-i-de-aragao-1208-1276-notas-sobre-um-conquistador\/","og_locale":"pt_BR","og_type":"article","og_title":"Jaime I de Arag\u00e3o (1208-1276): Notas sobre um conquistador - POIEMA","og_description":"Lucas Augusto T. da Silva[1] Jaime I, conhecido pelo ep\u00edteto de \u201co Conquistador\u201d, ascendeu ao trono da ent\u00e3o denominada Coroa de Arag\u00e3o[2] quando tinha apenas seis anos de idade e viria a consolidar-se como uma das figuras mais marcantes e com grande influ\u00eancia na conjuntura pol\u00edtica ib\u00e9rica medieval do s\u00e9culo XIII. Figura 1 \u2013 Coroa &hellip; Continue lendo","og_url":"https:\/\/wp.ufpel.edu.br\/poiema\/jaime-i-de-aragao-1208-1276-notas-sobre-um-conquistador\/","og_site_name":"POIEMA","article_modified_time":"2025-12-09T15:17:01+00:00","og_image":[{"width":664,"height":548,"url":"https:\/\/wp.ufpel.edu.br\/poiema\/files\/2025\/12\/image.png","type":"image\/png"}],"twitter_card":"summary_large_image","twitter_misc":{"Est. tempo de leitura":"7 minutos"},"schema":{"@context":"https:\/\/schema.org","@graph":[{"@type":"WebPage","@id":"https:\/\/wp.ufpel.edu.br\/poiema\/jaime-i-de-aragao-1208-1276-notas-sobre-um-conquistador\/","url":"https:\/\/wp.ufpel.edu.br\/poiema\/jaime-i-de-aragao-1208-1276-notas-sobre-um-conquistador\/","name":"Jaime I de Arag\u00e3o (1208-1276): Notas sobre um conquistador - POIEMA","isPartOf":{"@id":"https:\/\/wp.ufpel.edu.br\/poiema\/#website"},"primaryImageOfPage":{"@id":"https:\/\/wp.ufpel.edu.br\/poiema\/jaime-i-de-aragao-1208-1276-notas-sobre-um-conquistador\/#primaryimage"},"image":{"@id":"https:\/\/wp.ufpel.edu.br\/poiema\/jaime-i-de-aragao-1208-1276-notas-sobre-um-conquistador\/#primaryimage"},"thumbnailUrl":"https:\/\/wp.ufpel.edu.br\/poiema\/files\/2025\/12\/image.png","datePublished":"2025-12-09T15:00:00+00:00","dateModified":"2025-12-09T15:17:01+00:00","breadcrumb":{"@id":"https:\/\/wp.ufpel.edu.br\/poiema\/jaime-i-de-aragao-1208-1276-notas-sobre-um-conquistador\/#breadcrumb"},"inLanguage":"pt-BR","potentialAction":[{"@type":"ReadAction","target":["https:\/\/wp.ufpel.edu.br\/poiema\/jaime-i-de-aragao-1208-1276-notas-sobre-um-conquistador\/"]}]},{"@type":"ImageObject","inLanguage":"pt-BR","@id":"https:\/\/wp.ufpel.edu.br\/poiema\/jaime-i-de-aragao-1208-1276-notas-sobre-um-conquistador\/#primaryimage","url":"https:\/\/wp.ufpel.edu.br\/poiema\/files\/2025\/12\/image.png","contentUrl":"https:\/\/wp.ufpel.edu.br\/poiema\/files\/2025\/12\/image.png","width":664,"height":548},{"@type":"BreadcrumbList","@id":"https:\/\/wp.ufpel.edu.br\/poiema\/jaime-i-de-aragao-1208-1276-notas-sobre-um-conquistador\/#breadcrumb","itemListElement":[{"@type":"ListItem","position":1,"name":"In\u00edcio","item":"https:\/\/wp.ufpel.edu.br\/poiema\/"},{"@type":"ListItem","position":2,"name":"Jaime I de Arag\u00e3o (1208-1276): Notas sobre um conquistador"}]},{"@type":"WebSite","@id":"https:\/\/wp.ufpel.edu.br\/poiema\/#website","url":"https:\/\/wp.ufpel.edu.br\/poiema\/","name":"POIEMA","description":"POIEMA UFPel","potentialAction":[{"@type":"SearchAction","target":{"@type":"EntryPoint","urlTemplate":"https:\/\/wp.ufpel.edu.br\/poiema\/?s={search_term_string}"},"query-input":{"@type":"PropertyValueSpecification","valueRequired":true,"valueName":"search_term_string"}}],"inLanguage":"pt-BR"}]}},"jetpack_sharing_enabled":true,"_links":{"self":[{"href":"https:\/\/wp.ufpel.edu.br\/poiema\/wp-json\/wp\/v2\/pages\/7076","targetHints":{"allow":["GET"]}}],"collection":[{"href":"https:\/\/wp.ufpel.edu.br\/poiema\/wp-json\/wp\/v2\/pages"}],"about":[{"href":"https:\/\/wp.ufpel.edu.br\/poiema\/wp-json\/wp\/v2\/types\/page"}],"author":[{"embeddable":true,"href":"https:\/\/wp.ufpel.edu.br\/poiema\/wp-json\/wp\/v2\/users\/1170"}],"replies":[{"embeddable":true,"href":"https:\/\/wp.ufpel.edu.br\/poiema\/wp-json\/wp\/v2\/comments?post=7076"}],"version-history":[{"count":3,"href":"https:\/\/wp.ufpel.edu.br\/poiema\/wp-json\/wp\/v2\/pages\/7076\/revisions"}],"predecessor-version":[{"id":7084,"href":"https:\/\/wp.ufpel.edu.br\/poiema\/wp-json\/wp\/v2\/pages\/7076\/revisions\/7084"}],"wp:attachment":[{"href":"https:\/\/wp.ufpel.edu.br\/poiema\/wp-json\/wp\/v2\/media?parent=7076"}],"curies":[{"name":"wp","href":"https:\/\/api.w.org\/{rel}","templated":true}]}}