{"id":6477,"date":"2025-04-28T16:12:05","date_gmt":"2025-04-28T19:12:05","guid":{"rendered":"https:\/\/wp.ufpel.edu.br\/poiema\/?page_id=6477"},"modified":"2025-04-28T18:42:52","modified_gmt":"2025-04-28T21:42:52","slug":"planos-de-aula-apresentacao-slides","status":"publish","type":"page","link":"https:\/\/wp.ufpel.edu.br\/poiema\/trevas-nao\/propostas-didaticas\/planos-de-aula-apresentacao-slides\/","title":{"rendered":"Planos de aula &#038; Apresenta\u00e7\u00e3o de Slides"},"content":{"rendered":"<p><strong><span style=\"font-family: 'book antiqua', palatino, serif;\"><em>Acervo de Planos de aula &amp; Apresenta\u00e7\u00f5es de Slides <\/em><\/span><\/strong><\/p>\n<p><a href=\"https:\/\/wp.ufpel.edu.br\/poiema\/files\/2025\/04\/4.png\"><img loading=\"lazy\" decoding=\"async\" class=\"wp-image-6461 alignleft\" src=\"https:\/\/wp.ufpel.edu.br\/poiema\/files\/2025\/04\/4-400x400.png\" alt=\"\" width=\"324\" height=\"324\" srcset=\"https:\/\/wp.ufpel.edu.br\/poiema\/files\/2025\/04\/4-400x400.png 400w, https:\/\/wp.ufpel.edu.br\/poiema\/files\/2025\/04\/4-1024x1024.png 1024w, https:\/\/wp.ufpel.edu.br\/poiema\/files\/2025\/04\/4-200x200.png 200w, https:\/\/wp.ufpel.edu.br\/poiema\/files\/2025\/04\/4-768x768.png 768w, https:\/\/wp.ufpel.edu.br\/poiema\/files\/2025\/04\/4-750x750.png 750w, https:\/\/wp.ufpel.edu.br\/poiema\/files\/2025\/04\/4.png 1181w\" sizes=\"auto, (max-width: 324px) 100vw, 324px\" \/>\u00a0 <\/a><\/p>\n<p style=\"text-align: justify;\"><i><b>Planos de aula<\/b><\/i> s\u00e3o propostas organizadas de ensino que orientam os professores na condu\u00e7\u00e3o de suas atividades em sala. Por isso, ao indicar ou compartilhar um material para o projeto \u00e9 importante verificar se ele apresenta algumas pr\u00e1ticas que facilitam o planejamento do professor.<br \/>\n<i><b><br \/>\n&amp;\u00a0 <\/b><b>Slides<\/b><\/i><b>\u00a0<\/b>s\u00e3o apresenta\u00e7\u00f5es que auxiliam na transmiss\u00e3o do conte\u00fado de forma (\u00e1udio)visual.\u00a0 Ao indicar ou compartilhar um <i>slide\u00a0<\/i>para o projeto, \u00e9 importante verificar se ele facilita o entendimento do tema e apoia o trabalho do professor em sala de aula.<\/p>\n<p>&nbsp;<\/p>\n<p style=\"padding-left: 40px;\">Qual categoria voc\u00ea deseja consultar?<\/p>\n<p>&nbsp;<\/p>\n<p><a href=\"https:\/\/wp.ufpel.edu.br\/poiema\/files\/2025\/04\/TREVAS-NAO-ADESIVOS-2025-4.png\">\u00a0 \u00a0 \u00a0 \u00a0<img loading=\"lazy\" decoding=\"async\" class=\"wp-image-6517 alignnone\" src=\"https:\/\/wp.ufpel.edu.br\/poiema\/files\/2025\/04\/TREVAS-NAO-ADESIVOS-2025-4-400x400.png\" alt=\"\" width=\"85\" height=\"85\" srcset=\"https:\/\/wp.ufpel.edu.br\/poiema\/files\/2025\/04\/TREVAS-NAO-ADESIVOS-2025-4-400x400.png 400w, https:\/\/wp.ufpel.edu.br\/poiema\/files\/2025\/04\/TREVAS-NAO-ADESIVOS-2025-4-1024x1024.png 1024w, https:\/\/wp.ufpel.edu.br\/poiema\/files\/2025\/04\/TREVAS-NAO-ADESIVOS-2025-4-200x200.png 200w, https:\/\/wp.ufpel.edu.br\/poiema\/files\/2025\/04\/TREVAS-NAO-ADESIVOS-2025-4-768x768.png 768w, https:\/\/wp.ufpel.edu.br\/poiema\/files\/2025\/04\/TREVAS-NAO-ADESIVOS-2025-4-750x750.png 750w, https:\/\/wp.ufpel.edu.br\/poiema\/files\/2025\/04\/TREVAS-NAO-ADESIVOS-2025-4.png 1181w\" sizes=\"auto, (max-width: 85px) 100vw, 85px\" \/><\/a>\u00a0 \u00a0<em><strong>Apresenta\u00e7\u00f5es de Slides\u00a0 \u00a0 \u00a0 \u00a0 <a href=\"https:\/\/wp.ufpel.edu.br\/poiema\/files\/2025\/04\/TREVAS-NAO-ADESIVOS-2025-5.png\"><img loading=\"lazy\" decoding=\"async\" class=\"wp-image-6518 alignnone\" src=\"https:\/\/wp.ufpel.edu.br\/poiema\/files\/2025\/04\/TREVAS-NAO-ADESIVOS-2025-5-400x400.png\" alt=\"\" width=\"85\" height=\"85\" srcset=\"https:\/\/wp.ufpel.edu.br\/poiema\/files\/2025\/04\/TREVAS-NAO-ADESIVOS-2025-5-400x400.png 400w, https:\/\/wp.ufpel.edu.br\/poiema\/files\/2025\/04\/TREVAS-NAO-ADESIVOS-2025-5-1024x1024.png 1024w, https:\/\/wp.ufpel.edu.br\/poiema\/files\/2025\/04\/TREVAS-NAO-ADESIVOS-2025-5-200x200.png 200w, https:\/\/wp.ufpel.edu.br\/poiema\/files\/2025\/04\/TREVAS-NAO-ADESIVOS-2025-5-768x768.png 768w, https:\/\/wp.ufpel.edu.br\/poiema\/files\/2025\/04\/TREVAS-NAO-ADESIVOS-2025-5-750x750.png 750w, https:\/\/wp.ufpel.edu.br\/poiema\/files\/2025\/04\/TREVAS-NAO-ADESIVOS-2025-5.png 1181w\" sizes=\"auto, (max-width: 85px) 100vw, 85px\" \/><\/a>\u00a0 \u00a0 \u00a0Planos de Aula\u00a0 \u00a0<\/strong><\/em><\/p>\n<p><em><strong><a href=\"https:\/\/wp.ufpel.edu.br\/poiema\/files\/2025\/04\/5.png\">\u00a0 \u00a0 \u00a0 \u00a0<img loading=\"lazy\" decoding=\"async\" class=\" wp-image-6462 alignnone\" src=\"https:\/\/wp.ufpel.edu.br\/poiema\/files\/2025\/04\/5-400x400.png\" alt=\"\" width=\"85\" height=\"85\" srcset=\"https:\/\/wp.ufpel.edu.br\/poiema\/files\/2025\/04\/5-400x400.png 400w, https:\/\/wp.ufpel.edu.br\/poiema\/files\/2025\/04\/5-1024x1024.png 1024w, https:\/\/wp.ufpel.edu.br\/poiema\/files\/2025\/04\/5-200x200.png 200w, https:\/\/wp.ufpel.edu.br\/poiema\/files\/2025\/04\/5-768x768.png 768w, https:\/\/wp.ufpel.edu.br\/poiema\/files\/2025\/04\/5-750x750.png 750w, https:\/\/wp.ufpel.edu.br\/poiema\/files\/2025\/04\/5.png 1181w\" sizes=\"auto, (max-width: 85px) 100vw, 85px\" \/><\/a>\u00a0 \u00a0 \u00a0Planos &amp; Apresenta\u00e7\u00f5es:\u00a0 <\/strong><\/em>organizados para serem trabalhados juntos!<\/p>\n<p>&nbsp;<\/p>\n<p style=\"text-align: justify;\"><i>O projeto ainda encontra-se em constru\u00e7\u00e3o e as atividades ser\u00e3o disponibilizadas conforme produzidas e revisadas. Sinta-se \u00e0 vontade para conhecer as\u00a0<a href=\"https:\/\/wp.ufpel.edu.br\/poiema\/trevas-nao\/propostas-didaticas\/\">propostas de atividades<\/a>,\u00a0<a href=\"https:\/\/wp.ufpel.edu.br\/poiema\/trevas-nao\/compartilhe-sua-experiencia\/\">compartilhar experi\u00eancias<\/a>\u00a0e conhecer as\u00a0<a href=\"https:\/\/wp.ufpel.edu.br\/poiema\/blog\/\">leituras<\/a>,\u00a0<a href=\"https:\/\/www.youtube.com\/c\/POIEMAUFPEL\">lives<\/a>\u00a0e\u00a0<a href=\"https:\/\/www.instagram.com\/poiemaufpel\/\">discuss\u00f5es<\/a> do POIEMA.<\/i><\/p>\n<p>&nbsp;<\/p>\n<p style=\"text-align: center;\">\u2192 <a href=\"https:\/\/forms.gle\/bMGSVzRaPXFkjCBA8\">ACESSAR FORMUL\u00c1RIO PARA ENVIAR CONTRIBUI\u00c7\u00d5ES<\/a> \u2190<\/p>\n<p>&nbsp;<\/p>\n<p>&nbsp;<\/p>\n","protected":false},"excerpt":{"rendered":"<p>Acervo de Planos de aula &amp; Apresenta\u00e7\u00f5es de Slides \u00a0 Planos de aula s\u00e3o propostas organizadas de ensino que orientam os professores na condu\u00e7\u00e3o de suas atividades em sala. Por isso, ao indicar ou compartilhar um material para o projeto \u00e9 importante verificar se ele apresenta algumas pr\u00e1ticas que facilitam o planejamento do professor. &amp;\u00a0 &hellip; <\/p>\n<p><a class=\"more-link btn\" href=\"https:\/\/wp.ufpel.edu.br\/poiema\/trevas-nao\/propostas-didaticas\/planos-de-aula-apresentacao-slides\/\">Continue lendo<\/a><\/p>\n","protected":false},"author":1170,"featured_media":0,"parent":4608,"menu_order":0,"comment_status":"closed","ping_status":"closed","template":"","meta":{"footnotes":""},"class_list":["post-6477","page","type-page","status-publish","hentry","nodate","item-wrap"],"yoast_head":"<!-- This site is optimized with the Yoast SEO plugin v26.7 - https:\/\/yoast.com\/wordpress\/plugins\/seo\/ -->\n<title>Planos de aula &amp; Apresenta\u00e7\u00e3o de Slides - POIEMA<\/title>\n<meta name=\"robots\" content=\"index, follow, max-snippet:-1, max-image-preview:large, max-video-preview:-1\" \/>\n<link rel=\"canonical\" href=\"https:\/\/wp.ufpel.edu.br\/poiema\/trevas-nao\/propostas-didaticas\/planos-de-aula-apresentacao-slides\/\" \/>\n<meta property=\"og:locale\" content=\"pt_BR\" \/>\n<meta property=\"og:type\" content=\"article\" \/>\n<meta property=\"og:title\" content=\"Planos de aula &amp; Apresenta\u00e7\u00e3o de Slides - POIEMA\" \/>\n<meta property=\"og:description\" content=\"Acervo de Planos de aula &amp; Apresenta\u00e7\u00f5es de Slides \u00a0 Planos de aula s\u00e3o propostas organizadas de ensino que orientam os professores na condu\u00e7\u00e3o de suas atividades em sala. Por isso, ao indicar ou compartilhar um material para o projeto \u00e9 importante verificar se ele apresenta algumas pr\u00e1ticas que facilitam o planejamento do professor. &amp;\u00a0 &hellip; Continue lendo\" \/>\n<meta property=\"og:url\" content=\"https:\/\/wp.ufpel.edu.br\/poiema\/trevas-nao\/propostas-didaticas\/planos-de-aula-apresentacao-slides\/\" \/>\n<meta property=\"og:site_name\" content=\"POIEMA\" \/>\n<meta property=\"article:modified_time\" content=\"2025-04-28T21:42:52+00:00\" \/>\n<meta property=\"og:image\" content=\"https:\/\/wp.ufpel.edu.br\/poiema\/files\/2025\/04\/4.png\" \/>\n\t<meta property=\"og:image:width\" content=\"1181\" \/>\n\t<meta property=\"og:image:height\" content=\"1181\" \/>\n\t<meta property=\"og:image:type\" content=\"image\/png\" \/>\n<meta name=\"twitter:card\" content=\"summary_large_image\" \/>\n<meta name=\"twitter:label1\" content=\"Est. tempo de leitura\" \/>\n\t<meta name=\"twitter:data1\" content=\"2 minutos\" \/>\n<script type=\"application\/ld+json\" class=\"yoast-schema-graph\">{\"@context\":\"https:\/\/schema.org\",\"@graph\":[{\"@type\":\"WebPage\",\"@id\":\"https:\/\/wp.ufpel.edu.br\/poiema\/trevas-nao\/propostas-didaticas\/planos-de-aula-apresentacao-slides\/\",\"url\":\"https:\/\/wp.ufpel.edu.br\/poiema\/trevas-nao\/propostas-didaticas\/planos-de-aula-apresentacao-slides\/\",\"name\":\"Planos de aula & Apresenta\u00e7\u00e3o de Slides - POIEMA\",\"isPartOf\":{\"@id\":\"https:\/\/wp.ufpel.edu.br\/poiema\/#website\"},\"primaryImageOfPage\":{\"@id\":\"https:\/\/wp.ufpel.edu.br\/poiema\/trevas-nao\/propostas-didaticas\/planos-de-aula-apresentacao-slides\/#primaryimage\"},\"image\":{\"@id\":\"https:\/\/wp.ufpel.edu.br\/poiema\/trevas-nao\/propostas-didaticas\/planos-de-aula-apresentacao-slides\/#primaryimage\"},\"thumbnailUrl\":\"https:\/\/wp.ufpel.edu.br\/poiema\/files\/2025\/04\/4-400x400.png\",\"datePublished\":\"2025-04-28T19:12:05+00:00\",\"dateModified\":\"2025-04-28T21:42:52+00:00\",\"breadcrumb\":{\"@id\":\"https:\/\/wp.ufpel.edu.br\/poiema\/trevas-nao\/propostas-didaticas\/planos-de-aula-apresentacao-slides\/#breadcrumb\"},\"inLanguage\":\"pt-BR\",\"potentialAction\":[{\"@type\":\"ReadAction\",\"target\":[\"https:\/\/wp.ufpel.edu.br\/poiema\/trevas-nao\/propostas-didaticas\/planos-de-aula-apresentacao-slides\/\"]}]},{\"@type\":\"ImageObject\",\"inLanguage\":\"pt-BR\",\"@id\":\"https:\/\/wp.ufpel.edu.br\/poiema\/trevas-nao\/propostas-didaticas\/planos-de-aula-apresentacao-slides\/#primaryimage\",\"url\":\"https:\/\/wp.ufpel.edu.br\/poiema\/files\/2025\/04\/4.png\",\"contentUrl\":\"https:\/\/wp.ufpel.edu.br\/poiema\/files\/2025\/04\/4.png\",\"width\":1181,\"height\":1181},{\"@type\":\"BreadcrumbList\",\"@id\":\"https:\/\/wp.ufpel.edu.br\/poiema\/trevas-nao\/propostas-didaticas\/planos-de-aula-apresentacao-slides\/#breadcrumb\",\"itemListElement\":[{\"@type\":\"ListItem\",\"position\":1,\"name\":\"In\u00edcio\",\"item\":\"https:\/\/wp.ufpel.edu.br\/poiema\/\"},{\"@type\":\"ListItem\",\"position\":2,\"name\":\"Trevas N\u00e3o!\",\"item\":\"https:\/\/wp.ufpel.edu.br\/poiema\/trevas-nao\/\"},{\"@type\":\"ListItem\",\"position\":3,\"name\":\"Propostas Did\u00e1ticas\",\"item\":\"https:\/\/wp.ufpel.edu.br\/poiema\/trevas-nao\/propostas-didaticas\/\"},{\"@type\":\"ListItem\",\"position\":4,\"name\":\"Planos de aula &#038; Apresenta\u00e7\u00e3o de Slides\"}]},{\"@type\":\"WebSite\",\"@id\":\"https:\/\/wp.ufpel.edu.br\/poiema\/#website\",\"url\":\"https:\/\/wp.ufpel.edu.br\/poiema\/\",\"name\":\"POIEMA\",\"description\":\"POIEMA UFPel\",\"potentialAction\":[{\"@type\":\"SearchAction\",\"target\":{\"@type\":\"EntryPoint\",\"urlTemplate\":\"https:\/\/wp.ufpel.edu.br\/poiema\/?s={search_term_string}\"},\"query-input\":{\"@type\":\"PropertyValueSpecification\",\"valueRequired\":true,\"valueName\":\"search_term_string\"}}],\"inLanguage\":\"pt-BR\"}]}<\/script>\n<!-- \/ Yoast SEO plugin. -->","yoast_head_json":{"title":"Planos de aula & Apresenta\u00e7\u00e3o de Slides - POIEMA","robots":{"index":"index","follow":"follow","max-snippet":"max-snippet:-1","max-image-preview":"max-image-preview:large","max-video-preview":"max-video-preview:-1"},"canonical":"https:\/\/wp.ufpel.edu.br\/poiema\/trevas-nao\/propostas-didaticas\/planos-de-aula-apresentacao-slides\/","og_locale":"pt_BR","og_type":"article","og_title":"Planos de aula & Apresenta\u00e7\u00e3o de Slides - POIEMA","og_description":"Acervo de Planos de aula &amp; Apresenta\u00e7\u00f5es de Slides \u00a0 Planos de aula s\u00e3o propostas organizadas de ensino que orientam os professores na condu\u00e7\u00e3o de suas atividades em sala. Por isso, ao indicar ou compartilhar um material para o projeto \u00e9 importante verificar se ele apresenta algumas pr\u00e1ticas que facilitam o planejamento do professor. &amp;\u00a0 &hellip; Continue lendo","og_url":"https:\/\/wp.ufpel.edu.br\/poiema\/trevas-nao\/propostas-didaticas\/planos-de-aula-apresentacao-slides\/","og_site_name":"POIEMA","article_modified_time":"2025-04-28T21:42:52+00:00","og_image":[{"width":1181,"height":1181,"url":"https:\/\/wp.ufpel.edu.br\/poiema\/files\/2025\/04\/4.png","type":"image\/png"}],"twitter_card":"summary_large_image","twitter_misc":{"Est. tempo de leitura":"2 minutos"},"schema":{"@context":"https:\/\/schema.org","@graph":[{"@type":"WebPage","@id":"https:\/\/wp.ufpel.edu.br\/poiema\/trevas-nao\/propostas-didaticas\/planos-de-aula-apresentacao-slides\/","url":"https:\/\/wp.ufpel.edu.br\/poiema\/trevas-nao\/propostas-didaticas\/planos-de-aula-apresentacao-slides\/","name":"Planos de aula & Apresenta\u00e7\u00e3o de Slides - POIEMA","isPartOf":{"@id":"https:\/\/wp.ufpel.edu.br\/poiema\/#website"},"primaryImageOfPage":{"@id":"https:\/\/wp.ufpel.edu.br\/poiema\/trevas-nao\/propostas-didaticas\/planos-de-aula-apresentacao-slides\/#primaryimage"},"image":{"@id":"https:\/\/wp.ufpel.edu.br\/poiema\/trevas-nao\/propostas-didaticas\/planos-de-aula-apresentacao-slides\/#primaryimage"},"thumbnailUrl":"https:\/\/wp.ufpel.edu.br\/poiema\/files\/2025\/04\/4-400x400.png","datePublished":"2025-04-28T19:12:05+00:00","dateModified":"2025-04-28T21:42:52+00:00","breadcrumb":{"@id":"https:\/\/wp.ufpel.edu.br\/poiema\/trevas-nao\/propostas-didaticas\/planos-de-aula-apresentacao-slides\/#breadcrumb"},"inLanguage":"pt-BR","potentialAction":[{"@type":"ReadAction","target":["https:\/\/wp.ufpel.edu.br\/poiema\/trevas-nao\/propostas-didaticas\/planos-de-aula-apresentacao-slides\/"]}]},{"@type":"ImageObject","inLanguage":"pt-BR","@id":"https:\/\/wp.ufpel.edu.br\/poiema\/trevas-nao\/propostas-didaticas\/planos-de-aula-apresentacao-slides\/#primaryimage","url":"https:\/\/wp.ufpel.edu.br\/poiema\/files\/2025\/04\/4.png","contentUrl":"https:\/\/wp.ufpel.edu.br\/poiema\/files\/2025\/04\/4.png","width":1181,"height":1181},{"@type":"BreadcrumbList","@id":"https:\/\/wp.ufpel.edu.br\/poiema\/trevas-nao\/propostas-didaticas\/planos-de-aula-apresentacao-slides\/#breadcrumb","itemListElement":[{"@type":"ListItem","position":1,"name":"In\u00edcio","item":"https:\/\/wp.ufpel.edu.br\/poiema\/"},{"@type":"ListItem","position":2,"name":"Trevas N\u00e3o!","item":"https:\/\/wp.ufpel.edu.br\/poiema\/trevas-nao\/"},{"@type":"ListItem","position":3,"name":"Propostas Did\u00e1ticas","item":"https:\/\/wp.ufpel.edu.br\/poiema\/trevas-nao\/propostas-didaticas\/"},{"@type":"ListItem","position":4,"name":"Planos de aula &#038; Apresenta\u00e7\u00e3o de Slides"}]},{"@type":"WebSite","@id":"https:\/\/wp.ufpel.edu.br\/poiema\/#website","url":"https:\/\/wp.ufpel.edu.br\/poiema\/","name":"POIEMA","description":"POIEMA UFPel","potentialAction":[{"@type":"SearchAction","target":{"@type":"EntryPoint","urlTemplate":"https:\/\/wp.ufpel.edu.br\/poiema\/?s={search_term_string}"},"query-input":{"@type":"PropertyValueSpecification","valueRequired":true,"valueName":"search_term_string"}}],"inLanguage":"pt-BR"}]}},"jetpack_sharing_enabled":true,"_links":{"self":[{"href":"https:\/\/wp.ufpel.edu.br\/poiema\/wp-json\/wp\/v2\/pages\/6477","targetHints":{"allow":["GET"]}}],"collection":[{"href":"https:\/\/wp.ufpel.edu.br\/poiema\/wp-json\/wp\/v2\/pages"}],"about":[{"href":"https:\/\/wp.ufpel.edu.br\/poiema\/wp-json\/wp\/v2\/types\/page"}],"author":[{"embeddable":true,"href":"https:\/\/wp.ufpel.edu.br\/poiema\/wp-json\/wp\/v2\/users\/1170"}],"replies":[{"embeddable":true,"href":"https:\/\/wp.ufpel.edu.br\/poiema\/wp-json\/wp\/v2\/comments?post=6477"}],"version-history":[{"count":7,"href":"https:\/\/wp.ufpel.edu.br\/poiema\/wp-json\/wp\/v2\/pages\/6477\/revisions"}],"predecessor-version":[{"id":6522,"href":"https:\/\/wp.ufpel.edu.br\/poiema\/wp-json\/wp\/v2\/pages\/6477\/revisions\/6522"}],"up":[{"embeddable":true,"href":"https:\/\/wp.ufpel.edu.br\/poiema\/wp-json\/wp\/v2\/pages\/4608"}],"wp:attachment":[{"href":"https:\/\/wp.ufpel.edu.br\/poiema\/wp-json\/wp\/v2\/media?parent=6477"}],"curies":[{"name":"wp","href":"https:\/\/api.w.org\/{rel}","templated":true}]}}