{"id":5706,"date":"2023-10-10T16:47:39","date_gmt":"2023-10-10T19:47:39","guid":{"rendered":"https:\/\/wp.ufpel.edu.br\/poiema\/?page_id=5706"},"modified":"2023-10-10T16:48:55","modified_gmt":"2023-10-10T19:48:55","slug":"pesquisa-juliana-pereira","status":"publish","type":"page","link":"https:\/\/wp.ufpel.edu.br\/poiema\/pesquisa-juliana-pereira\/","title":{"rendered":"Pesquisa: Constru\u00e7\u00f5es de G\u00eanero em Mal\u00e9vola e Cruella"},"content":{"rendered":"<p style=\"text-align: justify;\"><span style=\"font-weight: 400;\">A atual pesquisa visa tecer reflex\u00f5es acerca das constru\u00e7\u00f5es de g\u00eanero presentes nas produ\u00e7\u00f5es cinematogr\u00e1ficas <\/span><i><span style=\"font-weight: 400;\">Maleficent<\/span><\/i><span style=\"font-weight: 400;\"> (2014) e <\/span><i><span style=\"font-weight: 400;\">Cruella<\/span><\/i><span style=\"font-weight: 400;\"> (2021). Em 1923 o intelectual Ricciotto Canudo (1995) j\u00e1 definia na obra <\/span><i><span style=\"font-weight: 400;\">O Manifesto das Sete Artes<\/span><\/i><span style=\"font-weight: 400;\"> o cinema como a s\u00e9tima arte, por\u00e9m, como aponta o autor, seria uma arte hibrida intermidi\u00e1tica, sendo o resultado da jun\u00e7\u00e3o de outras formas de express\u00e3o art\u00edsticas mais antigas como a m\u00fasica, a cor, a representa\u00e7\u00e3o, o cen\u00e1rio, etc.<\/span><\/p>\n<p style=\"text-align: justify;\"><span style=\"font-weight: 400;\">Neste sentido, a rela\u00e7\u00e3o entre cinema e feminino foi historicamente perpetuada a partir de vis\u00f5es de homens sobre pap\u00e9is sociais que mulheres deveriam representar nas telas de cinema, assim, condicionando o feminino a locais secund\u00e1rios e dicot\u00f4micos nas produ\u00e7\u00f5es. Por\u00e9m, sendo o cinema fruto da sociedade em que est\u00e1 inserido e produzindo uma vis\u00e3o\/testemunho sobre o seu mundo (VALIM, 2012), na contemporaneidade, com o advento da emancipa\u00e7\u00e3o feminina a partir da influ\u00eancia dos movimentos feministas e tamb\u00e9m com a inser\u00e7\u00e3o de mulheres nas produ\u00e7\u00f5es de cinema, percebemos uma altera\u00e7\u00e3o nesta representa\u00e7\u00e3o da mulher nas grandes telas.<\/span><\/p>\n<p style=\"text-align: justify;\"><span style=\"font-weight: 400;\">Na mesma linha, Alexandre Valim (2012) salienta a import\u00e2ncia significativa do papel social desempenhada pelo cinema na constru\u00e7\u00e3o de seu meio, ou seja, as produ\u00e7\u00f5es cinematogr\u00e1ficas s\u00e3o respons\u00e1veis por tornar cr\u00edvel para seus espectadores imers\u00f5es em realidades representadas nas telas, assim, o cinema proporciona experiencia de identifica\u00e7\u00e3o com as ideologias e anseios apresentados nos filmes, levando o p\u00fablico a encontrar semelhan\u00e7as entre si (mesmo que n\u00e3o haja) e o que \u00e9 representado pelos personagens, permitindo at\u00e9, em certos casos, plasmar sentimentos de querer estar naquele universo ficcional nos espectadores.\u00a0<\/span><\/p>\n<p style=\"text-align: justify;\"><span style=\"font-weight: 400;\">Compreendendo as produ\u00e7\u00f5es cinematogr\u00e1ficas e outros meios de comunica\u00e7\u00e3o de massa enquanto produtos culturais de imenso impacto na sociedade contempor\u00e2nea, o cinema em especial destacou-se enquanto agente social, revolucionando a arte, desde seu modo de produ\u00e7\u00e3o e at\u00e9 o formato de dissemina\u00e7\u00e3o do conte\u00fado (KORNIS, 1992, p.237). O cinema e, em decorr\u00eancia, as produ\u00e7\u00f5es f\u00edlmicas s\u00e3o respons\u00e1veis por proporcionar ao espectador sentimentos e reflex\u00f5es, elas s\u00e3o \u201cuma realidade aut\u00f4noma, cujo valor est\u00e1 na f\u00f3rmula que obteve para plasmar elementos n\u00e3o-liter\u00e1rios: impress\u00f5es, paix\u00f5es, id\u00e9ias, fatos, acontecimentos, que s\u00e3o a mat\u00e9ria-prima do ato criador (CANDIDO, 2000, p.33).<\/span><\/p>\n<p style=\"text-align: justify;\"><span style=\"font-weight: 400;\">Dito isso, \u00e9 percept\u00edvel o amoldamento das produ\u00e7\u00f5es cinematogr\u00e1ficas a sociedade em que a mesma est\u00e1 imersa. Assim, as quest\u00f5es de g\u00eanero s\u00e3o no\u00e7\u00f5es presentes na cinematografia inspiradas nos contos de fada, desde os desenhos animados at\u00e9 as produ\u00e7\u00f5es live-actions. Atrav\u00e9s de \u00f3tica de g\u00eanero, \u00e9 poss\u00edvel compreender as diferentes transforma\u00e7\u00f5es das personagens femininas (em destaque as personagens apresentadas inicialmente como vil\u00e3s) no percurso de tempo que compreendem as produ\u00e7\u00f5es dos est\u00fadios Disney.<\/span><\/p>\n<p style=\"text-align: justify;\"><span style=\"font-weight: 400;\">Enquanto mecanismo de propaga\u00e7\u00e3o e representa\u00e7\u00e3o social de grandes massas, o cinema \u00e9 uma ferramenta eficiente que, atrav\u00e9s de sua pr\u00f3pria linguagem, atinge o p\u00fablico de diferentes maneiras, sendo fruto de uma dada sociedade e interagindo com o meio social que o cerca (KORNIS, 1992, p.246). Neste sentido, tendo como foco os filmes apresentados anteriormente, o conceito de g\u00eanero nos permite analisar como s\u00e3o representadas e constru\u00eddas as figuras femininas nas referidas obras cinematogr\u00e1ficas, percebendo a mudan\u00e7a existente nas personagens antagonistas (essencialmente m\u00e1s, velhas, feias e vingativas) para uma nova configura\u00e7\u00e3o de vil\u00e3-hero\u00edna empoderada, bela e com raz\u00f5es psicol\u00f3gicas que justificam seus atos \u2013 uma ressignifica\u00e7\u00e3o do feminino atrativo economicamente e condizente para o momento hist\u00f3rico feminista do s\u00e9culo XXI.<\/span><\/p>\n<p style=\"text-align: justify;\">\n","protected":false},"excerpt":{"rendered":"<p>A atual pesquisa visa tecer reflex\u00f5es acerca das constru\u00e7\u00f5es de g\u00eanero presentes nas produ\u00e7\u00f5es cinematogr\u00e1ficas Maleficent (2014) e Cruella (2021). Em 1923 o intelectual Ricciotto Canudo (1995) j\u00e1 definia na obra O Manifesto das Sete Artes o cinema como a s\u00e9tima arte, por\u00e9m, como aponta o autor, seria uma arte hibrida intermidi\u00e1tica, sendo o resultado &hellip; <\/p>\n<p><a class=\"more-link btn\" href=\"https:\/\/wp.ufpel.edu.br\/poiema\/pesquisa-juliana-pereira\/\">Continue lendo<\/a><\/p>\n","protected":false},"author":1170,"featured_media":0,"parent":0,"menu_order":0,"comment_status":"closed","ping_status":"closed","template":"","meta":{"footnotes":""},"class_list":["post-5706","page","type-page","status-publish","hentry","nodate","item-wrap"],"yoast_head":"<!-- This site is optimized with the Yoast SEO plugin v26.7 - https:\/\/yoast.com\/wordpress\/plugins\/seo\/ -->\n<title>Pesquisa: Constru\u00e7\u00f5es de G\u00eanero em Mal\u00e9vola e Cruella - POIEMA<\/title>\n<meta name=\"robots\" content=\"index, follow, max-snippet:-1, max-image-preview:large, max-video-preview:-1\" \/>\n<link rel=\"canonical\" href=\"https:\/\/wp.ufpel.edu.br\/poiema\/pesquisa-juliana-pereira\/\" \/>\n<meta property=\"og:locale\" content=\"pt_BR\" \/>\n<meta property=\"og:type\" content=\"article\" \/>\n<meta property=\"og:title\" content=\"Pesquisa: Constru\u00e7\u00f5es de G\u00eanero em Mal\u00e9vola e Cruella - POIEMA\" \/>\n<meta property=\"og:description\" content=\"A atual pesquisa visa tecer reflex\u00f5es acerca das constru\u00e7\u00f5es de g\u00eanero presentes nas produ\u00e7\u00f5es cinematogr\u00e1ficas Maleficent (2014) e Cruella (2021). Em 1923 o intelectual Ricciotto Canudo (1995) j\u00e1 definia na obra O Manifesto das Sete Artes o cinema como a s\u00e9tima arte, por\u00e9m, como aponta o autor, seria uma arte hibrida intermidi\u00e1tica, sendo o resultado &hellip; Continue lendo\" \/>\n<meta property=\"og:url\" content=\"https:\/\/wp.ufpel.edu.br\/poiema\/pesquisa-juliana-pereira\/\" \/>\n<meta property=\"og:site_name\" content=\"POIEMA\" \/>\n<meta property=\"article:modified_time\" content=\"2023-10-10T19:48:55+00:00\" \/>\n<meta name=\"twitter:card\" content=\"summary_large_image\" \/>\n<meta name=\"twitter:label1\" content=\"Est. tempo de leitura\" \/>\n\t<meta name=\"twitter:data1\" content=\"4 minutos\" \/>\n<script type=\"application\/ld+json\" class=\"yoast-schema-graph\">{\"@context\":\"https:\/\/schema.org\",\"@graph\":[{\"@type\":\"WebPage\",\"@id\":\"https:\/\/wp.ufpel.edu.br\/poiema\/pesquisa-juliana-pereira\/\",\"url\":\"https:\/\/wp.ufpel.edu.br\/poiema\/pesquisa-juliana-pereira\/\",\"name\":\"Pesquisa: Constru\u00e7\u00f5es de G\u00eanero em Mal\u00e9vola e Cruella - POIEMA\",\"isPartOf\":{\"@id\":\"https:\/\/wp.ufpel.edu.br\/poiema\/#website\"},\"datePublished\":\"2023-10-10T19:47:39+00:00\",\"dateModified\":\"2023-10-10T19:48:55+00:00\",\"breadcrumb\":{\"@id\":\"https:\/\/wp.ufpel.edu.br\/poiema\/pesquisa-juliana-pereira\/#breadcrumb\"},\"inLanguage\":\"pt-BR\",\"potentialAction\":[{\"@type\":\"ReadAction\",\"target\":[\"https:\/\/wp.ufpel.edu.br\/poiema\/pesquisa-juliana-pereira\/\"]}]},{\"@type\":\"BreadcrumbList\",\"@id\":\"https:\/\/wp.ufpel.edu.br\/poiema\/pesquisa-juliana-pereira\/#breadcrumb\",\"itemListElement\":[{\"@type\":\"ListItem\",\"position\":1,\"name\":\"In\u00edcio\",\"item\":\"https:\/\/wp.ufpel.edu.br\/poiema\/\"},{\"@type\":\"ListItem\",\"position\":2,\"name\":\"Pesquisa: Constru\u00e7\u00f5es de G\u00eanero em Mal\u00e9vola e Cruella\"}]},{\"@type\":\"WebSite\",\"@id\":\"https:\/\/wp.ufpel.edu.br\/poiema\/#website\",\"url\":\"https:\/\/wp.ufpel.edu.br\/poiema\/\",\"name\":\"POIEMA\",\"description\":\"POIEMA ufpel\",\"potentialAction\":[{\"@type\":\"SearchAction\",\"target\":{\"@type\":\"EntryPoint\",\"urlTemplate\":\"https:\/\/wp.ufpel.edu.br\/poiema\/?s={search_term_string}\"},\"query-input\":{\"@type\":\"PropertyValueSpecification\",\"valueRequired\":true,\"valueName\":\"search_term_string\"}}],\"inLanguage\":\"pt-BR\"}]}<\/script>\n<!-- \/ Yoast SEO plugin. -->","yoast_head_json":{"title":"Pesquisa: Constru\u00e7\u00f5es de G\u00eanero em Mal\u00e9vola e Cruella - POIEMA","robots":{"index":"index","follow":"follow","max-snippet":"max-snippet:-1","max-image-preview":"max-image-preview:large","max-video-preview":"max-video-preview:-1"},"canonical":"https:\/\/wp.ufpel.edu.br\/poiema\/pesquisa-juliana-pereira\/","og_locale":"pt_BR","og_type":"article","og_title":"Pesquisa: Constru\u00e7\u00f5es de G\u00eanero em Mal\u00e9vola e Cruella - POIEMA","og_description":"A atual pesquisa visa tecer reflex\u00f5es acerca das constru\u00e7\u00f5es de g\u00eanero presentes nas produ\u00e7\u00f5es cinematogr\u00e1ficas Maleficent (2014) e Cruella (2021). Em 1923 o intelectual Ricciotto Canudo (1995) j\u00e1 definia na obra O Manifesto das Sete Artes o cinema como a s\u00e9tima arte, por\u00e9m, como aponta o autor, seria uma arte hibrida intermidi\u00e1tica, sendo o resultado &hellip; Continue lendo","og_url":"https:\/\/wp.ufpel.edu.br\/poiema\/pesquisa-juliana-pereira\/","og_site_name":"POIEMA","article_modified_time":"2023-10-10T19:48:55+00:00","twitter_card":"summary_large_image","twitter_misc":{"Est. tempo de leitura":"4 minutos"},"schema":{"@context":"https:\/\/schema.org","@graph":[{"@type":"WebPage","@id":"https:\/\/wp.ufpel.edu.br\/poiema\/pesquisa-juliana-pereira\/","url":"https:\/\/wp.ufpel.edu.br\/poiema\/pesquisa-juliana-pereira\/","name":"Pesquisa: Constru\u00e7\u00f5es de G\u00eanero em Mal\u00e9vola e Cruella - POIEMA","isPartOf":{"@id":"https:\/\/wp.ufpel.edu.br\/poiema\/#website"},"datePublished":"2023-10-10T19:47:39+00:00","dateModified":"2023-10-10T19:48:55+00:00","breadcrumb":{"@id":"https:\/\/wp.ufpel.edu.br\/poiema\/pesquisa-juliana-pereira\/#breadcrumb"},"inLanguage":"pt-BR","potentialAction":[{"@type":"ReadAction","target":["https:\/\/wp.ufpel.edu.br\/poiema\/pesquisa-juliana-pereira\/"]}]},{"@type":"BreadcrumbList","@id":"https:\/\/wp.ufpel.edu.br\/poiema\/pesquisa-juliana-pereira\/#breadcrumb","itemListElement":[{"@type":"ListItem","position":1,"name":"In\u00edcio","item":"https:\/\/wp.ufpel.edu.br\/poiema\/"},{"@type":"ListItem","position":2,"name":"Pesquisa: Constru\u00e7\u00f5es de G\u00eanero em Mal\u00e9vola e Cruella"}]},{"@type":"WebSite","@id":"https:\/\/wp.ufpel.edu.br\/poiema\/#website","url":"https:\/\/wp.ufpel.edu.br\/poiema\/","name":"POIEMA","description":"POIEMA ufpel","potentialAction":[{"@type":"SearchAction","target":{"@type":"EntryPoint","urlTemplate":"https:\/\/wp.ufpel.edu.br\/poiema\/?s={search_term_string}"},"query-input":{"@type":"PropertyValueSpecification","valueRequired":true,"valueName":"search_term_string"}}],"inLanguage":"pt-BR"}]}},"jetpack_sharing_enabled":true,"_links":{"self":[{"href":"https:\/\/wp.ufpel.edu.br\/poiema\/wp-json\/wp\/v2\/pages\/5706","targetHints":{"allow":["GET"]}}],"collection":[{"href":"https:\/\/wp.ufpel.edu.br\/poiema\/wp-json\/wp\/v2\/pages"}],"about":[{"href":"https:\/\/wp.ufpel.edu.br\/poiema\/wp-json\/wp\/v2\/types\/page"}],"author":[{"embeddable":true,"href":"https:\/\/wp.ufpel.edu.br\/poiema\/wp-json\/wp\/v2\/users\/1170"}],"replies":[{"embeddable":true,"href":"https:\/\/wp.ufpel.edu.br\/poiema\/wp-json\/wp\/v2\/comments?post=5706"}],"version-history":[{"count":1,"href":"https:\/\/wp.ufpel.edu.br\/poiema\/wp-json\/wp\/v2\/pages\/5706\/revisions"}],"predecessor-version":[{"id":5708,"href":"https:\/\/wp.ufpel.edu.br\/poiema\/wp-json\/wp\/v2\/pages\/5706\/revisions\/5708"}],"wp:attachment":[{"href":"https:\/\/wp.ufpel.edu.br\/poiema\/wp-json\/wp\/v2\/media?parent=5706"}],"curies":[{"name":"wp","href":"https:\/\/api.w.org\/{rel}","templated":true}]}}