{"id":5551,"date":"2023-08-15T14:13:16","date_gmt":"2023-08-15T17:13:16","guid":{"rendered":"https:\/\/wp.ufpel.edu.br\/poiema\/?page_id=5551"},"modified":"2023-08-16T14:31:59","modified_gmt":"2023-08-16T17:31:59","slug":"sessoes-de-comunicacoes","status":"publish","type":"page","link":"https:\/\/wp.ufpel.edu.br\/poiema\/sessoes-de-comunicacoes\/","title":{"rendered":"Sess\u00f5es de Comunica\u00e7\u00f5es"},"content":{"rendered":"<p>Comunica\u00e7\u00f5es:<\/p>\n<p>QUINTA-FEIRA (17\/08):<\/p>\n<p><strong>Mesa de Comunica\u00e7\u00f5es 1: Idade M\u00e9dia e Renascimento (previs\u00e3o 13h30-15h30)<br \/>\n<\/strong><strong>Coordena\u00e7\u00e3o da Mesa: <\/strong>Luiz Guerra<br \/>\n<strong>Monitor<\/strong>: Francine e\/ou L\u00f3ren<\/p>\n<p>Gabriela Dallazem Bisotto (UFPel)<br \/>\nAdrienne Peixoto Cardoso (UFPel)<br \/>\nGiovana Pineda Prado (UFPel)<br \/>\nIsadora Teixeira da Cunha (UNIPAMPA)<br \/>\nIsabel Antonello Flores (UFSM)<br \/>\nGabriel de Oliveira Serafim (UFSM)<\/p>\n<p><strong>Mesa de Comunica\u00e7\u00f5es 2: Antiguidade e Outros Medievos (previs\u00e3o 15h45-18h15)<br \/>\n<\/strong><strong>Coordena\u00e7\u00e3o da Mesa: <\/strong>Maur\u00edcio<br \/>\n<strong>Monitor<\/strong>: Juliana<\/p>\n<p>Mateus Jos\u00e9 da Silva Santos (UFPel)<br \/>\nDarcylene Pereira Domingues (UFPel)<br \/>\nJ\u00falia Gon\u00e7alo Braga (UFRGS)<br \/>\nAndrei Marcelo da Rosa (UFRGS)<br \/>\nJulia Westphal Gomes (UFPel)<br \/>\nAlexia F. Peter Demari (UFPel)<br \/>\nLaura Bergozza Pereira (UFPel)<br \/>\nEduardo Pereira da Silva Schlee (UFPel)<\/p>\n<p>&nbsp;<\/p>\n<p>SEXTA FEIRA (18\/08):<\/p>\n<p><strong>Mesa de Comunica\u00e7\u00f5es 3: Recep\u00e7\u00e3o da Idade M\u00e9dia e (Neo)Medievalismo<\/strong> (previs\u00e3o 13h30-15h30)<br \/>\n<strong>Coordena\u00e7\u00e3o da Mesa:<\/strong> Daniele e\/ou Lukas<br \/>\n<strong>Monitor:<\/strong> Laura e\/ou Alexia<\/p>\n<p>Juliana Pereira (UFPel)<br \/>\nPyetra de Lima Schmidt (UFPel)<br \/>\nGregory Ramos Oliveira (UFPel)<br \/>\nLuiz Felipe Anchieta Guerra (UNIMONTES)<br \/>\nFrancine Sedrez Bunde (UFPel)<br \/>\nMauricio Albuquerque (UFPel)<\/p>\n<p>&nbsp;<\/p>\n<p>Para acessar a programa\u00e7\u00e3o do IIMPOIEMA completa: <a href=\"https:\/\/wp.ufpel.edu.br\/poiema\/iimpoiema\/programacao\/\">acesse aqui<\/a>.<\/p>\n<p><strong>Caderno de Resumos:<\/strong> (Em breve)<\/p>\n","protected":false},"excerpt":{"rendered":"<p>Comunica\u00e7\u00f5es: QUINTA-FEIRA (17\/08): Mesa de Comunica\u00e7\u00f5es 1: Idade M\u00e9dia e Renascimento (previs\u00e3o 13h30-15h30) Coordena\u00e7\u00e3o da Mesa: Luiz Guerra Monitor: Francine e\/ou L\u00f3ren Gabriela Dallazem Bisotto (UFPel) Adrienne Peixoto Cardoso (UFPel) Giovana Pineda Prado (UFPel) Isadora Teixeira da Cunha (UNIPAMPA) Isabel Antonello Flores (UFSM) Gabriel de Oliveira Serafim (UFSM) Mesa de Comunica\u00e7\u00f5es 2: Antiguidade e Outros &hellip; <\/p>\n<p><a class=\"more-link btn\" href=\"https:\/\/wp.ufpel.edu.br\/poiema\/sessoes-de-comunicacoes\/\">Continue lendo<\/a><\/p>\n","protected":false},"author":1170,"featured_media":0,"parent":0,"menu_order":0,"comment_status":"closed","ping_status":"closed","template":"","meta":{"footnotes":""},"class_list":["post-5551","page","type-page","status-publish","hentry","nodate","item-wrap"],"yoast_head":"<!-- This site is optimized with the Yoast SEO plugin v26.7 - https:\/\/yoast.com\/wordpress\/plugins\/seo\/ -->\n<title>Sess\u00f5es de Comunica\u00e7\u00f5es - POIEMA<\/title>\n<meta name=\"robots\" content=\"index, follow, max-snippet:-1, max-image-preview:large, max-video-preview:-1\" \/>\n<link rel=\"canonical\" href=\"https:\/\/wp.ufpel.edu.br\/poiema\/sessoes-de-comunicacoes\/\" \/>\n<meta property=\"og:locale\" content=\"pt_BR\" \/>\n<meta property=\"og:type\" content=\"article\" \/>\n<meta property=\"og:title\" content=\"Sess\u00f5es de Comunica\u00e7\u00f5es - POIEMA\" \/>\n<meta property=\"og:description\" content=\"Comunica\u00e7\u00f5es: QUINTA-FEIRA (17\/08): Mesa de Comunica\u00e7\u00f5es 1: Idade M\u00e9dia e Renascimento (previs\u00e3o 13h30-15h30) Coordena\u00e7\u00e3o da Mesa: Luiz Guerra Monitor: Francine e\/ou L\u00f3ren Gabriela Dallazem Bisotto (UFPel) Adrienne Peixoto Cardoso (UFPel) Giovana Pineda Prado (UFPel) Isadora Teixeira da Cunha (UNIPAMPA) Isabel Antonello Flores (UFSM) Gabriel de Oliveira Serafim (UFSM) Mesa de Comunica\u00e7\u00f5es 2: Antiguidade e Outros &hellip; Continue lendo\" \/>\n<meta property=\"og:url\" content=\"https:\/\/wp.ufpel.edu.br\/poiema\/sessoes-de-comunicacoes\/\" \/>\n<meta property=\"og:site_name\" content=\"POIEMA\" \/>\n<meta property=\"article:modified_time\" content=\"2023-08-16T17:31:59+00:00\" \/>\n<meta name=\"twitter:card\" content=\"summary_large_image\" \/>\n<meta name=\"twitter:label1\" content=\"Est. tempo de leitura\" \/>\n\t<meta name=\"twitter:data1\" content=\"1 minuto\" \/>\n<script type=\"application\/ld+json\" class=\"yoast-schema-graph\">{\"@context\":\"https:\/\/schema.org\",\"@graph\":[{\"@type\":\"WebPage\",\"@id\":\"https:\/\/wp.ufpel.edu.br\/poiema\/sessoes-de-comunicacoes\/\",\"url\":\"https:\/\/wp.ufpel.edu.br\/poiema\/sessoes-de-comunicacoes\/\",\"name\":\"Sess\u00f5es de Comunica\u00e7\u00f5es - POIEMA\",\"isPartOf\":{\"@id\":\"https:\/\/wp.ufpel.edu.br\/poiema\/#website\"},\"datePublished\":\"2023-08-15T17:13:16+00:00\",\"dateModified\":\"2023-08-16T17:31:59+00:00\",\"breadcrumb\":{\"@id\":\"https:\/\/wp.ufpel.edu.br\/poiema\/sessoes-de-comunicacoes\/#breadcrumb\"},\"inLanguage\":\"pt-BR\",\"potentialAction\":[{\"@type\":\"ReadAction\",\"target\":[\"https:\/\/wp.ufpel.edu.br\/poiema\/sessoes-de-comunicacoes\/\"]}]},{\"@type\":\"BreadcrumbList\",\"@id\":\"https:\/\/wp.ufpel.edu.br\/poiema\/sessoes-de-comunicacoes\/#breadcrumb\",\"itemListElement\":[{\"@type\":\"ListItem\",\"position\":1,\"name\":\"In\u00edcio\",\"item\":\"https:\/\/wp.ufpel.edu.br\/poiema\/\"},{\"@type\":\"ListItem\",\"position\":2,\"name\":\"Sess\u00f5es de Comunica\u00e7\u00f5es\"}]},{\"@type\":\"WebSite\",\"@id\":\"https:\/\/wp.ufpel.edu.br\/poiema\/#website\",\"url\":\"https:\/\/wp.ufpel.edu.br\/poiema\/\",\"name\":\"POIEMA\",\"description\":\"POIEMA UFPel\",\"potentialAction\":[{\"@type\":\"SearchAction\",\"target\":{\"@type\":\"EntryPoint\",\"urlTemplate\":\"https:\/\/wp.ufpel.edu.br\/poiema\/?s={search_term_string}\"},\"query-input\":{\"@type\":\"PropertyValueSpecification\",\"valueRequired\":true,\"valueName\":\"search_term_string\"}}],\"inLanguage\":\"pt-BR\"}]}<\/script>\n<!-- \/ Yoast SEO plugin. -->","yoast_head_json":{"title":"Sess\u00f5es de Comunica\u00e7\u00f5es - POIEMA","robots":{"index":"index","follow":"follow","max-snippet":"max-snippet:-1","max-image-preview":"max-image-preview:large","max-video-preview":"max-video-preview:-1"},"canonical":"https:\/\/wp.ufpel.edu.br\/poiema\/sessoes-de-comunicacoes\/","og_locale":"pt_BR","og_type":"article","og_title":"Sess\u00f5es de Comunica\u00e7\u00f5es - POIEMA","og_description":"Comunica\u00e7\u00f5es: QUINTA-FEIRA (17\/08): Mesa de Comunica\u00e7\u00f5es 1: Idade M\u00e9dia e Renascimento (previs\u00e3o 13h30-15h30) Coordena\u00e7\u00e3o da Mesa: Luiz Guerra Monitor: Francine e\/ou L\u00f3ren Gabriela Dallazem Bisotto (UFPel) Adrienne Peixoto Cardoso (UFPel) Giovana Pineda Prado (UFPel) Isadora Teixeira da Cunha (UNIPAMPA) Isabel Antonello Flores (UFSM) Gabriel de Oliveira Serafim (UFSM) Mesa de Comunica\u00e7\u00f5es 2: Antiguidade e Outros &hellip; Continue lendo","og_url":"https:\/\/wp.ufpel.edu.br\/poiema\/sessoes-de-comunicacoes\/","og_site_name":"POIEMA","article_modified_time":"2023-08-16T17:31:59+00:00","twitter_card":"summary_large_image","twitter_misc":{"Est. tempo de leitura":"1 minuto"},"schema":{"@context":"https:\/\/schema.org","@graph":[{"@type":"WebPage","@id":"https:\/\/wp.ufpel.edu.br\/poiema\/sessoes-de-comunicacoes\/","url":"https:\/\/wp.ufpel.edu.br\/poiema\/sessoes-de-comunicacoes\/","name":"Sess\u00f5es de Comunica\u00e7\u00f5es - POIEMA","isPartOf":{"@id":"https:\/\/wp.ufpel.edu.br\/poiema\/#website"},"datePublished":"2023-08-15T17:13:16+00:00","dateModified":"2023-08-16T17:31:59+00:00","breadcrumb":{"@id":"https:\/\/wp.ufpel.edu.br\/poiema\/sessoes-de-comunicacoes\/#breadcrumb"},"inLanguage":"pt-BR","potentialAction":[{"@type":"ReadAction","target":["https:\/\/wp.ufpel.edu.br\/poiema\/sessoes-de-comunicacoes\/"]}]},{"@type":"BreadcrumbList","@id":"https:\/\/wp.ufpel.edu.br\/poiema\/sessoes-de-comunicacoes\/#breadcrumb","itemListElement":[{"@type":"ListItem","position":1,"name":"In\u00edcio","item":"https:\/\/wp.ufpel.edu.br\/poiema\/"},{"@type":"ListItem","position":2,"name":"Sess\u00f5es de Comunica\u00e7\u00f5es"}]},{"@type":"WebSite","@id":"https:\/\/wp.ufpel.edu.br\/poiema\/#website","url":"https:\/\/wp.ufpel.edu.br\/poiema\/","name":"POIEMA","description":"POIEMA UFPel","potentialAction":[{"@type":"SearchAction","target":{"@type":"EntryPoint","urlTemplate":"https:\/\/wp.ufpel.edu.br\/poiema\/?s={search_term_string}"},"query-input":{"@type":"PropertyValueSpecification","valueRequired":true,"valueName":"search_term_string"}}],"inLanguage":"pt-BR"}]}},"jetpack_sharing_enabled":true,"_links":{"self":[{"href":"https:\/\/wp.ufpel.edu.br\/poiema\/wp-json\/wp\/v2\/pages\/5551","targetHints":{"allow":["GET"]}}],"collection":[{"href":"https:\/\/wp.ufpel.edu.br\/poiema\/wp-json\/wp\/v2\/pages"}],"about":[{"href":"https:\/\/wp.ufpel.edu.br\/poiema\/wp-json\/wp\/v2\/types\/page"}],"author":[{"embeddable":true,"href":"https:\/\/wp.ufpel.edu.br\/poiema\/wp-json\/wp\/v2\/users\/1170"}],"replies":[{"embeddable":true,"href":"https:\/\/wp.ufpel.edu.br\/poiema\/wp-json\/wp\/v2\/comments?post=5551"}],"version-history":[{"count":4,"href":"https:\/\/wp.ufpel.edu.br\/poiema\/wp-json\/wp\/v2\/pages\/5551\/revisions"}],"predecessor-version":[{"id":5578,"href":"https:\/\/wp.ufpel.edu.br\/poiema\/wp-json\/wp\/v2\/pages\/5551\/revisions\/5578"}],"wp:attachment":[{"href":"https:\/\/wp.ufpel.edu.br\/poiema\/wp-json\/wp\/v2\/media?parent=5551"}],"curies":[{"name":"wp","href":"https:\/\/api.w.org\/{rel}","templated":true}]}}