{"id":5538,"date":"2023-08-15T14:06:32","date_gmt":"2023-08-15T17:06:32","guid":{"rendered":"https:\/\/wp.ufpel.edu.br\/poiema\/?page_id=5538"},"modified":"2023-08-15T17:09:43","modified_gmt":"2023-08-15T20:09:43","slug":"mesa-de-comunicacoes-2-iimpoiema","status":"publish","type":"page","link":"https:\/\/wp.ufpel.edu.br\/poiema\/mesa-de-comunicacoes-2-iimpoiema\/","title":{"rendered":"Mesa de Comunica\u00e7\u00f5es 2: Antiguidade e Outros Medievos &#8211; IIMPOIEMA"},"content":{"rendered":"<p><strong>Mesa de Comunica\u00e7\u00f5es 2: Antiguidade e Outros Medievos<\/strong><br \/>\nCoordena\u00e7\u00e3o da Mesa: Maur\u00edcio<br \/>\nMonitor: Juliana e Daniel<\/p>\n<p><em>Para o Oeste da Terra do Isl\u00e3: Considera\u00e7\u00f5es sobre a expans\u00e3o \u00e1rabe e suas primeiras consequ\u00eancias para o Egito.<br \/>\n<\/em>Mateus Jos\u00e9 da Silva Santos (UFPel)<em><br \/>\n<\/em><\/p>\n<p><em>A\u00e7\u00e3o tr\u00e1gica e discurso feminino<br \/>\n<\/em>Darcylene Pereira Domingues (UFPel)<\/p>\n<p><em>Leituras de g\u00eanero a partir do simb\u00f3lico de selos cilindros do\u00a0III\u00a0Mil\u00eanio\u00a0AEC<\/em><br \/>\nJ\u00falia Gon\u00e7alo Braga (UFRGS)<\/p>\n<p><em>Possibilidades de estudos a partir dos documentos do casamento de Filipe I de Tarento e Tamara Comnena (1294-1309)<br \/>\n<\/em>Andrei Marcelo da Rosa (UFRGS)<\/p>\n<p><em>Mulheres no Jap\u00e3o pr\u00e9 moderno: O caso Masako<\/em><br \/>\nJulia Westphal Gomes (UFPel)<\/p>\n<p><em>A M\u00e3e e a Esposa: O papel de Sorghaghtani Beki e de Chabi na jornada de Kublai Khan<\/em><br \/>\nAlexia F. Peter Demari (UFPel)<\/p>\n<p><em>\u00c1frica medieval? Reflex\u00f5es sobre os par\u00e2metros que constroem a Idade M\u00e9dia<\/em><br \/>\nLaura Bergozza Pereira (UFPel)<\/p>\n<p><em>A quest\u00e3o do canibalismo na Primeira Cruzada: uma an\u00e1lise comparada de fontes mu\u00e7ulmanas e crist\u00e3s<\/em><br \/>\nEduardo Pereira da Silva Schlee (UFPel)<\/p>\n<p>&nbsp;<\/p>\n","protected":false},"excerpt":{"rendered":"<p>Mesa de Comunica\u00e7\u00f5es 2: Antiguidade e Outros Medievos Coordena\u00e7\u00e3o da Mesa: Maur\u00edcio Monitor: Juliana e Daniel Para o Oeste da Terra do Isl\u00e3: Considera\u00e7\u00f5es sobre a expans\u00e3o \u00e1rabe e suas primeiras consequ\u00eancias para o Egito. Mateus Jos\u00e9 da Silva Santos (UFPel) A\u00e7\u00e3o tr\u00e1gica e discurso feminino Darcylene Pereira Domingues (UFPel) Leituras de g\u00eanero a partir &hellip; <\/p>\n<p><a class=\"more-link btn\" href=\"https:\/\/wp.ufpel.edu.br\/poiema\/mesa-de-comunicacoes-2-iimpoiema\/\">Continue lendo<\/a><\/p>\n","protected":false},"author":1170,"featured_media":0,"parent":0,"menu_order":0,"comment_status":"closed","ping_status":"closed","template":"","meta":{"footnotes":""},"class_list":["post-5538","page","type-page","status-publish","hentry","nodate","item-wrap"],"yoast_head":"<!-- This site is optimized with the Yoast SEO plugin v26.7 - https:\/\/yoast.com\/wordpress\/plugins\/seo\/ -->\n<title>Mesa de Comunica\u00e7\u00f5es 2: Antiguidade e Outros Medievos - IIMPOIEMA - POIEMA<\/title>\n<meta name=\"robots\" content=\"index, follow, max-snippet:-1, max-image-preview:large, max-video-preview:-1\" \/>\n<link rel=\"canonical\" href=\"https:\/\/wp.ufpel.edu.br\/poiema\/mesa-de-comunicacoes-2-iimpoiema\/\" \/>\n<meta property=\"og:locale\" content=\"pt_BR\" \/>\n<meta property=\"og:type\" content=\"article\" \/>\n<meta property=\"og:title\" content=\"Mesa de Comunica\u00e7\u00f5es 2: Antiguidade e Outros Medievos - IIMPOIEMA - POIEMA\" \/>\n<meta property=\"og:description\" content=\"Mesa de Comunica\u00e7\u00f5es 2: Antiguidade e Outros Medievos Coordena\u00e7\u00e3o da Mesa: Maur\u00edcio Monitor: Juliana e Daniel Para o Oeste da Terra do Isl\u00e3: Considera\u00e7\u00f5es sobre a expans\u00e3o \u00e1rabe e suas primeiras consequ\u00eancias para o Egito. Mateus Jos\u00e9 da Silva Santos (UFPel) A\u00e7\u00e3o tr\u00e1gica e discurso feminino Darcylene Pereira Domingues (UFPel) Leituras de g\u00eanero a partir &hellip; Continue lendo\" \/>\n<meta property=\"og:url\" content=\"https:\/\/wp.ufpel.edu.br\/poiema\/mesa-de-comunicacoes-2-iimpoiema\/\" \/>\n<meta property=\"og:site_name\" content=\"POIEMA\" \/>\n<meta property=\"article:modified_time\" content=\"2023-08-15T20:09:43+00:00\" \/>\n<meta name=\"twitter:card\" content=\"summary_large_image\" \/>\n<meta name=\"twitter:label1\" content=\"Est. tempo de leitura\" \/>\n\t<meta name=\"twitter:data1\" content=\"1 minuto\" \/>\n<script type=\"application\/ld+json\" class=\"yoast-schema-graph\">{\"@context\":\"https:\/\/schema.org\",\"@graph\":[{\"@type\":\"WebPage\",\"@id\":\"https:\/\/wp.ufpel.edu.br\/poiema\/mesa-de-comunicacoes-2-iimpoiema\/\",\"url\":\"https:\/\/wp.ufpel.edu.br\/poiema\/mesa-de-comunicacoes-2-iimpoiema\/\",\"name\":\"Mesa de Comunica\u00e7\u00f5es 2: Antiguidade e Outros Medievos - IIMPOIEMA - POIEMA\",\"isPartOf\":{\"@id\":\"https:\/\/wp.ufpel.edu.br\/poiema\/#website\"},\"datePublished\":\"2023-08-15T17:06:32+00:00\",\"dateModified\":\"2023-08-15T20:09:43+00:00\",\"breadcrumb\":{\"@id\":\"https:\/\/wp.ufpel.edu.br\/poiema\/mesa-de-comunicacoes-2-iimpoiema\/#breadcrumb\"},\"inLanguage\":\"pt-BR\",\"potentialAction\":[{\"@type\":\"ReadAction\",\"target\":[\"https:\/\/wp.ufpel.edu.br\/poiema\/mesa-de-comunicacoes-2-iimpoiema\/\"]}]},{\"@type\":\"BreadcrumbList\",\"@id\":\"https:\/\/wp.ufpel.edu.br\/poiema\/mesa-de-comunicacoes-2-iimpoiema\/#breadcrumb\",\"itemListElement\":[{\"@type\":\"ListItem\",\"position\":1,\"name\":\"In\u00edcio\",\"item\":\"https:\/\/wp.ufpel.edu.br\/poiema\/\"},{\"@type\":\"ListItem\",\"position\":2,\"name\":\"Mesa de Comunica\u00e7\u00f5es 2: Antiguidade e Outros Medievos &#8211; IIMPOIEMA\"}]},{\"@type\":\"WebSite\",\"@id\":\"https:\/\/wp.ufpel.edu.br\/poiema\/#website\",\"url\":\"https:\/\/wp.ufpel.edu.br\/poiema\/\",\"name\":\"POIEMA\",\"description\":\"POIEMA UFPel\",\"potentialAction\":[{\"@type\":\"SearchAction\",\"target\":{\"@type\":\"EntryPoint\",\"urlTemplate\":\"https:\/\/wp.ufpel.edu.br\/poiema\/?s={search_term_string}\"},\"query-input\":{\"@type\":\"PropertyValueSpecification\",\"valueRequired\":true,\"valueName\":\"search_term_string\"}}],\"inLanguage\":\"pt-BR\"}]}<\/script>\n<!-- \/ Yoast SEO plugin. -->","yoast_head_json":{"title":"Mesa de Comunica\u00e7\u00f5es 2: Antiguidade e Outros Medievos - IIMPOIEMA - POIEMA","robots":{"index":"index","follow":"follow","max-snippet":"max-snippet:-1","max-image-preview":"max-image-preview:large","max-video-preview":"max-video-preview:-1"},"canonical":"https:\/\/wp.ufpel.edu.br\/poiema\/mesa-de-comunicacoes-2-iimpoiema\/","og_locale":"pt_BR","og_type":"article","og_title":"Mesa de Comunica\u00e7\u00f5es 2: Antiguidade e Outros Medievos - IIMPOIEMA - POIEMA","og_description":"Mesa de Comunica\u00e7\u00f5es 2: Antiguidade e Outros Medievos Coordena\u00e7\u00e3o da Mesa: Maur\u00edcio Monitor: Juliana e Daniel Para o Oeste da Terra do Isl\u00e3: Considera\u00e7\u00f5es sobre a expans\u00e3o \u00e1rabe e suas primeiras consequ\u00eancias para o Egito. Mateus Jos\u00e9 da Silva Santos (UFPel) A\u00e7\u00e3o tr\u00e1gica e discurso feminino Darcylene Pereira Domingues (UFPel) Leituras de g\u00eanero a partir &hellip; Continue lendo","og_url":"https:\/\/wp.ufpel.edu.br\/poiema\/mesa-de-comunicacoes-2-iimpoiema\/","og_site_name":"POIEMA","article_modified_time":"2023-08-15T20:09:43+00:00","twitter_card":"summary_large_image","twitter_misc":{"Est. tempo de leitura":"1 minuto"},"schema":{"@context":"https:\/\/schema.org","@graph":[{"@type":"WebPage","@id":"https:\/\/wp.ufpel.edu.br\/poiema\/mesa-de-comunicacoes-2-iimpoiema\/","url":"https:\/\/wp.ufpel.edu.br\/poiema\/mesa-de-comunicacoes-2-iimpoiema\/","name":"Mesa de Comunica\u00e7\u00f5es 2: Antiguidade e Outros Medievos - IIMPOIEMA - POIEMA","isPartOf":{"@id":"https:\/\/wp.ufpel.edu.br\/poiema\/#website"},"datePublished":"2023-08-15T17:06:32+00:00","dateModified":"2023-08-15T20:09:43+00:00","breadcrumb":{"@id":"https:\/\/wp.ufpel.edu.br\/poiema\/mesa-de-comunicacoes-2-iimpoiema\/#breadcrumb"},"inLanguage":"pt-BR","potentialAction":[{"@type":"ReadAction","target":["https:\/\/wp.ufpel.edu.br\/poiema\/mesa-de-comunicacoes-2-iimpoiema\/"]}]},{"@type":"BreadcrumbList","@id":"https:\/\/wp.ufpel.edu.br\/poiema\/mesa-de-comunicacoes-2-iimpoiema\/#breadcrumb","itemListElement":[{"@type":"ListItem","position":1,"name":"In\u00edcio","item":"https:\/\/wp.ufpel.edu.br\/poiema\/"},{"@type":"ListItem","position":2,"name":"Mesa de Comunica\u00e7\u00f5es 2: Antiguidade e Outros Medievos &#8211; IIMPOIEMA"}]},{"@type":"WebSite","@id":"https:\/\/wp.ufpel.edu.br\/poiema\/#website","url":"https:\/\/wp.ufpel.edu.br\/poiema\/","name":"POIEMA","description":"POIEMA UFPel","potentialAction":[{"@type":"SearchAction","target":{"@type":"EntryPoint","urlTemplate":"https:\/\/wp.ufpel.edu.br\/poiema\/?s={search_term_string}"},"query-input":{"@type":"PropertyValueSpecification","valueRequired":true,"valueName":"search_term_string"}}],"inLanguage":"pt-BR"}]}},"jetpack_sharing_enabled":true,"_links":{"self":[{"href":"https:\/\/wp.ufpel.edu.br\/poiema\/wp-json\/wp\/v2\/pages\/5538","targetHints":{"allow":["GET"]}}],"collection":[{"href":"https:\/\/wp.ufpel.edu.br\/poiema\/wp-json\/wp\/v2\/pages"}],"about":[{"href":"https:\/\/wp.ufpel.edu.br\/poiema\/wp-json\/wp\/v2\/types\/page"}],"author":[{"embeddable":true,"href":"https:\/\/wp.ufpel.edu.br\/poiema\/wp-json\/wp\/v2\/users\/1170"}],"replies":[{"embeddable":true,"href":"https:\/\/wp.ufpel.edu.br\/poiema\/wp-json\/wp\/v2\/comments?post=5538"}],"version-history":[{"count":3,"href":"https:\/\/wp.ufpel.edu.br\/poiema\/wp-json\/wp\/v2\/pages\/5538\/revisions"}],"predecessor-version":[{"id":5558,"href":"https:\/\/wp.ufpel.edu.br\/poiema\/wp-json\/wp\/v2\/pages\/5538\/revisions\/5558"}],"wp:attachment":[{"href":"https:\/\/wp.ufpel.edu.br\/poiema\/wp-json\/wp\/v2\/media?parent=5538"}],"curies":[{"name":"wp","href":"https:\/\/api.w.org\/{rel}","templated":true}]}}