{"id":5532,"date":"2023-08-15T11:31:39","date_gmt":"2023-08-15T14:31:39","guid":{"rendered":"https:\/\/wp.ufpel.edu.br\/poiema\/?page_id=5532"},"modified":"2023-08-15T17:09:48","modified_gmt":"2023-08-15T20:09:48","slug":"comunicacoes1-iimpoiema","status":"publish","type":"page","link":"https:\/\/wp.ufpel.edu.br\/poiema\/comunicacoes1-iimpoiema\/","title":{"rendered":"Mesa de Comunica\u00e7\u00f5es 1: Idade M\u00e9dia e Renascimento- IIMPOIEMA"},"content":{"rendered":"<p><strong>Mesa de Comunica\u00e7\u00f5es 1: Idade M\u00e9dia e Renascimento<\/strong><br \/>\nCoordena\u00e7\u00e3o da Mesa: Luiz Guerra<br \/>\nMonitora: Francine<\/p>\n<p><em>A vida e obra de Trotula di Ruggiero atrav\u00e9s de uma perspectiva de g\u00eanero<\/em><br \/>\nGabriela Dallazem Bisotto (UFPel)<\/p>\n<p><em>Todo Mundo \u00e9 C\u00e1taro: An\u00e1lises iniciais das bulas inquisitoriais Ad Abolendam e Vergentis in Senium<\/em><br \/>\nAdrienne Peixoto Cardoso (UFPel)<\/p>\n<p><em>Humildade, rainha em Ordo Virtutum e uma virtude de Hildegard von Bingen: um olhar sobre a arte e o epistol\u00e1rio hildegardiano entre as d\u00e9cadas de 1140 e 1170<\/em><br \/>\nGiovana Pineda Prado (UFPel)<\/p>\n<p><em>Mulheres em Espa\u00e7os de Poder: Uma an\u00e1lise das correspond\u00eancias de Hildegard von Bingen (s\u00e9culo XII)<\/em><br \/>\nIsadora Teixeira da Cunha (UNIPAMPA)<\/p>\n<p><em>A alquimia da mulher entre discursos e pr\u00e1ticas: uma proposta de pesquisa<\/em><br \/>\nIsabel Antonello Flores (UFSM)<\/p>\n<p><em>&#8220;Ele d\u00e1 riquezas a um homem e o faz s\u00e1bio e eloquente&#8221;: Goetia, Magia Salom\u00f4nica e invoca\u00e7\u00e3o de dem\u00f4nios na Inglaterra do s\u00e9culo XVII<\/em><br \/>\nGabriel de Oliveira Serafim (UFSM)<\/p>\n<p>&nbsp;<\/p>\n","protected":false},"excerpt":{"rendered":"<p>Mesa de Comunica\u00e7\u00f5es 1: Idade M\u00e9dia e Renascimento Coordena\u00e7\u00e3o da Mesa: Luiz Guerra Monitora: Francine A vida e obra de Trotula di Ruggiero atrav\u00e9s de uma perspectiva de g\u00eanero Gabriela Dallazem Bisotto (UFPel) Todo Mundo \u00e9 C\u00e1taro: An\u00e1lises iniciais das bulas inquisitoriais Ad Abolendam e Vergentis in Senium Adrienne Peixoto Cardoso (UFPel) Humildade, rainha em &hellip; <\/p>\n<p><a class=\"more-link btn\" href=\"https:\/\/wp.ufpel.edu.br\/poiema\/comunicacoes1-iimpoiema\/\">Continue lendo<\/a><\/p>\n","protected":false},"author":1170,"featured_media":0,"parent":0,"menu_order":0,"comment_status":"closed","ping_status":"closed","template":"","meta":{"_crdt_document":"","footnotes":""},"class_list":["post-5532","page","type-page","status-publish","hentry","nodate","item-wrap"],"yoast_head":"<!-- This site is optimized with the Yoast SEO plugin v27.6 - https:\/\/yoast.com\/product\/yoast-seo-wordpress\/ -->\n<title>Mesa de Comunica\u00e7\u00f5es 1: Idade M\u00e9dia e Renascimento- IIMPOIEMA - POIEMA<\/title>\n<meta name=\"robots\" content=\"index, follow, max-snippet:-1, max-image-preview:large, max-video-preview:-1\" \/>\n<link rel=\"canonical\" href=\"https:\/\/wp.ufpel.edu.br\/poiema\/comunicacoes1-iimpoiema\/\" \/>\n<meta property=\"og:locale\" content=\"pt_BR\" \/>\n<meta property=\"og:type\" content=\"article\" \/>\n<meta property=\"og:title\" content=\"Mesa de Comunica\u00e7\u00f5es 1: Idade M\u00e9dia e Renascimento- IIMPOIEMA - POIEMA\" \/>\n<meta property=\"og:description\" content=\"Mesa de Comunica\u00e7\u00f5es 1: Idade M\u00e9dia e Renascimento Coordena\u00e7\u00e3o da Mesa: Luiz Guerra Monitora: Francine A vida e obra de Trotula di Ruggiero atrav\u00e9s de uma perspectiva de g\u00eanero Gabriela Dallazem Bisotto (UFPel) Todo Mundo \u00e9 C\u00e1taro: An\u00e1lises iniciais das bulas inquisitoriais Ad Abolendam e Vergentis in Senium Adrienne Peixoto Cardoso (UFPel) Humildade, rainha em &hellip; Continue lendo\" \/>\n<meta property=\"og:url\" content=\"https:\/\/wp.ufpel.edu.br\/poiema\/comunicacoes1-iimpoiema\/\" \/>\n<meta property=\"og:site_name\" content=\"POIEMA\" \/>\n<meta property=\"article:modified_time\" content=\"2023-08-15T20:09:48+00:00\" \/>\n<meta name=\"twitter:card\" content=\"summary_large_image\" \/>\n<meta name=\"twitter:label1\" content=\"Est. tempo de leitura\" \/>\n\t<meta name=\"twitter:data1\" content=\"1 minuto\" \/>\n<script type=\"application\/ld+json\" class=\"yoast-schema-graph\">{\"@context\":\"https:\\\/\\\/schema.org\",\"@graph\":[{\"@type\":\"WebPage\",\"@id\":\"https:\\\/\\\/wp.ufpel.edu.br\\\/poiema\\\/comunicacoes1-iimpoiema\\\/\",\"url\":\"https:\\\/\\\/wp.ufpel.edu.br\\\/poiema\\\/comunicacoes1-iimpoiema\\\/\",\"name\":\"Mesa de Comunica\u00e7\u00f5es 1: Idade M\u00e9dia e Renascimento- IIMPOIEMA - POIEMA\",\"isPartOf\":{\"@id\":\"https:\\\/\\\/wp.ufpel.edu.br\\\/poiema\\\/#website\"},\"datePublished\":\"2023-08-15T14:31:39+00:00\",\"dateModified\":\"2023-08-15T20:09:48+00:00\",\"breadcrumb\":{\"@id\":\"https:\\\/\\\/wp.ufpel.edu.br\\\/poiema\\\/comunicacoes1-iimpoiema\\\/#breadcrumb\"},\"inLanguage\":\"pt-BR\",\"potentialAction\":[{\"@type\":\"ReadAction\",\"target\":[\"https:\\\/\\\/wp.ufpel.edu.br\\\/poiema\\\/comunicacoes1-iimpoiema\\\/\"]}]},{\"@type\":\"BreadcrumbList\",\"@id\":\"https:\\\/\\\/wp.ufpel.edu.br\\\/poiema\\\/comunicacoes1-iimpoiema\\\/#breadcrumb\",\"itemListElement\":[{\"@type\":\"ListItem\",\"position\":1,\"name\":\"In\u00edcio\",\"item\":\"https:\\\/\\\/wp.ufpel.edu.br\\\/poiema\\\/\"},{\"@type\":\"ListItem\",\"position\":2,\"name\":\"Mesa de Comunica\u00e7\u00f5es 1: Idade M\u00e9dia e Renascimento- IIMPOIEMA\"}]},{\"@type\":\"WebSite\",\"@id\":\"https:\\\/\\\/wp.ufpel.edu.br\\\/poiema\\\/#website\",\"url\":\"https:\\\/\\\/wp.ufpel.edu.br\\\/poiema\\\/\",\"name\":\"POIEMA\",\"description\":\"POIEMA UFPel\",\"potentialAction\":[{\"@type\":\"SearchAction\",\"target\":{\"@type\":\"EntryPoint\",\"urlTemplate\":\"https:\\\/\\\/wp.ufpel.edu.br\\\/poiema\\\/?s={search_term_string}\"},\"query-input\":{\"@type\":\"PropertyValueSpecification\",\"valueRequired\":true,\"valueName\":\"search_term_string\"}}],\"inLanguage\":\"pt-BR\"}]}<\/script>\n<!-- \/ Yoast SEO plugin. -->","yoast_head_json":{"title":"Mesa de Comunica\u00e7\u00f5es 1: Idade M\u00e9dia e Renascimento- IIMPOIEMA - POIEMA","robots":{"index":"index","follow":"follow","max-snippet":"max-snippet:-1","max-image-preview":"max-image-preview:large","max-video-preview":"max-video-preview:-1"},"canonical":"https:\/\/wp.ufpel.edu.br\/poiema\/comunicacoes1-iimpoiema\/","og_locale":"pt_BR","og_type":"article","og_title":"Mesa de Comunica\u00e7\u00f5es 1: Idade M\u00e9dia e Renascimento- IIMPOIEMA - POIEMA","og_description":"Mesa de Comunica\u00e7\u00f5es 1: Idade M\u00e9dia e Renascimento Coordena\u00e7\u00e3o da Mesa: Luiz Guerra Monitora: Francine A vida e obra de Trotula di Ruggiero atrav\u00e9s de uma perspectiva de g\u00eanero Gabriela Dallazem Bisotto (UFPel) Todo Mundo \u00e9 C\u00e1taro: An\u00e1lises iniciais das bulas inquisitoriais Ad Abolendam e Vergentis in Senium Adrienne Peixoto Cardoso (UFPel) Humildade, rainha em &hellip; Continue lendo","og_url":"https:\/\/wp.ufpel.edu.br\/poiema\/comunicacoes1-iimpoiema\/","og_site_name":"POIEMA","article_modified_time":"2023-08-15T20:09:48+00:00","twitter_card":"summary_large_image","twitter_misc":{"Est. tempo de leitura":"1 minuto"},"schema":{"@context":"https:\/\/schema.org","@graph":[{"@type":"WebPage","@id":"https:\/\/wp.ufpel.edu.br\/poiema\/comunicacoes1-iimpoiema\/","url":"https:\/\/wp.ufpel.edu.br\/poiema\/comunicacoes1-iimpoiema\/","name":"Mesa de Comunica\u00e7\u00f5es 1: Idade M\u00e9dia e Renascimento- IIMPOIEMA - POIEMA","isPartOf":{"@id":"https:\/\/wp.ufpel.edu.br\/poiema\/#website"},"datePublished":"2023-08-15T14:31:39+00:00","dateModified":"2023-08-15T20:09:48+00:00","breadcrumb":{"@id":"https:\/\/wp.ufpel.edu.br\/poiema\/comunicacoes1-iimpoiema\/#breadcrumb"},"inLanguage":"pt-BR","potentialAction":[{"@type":"ReadAction","target":["https:\/\/wp.ufpel.edu.br\/poiema\/comunicacoes1-iimpoiema\/"]}]},{"@type":"BreadcrumbList","@id":"https:\/\/wp.ufpel.edu.br\/poiema\/comunicacoes1-iimpoiema\/#breadcrumb","itemListElement":[{"@type":"ListItem","position":1,"name":"In\u00edcio","item":"https:\/\/wp.ufpel.edu.br\/poiema\/"},{"@type":"ListItem","position":2,"name":"Mesa de Comunica\u00e7\u00f5es 1: Idade M\u00e9dia e Renascimento- IIMPOIEMA"}]},{"@type":"WebSite","@id":"https:\/\/wp.ufpel.edu.br\/poiema\/#website","url":"https:\/\/wp.ufpel.edu.br\/poiema\/","name":"POIEMA","description":"POIEMA UFPel","potentialAction":[{"@type":"SearchAction","target":{"@type":"EntryPoint","urlTemplate":"https:\/\/wp.ufpel.edu.br\/poiema\/?s={search_term_string}"},"query-input":{"@type":"PropertyValueSpecification","valueRequired":true,"valueName":"search_term_string"}}],"inLanguage":"pt-BR"}]}},"jetpack_sharing_enabled":true,"_links":{"self":[{"href":"https:\/\/wp.ufpel.edu.br\/poiema\/wp-json\/wp\/v2\/pages\/5532","targetHints":{"allow":["GET"]}}],"collection":[{"href":"https:\/\/wp.ufpel.edu.br\/poiema\/wp-json\/wp\/v2\/pages"}],"about":[{"href":"https:\/\/wp.ufpel.edu.br\/poiema\/wp-json\/wp\/v2\/types\/page"}],"author":[{"embeddable":true,"href":"https:\/\/wp.ufpel.edu.br\/poiema\/wp-json\/wp\/v2\/users\/1170"}],"replies":[{"embeddable":true,"href":"https:\/\/wp.ufpel.edu.br\/poiema\/wp-json\/wp\/v2\/comments?post=5532"}],"version-history":[{"count":5,"href":"https:\/\/wp.ufpel.edu.br\/poiema\/wp-json\/wp\/v2\/pages\/5532\/revisions"}],"predecessor-version":[{"id":5560,"href":"https:\/\/wp.ufpel.edu.br\/poiema\/wp-json\/wp\/v2\/pages\/5532\/revisions\/5560"}],"wp:attachment":[{"href":"https:\/\/wp.ufpel.edu.br\/poiema\/wp-json\/wp\/v2\/media?parent=5532"}],"curies":[{"name":"wp","href":"https:\/\/api.w.org\/{rel}","templated":true}]}}