{"id":5378,"date":"2023-06-16T15:48:39","date_gmt":"2023-06-16T18:48:39","guid":{"rendered":"https:\/\/wp.ufpel.edu.br\/poiema\/?page_id=5378"},"modified":"2023-12-29T11:13:31","modified_gmt":"2023-12-29T14:13:31","slug":"laura-bergozza","status":"publish","type":"page","link":"https:\/\/wp.ufpel.edu.br\/poiema\/laura-bergozza\/","title":{"rendered":"Pesquisa: Paradid\u00e1ticos e seus usos para o ensino da &#8220;Idade M\u00e9dia&#8221;"},"content":{"rendered":"<p style=\"text-align: center;\"><strong>Medievos que transbordam os limites eurocentranlizantes: \u00c1frica<\/strong><\/p>\n<p style=\"text-align: justify;\">A chamada \u201cIdade M\u00e9dia\u201d, bem como seu estudo s\u00e3o atravessados por diversas constru\u00e7\u00f5es pol\u00edticas, sociais, culturais e econ\u00f4micas, as quais s\u00e3o perpassadas por ideias eurocentralizantes. Protagonizando, dessa forma, conceitos e no\u00e7\u00f5es cujos referenciais voltam-se a um passado branco e crist\u00e3o.<\/p>\n<p style=\"text-align: justify;\">A pesquisa debru\u00e7a-se sobre como tais constru\u00e7\u00f5es s\u00e3o percebidas no estudo da Hist\u00f3ria da \u00c1frica, observando sobretudo as tentativas de embranquecimento a partir do uso epistemol\u00f3gico de conceitos eurocentralizantes, problematizando seus usos. N\u00e3o longe, busca-se compreender a Hist\u00f3ria da \u00c1frica para al\u00e9m da constru\u00e7\u00e3o de Idade M\u00e9dia, a qual \u00e9 abarcada por uma s\u00e9rie de imagens, conceitos, esteri\u00f3tipos e ideias que se relacionam com uma confec\u00e7\u00e3o de passado. Para tanto, a pesquisa \u00e9 desenvolvida atrav\u00e9s de um di\u00e1logo interdisciplinar.<\/p>\n<p>&nbsp;<\/p>\n<p style=\"text-align: justify;\"><em><a href=\"https:\/\/wp.ufpel.edu.br\/poiema\/files\/2023\/12\/Integrantes-do-Poiema.png\"><img loading=\"lazy\" decoding=\"async\" class=\"alignleft wp-image-5846 size-thumbnail\" src=\"https:\/\/wp.ufpel.edu.br\/poiema\/files\/2023\/12\/Integrantes-do-Poiema-200x200.png\" alt=\"\" width=\"200\" height=\"200\" srcset=\"https:\/\/wp.ufpel.edu.br\/poiema\/files\/2023\/12\/Integrantes-do-Poiema-200x200.png 200w, https:\/\/wp.ufpel.edu.br\/poiema\/files\/2023\/12\/Integrantes-do-Poiema-400x400.png 400w, https:\/\/wp.ufpel.edu.br\/poiema\/files\/2023\/12\/Integrantes-do-Poiema-1024x1024.png 1024w, https:\/\/wp.ufpel.edu.br\/poiema\/files\/2023\/12\/Integrantes-do-Poiema-768x768.png 768w, https:\/\/wp.ufpel.edu.br\/poiema\/files\/2023\/12\/Integrantes-do-Poiema-750x750.png 750w, https:\/\/wp.ufpel.edu.br\/poiema\/files\/2023\/12\/Integrantes-do-Poiema.png 1080w\" sizes=\"auto, (max-width: 200px) 100vw, 200px\" \/><\/a><\/em><\/p>\n<p>&nbsp;<\/p>\n<p style=\"text-align: justify;\"><em>Laura Bergozza Pereira<\/em> \u00e9 graduanda em Hist\u00f3ria Bacharelado pela Universidade Federal de Pelotas e integra o Polo desde Out. de 2022. Suas \u00e1reas de interesse contemplam Hist\u00f3ria da \u00c1frica; Recep\u00e7\u00e3o da Idade M\u00e9dia; Hist\u00f3ria P\u00fablica.<br \/>\n<a href=\"http:\/\/lattes.cnpq.br\/7565160982415221\">http:\/\/lattes.cnpq.br\/7565160982415221<\/a><\/p>\n<p>&nbsp;<\/p>\n","protected":false},"excerpt":{"rendered":"<p>Medievos que transbordam os limites eurocentranlizantes: \u00c1frica A chamada \u201cIdade M\u00e9dia\u201d, bem como seu estudo s\u00e3o atravessados por diversas constru\u00e7\u00f5es pol\u00edticas, sociais, culturais e econ\u00f4micas, as quais s\u00e3o perpassadas por ideias eurocentralizantes. Protagonizando, dessa forma, conceitos e no\u00e7\u00f5es cujos referenciais voltam-se a um passado branco e crist\u00e3o. A pesquisa debru\u00e7a-se sobre como tais constru\u00e7\u00f5es s\u00e3o &hellip; <\/p>\n<p><a class=\"more-link btn\" href=\"https:\/\/wp.ufpel.edu.br\/poiema\/laura-bergozza\/\">Continue lendo<\/a><\/p>\n","protected":false},"author":1170,"featured_media":0,"parent":0,"menu_order":0,"comment_status":"closed","ping_status":"closed","template":"","meta":{"footnotes":""},"class_list":["post-5378","page","type-page","status-publish","hentry","nodate","item-wrap"],"yoast_head":"<!-- This site is optimized with the Yoast SEO plugin v26.7 - https:\/\/yoast.com\/wordpress\/plugins\/seo\/ -->\n<title>Pesquisa: Paradid\u00e1ticos e seus usos para o ensino da &quot;Idade M\u00e9dia&quot; - POIEMA<\/title>\n<meta name=\"robots\" content=\"index, follow, max-snippet:-1, max-image-preview:large, max-video-preview:-1\" \/>\n<link rel=\"canonical\" href=\"https:\/\/wp.ufpel.edu.br\/poiema\/laura-bergozza\/\" \/>\n<meta property=\"og:locale\" content=\"pt_BR\" \/>\n<meta property=\"og:type\" content=\"article\" \/>\n<meta property=\"og:title\" content=\"Pesquisa: Paradid\u00e1ticos e seus usos para o ensino da &quot;Idade M\u00e9dia&quot; - POIEMA\" \/>\n<meta property=\"og:description\" content=\"Medievos que transbordam os limites eurocentranlizantes: \u00c1frica A chamada \u201cIdade M\u00e9dia\u201d, bem como seu estudo s\u00e3o atravessados por diversas constru\u00e7\u00f5es pol\u00edticas, sociais, culturais e econ\u00f4micas, as quais s\u00e3o perpassadas por ideias eurocentralizantes. Protagonizando, dessa forma, conceitos e no\u00e7\u00f5es cujos referenciais voltam-se a um passado branco e crist\u00e3o. A pesquisa debru\u00e7a-se sobre como tais constru\u00e7\u00f5es s\u00e3o &hellip; Continue lendo\" \/>\n<meta property=\"og:url\" content=\"https:\/\/wp.ufpel.edu.br\/poiema\/laura-bergozza\/\" \/>\n<meta property=\"og:site_name\" content=\"POIEMA\" \/>\n<meta property=\"article:modified_time\" content=\"2023-12-29T14:13:31+00:00\" \/>\n<meta property=\"og:image\" content=\"https:\/\/wp.ufpel.edu.br\/poiema\/files\/2023\/12\/Integrantes-do-Poiema-200x200.png\" \/>\n<meta name=\"twitter:card\" content=\"summary_large_image\" \/>\n<meta name=\"twitter:label1\" content=\"Est. tempo de leitura\" \/>\n\t<meta name=\"twitter:data1\" content=\"2 minutos\" \/>\n<script type=\"application\/ld+json\" class=\"yoast-schema-graph\">{\"@context\":\"https:\/\/schema.org\",\"@graph\":[{\"@type\":\"WebPage\",\"@id\":\"https:\/\/wp.ufpel.edu.br\/poiema\/laura-bergozza\/\",\"url\":\"https:\/\/wp.ufpel.edu.br\/poiema\/laura-bergozza\/\",\"name\":\"Pesquisa: Paradid\u00e1ticos e seus usos para o ensino da \\\"Idade M\u00e9dia\\\" - POIEMA\",\"isPartOf\":{\"@id\":\"https:\/\/wp.ufpel.edu.br\/poiema\/#website\"},\"primaryImageOfPage\":{\"@id\":\"https:\/\/wp.ufpel.edu.br\/poiema\/laura-bergozza\/#primaryimage\"},\"image\":{\"@id\":\"https:\/\/wp.ufpel.edu.br\/poiema\/laura-bergozza\/#primaryimage\"},\"thumbnailUrl\":\"https:\/\/wp.ufpel.edu.br\/poiema\/files\/2023\/12\/Integrantes-do-Poiema-200x200.png\",\"datePublished\":\"2023-06-16T18:48:39+00:00\",\"dateModified\":\"2023-12-29T14:13:31+00:00\",\"breadcrumb\":{\"@id\":\"https:\/\/wp.ufpel.edu.br\/poiema\/laura-bergozza\/#breadcrumb\"},\"inLanguage\":\"pt-BR\",\"potentialAction\":[{\"@type\":\"ReadAction\",\"target\":[\"https:\/\/wp.ufpel.edu.br\/poiema\/laura-bergozza\/\"]}]},{\"@type\":\"ImageObject\",\"inLanguage\":\"pt-BR\",\"@id\":\"https:\/\/wp.ufpel.edu.br\/poiema\/laura-bergozza\/#primaryimage\",\"url\":\"https:\/\/wp.ufpel.edu.br\/poiema\/files\/2023\/12\/Integrantes-do-Poiema.png\",\"contentUrl\":\"https:\/\/wp.ufpel.edu.br\/poiema\/files\/2023\/12\/Integrantes-do-Poiema.png\",\"width\":1080,\"height\":1080},{\"@type\":\"BreadcrumbList\",\"@id\":\"https:\/\/wp.ufpel.edu.br\/poiema\/laura-bergozza\/#breadcrumb\",\"itemListElement\":[{\"@type\":\"ListItem\",\"position\":1,\"name\":\"In\u00edcio\",\"item\":\"https:\/\/wp.ufpel.edu.br\/poiema\/\"},{\"@type\":\"ListItem\",\"position\":2,\"name\":\"Pesquisa: Paradid\u00e1ticos e seus usos para o ensino da &#8220;Idade M\u00e9dia&#8221;\"}]},{\"@type\":\"WebSite\",\"@id\":\"https:\/\/wp.ufpel.edu.br\/poiema\/#website\",\"url\":\"https:\/\/wp.ufpel.edu.br\/poiema\/\",\"name\":\"POIEMA\",\"description\":\"POIEMA ufpel\",\"potentialAction\":[{\"@type\":\"SearchAction\",\"target\":{\"@type\":\"EntryPoint\",\"urlTemplate\":\"https:\/\/wp.ufpel.edu.br\/poiema\/?s={search_term_string}\"},\"query-input\":{\"@type\":\"PropertyValueSpecification\",\"valueRequired\":true,\"valueName\":\"search_term_string\"}}],\"inLanguage\":\"pt-BR\"}]}<\/script>\n<!-- \/ Yoast SEO plugin. -->","yoast_head_json":{"title":"Pesquisa: Paradid\u00e1ticos e seus usos para o ensino da \"Idade M\u00e9dia\" - POIEMA","robots":{"index":"index","follow":"follow","max-snippet":"max-snippet:-1","max-image-preview":"max-image-preview:large","max-video-preview":"max-video-preview:-1"},"canonical":"https:\/\/wp.ufpel.edu.br\/poiema\/laura-bergozza\/","og_locale":"pt_BR","og_type":"article","og_title":"Pesquisa: Paradid\u00e1ticos e seus usos para o ensino da \"Idade M\u00e9dia\" - POIEMA","og_description":"Medievos que transbordam os limites eurocentranlizantes: \u00c1frica A chamada \u201cIdade M\u00e9dia\u201d, bem como seu estudo s\u00e3o atravessados por diversas constru\u00e7\u00f5es pol\u00edticas, sociais, culturais e econ\u00f4micas, as quais s\u00e3o perpassadas por ideias eurocentralizantes. Protagonizando, dessa forma, conceitos e no\u00e7\u00f5es cujos referenciais voltam-se a um passado branco e crist\u00e3o. A pesquisa debru\u00e7a-se sobre como tais constru\u00e7\u00f5es s\u00e3o &hellip; Continue lendo","og_url":"https:\/\/wp.ufpel.edu.br\/poiema\/laura-bergozza\/","og_site_name":"POIEMA","article_modified_time":"2023-12-29T14:13:31+00:00","og_image":[{"url":"https:\/\/wp.ufpel.edu.br\/poiema\/files\/2023\/12\/Integrantes-do-Poiema-200x200.png","type":"","width":"","height":""}],"twitter_card":"summary_large_image","twitter_misc":{"Est. tempo de leitura":"2 minutos"},"schema":{"@context":"https:\/\/schema.org","@graph":[{"@type":"WebPage","@id":"https:\/\/wp.ufpel.edu.br\/poiema\/laura-bergozza\/","url":"https:\/\/wp.ufpel.edu.br\/poiema\/laura-bergozza\/","name":"Pesquisa: Paradid\u00e1ticos e seus usos para o ensino da \"Idade M\u00e9dia\" - POIEMA","isPartOf":{"@id":"https:\/\/wp.ufpel.edu.br\/poiema\/#website"},"primaryImageOfPage":{"@id":"https:\/\/wp.ufpel.edu.br\/poiema\/laura-bergozza\/#primaryimage"},"image":{"@id":"https:\/\/wp.ufpel.edu.br\/poiema\/laura-bergozza\/#primaryimage"},"thumbnailUrl":"https:\/\/wp.ufpel.edu.br\/poiema\/files\/2023\/12\/Integrantes-do-Poiema-200x200.png","datePublished":"2023-06-16T18:48:39+00:00","dateModified":"2023-12-29T14:13:31+00:00","breadcrumb":{"@id":"https:\/\/wp.ufpel.edu.br\/poiema\/laura-bergozza\/#breadcrumb"},"inLanguage":"pt-BR","potentialAction":[{"@type":"ReadAction","target":["https:\/\/wp.ufpel.edu.br\/poiema\/laura-bergozza\/"]}]},{"@type":"ImageObject","inLanguage":"pt-BR","@id":"https:\/\/wp.ufpel.edu.br\/poiema\/laura-bergozza\/#primaryimage","url":"https:\/\/wp.ufpel.edu.br\/poiema\/files\/2023\/12\/Integrantes-do-Poiema.png","contentUrl":"https:\/\/wp.ufpel.edu.br\/poiema\/files\/2023\/12\/Integrantes-do-Poiema.png","width":1080,"height":1080},{"@type":"BreadcrumbList","@id":"https:\/\/wp.ufpel.edu.br\/poiema\/laura-bergozza\/#breadcrumb","itemListElement":[{"@type":"ListItem","position":1,"name":"In\u00edcio","item":"https:\/\/wp.ufpel.edu.br\/poiema\/"},{"@type":"ListItem","position":2,"name":"Pesquisa: Paradid\u00e1ticos e seus usos para o ensino da &#8220;Idade M\u00e9dia&#8221;"}]},{"@type":"WebSite","@id":"https:\/\/wp.ufpel.edu.br\/poiema\/#website","url":"https:\/\/wp.ufpel.edu.br\/poiema\/","name":"POIEMA","description":"POIEMA ufpel","potentialAction":[{"@type":"SearchAction","target":{"@type":"EntryPoint","urlTemplate":"https:\/\/wp.ufpel.edu.br\/poiema\/?s={search_term_string}"},"query-input":{"@type":"PropertyValueSpecification","valueRequired":true,"valueName":"search_term_string"}}],"inLanguage":"pt-BR"}]}},"jetpack_sharing_enabled":true,"_links":{"self":[{"href":"https:\/\/wp.ufpel.edu.br\/poiema\/wp-json\/wp\/v2\/pages\/5378","targetHints":{"allow":["GET"]}}],"collection":[{"href":"https:\/\/wp.ufpel.edu.br\/poiema\/wp-json\/wp\/v2\/pages"}],"about":[{"href":"https:\/\/wp.ufpel.edu.br\/poiema\/wp-json\/wp\/v2\/types\/page"}],"author":[{"embeddable":true,"href":"https:\/\/wp.ufpel.edu.br\/poiema\/wp-json\/wp\/v2\/users\/1170"}],"replies":[{"embeddable":true,"href":"https:\/\/wp.ufpel.edu.br\/poiema\/wp-json\/wp\/v2\/comments?post=5378"}],"version-history":[{"count":5,"href":"https:\/\/wp.ufpel.edu.br\/poiema\/wp-json\/wp\/v2\/pages\/5378\/revisions"}],"predecessor-version":[{"id":5851,"href":"https:\/\/wp.ufpel.edu.br\/poiema\/wp-json\/wp\/v2\/pages\/5378\/revisions\/5851"}],"wp:attachment":[{"href":"https:\/\/wp.ufpel.edu.br\/poiema\/wp-json\/wp\/v2\/media?parent=5378"}],"curies":[{"name":"wp","href":"https:\/\/api.w.org\/{rel}","templated":true}]}}