{"id":5284,"date":"2023-05-22T19:07:55","date_gmt":"2023-05-22T22:07:55","guid":{"rendered":"https:\/\/wp.ufpel.edu.br\/poiema\/?page_id=5284"},"modified":"2023-08-18T00:12:23","modified_gmt":"2023-08-18T03:12:23","slug":"programacao","status":"publish","type":"page","link":"https:\/\/wp.ufpel.edu.br\/poiema\/iimpoiema\/programacao\/","title":{"rendered":"Programa\u00e7\u00e3o"},"content":{"rendered":"<p><em>(Clique nos t\u00edtulos das atividades para ler um resumo)<\/em><\/p>\n<p>&nbsp;<\/p>\n<h4 style=\"text-align: center;\">Dia 17\/08 &#8211; Quinta Feira:<\/h4>\n<p><a href=\"https:\/\/wp.ufpel.edu.br\/poiema\/2023\/07\/18\/oficina-introducao-a-paleografia-medieval\/\">8h &#8211; 12h &#8211; Oficina: <em>Introdu\u00e7\u00e3o \u00e0 Paleografia Medieval<\/em>, com o Prof. Dr. Igor Salom\u00e3o Teixeira (UFRGS). &#8211; Sala 134 (ICH)<\/a><\/p>\n<p><a href=\"https:\/\/wp.ufpel.edu.br\/poiema\/comunicacoes1-iimpoiema\/\">13h30min &#8211; 15h30min &#8211; Mesa de Comunica\u00e7\u00f5es 1: Idade M\u00e9dia e Renascimento. &#8211; Mini Audit\u00f3rio 2 (CEHUS)<\/a><\/p>\n<p><a href=\"https:\/\/wp.ufpel.edu.br\/poiema\/mesa-de-comunicacoes-2-iimpoiema\/\">15h45min &#8211; 18h15min &#8211; Mesa de Comunica\u00e7\u00f5es 2: Outros Medievos e Antiguidade.<\/a><\/p>\n<p><a href=\"https:\/\/www.instagram.com\/poiemaufpel\/?hl=pt-br\">19h &#8211; Abertura: POIEMA, com a Profa. Dra. Daniele Gallindo Gon\u00e7alves (UFPel). &#8211; Mini Audit\u00f3rio 2 (CEHUS)<\/a><\/p>\n<p><a href=\"https:\/\/www.instagram.com\/p\/Cvm313vNIn7\/?hl=pt-br\">19h30min &#8211; Performance Musical: Grupo Iluminura. &#8211; Audit\u00f3rio 1 (CA)<\/a><\/p>\n<p><a href=\"https:\/\/wp.ufpel.edu.br\/poiema\/2023\/07\/23\/palestra-de-abertura-anti-medievalismo-e-republicanismo-nas-obras-de-eugene-sue-e-victor-hugo\/\">20h &#8211; Palestra de Abertura: Anti-medievalismo e Republicanismo nas Obras de Eug\u00e8ne Su\u00eb e Victor Hugo, com o Dr. Stephen Basdeo (Universidade de Leeds). &#8211; Mini Audit\u00f3rio 2 (CEHUS)<\/a><\/p>\n<p>&nbsp;<\/p>\n<h4 style=\"text-align: center;\">Dia 18\/08 &#8211; Sexta Feira:<\/h4>\n<p><a href=\"https:\/\/wp.ufpel.edu.br\/poiema\/2023\/07\/18\/oficina-introducao-a-paleografia-medieval\/\">9h &#8211; 12h &#8211; Oficina: <em>Introdu\u00e7\u00e3o \u00e0 Paleografia Medieval<\/em>, com o Prof. Dr. Igor Salom\u00e3o Teixeira (UFRGS). &#8211; (Sala 134 ICH)<\/a><\/p>\n<p><a href=\"https:\/\/wp.ufpel.edu.br\/poiema\/mesa-de-comunicacoes3-iimpoiema\/\">13h30min &#8211; 15h30 &#8211; Mesa de Comunica\u00e7\u00f5es 3: (Neo)Medievalismos e Recep\u00e7\u00e3o da Idade M\u00e9dia. &#8211; Mini Audit\u00f3rio 2 (CEHUS)<\/a><\/p>\n<p><a href=\"https:\/\/www.instagram.com\/p\/CvU_VxQgdkD\/?hl=pt-br\">16h &#8211; Mesa Redonda: Religi\u00e3o e Esoterismo, com o Prof. Dr. Francisco de Paula de Mendon\u00e7a Jr. (UFSM) e Prof. Dr. Lukas Gabriel Grzybowski (UEL) &#8211; Mini Audit\u00f3rio 2 (CEHUS)<\/a><\/p>\n<p><a href=\"https:\/\/wp.ufpel.edu.br\/poiema\/2023\/08\/17\/palestra-de-encerramento-iimpoiema\/\">19h &#8211; Palestra de Encerramento: Como um Rei Governa um Territ\u00f3rio em Disputa? A Sic\u00edlia entre Angevinos e Aragoneses 1282-1302, com o Prof. Dr. Igor Salom\u00e3o Teixeira (UFRGS). &#8211; Mini Audit\u00f3rio 2 (CEHUS)<\/a><\/p>\n<p>&nbsp;<\/p>\n","protected":false},"excerpt":{"rendered":"<p>(Clique nos t\u00edtulos das atividades para ler um resumo) &nbsp; Dia 17\/08 &#8211; Quinta Feira: 8h &#8211; 12h &#8211; Oficina: Introdu\u00e7\u00e3o \u00e0 Paleografia Medieval, com o Prof. Dr. Igor Salom\u00e3o Teixeira (UFRGS). &#8211; Sala 134 (ICH) 13h30min &#8211; 15h30min &#8211; Mesa de Comunica\u00e7\u00f5es 1: Idade M\u00e9dia e Renascimento. &#8211; Mini Audit\u00f3rio 2 (CEHUS) 15h45min &#8211; &hellip; <\/p>\n<p><a class=\"more-link btn\" href=\"https:\/\/wp.ufpel.edu.br\/poiema\/iimpoiema\/programacao\/\">Continue lendo<\/a><\/p>\n","protected":false},"author":1170,"featured_media":0,"parent":5256,"menu_order":0,"comment_status":"closed","ping_status":"closed","template":"template-onecolumn.php","meta":{"footnotes":""},"class_list":["post-5284","page","type-page","status-publish","hentry","nodate","item-wrap"],"yoast_head":"<!-- This site is optimized with the Yoast SEO plugin v26.7 - https:\/\/yoast.com\/wordpress\/plugins\/seo\/ -->\n<title>Programa\u00e7\u00e3o - POIEMA<\/title>\n<meta name=\"robots\" content=\"index, follow, max-snippet:-1, max-image-preview:large, max-video-preview:-1\" \/>\n<link rel=\"canonical\" href=\"https:\/\/wp.ufpel.edu.br\/poiema\/iimpoiema\/programacao\/\" \/>\n<meta property=\"og:locale\" content=\"pt_BR\" \/>\n<meta property=\"og:type\" content=\"article\" \/>\n<meta property=\"og:title\" content=\"Programa\u00e7\u00e3o - POIEMA\" \/>\n<meta property=\"og:description\" content=\"(Clique nos t\u00edtulos das atividades para ler um resumo) &nbsp; Dia 17\/08 &#8211; Quinta Feira: 8h &#8211; 12h &#8211; Oficina: Introdu\u00e7\u00e3o \u00e0 Paleografia Medieval, com o Prof. Dr. Igor Salom\u00e3o Teixeira (UFRGS). &#8211; Sala 134 (ICH) 13h30min &#8211; 15h30min &#8211; Mesa de Comunica\u00e7\u00f5es 1: Idade M\u00e9dia e Renascimento. &#8211; Mini Audit\u00f3rio 2 (CEHUS) 15h45min &#8211; &hellip; Continue lendo\" \/>\n<meta property=\"og:url\" content=\"https:\/\/wp.ufpel.edu.br\/poiema\/iimpoiema\/programacao\/\" \/>\n<meta property=\"og:site_name\" content=\"POIEMA\" \/>\n<meta property=\"article:modified_time\" content=\"2023-08-18T03:12:23+00:00\" \/>\n<meta name=\"twitter:card\" content=\"summary_large_image\" \/>\n<meta name=\"twitter:label1\" content=\"Est. tempo de leitura\" \/>\n\t<meta name=\"twitter:data1\" content=\"2 minutos\" \/>\n<script type=\"application\/ld+json\" class=\"yoast-schema-graph\">{\"@context\":\"https:\/\/schema.org\",\"@graph\":[{\"@type\":\"WebPage\",\"@id\":\"https:\/\/wp.ufpel.edu.br\/poiema\/iimpoiema\/programacao\/\",\"url\":\"https:\/\/wp.ufpel.edu.br\/poiema\/iimpoiema\/programacao\/\",\"name\":\"Programa\u00e7\u00e3o - POIEMA\",\"isPartOf\":{\"@id\":\"https:\/\/wp.ufpel.edu.br\/poiema\/#website\"},\"datePublished\":\"2023-05-22T22:07:55+00:00\",\"dateModified\":\"2023-08-18T03:12:23+00:00\",\"breadcrumb\":{\"@id\":\"https:\/\/wp.ufpel.edu.br\/poiema\/iimpoiema\/programacao\/#breadcrumb\"},\"inLanguage\":\"pt-BR\",\"potentialAction\":[{\"@type\":\"ReadAction\",\"target\":[\"https:\/\/wp.ufpel.edu.br\/poiema\/iimpoiema\/programacao\/\"]}]},{\"@type\":\"BreadcrumbList\",\"@id\":\"https:\/\/wp.ufpel.edu.br\/poiema\/iimpoiema\/programacao\/#breadcrumb\",\"itemListElement\":[{\"@type\":\"ListItem\",\"position\":1,\"name\":\"In\u00edcio\",\"item\":\"https:\/\/wp.ufpel.edu.br\/poiema\/\"},{\"@type\":\"ListItem\",\"position\":2,\"name\":\"IIMPOIEMA\",\"item\":\"https:\/\/wp.ufpel.edu.br\/poiema\/iimpoiema\/\"},{\"@type\":\"ListItem\",\"position\":3,\"name\":\"Programa\u00e7\u00e3o\"}]},{\"@type\":\"WebSite\",\"@id\":\"https:\/\/wp.ufpel.edu.br\/poiema\/#website\",\"url\":\"https:\/\/wp.ufpel.edu.br\/poiema\/\",\"name\":\"POIEMA\",\"description\":\"POIEMA ufpel\",\"potentialAction\":[{\"@type\":\"SearchAction\",\"target\":{\"@type\":\"EntryPoint\",\"urlTemplate\":\"https:\/\/wp.ufpel.edu.br\/poiema\/?s={search_term_string}\"},\"query-input\":{\"@type\":\"PropertyValueSpecification\",\"valueRequired\":true,\"valueName\":\"search_term_string\"}}],\"inLanguage\":\"pt-BR\"}]}<\/script>\n<!-- \/ Yoast SEO plugin. -->","yoast_head_json":{"title":"Programa\u00e7\u00e3o - POIEMA","robots":{"index":"index","follow":"follow","max-snippet":"max-snippet:-1","max-image-preview":"max-image-preview:large","max-video-preview":"max-video-preview:-1"},"canonical":"https:\/\/wp.ufpel.edu.br\/poiema\/iimpoiema\/programacao\/","og_locale":"pt_BR","og_type":"article","og_title":"Programa\u00e7\u00e3o - POIEMA","og_description":"(Clique nos t\u00edtulos das atividades para ler um resumo) &nbsp; Dia 17\/08 &#8211; Quinta Feira: 8h &#8211; 12h &#8211; Oficina: Introdu\u00e7\u00e3o \u00e0 Paleografia Medieval, com o Prof. Dr. Igor Salom\u00e3o Teixeira (UFRGS). &#8211; Sala 134 (ICH) 13h30min &#8211; 15h30min &#8211; Mesa de Comunica\u00e7\u00f5es 1: Idade M\u00e9dia e Renascimento. &#8211; Mini Audit\u00f3rio 2 (CEHUS) 15h45min &#8211; &hellip; Continue lendo","og_url":"https:\/\/wp.ufpel.edu.br\/poiema\/iimpoiema\/programacao\/","og_site_name":"POIEMA","article_modified_time":"2023-08-18T03:12:23+00:00","twitter_card":"summary_large_image","twitter_misc":{"Est. tempo de leitura":"2 minutos"},"schema":{"@context":"https:\/\/schema.org","@graph":[{"@type":"WebPage","@id":"https:\/\/wp.ufpel.edu.br\/poiema\/iimpoiema\/programacao\/","url":"https:\/\/wp.ufpel.edu.br\/poiema\/iimpoiema\/programacao\/","name":"Programa\u00e7\u00e3o - POIEMA","isPartOf":{"@id":"https:\/\/wp.ufpel.edu.br\/poiema\/#website"},"datePublished":"2023-05-22T22:07:55+00:00","dateModified":"2023-08-18T03:12:23+00:00","breadcrumb":{"@id":"https:\/\/wp.ufpel.edu.br\/poiema\/iimpoiema\/programacao\/#breadcrumb"},"inLanguage":"pt-BR","potentialAction":[{"@type":"ReadAction","target":["https:\/\/wp.ufpel.edu.br\/poiema\/iimpoiema\/programacao\/"]}]},{"@type":"BreadcrumbList","@id":"https:\/\/wp.ufpel.edu.br\/poiema\/iimpoiema\/programacao\/#breadcrumb","itemListElement":[{"@type":"ListItem","position":1,"name":"In\u00edcio","item":"https:\/\/wp.ufpel.edu.br\/poiema\/"},{"@type":"ListItem","position":2,"name":"IIMPOIEMA","item":"https:\/\/wp.ufpel.edu.br\/poiema\/iimpoiema\/"},{"@type":"ListItem","position":3,"name":"Programa\u00e7\u00e3o"}]},{"@type":"WebSite","@id":"https:\/\/wp.ufpel.edu.br\/poiema\/#website","url":"https:\/\/wp.ufpel.edu.br\/poiema\/","name":"POIEMA","description":"POIEMA ufpel","potentialAction":[{"@type":"SearchAction","target":{"@type":"EntryPoint","urlTemplate":"https:\/\/wp.ufpel.edu.br\/poiema\/?s={search_term_string}"},"query-input":{"@type":"PropertyValueSpecification","valueRequired":true,"valueName":"search_term_string"}}],"inLanguage":"pt-BR"}]}},"jetpack_sharing_enabled":true,"_links":{"self":[{"href":"https:\/\/wp.ufpel.edu.br\/poiema\/wp-json\/wp\/v2\/pages\/5284","targetHints":{"allow":["GET"]}}],"collection":[{"href":"https:\/\/wp.ufpel.edu.br\/poiema\/wp-json\/wp\/v2\/pages"}],"about":[{"href":"https:\/\/wp.ufpel.edu.br\/poiema\/wp-json\/wp\/v2\/types\/page"}],"author":[{"embeddable":true,"href":"https:\/\/wp.ufpel.edu.br\/poiema\/wp-json\/wp\/v2\/users\/1170"}],"replies":[{"embeddable":true,"href":"https:\/\/wp.ufpel.edu.br\/poiema\/wp-json\/wp\/v2\/comments?post=5284"}],"version-history":[{"count":23,"href":"https:\/\/wp.ufpel.edu.br\/poiema\/wp-json\/wp\/v2\/pages\/5284\/revisions"}],"predecessor-version":[{"id":7110,"href":"https:\/\/wp.ufpel.edu.br\/poiema\/wp-json\/wp\/v2\/pages\/5284\/revisions\/7110"}],"up":[{"embeddable":true,"href":"https:\/\/wp.ufpel.edu.br\/poiema\/wp-json\/wp\/v2\/pages\/5256"}],"wp:attachment":[{"href":"https:\/\/wp.ufpel.edu.br\/poiema\/wp-json\/wp\/v2\/media?parent=5284"}],"curies":[{"name":"wp","href":"https:\/\/api.w.org\/{rel}","templated":true}]}}