{"id":5256,"date":"2023-05-18T12:00:39","date_gmt":"2023-05-18T15:00:39","guid":{"rendered":"https:\/\/wp.ufpel.edu.br\/poiema\/?page_id=5256"},"modified":"2023-10-30T17:55:22","modified_gmt":"2023-10-30T20:55:22","slug":"iimpoiema","status":"publish","type":"page","link":"https:\/\/wp.ufpel.edu.br\/poiema\/iimpoiema\/","title":{"rendered":"IIMPOIEMA"},"content":{"rendered":"<h3 style=\"text-align: center;\">II Mostra do POIEMA &#8211; 17 e 18 de agosto na cidade de Pelotas, na Universidade Federal de Pelotas.<\/h3>\n<p>&nbsp;<\/p>\n<p class=\"ydp34182802yiv1024772017msonormal\" style=\"margin: 0cm; text-align: justify; text-justify: inter-ideograph; background: white;\"><span style=\"color: #1d2228;\">Neste ano de 2023, n\u00f3s do POIEMA, organizaremos a segunda edi\u00e7\u00e3o do nosso evento, o IIMPOIEMA \u2013 II Mostra do Poiema. O evento tem por finalidade a expans\u00e3o da divulga\u00e7\u00e3o das pesquisas cient\u00edficas dos membros do Polo, e desta vez, tamb\u00e9m de pesquisas externas na \u00e1rea de medieval, antiga e suas recep\u00e7\u00f5es. Em um cen\u00e1rio, em que negacionismo e <em>Fake News<\/em> se expandem, eventos como este se tornam um espa\u00e7o importante de debates. As inscri\u00e7\u00f5es de ouvintes e comunicadores j\u00e1 est\u00e3o abertas, basta acessar o link \u201cinscri\u00e7\u00f5es\u201d (<a href=\"https:\/\/wp.ufpel.edu.br\/poiema\/iimpoiema\/inscricoes\/\">link aqui<\/a>).<\/span><\/p>\n<p class=\"ydp34182802yiv1024772017msonormal\" style=\"margin: 0cm; text-align: justify; text-justify: inter-ideograph; background: white; orphans: 2; widows: 2; text-decoration-thickness: initial; text-decoration-style: initial; text-decoration-color: initial; outline: none !important; word-spacing: 0px;\"><span style=\"color: #1d2228;\">\u00a0<\/span><\/p>\n<p class=\"ydp34182802yiv1024772017msonormal\" style=\"margin: 0cm; text-align: justify; text-justify: inter-ideograph; background: white; orphans: 2; widows: 2; text-decoration-thickness: initial; text-decoration-style: initial; text-decoration-color: initial; outline: none !important; word-spacing: 0px;\"><span style=\"color: #1d2228;\">O evento vai ser presencial na cidade de Pelotas nos dias 17 e 18 de agosto. N\u00e3o haver\u00e1 transmiss\u00e3o online s\u00edncrona ao evento, por causa da limita\u00e7\u00e3o tecnol\u00f3gica.<\/span><\/p>\n<p class=\"ydp34182802yiv1024772017msonormal\" style=\"margin: 0cm; background: white; orphans: 2; widows: 2; text-decoration-thickness: initial; text-decoration-style: initial; text-decoration-color: initial; outline: none !important; word-spacing: 0px;\"><span style=\"color: #1d2228;\">\u00a0<\/span><\/p>\n<p class=\"ydp34182802yiv1024772017msonormal\" style=\"margin: 0cm; text-align: justify; text-justify: inter-ideograph; background: white; orphans: 2; widows: 2; text-decoration-thickness: initial; text-decoration-style: initial; text-decoration-color: initial; outline: none !important; word-spacing: 0px;\"><span style=\"color: #1d2228;\">Assim, convidamos toda a comunidade a vir a Pelotas e participar do IIMPOIEMA! A programa\u00e7\u00e3o conta com palestras, oficinas e comunica\u00e7\u00f5es!\u00a0<\/span><\/p>\n<p>&nbsp;<\/p>\n<p>Oficina: sala do polo<br \/>\nMesas: Mini Audit\u00f3rio 2 CEHUS<br \/>\nQuinta: Audit\u00f3rio 1 CA<br \/>\nSexta: Mini Audit\u00f3rio 2 CEHUS<\/p>\n<p>&nbsp;<\/p>\n<h3>Acesse aqui a <a href=\"https:\/\/wp.ufpel.edu.br\/poiema\/iimpoiema\/programacao\/\">PROGRAMA\u00c7\u00c3O<\/a><br \/>\nAcesse aqui as <a href=\"https:\/\/wp.ufpel.edu.br\/poiema\/sessoes-de-comunicacoes\/\">SESS\u00d5ES DE COMUNICA\u00c7\u00d5ES<\/a><br \/>\nAcesse aqui as <a href=\"https:\/\/wp.ufpel.edu.br\/poiema\/category\/iimpoiema\/\">NOT\u00cdCIAS<\/a><\/h3>\n<p>&nbsp;<\/p>\n<p>Acesse aqui as p\u00e1ginas do MPOIEMA:<\/p>\n<p><a href=\"https:\/\/wp.ufpel.edu.br\/poiema\/iimpoiema\/impoiema\/\">IMPOIEMA &#8211; Primeira Edi\u00e7\u00e3o<\/a><\/p>\n<p>&nbsp;<\/p>\n","protected":false},"excerpt":{"rendered":"<p>II Mostra do POIEMA &#8211; 17 e 18 de agosto na cidade de Pelotas, na Universidade Federal de Pelotas. &nbsp; Neste ano de 2023, n\u00f3s do POIEMA, organizaremos a segunda edi\u00e7\u00e3o do nosso evento, o IIMPOIEMA \u2013 II Mostra do Poiema. O evento tem por finalidade a expans\u00e3o da divulga\u00e7\u00e3o das pesquisas cient\u00edficas dos membros &hellip; <\/p>\n<p><a class=\"more-link btn\" href=\"https:\/\/wp.ufpel.edu.br\/poiema\/iimpoiema\/\">Continue lendo<\/a><\/p>\n","protected":false},"author":1170,"featured_media":0,"parent":0,"menu_order":0,"comment_status":"closed","ping_status":"closed","template":"template-onecolumn.php","meta":{"footnotes":""},"class_list":["post-5256","page","type-page","status-publish","hentry","nodate","item-wrap"],"yoast_head":"<!-- This site is optimized with the Yoast SEO plugin v26.7 - https:\/\/yoast.com\/wordpress\/plugins\/seo\/ -->\n<title>IIMPOIEMA - POIEMA<\/title>\n<meta name=\"robots\" content=\"index, follow, max-snippet:-1, max-image-preview:large, max-video-preview:-1\" \/>\n<link rel=\"canonical\" href=\"https:\/\/wp.ufpel.edu.br\/poiema\/iimpoiema\/\" \/>\n<meta property=\"og:locale\" content=\"pt_BR\" \/>\n<meta property=\"og:type\" content=\"article\" \/>\n<meta property=\"og:title\" content=\"IIMPOIEMA - POIEMA\" \/>\n<meta property=\"og:description\" content=\"II Mostra do POIEMA &#8211; 17 e 18 de agosto na cidade de Pelotas, na Universidade Federal de Pelotas. &nbsp; Neste ano de 2023, n\u00f3s do POIEMA, organizaremos a segunda edi\u00e7\u00e3o do nosso evento, o IIMPOIEMA \u2013 II Mostra do Poiema. O evento tem por finalidade a expans\u00e3o da divulga\u00e7\u00e3o das pesquisas cient\u00edficas dos membros &hellip; Continue lendo\" \/>\n<meta property=\"og:url\" content=\"https:\/\/wp.ufpel.edu.br\/poiema\/iimpoiema\/\" \/>\n<meta property=\"og:site_name\" content=\"POIEMA\" \/>\n<meta property=\"article:modified_time\" content=\"2023-10-30T20:55:22+00:00\" \/>\n<meta name=\"twitter:card\" content=\"summary_large_image\" \/>\n<meta name=\"twitter:label1\" content=\"Est. tempo de leitura\" \/>\n\t<meta name=\"twitter:data1\" content=\"2 minutos\" \/>\n<script type=\"application\/ld+json\" class=\"yoast-schema-graph\">{\"@context\":\"https:\/\/schema.org\",\"@graph\":[{\"@type\":\"WebPage\",\"@id\":\"https:\/\/wp.ufpel.edu.br\/poiema\/iimpoiema\/\",\"url\":\"https:\/\/wp.ufpel.edu.br\/poiema\/iimpoiema\/\",\"name\":\"IIMPOIEMA - POIEMA\",\"isPartOf\":{\"@id\":\"https:\/\/wp.ufpel.edu.br\/poiema\/#website\"},\"datePublished\":\"2023-05-18T15:00:39+00:00\",\"dateModified\":\"2023-10-30T20:55:22+00:00\",\"breadcrumb\":{\"@id\":\"https:\/\/wp.ufpel.edu.br\/poiema\/iimpoiema\/#breadcrumb\"},\"inLanguage\":\"pt-BR\",\"potentialAction\":[{\"@type\":\"ReadAction\",\"target\":[\"https:\/\/wp.ufpel.edu.br\/poiema\/iimpoiema\/\"]}]},{\"@type\":\"BreadcrumbList\",\"@id\":\"https:\/\/wp.ufpel.edu.br\/poiema\/iimpoiema\/#breadcrumb\",\"itemListElement\":[{\"@type\":\"ListItem\",\"position\":1,\"name\":\"In\u00edcio\",\"item\":\"https:\/\/wp.ufpel.edu.br\/poiema\/\"},{\"@type\":\"ListItem\",\"position\":2,\"name\":\"IIMPOIEMA\"}]},{\"@type\":\"WebSite\",\"@id\":\"https:\/\/wp.ufpel.edu.br\/poiema\/#website\",\"url\":\"https:\/\/wp.ufpel.edu.br\/poiema\/\",\"name\":\"POIEMA\",\"description\":\"POIEMA ufpel\",\"potentialAction\":[{\"@type\":\"SearchAction\",\"target\":{\"@type\":\"EntryPoint\",\"urlTemplate\":\"https:\/\/wp.ufpel.edu.br\/poiema\/?s={search_term_string}\"},\"query-input\":{\"@type\":\"PropertyValueSpecification\",\"valueRequired\":true,\"valueName\":\"search_term_string\"}}],\"inLanguage\":\"pt-BR\"}]}<\/script>\n<!-- \/ Yoast SEO plugin. -->","yoast_head_json":{"title":"IIMPOIEMA - POIEMA","robots":{"index":"index","follow":"follow","max-snippet":"max-snippet:-1","max-image-preview":"max-image-preview:large","max-video-preview":"max-video-preview:-1"},"canonical":"https:\/\/wp.ufpel.edu.br\/poiema\/iimpoiema\/","og_locale":"pt_BR","og_type":"article","og_title":"IIMPOIEMA - POIEMA","og_description":"II Mostra do POIEMA &#8211; 17 e 18 de agosto na cidade de Pelotas, na Universidade Federal de Pelotas. &nbsp; Neste ano de 2023, n\u00f3s do POIEMA, organizaremos a segunda edi\u00e7\u00e3o do nosso evento, o IIMPOIEMA \u2013 II Mostra do Poiema. O evento tem por finalidade a expans\u00e3o da divulga\u00e7\u00e3o das pesquisas cient\u00edficas dos membros &hellip; Continue lendo","og_url":"https:\/\/wp.ufpel.edu.br\/poiema\/iimpoiema\/","og_site_name":"POIEMA","article_modified_time":"2023-10-30T20:55:22+00:00","twitter_card":"summary_large_image","twitter_misc":{"Est. tempo de leitura":"2 minutos"},"schema":{"@context":"https:\/\/schema.org","@graph":[{"@type":"WebPage","@id":"https:\/\/wp.ufpel.edu.br\/poiema\/iimpoiema\/","url":"https:\/\/wp.ufpel.edu.br\/poiema\/iimpoiema\/","name":"IIMPOIEMA - POIEMA","isPartOf":{"@id":"https:\/\/wp.ufpel.edu.br\/poiema\/#website"},"datePublished":"2023-05-18T15:00:39+00:00","dateModified":"2023-10-30T20:55:22+00:00","breadcrumb":{"@id":"https:\/\/wp.ufpel.edu.br\/poiema\/iimpoiema\/#breadcrumb"},"inLanguage":"pt-BR","potentialAction":[{"@type":"ReadAction","target":["https:\/\/wp.ufpel.edu.br\/poiema\/iimpoiema\/"]}]},{"@type":"BreadcrumbList","@id":"https:\/\/wp.ufpel.edu.br\/poiema\/iimpoiema\/#breadcrumb","itemListElement":[{"@type":"ListItem","position":1,"name":"In\u00edcio","item":"https:\/\/wp.ufpel.edu.br\/poiema\/"},{"@type":"ListItem","position":2,"name":"IIMPOIEMA"}]},{"@type":"WebSite","@id":"https:\/\/wp.ufpel.edu.br\/poiema\/#website","url":"https:\/\/wp.ufpel.edu.br\/poiema\/","name":"POIEMA","description":"POIEMA ufpel","potentialAction":[{"@type":"SearchAction","target":{"@type":"EntryPoint","urlTemplate":"https:\/\/wp.ufpel.edu.br\/poiema\/?s={search_term_string}"},"query-input":{"@type":"PropertyValueSpecification","valueRequired":true,"valueName":"search_term_string"}}],"inLanguage":"pt-BR"}]}},"jetpack_sharing_enabled":true,"_links":{"self":[{"href":"https:\/\/wp.ufpel.edu.br\/poiema\/wp-json\/wp\/v2\/pages\/5256","targetHints":{"allow":["GET"]}}],"collection":[{"href":"https:\/\/wp.ufpel.edu.br\/poiema\/wp-json\/wp\/v2\/pages"}],"about":[{"href":"https:\/\/wp.ufpel.edu.br\/poiema\/wp-json\/wp\/v2\/types\/page"}],"author":[{"embeddable":true,"href":"https:\/\/wp.ufpel.edu.br\/poiema\/wp-json\/wp\/v2\/users\/1170"}],"replies":[{"embeddable":true,"href":"https:\/\/wp.ufpel.edu.br\/poiema\/wp-json\/wp\/v2\/comments?post=5256"}],"version-history":[{"count":8,"href":"https:\/\/wp.ufpel.edu.br\/poiema\/wp-json\/wp\/v2\/pages\/5256\/revisions"}],"predecessor-version":[{"id":7113,"href":"https:\/\/wp.ufpel.edu.br\/poiema\/wp-json\/wp\/v2\/pages\/5256\/revisions\/7113"}],"wp:attachment":[{"href":"https:\/\/wp.ufpel.edu.br\/poiema\/wp-json\/wp\/v2\/media?parent=5256"}],"curies":[{"name":"wp","href":"https:\/\/api.w.org\/{rel}","templated":true}]}}