{"id":4711,"date":"2022-10-19T21:30:01","date_gmt":"2022-10-20T00:30:01","guid":{"rendered":"https:\/\/wp.ufpel.edu.br\/poiema\/?page_id=4711"},"modified":"2025-04-28T18:44:56","modified_gmt":"2025-04-28T21:44:56","slug":"curiosidades-medievais","status":"publish","type":"page","link":"https:\/\/wp.ufpel.edu.br\/poiema\/trevas-nao\/propostas-didaticas\/curiosidades-medievais\/","title":{"rendered":"Curiosidades Medievais"},"content":{"rendered":"<p><em><strong>Acervo de Curiosidades medievais\u00a0<\/strong><\/em><\/p>\n<p><a href=\"https:\/\/wp.ufpel.edu.br\/poiema\/files\/2025\/04\/6.png\"><img loading=\"lazy\" decoding=\"async\" class=\"wp-image-6463 alignleft\" src=\"https:\/\/wp.ufpel.edu.br\/poiema\/files\/2025\/04\/6-400x400.png\" alt=\"\" width=\"323\" height=\"323\" srcset=\"https:\/\/wp.ufpel.edu.br\/poiema\/files\/2025\/04\/6-400x400.png 400w, https:\/\/wp.ufpel.edu.br\/poiema\/files\/2025\/04\/6-1024x1024.png 1024w, https:\/\/wp.ufpel.edu.br\/poiema\/files\/2025\/04\/6-200x200.png 200w, https:\/\/wp.ufpel.edu.br\/poiema\/files\/2025\/04\/6-768x768.png 768w, https:\/\/wp.ufpel.edu.br\/poiema\/files\/2025\/04\/6-750x750.png 750w, https:\/\/wp.ufpel.edu.br\/poiema\/files\/2025\/04\/6.png 1181w\" sizes=\"auto, (max-width: 323px) 100vw, 323px\" \/><\/a><\/p>\n<p>&nbsp;<\/p>\n<p>&nbsp;<\/p>\n<p style=\"text-align: justify;\"><span style=\"font-weight: 400;\">As curiosidades <\/span><span style=\"font-weight: 400;\">medievais s\u00e3o propostas de cards, exposi\u00e7\u00f5es e\/ou atividades com temas que geralmente, fomentam interesse entre o p\u00fablico infanto-juvenil a respeito do medievo. Al\u00e9m disso, \u00e9 um importante espa\u00e7o para discutir temas que geralmente n\u00e3o est\u00e3o abertos nas habilidades recomendadas pela BNCC, mas que se relacionam de alguma forma e s\u00e3o importantes de serem problematizados e discutidos. Aqui voc\u00ea pode encontrar reflex\u00f5es sobre conceitos como amor, fam\u00edlia, inf\u00e2ncia, divers\u00e3o, moda, festividades, of\u00edcios, culturas materiais, m\u00fasica, etc.<\/span><\/p>\n<p>&nbsp;<\/p>\n<p>&nbsp;<\/p>\n<p>&nbsp;<\/p>\n<p>&nbsp;<\/p>\n<p><i><span style=\"font-weight: 400;\">O projeto ainda encontra-se em constru\u00e7\u00e3o e as atividades ser\u00e3o disponibilizadas conforme produzidas e revisadas. Sinta-se \u00e0 vontade para conhecer as <a href=\"https:\/\/wp.ufpel.edu.br\/poiema\/trevas-nao\/propostas-didaticas\/\">propostas de atividades<\/a>, <a href=\"https:\/\/wp.ufpel.edu.br\/poiema\/trevas-nao\/compartilhe-sua-experiencia\/\">compartilhar experi\u00eancias<\/a> e conhecer as <a href=\"https:\/\/wp.ufpel.edu.br\/poiema\/blog\/\">leituras<\/a>, <a href=\"https:\/\/www.youtube.com\/c\/POIEMAUFPEL\">lives<\/a> e <a href=\"https:\/\/www.instagram.com\/poiemaufpel\/\">discuss\u00f5es<\/a> do POIEMA. Para receber as atualiza\u00e7\u00f5es do site voc\u00ea pode inscrever-se <a href=\"https:\/\/wp.ufpel.edu.br\/poiema\/cadastro\/\">aqui<\/a>.<\/span><\/i><\/p>\n<p style=\"text-align: center;\">\u2192\u00a0<a href=\"https:\/\/forms.gle\/bMGSVzRaPXFkjCBA8\">ACESSAR FORMUL\u00c1RIO PARA ENVIAR CONTRIBUI\u00c7\u00d5ES<\/a>\u00a0\u2190<\/p>\n","protected":false},"excerpt":{"rendered":"<p>Acervo de Curiosidades medievais\u00a0 &nbsp; &nbsp; As curiosidades medievais s\u00e3o propostas de cards, exposi\u00e7\u00f5es e\/ou atividades com temas que geralmente, fomentam interesse entre o p\u00fablico infanto-juvenil a respeito do medievo. Al\u00e9m disso, \u00e9 um importante espa\u00e7o para discutir temas que geralmente n\u00e3o est\u00e3o abertos nas habilidades recomendadas pela BNCC, mas que se relacionam de alguma &hellip; <\/p>\n<p><a class=\"more-link btn\" href=\"https:\/\/wp.ufpel.edu.br\/poiema\/trevas-nao\/propostas-didaticas\/curiosidades-medievais\/\">Continue lendo<\/a><\/p>\n","protected":false},"author":1170,"featured_media":0,"parent":4608,"menu_order":0,"comment_status":"closed","ping_status":"closed","template":"template-onecolumn.php","meta":{"footnotes":""},"class_list":["post-4711","page","type-page","status-publish","hentry","nodate","item-wrap"],"yoast_head":"<!-- This site is optimized with the Yoast SEO plugin v26.7 - https:\/\/yoast.com\/wordpress\/plugins\/seo\/ -->\n<title>Curiosidades Medievais - POIEMA<\/title>\n<meta name=\"robots\" content=\"index, follow, max-snippet:-1, max-image-preview:large, max-video-preview:-1\" \/>\n<link rel=\"canonical\" href=\"https:\/\/wp.ufpel.edu.br\/poiema\/trevas-nao\/propostas-didaticas\/curiosidades-medievais\/\" \/>\n<meta property=\"og:locale\" content=\"pt_BR\" \/>\n<meta property=\"og:type\" content=\"article\" \/>\n<meta property=\"og:title\" content=\"Curiosidades Medievais - POIEMA\" \/>\n<meta property=\"og:description\" content=\"Acervo de Curiosidades medievais\u00a0 &nbsp; &nbsp; As curiosidades medievais s\u00e3o propostas de cards, exposi\u00e7\u00f5es e\/ou atividades com temas que geralmente, fomentam interesse entre o p\u00fablico infanto-juvenil a respeito do medievo. Al\u00e9m disso, \u00e9 um importante espa\u00e7o para discutir temas que geralmente n\u00e3o est\u00e3o abertos nas habilidades recomendadas pela BNCC, mas que se relacionam de alguma &hellip; Continue lendo\" \/>\n<meta property=\"og:url\" content=\"https:\/\/wp.ufpel.edu.br\/poiema\/trevas-nao\/propostas-didaticas\/curiosidades-medievais\/\" \/>\n<meta property=\"og:site_name\" content=\"POIEMA\" \/>\n<meta property=\"article:modified_time\" content=\"2025-04-28T21:44:56+00:00\" \/>\n<meta property=\"og:image\" content=\"https:\/\/wp.ufpel.edu.br\/poiema\/files\/2025\/04\/6.png\" \/>\n\t<meta property=\"og:image:width\" content=\"1181\" \/>\n\t<meta property=\"og:image:height\" content=\"1181\" \/>\n\t<meta property=\"og:image:type\" content=\"image\/png\" \/>\n<meta name=\"twitter:card\" content=\"summary_large_image\" \/>\n<meta name=\"twitter:label1\" content=\"Est. tempo de leitura\" \/>\n\t<meta name=\"twitter:data1\" content=\"1 minuto\" \/>\n<script type=\"application\/ld+json\" class=\"yoast-schema-graph\">{\"@context\":\"https:\/\/schema.org\",\"@graph\":[{\"@type\":\"WebPage\",\"@id\":\"https:\/\/wp.ufpel.edu.br\/poiema\/trevas-nao\/propostas-didaticas\/curiosidades-medievais\/\",\"url\":\"https:\/\/wp.ufpel.edu.br\/poiema\/trevas-nao\/propostas-didaticas\/curiosidades-medievais\/\",\"name\":\"Curiosidades Medievais - POIEMA\",\"isPartOf\":{\"@id\":\"https:\/\/wp.ufpel.edu.br\/poiema\/#website\"},\"primaryImageOfPage\":{\"@id\":\"https:\/\/wp.ufpel.edu.br\/poiema\/trevas-nao\/propostas-didaticas\/curiosidades-medievais\/#primaryimage\"},\"image\":{\"@id\":\"https:\/\/wp.ufpel.edu.br\/poiema\/trevas-nao\/propostas-didaticas\/curiosidades-medievais\/#primaryimage\"},\"thumbnailUrl\":\"https:\/\/wp.ufpel.edu.br\/poiema\/files\/2025\/04\/6-400x400.png\",\"datePublished\":\"2022-10-20T00:30:01+00:00\",\"dateModified\":\"2025-04-28T21:44:56+00:00\",\"breadcrumb\":{\"@id\":\"https:\/\/wp.ufpel.edu.br\/poiema\/trevas-nao\/propostas-didaticas\/curiosidades-medievais\/#breadcrumb\"},\"inLanguage\":\"pt-BR\",\"potentialAction\":[{\"@type\":\"ReadAction\",\"target\":[\"https:\/\/wp.ufpel.edu.br\/poiema\/trevas-nao\/propostas-didaticas\/curiosidades-medievais\/\"]}]},{\"@type\":\"ImageObject\",\"inLanguage\":\"pt-BR\",\"@id\":\"https:\/\/wp.ufpel.edu.br\/poiema\/trevas-nao\/propostas-didaticas\/curiosidades-medievais\/#primaryimage\",\"url\":\"https:\/\/wp.ufpel.edu.br\/poiema\/files\/2025\/04\/6.png\",\"contentUrl\":\"https:\/\/wp.ufpel.edu.br\/poiema\/files\/2025\/04\/6.png\",\"width\":1181,\"height\":1181},{\"@type\":\"BreadcrumbList\",\"@id\":\"https:\/\/wp.ufpel.edu.br\/poiema\/trevas-nao\/propostas-didaticas\/curiosidades-medievais\/#breadcrumb\",\"itemListElement\":[{\"@type\":\"ListItem\",\"position\":1,\"name\":\"In\u00edcio\",\"item\":\"https:\/\/wp.ufpel.edu.br\/poiema\/\"},{\"@type\":\"ListItem\",\"position\":2,\"name\":\"Trevas N\u00e3o!\",\"item\":\"https:\/\/wp.ufpel.edu.br\/poiema\/trevas-nao\/\"},{\"@type\":\"ListItem\",\"position\":3,\"name\":\"Propostas Did\u00e1ticas\",\"item\":\"https:\/\/wp.ufpel.edu.br\/poiema\/trevas-nao\/propostas-didaticas\/\"},{\"@type\":\"ListItem\",\"position\":4,\"name\":\"Curiosidades Medievais\"}]},{\"@type\":\"WebSite\",\"@id\":\"https:\/\/wp.ufpel.edu.br\/poiema\/#website\",\"url\":\"https:\/\/wp.ufpel.edu.br\/poiema\/\",\"name\":\"POIEMA\",\"description\":\"POIEMA ufpel\",\"potentialAction\":[{\"@type\":\"SearchAction\",\"target\":{\"@type\":\"EntryPoint\",\"urlTemplate\":\"https:\/\/wp.ufpel.edu.br\/poiema\/?s={search_term_string}\"},\"query-input\":{\"@type\":\"PropertyValueSpecification\",\"valueRequired\":true,\"valueName\":\"search_term_string\"}}],\"inLanguage\":\"pt-BR\"}]}<\/script>\n<!-- \/ Yoast SEO plugin. -->","yoast_head_json":{"title":"Curiosidades Medievais - POIEMA","robots":{"index":"index","follow":"follow","max-snippet":"max-snippet:-1","max-image-preview":"max-image-preview:large","max-video-preview":"max-video-preview:-1"},"canonical":"https:\/\/wp.ufpel.edu.br\/poiema\/trevas-nao\/propostas-didaticas\/curiosidades-medievais\/","og_locale":"pt_BR","og_type":"article","og_title":"Curiosidades Medievais - POIEMA","og_description":"Acervo de Curiosidades medievais\u00a0 &nbsp; &nbsp; As curiosidades medievais s\u00e3o propostas de cards, exposi\u00e7\u00f5es e\/ou atividades com temas que geralmente, fomentam interesse entre o p\u00fablico infanto-juvenil a respeito do medievo. Al\u00e9m disso, \u00e9 um importante espa\u00e7o para discutir temas que geralmente n\u00e3o est\u00e3o abertos nas habilidades recomendadas pela BNCC, mas que se relacionam de alguma &hellip; Continue lendo","og_url":"https:\/\/wp.ufpel.edu.br\/poiema\/trevas-nao\/propostas-didaticas\/curiosidades-medievais\/","og_site_name":"POIEMA","article_modified_time":"2025-04-28T21:44:56+00:00","og_image":[{"width":1181,"height":1181,"url":"https:\/\/wp.ufpel.edu.br\/poiema\/files\/2025\/04\/6.png","type":"image\/png"}],"twitter_card":"summary_large_image","twitter_misc":{"Est. tempo de leitura":"1 minuto"},"schema":{"@context":"https:\/\/schema.org","@graph":[{"@type":"WebPage","@id":"https:\/\/wp.ufpel.edu.br\/poiema\/trevas-nao\/propostas-didaticas\/curiosidades-medievais\/","url":"https:\/\/wp.ufpel.edu.br\/poiema\/trevas-nao\/propostas-didaticas\/curiosidades-medievais\/","name":"Curiosidades Medievais - POIEMA","isPartOf":{"@id":"https:\/\/wp.ufpel.edu.br\/poiema\/#website"},"primaryImageOfPage":{"@id":"https:\/\/wp.ufpel.edu.br\/poiema\/trevas-nao\/propostas-didaticas\/curiosidades-medievais\/#primaryimage"},"image":{"@id":"https:\/\/wp.ufpel.edu.br\/poiema\/trevas-nao\/propostas-didaticas\/curiosidades-medievais\/#primaryimage"},"thumbnailUrl":"https:\/\/wp.ufpel.edu.br\/poiema\/files\/2025\/04\/6-400x400.png","datePublished":"2022-10-20T00:30:01+00:00","dateModified":"2025-04-28T21:44:56+00:00","breadcrumb":{"@id":"https:\/\/wp.ufpel.edu.br\/poiema\/trevas-nao\/propostas-didaticas\/curiosidades-medievais\/#breadcrumb"},"inLanguage":"pt-BR","potentialAction":[{"@type":"ReadAction","target":["https:\/\/wp.ufpel.edu.br\/poiema\/trevas-nao\/propostas-didaticas\/curiosidades-medievais\/"]}]},{"@type":"ImageObject","inLanguage":"pt-BR","@id":"https:\/\/wp.ufpel.edu.br\/poiema\/trevas-nao\/propostas-didaticas\/curiosidades-medievais\/#primaryimage","url":"https:\/\/wp.ufpel.edu.br\/poiema\/files\/2025\/04\/6.png","contentUrl":"https:\/\/wp.ufpel.edu.br\/poiema\/files\/2025\/04\/6.png","width":1181,"height":1181},{"@type":"BreadcrumbList","@id":"https:\/\/wp.ufpel.edu.br\/poiema\/trevas-nao\/propostas-didaticas\/curiosidades-medievais\/#breadcrumb","itemListElement":[{"@type":"ListItem","position":1,"name":"In\u00edcio","item":"https:\/\/wp.ufpel.edu.br\/poiema\/"},{"@type":"ListItem","position":2,"name":"Trevas N\u00e3o!","item":"https:\/\/wp.ufpel.edu.br\/poiema\/trevas-nao\/"},{"@type":"ListItem","position":3,"name":"Propostas Did\u00e1ticas","item":"https:\/\/wp.ufpel.edu.br\/poiema\/trevas-nao\/propostas-didaticas\/"},{"@type":"ListItem","position":4,"name":"Curiosidades Medievais"}]},{"@type":"WebSite","@id":"https:\/\/wp.ufpel.edu.br\/poiema\/#website","url":"https:\/\/wp.ufpel.edu.br\/poiema\/","name":"POIEMA","description":"POIEMA ufpel","potentialAction":[{"@type":"SearchAction","target":{"@type":"EntryPoint","urlTemplate":"https:\/\/wp.ufpel.edu.br\/poiema\/?s={search_term_string}"},"query-input":{"@type":"PropertyValueSpecification","valueRequired":true,"valueName":"search_term_string"}}],"inLanguage":"pt-BR"}]}},"jetpack_sharing_enabled":true,"_links":{"self":[{"href":"https:\/\/wp.ufpel.edu.br\/poiema\/wp-json\/wp\/v2\/pages\/4711","targetHints":{"allow":["GET"]}}],"collection":[{"href":"https:\/\/wp.ufpel.edu.br\/poiema\/wp-json\/wp\/v2\/pages"}],"about":[{"href":"https:\/\/wp.ufpel.edu.br\/poiema\/wp-json\/wp\/v2\/types\/page"}],"author":[{"embeddable":true,"href":"https:\/\/wp.ufpel.edu.br\/poiema\/wp-json\/wp\/v2\/users\/1170"}],"replies":[{"embeddable":true,"href":"https:\/\/wp.ufpel.edu.br\/poiema\/wp-json\/wp\/v2\/comments?post=4711"}],"version-history":[{"count":8,"href":"https:\/\/wp.ufpel.edu.br\/poiema\/wp-json\/wp\/v2\/pages\/4711\/revisions"}],"predecessor-version":[{"id":6534,"href":"https:\/\/wp.ufpel.edu.br\/poiema\/wp-json\/wp\/v2\/pages\/4711\/revisions\/6534"}],"up":[{"embeddable":true,"href":"https:\/\/wp.ufpel.edu.br\/poiema\/wp-json\/wp\/v2\/pages\/4608"}],"wp:attachment":[{"href":"https:\/\/wp.ufpel.edu.br\/poiema\/wp-json\/wp\/v2\/media?parent=4711"}],"curies":[{"name":"wp","href":"https:\/\/api.w.org\/{rel}","templated":true}]}}