{"id":4704,"date":"2022-10-19T21:28:11","date_gmt":"2022-10-20T00:28:11","guid":{"rendered":"https:\/\/wp.ufpel.edu.br\/poiema\/?page_id=4704"},"modified":"2025-04-28T18:44:47","modified_gmt":"2025-04-28T21:44:47","slug":"atividades-com-fontes-historicas","status":"publish","type":"page","link":"https:\/\/wp.ufpel.edu.br\/poiema\/trevas-nao\/propostas-didaticas\/atividades-com-fontes-historicas\/","title":{"rendered":"Atividades com fontes hist\u00f3ricas"},"content":{"rendered":"<p><strong><span style=\"font-family: 'book antiqua', palatino, serif;\"><em>Acervo de Atividades com fontes hist\u00f3ricas<\/em><\/span><\/strong><\/p>\n<p><span style=\"font-weight: 400;\"><a href=\"https:\/\/wp.ufpel.edu.br\/poiema\/files\/2025\/04\/12.png\"><img loading=\"lazy\" decoding=\"async\" class=\"wp-image-6469 alignleft\" src=\"https:\/\/wp.ufpel.edu.br\/poiema\/files\/2025\/04\/12-400x400.png\" alt=\"\" width=\"323\" height=\"323\" srcset=\"https:\/\/wp.ufpel.edu.br\/poiema\/files\/2025\/04\/12-400x400.png 400w, https:\/\/wp.ufpel.edu.br\/poiema\/files\/2025\/04\/12-1024x1024.png 1024w, https:\/\/wp.ufpel.edu.br\/poiema\/files\/2025\/04\/12-200x200.png 200w, https:\/\/wp.ufpel.edu.br\/poiema\/files\/2025\/04\/12-768x768.png 768w, https:\/\/wp.ufpel.edu.br\/poiema\/files\/2025\/04\/12-750x750.png 750w, https:\/\/wp.ufpel.edu.br\/poiema\/files\/2025\/04\/12.png 1181w\" sizes=\"auto, (max-width: 323px) 100vw, 323px\" \/><\/a><\/span><\/p>\n<p>&nbsp;<\/p>\n<p>&nbsp;<\/p>\n<p style=\"text-align: justify;\"><span style=\"font-weight: 400;\">As intera\u00e7\u00f5es com fontes hist\u00f3ricas s\u00e3o importantes atividades de compreens\u00e3o do trabalho de historiadores, favorecendo a capacidade de refletir, observar, indagar e elaborar hip\u00f3teses sobre o conhecimento. Al\u00e9m de serem meios significativos para a aproxima\u00e7\u00e3o dos estudantes com a temporalidade. Aqui, as m\u00faltiplas possibilidades de fontes\u00a0 podem ser tanto materiais aut\u00eanticos do medievo, s\u00e9culos posteriores ou fontes contempor\u00e2neas, advindas de m\u00eddias, literatura recente, filmes, s\u00e9ries, entre outros.\u00a0 Ou mesmo,\u00a0<\/span><span style=\"font-weight: 400;\"> fontes fict\u00edcias constru\u00eddas com o intuito de serem adapta\u00e7\u00f5es l\u00fadicas, criadas para tornar o aprendizado\u00a0 ativo.\u00a0 \u00a0\u00a0<\/span><\/p>\n<p>&nbsp;<\/p>\n<p>&nbsp;<\/p>\n<p>&nbsp;<\/p>\n<p><i><span style=\"font-weight: 400;\">O projeto ainda encontra-se em constru\u00e7\u00e3o e as atividades ser\u00e3o disponibilizadas conforme produzidas e revisadas. Sinta-se \u00e0 vontade para conhecer as <a href=\"https:\/\/wp.ufpel.edu.br\/poiema\/trevas-nao\/propostas-didaticas\/\">propostas de atividades<\/a>, <a href=\"https:\/\/wp.ufpel.edu.br\/poiema\/trevas-nao\/compartilhe-sua-experiencia\/\">compartilhar experi\u00eancias<\/a> e conhecer as <a href=\"https:\/\/wp.ufpel.edu.br\/poiema\/blog\/\">leituras<\/a>, <a href=\"https:\/\/www.youtube.com\/c\/POIEMAUFPEL\">lives<\/a> e <a href=\"https:\/\/www.instagram.com\/poiemaufpel\/\">discuss\u00f5es<\/a> do POIEMA. Para receber as atualiza\u00e7\u00f5es do site voc\u00ea pode inscrever-se <a href=\"https:\/\/wp.ufpel.edu.br\/poiema\/cadastro\/\">aqui<\/a>.<\/span><\/i><\/p>\n<p>&nbsp;<\/p>\n<p style=\"text-align: center;\">\u2192 <a href=\"https:\/\/forms.gle\/bMGSVzRaPXFkjCBA8\">ACESSAR FORMUL\u00c1RIO PARA ENVIAR CONTRIBUI\u00c7\u00d5ES<\/a> \u2190<\/p>\n","protected":false},"excerpt":{"rendered":"<p>Acervo de Atividades com fontes hist\u00f3ricas &nbsp; &nbsp; As intera\u00e7\u00f5es com fontes hist\u00f3ricas s\u00e3o importantes atividades de compreens\u00e3o do trabalho de historiadores, favorecendo a capacidade de refletir, observar, indagar e elaborar hip\u00f3teses sobre o conhecimento. Al\u00e9m de serem meios significativos para a aproxima\u00e7\u00e3o dos estudantes com a temporalidade. Aqui, as m\u00faltiplas possibilidades de fontes\u00a0 podem &hellip; <\/p>\n<p><a class=\"more-link btn\" href=\"https:\/\/wp.ufpel.edu.br\/poiema\/trevas-nao\/propostas-didaticas\/atividades-com-fontes-historicas\/\">Continue lendo<\/a><\/p>\n","protected":false},"author":1170,"featured_media":0,"parent":4608,"menu_order":0,"comment_status":"closed","ping_status":"closed","template":"template-onecolumn.php","meta":{"footnotes":""},"class_list":["post-4704","page","type-page","status-publish","hentry","nodate","item-wrap"],"yoast_head":"<!-- This site is optimized with the Yoast SEO plugin v26.7 - https:\/\/yoast.com\/wordpress\/plugins\/seo\/ -->\n<title>Atividades com fontes hist\u00f3ricas - POIEMA<\/title>\n<meta name=\"robots\" content=\"index, follow, max-snippet:-1, max-image-preview:large, max-video-preview:-1\" \/>\n<link rel=\"canonical\" href=\"https:\/\/wp.ufpel.edu.br\/poiema\/trevas-nao\/propostas-didaticas\/atividades-com-fontes-historicas\/\" \/>\n<meta property=\"og:locale\" content=\"pt_BR\" \/>\n<meta property=\"og:type\" content=\"article\" \/>\n<meta property=\"og:title\" content=\"Atividades com fontes hist\u00f3ricas - POIEMA\" \/>\n<meta property=\"og:description\" content=\"Acervo de Atividades com fontes hist\u00f3ricas &nbsp; &nbsp; As intera\u00e7\u00f5es com fontes hist\u00f3ricas s\u00e3o importantes atividades de compreens\u00e3o do trabalho de historiadores, favorecendo a capacidade de refletir, observar, indagar e elaborar hip\u00f3teses sobre o conhecimento. Al\u00e9m de serem meios significativos para a aproxima\u00e7\u00e3o dos estudantes com a temporalidade. Aqui, as m\u00faltiplas possibilidades de fontes\u00a0 podem &hellip; Continue lendo\" \/>\n<meta property=\"og:url\" content=\"https:\/\/wp.ufpel.edu.br\/poiema\/trevas-nao\/propostas-didaticas\/atividades-com-fontes-historicas\/\" \/>\n<meta property=\"og:site_name\" content=\"POIEMA\" \/>\n<meta property=\"article:modified_time\" content=\"2025-04-28T21:44:47+00:00\" \/>\n<meta property=\"og:image\" content=\"https:\/\/wp.ufpel.edu.br\/poiema\/files\/2025\/04\/12.png\" \/>\n\t<meta property=\"og:image:width\" content=\"1181\" \/>\n\t<meta property=\"og:image:height\" content=\"1181\" \/>\n\t<meta property=\"og:image:type\" content=\"image\/png\" \/>\n<meta name=\"twitter:card\" content=\"summary_large_image\" \/>\n<meta name=\"twitter:label1\" content=\"Est. tempo de leitura\" \/>\n\t<meta name=\"twitter:data1\" content=\"1 minuto\" \/>\n<script type=\"application\/ld+json\" class=\"yoast-schema-graph\">{\"@context\":\"https:\/\/schema.org\",\"@graph\":[{\"@type\":\"WebPage\",\"@id\":\"https:\/\/wp.ufpel.edu.br\/poiema\/trevas-nao\/propostas-didaticas\/atividades-com-fontes-historicas\/\",\"url\":\"https:\/\/wp.ufpel.edu.br\/poiema\/trevas-nao\/propostas-didaticas\/atividades-com-fontes-historicas\/\",\"name\":\"Atividades com fontes hist\u00f3ricas - POIEMA\",\"isPartOf\":{\"@id\":\"https:\/\/wp.ufpel.edu.br\/poiema\/#website\"},\"primaryImageOfPage\":{\"@id\":\"https:\/\/wp.ufpel.edu.br\/poiema\/trevas-nao\/propostas-didaticas\/atividades-com-fontes-historicas\/#primaryimage\"},\"image\":{\"@id\":\"https:\/\/wp.ufpel.edu.br\/poiema\/trevas-nao\/propostas-didaticas\/atividades-com-fontes-historicas\/#primaryimage\"},\"thumbnailUrl\":\"https:\/\/wp.ufpel.edu.br\/poiema\/files\/2025\/04\/12-400x400.png\",\"datePublished\":\"2022-10-20T00:28:11+00:00\",\"dateModified\":\"2025-04-28T21:44:47+00:00\",\"breadcrumb\":{\"@id\":\"https:\/\/wp.ufpel.edu.br\/poiema\/trevas-nao\/propostas-didaticas\/atividades-com-fontes-historicas\/#breadcrumb\"},\"inLanguage\":\"pt-BR\",\"potentialAction\":[{\"@type\":\"ReadAction\",\"target\":[\"https:\/\/wp.ufpel.edu.br\/poiema\/trevas-nao\/propostas-didaticas\/atividades-com-fontes-historicas\/\"]}]},{\"@type\":\"ImageObject\",\"inLanguage\":\"pt-BR\",\"@id\":\"https:\/\/wp.ufpel.edu.br\/poiema\/trevas-nao\/propostas-didaticas\/atividades-com-fontes-historicas\/#primaryimage\",\"url\":\"https:\/\/wp.ufpel.edu.br\/poiema\/files\/2025\/04\/12.png\",\"contentUrl\":\"https:\/\/wp.ufpel.edu.br\/poiema\/files\/2025\/04\/12.png\",\"width\":1181,\"height\":1181},{\"@type\":\"BreadcrumbList\",\"@id\":\"https:\/\/wp.ufpel.edu.br\/poiema\/trevas-nao\/propostas-didaticas\/atividades-com-fontes-historicas\/#breadcrumb\",\"itemListElement\":[{\"@type\":\"ListItem\",\"position\":1,\"name\":\"In\u00edcio\",\"item\":\"https:\/\/wp.ufpel.edu.br\/poiema\/\"},{\"@type\":\"ListItem\",\"position\":2,\"name\":\"Trevas N\u00e3o!\",\"item\":\"https:\/\/wp.ufpel.edu.br\/poiema\/trevas-nao\/\"},{\"@type\":\"ListItem\",\"position\":3,\"name\":\"Propostas Did\u00e1ticas\",\"item\":\"https:\/\/wp.ufpel.edu.br\/poiema\/trevas-nao\/propostas-didaticas\/\"},{\"@type\":\"ListItem\",\"position\":4,\"name\":\"Atividades com fontes hist\u00f3ricas\"}]},{\"@type\":\"WebSite\",\"@id\":\"https:\/\/wp.ufpel.edu.br\/poiema\/#website\",\"url\":\"https:\/\/wp.ufpel.edu.br\/poiema\/\",\"name\":\"POIEMA\",\"description\":\"POIEMA ufpel\",\"potentialAction\":[{\"@type\":\"SearchAction\",\"target\":{\"@type\":\"EntryPoint\",\"urlTemplate\":\"https:\/\/wp.ufpel.edu.br\/poiema\/?s={search_term_string}\"},\"query-input\":{\"@type\":\"PropertyValueSpecification\",\"valueRequired\":true,\"valueName\":\"search_term_string\"}}],\"inLanguage\":\"pt-BR\"}]}<\/script>\n<!-- \/ Yoast SEO plugin. -->","yoast_head_json":{"title":"Atividades com fontes hist\u00f3ricas - POIEMA","robots":{"index":"index","follow":"follow","max-snippet":"max-snippet:-1","max-image-preview":"max-image-preview:large","max-video-preview":"max-video-preview:-1"},"canonical":"https:\/\/wp.ufpel.edu.br\/poiema\/trevas-nao\/propostas-didaticas\/atividades-com-fontes-historicas\/","og_locale":"pt_BR","og_type":"article","og_title":"Atividades com fontes hist\u00f3ricas - POIEMA","og_description":"Acervo de Atividades com fontes hist\u00f3ricas &nbsp; &nbsp; As intera\u00e7\u00f5es com fontes hist\u00f3ricas s\u00e3o importantes atividades de compreens\u00e3o do trabalho de historiadores, favorecendo a capacidade de refletir, observar, indagar e elaborar hip\u00f3teses sobre o conhecimento. Al\u00e9m de serem meios significativos para a aproxima\u00e7\u00e3o dos estudantes com a temporalidade. Aqui, as m\u00faltiplas possibilidades de fontes\u00a0 podem &hellip; Continue lendo","og_url":"https:\/\/wp.ufpel.edu.br\/poiema\/trevas-nao\/propostas-didaticas\/atividades-com-fontes-historicas\/","og_site_name":"POIEMA","article_modified_time":"2025-04-28T21:44:47+00:00","og_image":[{"width":1181,"height":1181,"url":"https:\/\/wp.ufpel.edu.br\/poiema\/files\/2025\/04\/12.png","type":"image\/png"}],"twitter_card":"summary_large_image","twitter_misc":{"Est. tempo de leitura":"1 minuto"},"schema":{"@context":"https:\/\/schema.org","@graph":[{"@type":"WebPage","@id":"https:\/\/wp.ufpel.edu.br\/poiema\/trevas-nao\/propostas-didaticas\/atividades-com-fontes-historicas\/","url":"https:\/\/wp.ufpel.edu.br\/poiema\/trevas-nao\/propostas-didaticas\/atividades-com-fontes-historicas\/","name":"Atividades com fontes hist\u00f3ricas - POIEMA","isPartOf":{"@id":"https:\/\/wp.ufpel.edu.br\/poiema\/#website"},"primaryImageOfPage":{"@id":"https:\/\/wp.ufpel.edu.br\/poiema\/trevas-nao\/propostas-didaticas\/atividades-com-fontes-historicas\/#primaryimage"},"image":{"@id":"https:\/\/wp.ufpel.edu.br\/poiema\/trevas-nao\/propostas-didaticas\/atividades-com-fontes-historicas\/#primaryimage"},"thumbnailUrl":"https:\/\/wp.ufpel.edu.br\/poiema\/files\/2025\/04\/12-400x400.png","datePublished":"2022-10-20T00:28:11+00:00","dateModified":"2025-04-28T21:44:47+00:00","breadcrumb":{"@id":"https:\/\/wp.ufpel.edu.br\/poiema\/trevas-nao\/propostas-didaticas\/atividades-com-fontes-historicas\/#breadcrumb"},"inLanguage":"pt-BR","potentialAction":[{"@type":"ReadAction","target":["https:\/\/wp.ufpel.edu.br\/poiema\/trevas-nao\/propostas-didaticas\/atividades-com-fontes-historicas\/"]}]},{"@type":"ImageObject","inLanguage":"pt-BR","@id":"https:\/\/wp.ufpel.edu.br\/poiema\/trevas-nao\/propostas-didaticas\/atividades-com-fontes-historicas\/#primaryimage","url":"https:\/\/wp.ufpel.edu.br\/poiema\/files\/2025\/04\/12.png","contentUrl":"https:\/\/wp.ufpel.edu.br\/poiema\/files\/2025\/04\/12.png","width":1181,"height":1181},{"@type":"BreadcrumbList","@id":"https:\/\/wp.ufpel.edu.br\/poiema\/trevas-nao\/propostas-didaticas\/atividades-com-fontes-historicas\/#breadcrumb","itemListElement":[{"@type":"ListItem","position":1,"name":"In\u00edcio","item":"https:\/\/wp.ufpel.edu.br\/poiema\/"},{"@type":"ListItem","position":2,"name":"Trevas N\u00e3o!","item":"https:\/\/wp.ufpel.edu.br\/poiema\/trevas-nao\/"},{"@type":"ListItem","position":3,"name":"Propostas Did\u00e1ticas","item":"https:\/\/wp.ufpel.edu.br\/poiema\/trevas-nao\/propostas-didaticas\/"},{"@type":"ListItem","position":4,"name":"Atividades com fontes hist\u00f3ricas"}]},{"@type":"WebSite","@id":"https:\/\/wp.ufpel.edu.br\/poiema\/#website","url":"https:\/\/wp.ufpel.edu.br\/poiema\/","name":"POIEMA","description":"POIEMA ufpel","potentialAction":[{"@type":"SearchAction","target":{"@type":"EntryPoint","urlTemplate":"https:\/\/wp.ufpel.edu.br\/poiema\/?s={search_term_string}"},"query-input":{"@type":"PropertyValueSpecification","valueRequired":true,"valueName":"search_term_string"}}],"inLanguage":"pt-BR"}]}},"jetpack_sharing_enabled":true,"_links":{"self":[{"href":"https:\/\/wp.ufpel.edu.br\/poiema\/wp-json\/wp\/v2\/pages\/4704","targetHints":{"allow":["GET"]}}],"collection":[{"href":"https:\/\/wp.ufpel.edu.br\/poiema\/wp-json\/wp\/v2\/pages"}],"about":[{"href":"https:\/\/wp.ufpel.edu.br\/poiema\/wp-json\/wp\/v2\/types\/page"}],"author":[{"embeddable":true,"href":"https:\/\/wp.ufpel.edu.br\/poiema\/wp-json\/wp\/v2\/users\/1170"}],"replies":[{"embeddable":true,"href":"https:\/\/wp.ufpel.edu.br\/poiema\/wp-json\/wp\/v2\/comments?post=4704"}],"version-history":[{"count":11,"href":"https:\/\/wp.ufpel.edu.br\/poiema\/wp-json\/wp\/v2\/pages\/4704\/revisions"}],"predecessor-version":[{"id":6524,"href":"https:\/\/wp.ufpel.edu.br\/poiema\/wp-json\/wp\/v2\/pages\/4704\/revisions\/6524"}],"up":[{"embeddable":true,"href":"https:\/\/wp.ufpel.edu.br\/poiema\/wp-json\/wp\/v2\/pages\/4608"}],"wp:attachment":[{"href":"https:\/\/wp.ufpel.edu.br\/poiema\/wp-json\/wp\/v2\/media?parent=4704"}],"curies":[{"name":"wp","href":"https:\/\/api.w.org\/{rel}","templated":true}]}}