{"id":4634,"date":"2022-10-03T21:31:39","date_gmt":"2022-10-04T00:31:39","guid":{"rendered":"https:\/\/wp.ufpel.edu.br\/poiema\/?page_id=4634"},"modified":"2025-04-28T18:45:39","modified_gmt":"2025-04-28T21:45:39","slug":"relatos-experiencia","status":"publish","type":"page","link":"https:\/\/wp.ufpel.edu.br\/poiema\/trevas-nao\/relatos-experiencia\/","title":{"rendered":"Relatos de experi\u00eancia"},"content":{"rendered":"<p><em><strong>Compartilhar e ler relatos de experi\u00eancias de ensino de hist\u00f3ria medieval <\/strong><\/em><\/p>\n<p><a href=\"https:\/\/wp.ufpel.edu.br\/poiema\/files\/2025\/04\/TREVAS-NAO-ADESIVOS-2025-6.png\"><img loading=\"lazy\" decoding=\"async\" class=\"wp-image-6541 alignleft\" src=\"https:\/\/wp.ufpel.edu.br\/poiema\/files\/2025\/04\/TREVAS-NAO-ADESIVOS-2025-6-400x400.png\" alt=\"\" width=\"323\" height=\"323\" srcset=\"https:\/\/wp.ufpel.edu.br\/poiema\/files\/2025\/04\/TREVAS-NAO-ADESIVOS-2025-6-400x400.png 400w, https:\/\/wp.ufpel.edu.br\/poiema\/files\/2025\/04\/TREVAS-NAO-ADESIVOS-2025-6-1024x1024.png 1024w, https:\/\/wp.ufpel.edu.br\/poiema\/files\/2025\/04\/TREVAS-NAO-ADESIVOS-2025-6-200x200.png 200w, https:\/\/wp.ufpel.edu.br\/poiema\/files\/2025\/04\/TREVAS-NAO-ADESIVOS-2025-6-768x768.png 768w, https:\/\/wp.ufpel.edu.br\/poiema\/files\/2025\/04\/TREVAS-NAO-ADESIVOS-2025-6-750x750.png 750w, https:\/\/wp.ufpel.edu.br\/poiema\/files\/2025\/04\/TREVAS-NAO-ADESIVOS-2025-6.png 1181w\" sizes=\"auto, (max-width: 323px) 100vw, 323px\" \/><\/a><\/p>\n<p>&nbsp;<\/p>\n<p>&nbsp;<\/p>\n<p style=\"text-align: justify;\"><span style=\"font-weight: 400;\">Este espa\u00e7o \u00e9 para compartilharmos experi\u00eancias vividas em sala de aula no ensino de hist\u00f3ria medieval. Sinta-se \u00e0 vontade para compartilhar relatos, planos de aulas, slides, fotos ou produ\u00e7\u00f5es de seus alunos, com atividades elaboradas por voc\u00ea ou que foram inspiradas em nossas propostas. A ideia \u00e9 que, em um futuro pr\u00f3ximo, possamos organizar uma exposi\u00e7\u00e3o aqui no site para incentivar estas novas abordagens.\u00a0 <\/span><\/p>\n<p>&nbsp;<\/p>\n<p>&nbsp;<\/p>\n<p>&nbsp;<\/p>\n<p>&nbsp;<\/p>\n<p>Envie a sua experi\u00eancia de atividade no formul\u00e1rio abaixo:<\/p>\n\n<div class=\"wpcf7 no-js\" id=\"wpcf7-f4630-o1\" lang=\"pt-BR\" dir=\"ltr\" data-wpcf7-id=\"4630\">\n<div class=\"screen-reader-response\"><p role=\"status\" aria-live=\"polite\" aria-atomic=\"true\"><\/p> <ul><\/ul><\/div>\n<form action=\"\/poiema\/wp-json\/wp\/v2\/pages\/4634#wpcf7-f4630-o1\" method=\"post\" class=\"wpcf7-form init\" aria-label=\"Formul\u00e1rios de contato\" enctype=\"multipart\/form-data\" novalidate=\"novalidate\" data-status=\"init\">\n<fieldset class=\"hidden-fields-container\"><input type=\"hidden\" name=\"_wpcf7\" value=\"4630\" \/><input type=\"hidden\" name=\"_wpcf7_version\" value=\"6.1.4\" \/><input type=\"hidden\" name=\"_wpcf7_locale\" value=\"pt_BR\" \/><input type=\"hidden\" name=\"_wpcf7_unit_tag\" value=\"wpcf7-f4630-o1\" \/><input type=\"hidden\" name=\"_wpcf7_container_post\" value=\"0\" \/><input type=\"hidden\" name=\"_wpcf7_posted_data_hash\" value=\"\" \/>\n<\/fieldset>\n<p><label> Seu nome<br \/>\n<span class=\"wpcf7-form-control-wrap\" data-name=\"your-name\"><input size=\"40\" maxlength=\"400\" class=\"wpcf7-form-control wpcf7-text wpcf7-validates-as-required\" aria-required=\"true\" aria-invalid=\"false\" value=\"\" type=\"text\" name=\"your-name\" \/><\/span> <\/label>\n<\/p>\n<p><label> Seu e-mail<br \/>\n<span class=\"wpcf7-form-control-wrap\" data-name=\"your-email\"><input size=\"40\" maxlength=\"400\" class=\"wpcf7-form-control wpcf7-email wpcf7-validates-as-required wpcf7-text wpcf7-validates-as-email\" aria-required=\"true\" aria-invalid=\"false\" value=\"\" type=\"email\" name=\"your-email\" \/><\/span> <\/label>\n<\/p>\n<p><label> Atividade<br \/>\n<span class=\"wpcf7-form-control-wrap\" data-name=\"your-subject\"><input size=\"40\" maxlength=\"400\" class=\"wpcf7-form-control wpcf7-text wpcf7-validates-as-required\" aria-required=\"true\" aria-invalid=\"false\" value=\"\" type=\"text\" name=\"your-subject\" \/><\/span> <\/label>\n<\/p>\n<p><label> Sua mensagem<br \/>\n<span class=\"wpcf7-form-control-wrap\" data-name=\"your-message\"><textarea cols=\"40\" rows=\"10\" maxlength=\"2000\" class=\"wpcf7-form-control wpcf7-textarea\" aria-invalid=\"false\" name=\"your-message\"><\/textarea><\/span> <\/label>\n<\/p>\n<p><span class=\"wpcf7-form-control-wrap\" data-name=\"file-71\"><input size=\"40\" class=\"wpcf7-form-control wpcf7-file wpcf7-validates-as-required\" accept=\"audio\/*,video\/*,image\/*\" aria-required=\"true\" aria-invalid=\"false\" type=\"file\" name=\"file-71\" \/><\/span>\n<\/p>\n<p><input class=\"wpcf7-form-control wpcf7-submit has-spinner\" type=\"submit\" value=\"Enviar\" \/>\n<\/p><p style=\"display: none !important;\" class=\"akismet-fields-container\" data-prefix=\"_wpcf7_ak_\"><label>&#916;<textarea name=\"_wpcf7_ak_hp_textarea\" cols=\"45\" rows=\"8\" maxlength=\"100\"><\/textarea><\/label><input type=\"hidden\" id=\"ak_js_1\" name=\"_wpcf7_ak_js\" value=\"24\"\/><script>document.getElementById( \"ak_js_1\" ).setAttribute( \"value\", ( new Date() ).getTime() );<\/script><\/p><div class=\"wpcf7-response-output\" aria-hidden=\"true\"><\/div>\n<\/form>\n<\/div>\n\n","protected":false},"excerpt":{"rendered":"<p>Compartilhar e ler relatos de experi\u00eancias de ensino de hist\u00f3ria medieval &nbsp; &nbsp; Este espa\u00e7o \u00e9 para compartilharmos experi\u00eancias vividas em sala de aula no ensino de hist\u00f3ria medieval. Sinta-se \u00e0 vontade para compartilhar relatos, planos de aulas, slides, fotos ou produ\u00e7\u00f5es de seus alunos, com atividades elaboradas por voc\u00ea ou que foram inspiradas em &hellip; <\/p>\n<p><a class=\"more-link btn\" href=\"https:\/\/wp.ufpel.edu.br\/poiema\/trevas-nao\/relatos-experiencia\/\">Continue lendo<\/a><\/p>\n","protected":false},"author":1170,"featured_media":0,"parent":4560,"menu_order":0,"comment_status":"closed","ping_status":"closed","template":"template-onecolumn.php","meta":{"footnotes":""},"class_list":["post-4634","page","type-page","status-publish","hentry","nodate","item-wrap"],"yoast_head":"<!-- This site is optimized with the Yoast SEO plugin v26.7 - https:\/\/yoast.com\/wordpress\/plugins\/seo\/ -->\n<title>Relatos de experi\u00eancia - POIEMA<\/title>\n<meta name=\"robots\" content=\"index, follow, max-snippet:-1, max-image-preview:large, max-video-preview:-1\" \/>\n<link rel=\"canonical\" href=\"https:\/\/wp.ufpel.edu.br\/poiema\/trevas-nao\/relatos-experiencia\/\" \/>\n<meta property=\"og:locale\" content=\"pt_BR\" \/>\n<meta property=\"og:type\" content=\"article\" \/>\n<meta property=\"og:title\" content=\"Relatos de experi\u00eancia - POIEMA\" \/>\n<meta property=\"og:description\" content=\"Compartilhar e ler relatos de experi\u00eancias de ensino de hist\u00f3ria medieval &nbsp; &nbsp; Este espa\u00e7o \u00e9 para compartilharmos experi\u00eancias vividas em sala de aula no ensino de hist\u00f3ria medieval. Sinta-se \u00e0 vontade para compartilhar relatos, planos de aulas, slides, fotos ou produ\u00e7\u00f5es de seus alunos, com atividades elaboradas por voc\u00ea ou que foram inspiradas em &hellip; Continue lendo\" \/>\n<meta property=\"og:url\" content=\"https:\/\/wp.ufpel.edu.br\/poiema\/trevas-nao\/relatos-experiencia\/\" \/>\n<meta property=\"og:site_name\" content=\"POIEMA\" \/>\n<meta property=\"article:modified_time\" content=\"2025-04-28T21:45:39+00:00\" \/>\n<meta property=\"og:image\" content=\"https:\/\/wp.ufpel.edu.br\/poiema\/files\/2025\/04\/TREVAS-NAO-ADESIVOS-2025-6.png\" \/>\n\t<meta property=\"og:image:width\" content=\"1181\" \/>\n\t<meta property=\"og:image:height\" content=\"1181\" \/>\n\t<meta property=\"og:image:type\" content=\"image\/png\" \/>\n<meta name=\"twitter:card\" content=\"summary_large_image\" \/>\n<meta name=\"twitter:label1\" content=\"Est. tempo de leitura\" \/>\n\t<meta name=\"twitter:data1\" content=\"1 minuto\" \/>\n<script type=\"application\/ld+json\" class=\"yoast-schema-graph\">{\"@context\":\"https:\/\/schema.org\",\"@graph\":[{\"@type\":\"WebPage\",\"@id\":\"https:\/\/wp.ufpel.edu.br\/poiema\/trevas-nao\/relatos-experiencia\/\",\"url\":\"https:\/\/wp.ufpel.edu.br\/poiema\/trevas-nao\/relatos-experiencia\/\",\"name\":\"Relatos de experi\u00eancia - POIEMA\",\"isPartOf\":{\"@id\":\"https:\/\/wp.ufpel.edu.br\/poiema\/#website\"},\"primaryImageOfPage\":{\"@id\":\"https:\/\/wp.ufpel.edu.br\/poiema\/trevas-nao\/relatos-experiencia\/#primaryimage\"},\"image\":{\"@id\":\"https:\/\/wp.ufpel.edu.br\/poiema\/trevas-nao\/relatos-experiencia\/#primaryimage\"},\"thumbnailUrl\":\"https:\/\/wp.ufpel.edu.br\/poiema\/files\/2025\/04\/TREVAS-NAO-ADESIVOS-2025-6-400x400.png\",\"datePublished\":\"2022-10-04T00:31:39+00:00\",\"dateModified\":\"2025-04-28T21:45:39+00:00\",\"breadcrumb\":{\"@id\":\"https:\/\/wp.ufpel.edu.br\/poiema\/trevas-nao\/relatos-experiencia\/#breadcrumb\"},\"inLanguage\":\"pt-BR\",\"potentialAction\":[{\"@type\":\"ReadAction\",\"target\":[\"https:\/\/wp.ufpel.edu.br\/poiema\/trevas-nao\/relatos-experiencia\/\"]}]},{\"@type\":\"ImageObject\",\"inLanguage\":\"pt-BR\",\"@id\":\"https:\/\/wp.ufpel.edu.br\/poiema\/trevas-nao\/relatos-experiencia\/#primaryimage\",\"url\":\"https:\/\/wp.ufpel.edu.br\/poiema\/files\/2025\/04\/TREVAS-NAO-ADESIVOS-2025-6.png\",\"contentUrl\":\"https:\/\/wp.ufpel.edu.br\/poiema\/files\/2025\/04\/TREVAS-NAO-ADESIVOS-2025-6.png\",\"width\":1181,\"height\":1181},{\"@type\":\"BreadcrumbList\",\"@id\":\"https:\/\/wp.ufpel.edu.br\/poiema\/trevas-nao\/relatos-experiencia\/#breadcrumb\",\"itemListElement\":[{\"@type\":\"ListItem\",\"position\":1,\"name\":\"In\u00edcio\",\"item\":\"https:\/\/wp.ufpel.edu.br\/poiema\/\"},{\"@type\":\"ListItem\",\"position\":2,\"name\":\"Trevas N\u00e3o!\",\"item\":\"https:\/\/wp.ufpel.edu.br\/poiema\/trevas-nao\/\"},{\"@type\":\"ListItem\",\"position\":3,\"name\":\"Relatos de experi\u00eancia\"}]},{\"@type\":\"WebSite\",\"@id\":\"https:\/\/wp.ufpel.edu.br\/poiema\/#website\",\"url\":\"https:\/\/wp.ufpel.edu.br\/poiema\/\",\"name\":\"POIEMA\",\"description\":\"POIEMA ufpel\",\"potentialAction\":[{\"@type\":\"SearchAction\",\"target\":{\"@type\":\"EntryPoint\",\"urlTemplate\":\"https:\/\/wp.ufpel.edu.br\/poiema\/?s={search_term_string}\"},\"query-input\":{\"@type\":\"PropertyValueSpecification\",\"valueRequired\":true,\"valueName\":\"search_term_string\"}}],\"inLanguage\":\"pt-BR\"}]}<\/script>\n<!-- \/ Yoast SEO plugin. -->","yoast_head_json":{"title":"Relatos de experi\u00eancia - POIEMA","robots":{"index":"index","follow":"follow","max-snippet":"max-snippet:-1","max-image-preview":"max-image-preview:large","max-video-preview":"max-video-preview:-1"},"canonical":"https:\/\/wp.ufpel.edu.br\/poiema\/trevas-nao\/relatos-experiencia\/","og_locale":"pt_BR","og_type":"article","og_title":"Relatos de experi\u00eancia - POIEMA","og_description":"Compartilhar e ler relatos de experi\u00eancias de ensino de hist\u00f3ria medieval &nbsp; &nbsp; Este espa\u00e7o \u00e9 para compartilharmos experi\u00eancias vividas em sala de aula no ensino de hist\u00f3ria medieval. Sinta-se \u00e0 vontade para compartilhar relatos, planos de aulas, slides, fotos ou produ\u00e7\u00f5es de seus alunos, com atividades elaboradas por voc\u00ea ou que foram inspiradas em &hellip; Continue lendo","og_url":"https:\/\/wp.ufpel.edu.br\/poiema\/trevas-nao\/relatos-experiencia\/","og_site_name":"POIEMA","article_modified_time":"2025-04-28T21:45:39+00:00","og_image":[{"width":1181,"height":1181,"url":"https:\/\/wp.ufpel.edu.br\/poiema\/files\/2025\/04\/TREVAS-NAO-ADESIVOS-2025-6.png","type":"image\/png"}],"twitter_card":"summary_large_image","twitter_misc":{"Est. tempo de leitura":"1 minuto"},"schema":{"@context":"https:\/\/schema.org","@graph":[{"@type":"WebPage","@id":"https:\/\/wp.ufpel.edu.br\/poiema\/trevas-nao\/relatos-experiencia\/","url":"https:\/\/wp.ufpel.edu.br\/poiema\/trevas-nao\/relatos-experiencia\/","name":"Relatos de experi\u00eancia - POIEMA","isPartOf":{"@id":"https:\/\/wp.ufpel.edu.br\/poiema\/#website"},"primaryImageOfPage":{"@id":"https:\/\/wp.ufpel.edu.br\/poiema\/trevas-nao\/relatos-experiencia\/#primaryimage"},"image":{"@id":"https:\/\/wp.ufpel.edu.br\/poiema\/trevas-nao\/relatos-experiencia\/#primaryimage"},"thumbnailUrl":"https:\/\/wp.ufpel.edu.br\/poiema\/files\/2025\/04\/TREVAS-NAO-ADESIVOS-2025-6-400x400.png","datePublished":"2022-10-04T00:31:39+00:00","dateModified":"2025-04-28T21:45:39+00:00","breadcrumb":{"@id":"https:\/\/wp.ufpel.edu.br\/poiema\/trevas-nao\/relatos-experiencia\/#breadcrumb"},"inLanguage":"pt-BR","potentialAction":[{"@type":"ReadAction","target":["https:\/\/wp.ufpel.edu.br\/poiema\/trevas-nao\/relatos-experiencia\/"]}]},{"@type":"ImageObject","inLanguage":"pt-BR","@id":"https:\/\/wp.ufpel.edu.br\/poiema\/trevas-nao\/relatos-experiencia\/#primaryimage","url":"https:\/\/wp.ufpel.edu.br\/poiema\/files\/2025\/04\/TREVAS-NAO-ADESIVOS-2025-6.png","contentUrl":"https:\/\/wp.ufpel.edu.br\/poiema\/files\/2025\/04\/TREVAS-NAO-ADESIVOS-2025-6.png","width":1181,"height":1181},{"@type":"BreadcrumbList","@id":"https:\/\/wp.ufpel.edu.br\/poiema\/trevas-nao\/relatos-experiencia\/#breadcrumb","itemListElement":[{"@type":"ListItem","position":1,"name":"In\u00edcio","item":"https:\/\/wp.ufpel.edu.br\/poiema\/"},{"@type":"ListItem","position":2,"name":"Trevas N\u00e3o!","item":"https:\/\/wp.ufpel.edu.br\/poiema\/trevas-nao\/"},{"@type":"ListItem","position":3,"name":"Relatos de experi\u00eancia"}]},{"@type":"WebSite","@id":"https:\/\/wp.ufpel.edu.br\/poiema\/#website","url":"https:\/\/wp.ufpel.edu.br\/poiema\/","name":"POIEMA","description":"POIEMA ufpel","potentialAction":[{"@type":"SearchAction","target":{"@type":"EntryPoint","urlTemplate":"https:\/\/wp.ufpel.edu.br\/poiema\/?s={search_term_string}"},"query-input":{"@type":"PropertyValueSpecification","valueRequired":true,"valueName":"search_term_string"}}],"inLanguage":"pt-BR"}]}},"jetpack_sharing_enabled":true,"_links":{"self":[{"href":"https:\/\/wp.ufpel.edu.br\/poiema\/wp-json\/wp\/v2\/pages\/4634","targetHints":{"allow":["GET"]}}],"collection":[{"href":"https:\/\/wp.ufpel.edu.br\/poiema\/wp-json\/wp\/v2\/pages"}],"about":[{"href":"https:\/\/wp.ufpel.edu.br\/poiema\/wp-json\/wp\/v2\/types\/page"}],"author":[{"embeddable":true,"href":"https:\/\/wp.ufpel.edu.br\/poiema\/wp-json\/wp\/v2\/users\/1170"}],"replies":[{"embeddable":true,"href":"https:\/\/wp.ufpel.edu.br\/poiema\/wp-json\/wp\/v2\/comments?post=4634"}],"version-history":[{"count":10,"href":"https:\/\/wp.ufpel.edu.br\/poiema\/wp-json\/wp\/v2\/pages\/4634\/revisions"}],"predecessor-version":[{"id":6543,"href":"https:\/\/wp.ufpel.edu.br\/poiema\/wp-json\/wp\/v2\/pages\/4634\/revisions\/6543"}],"up":[{"embeddable":true,"href":"https:\/\/wp.ufpel.edu.br\/poiema\/wp-json\/wp\/v2\/pages\/4560"}],"wp:attachment":[{"href":"https:\/\/wp.ufpel.edu.br\/poiema\/wp-json\/wp\/v2\/media?parent=4634"}],"curies":[{"name":"wp","href":"https:\/\/api.w.org\/{rel}","templated":true}]}}