{"id":4560,"date":"2022-09-29T05:34:35","date_gmt":"2022-09-29T08:34:35","guid":{"rendered":"https:\/\/wp.ufpel.edu.br\/poiema\/?page_id=4560"},"modified":"2025-04-28T18:38:23","modified_gmt":"2025-04-28T21:38:23","slug":"trevas-nao","status":"publish","type":"page","link":"https:\/\/wp.ufpel.edu.br\/poiema\/trevas-nao\/","title":{"rendered":"Trevas N\u00e3o!"},"content":{"rendered":"<p><strong><span style=\"font-family: 'book antiqua', palatino, serif;\">CONHE\u00c7A O PROETO DE ENSINO DO POIEMA!\u00a0<\/span><\/strong><\/p>\n<p><a href=\"https:\/\/wp.ufpel.edu.br\/poiema\/files\/2025\/04\/TREVAS-NAO-ADESIVOS-2025-2.png\"><img loading=\"lazy\" decoding=\"async\" class=\"wp-image-6456 alignleft\" src=\"https:\/\/wp.ufpel.edu.br\/poiema\/files\/2025\/04\/TREVAS-NAO-ADESIVOS-2025-2-400x400.png\" alt=\"\" width=\"313\" height=\"313\" srcset=\"https:\/\/wp.ufpel.edu.br\/poiema\/files\/2025\/04\/TREVAS-NAO-ADESIVOS-2025-2-400x400.png 400w, https:\/\/wp.ufpel.edu.br\/poiema\/files\/2025\/04\/TREVAS-NAO-ADESIVOS-2025-2-1024x1024.png 1024w, https:\/\/wp.ufpel.edu.br\/poiema\/files\/2025\/04\/TREVAS-NAO-ADESIVOS-2025-2-200x200.png 200w, https:\/\/wp.ufpel.edu.br\/poiema\/files\/2025\/04\/TREVAS-NAO-ADESIVOS-2025-2-768x768.png 768w, https:\/\/wp.ufpel.edu.br\/poiema\/files\/2025\/04\/TREVAS-NAO-ADESIVOS-2025-2-750x750.png 750w, https:\/\/wp.ufpel.edu.br\/poiema\/files\/2025\/04\/TREVAS-NAO-ADESIVOS-2025-2.png 1181w\" sizes=\"auto, (max-width: 313px) 100vw, 313px\" \/><\/a><em><span style=\"font-family: 'book antiqua', palatino, serif;\"><strong>&#8220;TREVAS N\u00c3O!&#8221;: Algumas luzes para o ensino de hist\u00f3ria medieval<\/strong><\/span><\/em><\/p>\n<p style=\"text-align: justify;\">O projeto <em>\u201cTrevas n\u00e3o!\u201d<\/em> \u00e9 um dentre os m\u00faltiplos projetos que constituem as atividades do POIEMA.\u00a0E foi elaborado para que se constitua como um projeto cooperativo de pesquisas, produ\u00e7\u00f5es e divulga\u00e7\u00e3o de pr\u00e1ticas did\u00e1ticas voltadas ao medievo em suas mais diversas abordagens poss\u00edveis.<\/p>\n<p dir=\"ltr\" style=\"text-align: justify;\"><b><i>Nosso objetivo \u00e9 construir coletivamente um acervo de recursos did\u00e1ticos, valorizando a experi\u00eancia de quem est\u00e1 diretamente envolvido com o ensino de hist\u00f3ria e abrindo espa\u00e7o para que propostas criativas e cr\u00edticas sobre o medievo possam ser desenvolvidas,<\/i><\/b>\u00a0compartilhadas e aplicadas de maneira colaborativa.<\/p>\n<p dir=\"ltr\" style=\"text-align: justify;\">O <em>&#8220;Trevas N\u00e3o!&#8221;<\/em> \u00e9 um espa\u00e7o de constru\u00e7\u00e3o coletiva. Todas as contribui\u00e7\u00f5es feitas ao projeto ser\u00e3o revisadas, reunidas e disponibilizadas de forma p\u00fablica e gratuita na p\u00e1gina institucional do POIEMA dedicada ao &#8220;<i>Trevas n\u00e3o!&#8221;<\/i>, para que estudantes, professores e demais interessados possam acessar livremente. Isso porque entendemos que <em>construir conhecimento \u00e9 um ato coletivo!<\/em><\/p>\n<p dir=\"ltr\" style=\"text-align: justify;\">Este acervo de pr\u00e1ticas did\u00e1ticas direciona-se a partir das tem\u00e1ticas recomendadas pela\u00a0<a href=\"http:\/\/basenacionalcomum.mec.gov.br\/images\/BNCC_EI_EF_110518_versaofinal_site.pdf\">BNCC (Base Nacional Comum Curricular)<\/a>\u00a0, que postula importantes habilidades sociais associadas ao reconhecimento de transforma\u00e7\u00f5es pol\u00edticas; din\u00e2micas sociais, econ\u00f4micas e de g\u00eanero; aspectos culturais e a atua\u00e7\u00e3o religiosa. Com in\u00edcio no sexto ano do ensino fundamental, o ensino de medievo encontra\u00a0tamb\u00e9m\u00a0, dentro do proposto pela BNCC, abertura para abordagens nos s\u00e9timos, oitavos e nonos anos do ensino fundamental e tamb\u00e9m nos anos do ensino m\u00e9dio.<\/p>\n<p dir=\"ltr\" style=\"text-align: justify;\">Nosso acervo pretende construir e reunir <a href=\"https:\/\/wp.ufpel.edu.br\/poiema\/trevas-nao\/propostas-didaticas\/\"><em><strong>Propostas de recursos did\u00e1ticos<\/strong><\/em><\/a><strong>;\u00a0<\/strong>uma lista de indica\u00e7\u00f5es de\u00a0<strong><em>Acervos &amp; Fontes\u00a0<\/em><\/strong>online; uma lista de indica\u00e7\u00f5es de <a href=\"https:\/\/wp.ufpel.edu.br\/poiema\/trevas-nao\/indicacoes-de-leitura\/\"><em><strong>Refer\u00eancias bibliogr\u00e1ficas para leitura docente <\/strong><\/em><\/a>e tamb\u00e9m abrir um espa\u00e7o para\u00a0<strong><em><a href=\"https:\/\/wp.ufpel.edu.br\/poiema\/trevas-nao\/relatos-experiencia\/\">Relatos de experi\u00eancia<\/a>.<\/em><\/strong><\/p>\n<p dir=\"ltr\" style=\"padding-left: 40px;\">As <em><strong>propostas did\u00e1ticas<\/strong><\/em> est\u00e3o divididas por categorias tem\u00e1ticas:<\/p>\n<p dir=\"ltr\" style=\"padding-left: 40px;\"><a href=\"https:\/\/wp.ufpel.edu.br\/poiema\/files\/2025\/04\/5.png\"><img loading=\"lazy\" decoding=\"async\" class=\"wp-image-6462 alignnone\" src=\"https:\/\/wp.ufpel.edu.br\/poiema\/files\/2025\/04\/5-400x400.png\" alt=\"\" width=\"85\" height=\"85\" srcset=\"https:\/\/wp.ufpel.edu.br\/poiema\/files\/2025\/04\/5-400x400.png 400w, https:\/\/wp.ufpel.edu.br\/poiema\/files\/2025\/04\/5-1024x1024.png 1024w, https:\/\/wp.ufpel.edu.br\/poiema\/files\/2025\/04\/5-200x200.png 200w, https:\/\/wp.ufpel.edu.br\/poiema\/files\/2025\/04\/5-768x768.png 768w, https:\/\/wp.ufpel.edu.br\/poiema\/files\/2025\/04\/5-750x750.png 750w, https:\/\/wp.ufpel.edu.br\/poiema\/files\/2025\/04\/5.png 1181w\" sizes=\"auto, (max-width: 85px) 100vw, 85px\" \/><\/a>\u00a0 \u00a0 \u00a0<strong><em><a href=\"https:\/\/wp.ufpel.edu.br\/poiema\/trevas-nao\/propostas-didaticas\/planos-de-aula-apresentacao-slides\/\">Planos de aula &amp; Apresenta\u00e7\u00e3o de Slides<\/a>;<\/em><\/strong><\/p>\n<p dir=\"ltr\" style=\"padding-left: 40px;\"><a href=\"https:\/\/wp.ufpel.edu.br\/poiema\/files\/2025\/04\/13.png\"><img loading=\"lazy\" decoding=\"async\" class=\"wp-image-6470 alignnone\" src=\"https:\/\/wp.ufpel.edu.br\/poiema\/files\/2025\/04\/13-400x400.png\" alt=\"\" width=\"85\" height=\"85\" srcset=\"https:\/\/wp.ufpel.edu.br\/poiema\/files\/2025\/04\/13-400x400.png 400w, https:\/\/wp.ufpel.edu.br\/poiema\/files\/2025\/04\/13-1024x1024.png 1024w, https:\/\/wp.ufpel.edu.br\/poiema\/files\/2025\/04\/13-200x200.png 200w, https:\/\/wp.ufpel.edu.br\/poiema\/files\/2025\/04\/13-768x768.png 768w, https:\/\/wp.ufpel.edu.br\/poiema\/files\/2025\/04\/13-750x750.png 750w, https:\/\/wp.ufpel.edu.br\/poiema\/files\/2025\/04\/13.png 1181w\" sizes=\"auto, (max-width: 85px) 100vw, 85px\" \/><\/a>\u00a0 \u00a0<em><strong><a href=\"https:\/\/wp.ufpel.edu.br\/poiema\/trevas-nao\/propostas-didaticas\/atividades-com-fontes-historicas\/\">Atividades com fontes hist\u00f3ricas<\/a>;<\/strong><\/em><\/p>\n<p dir=\"ltr\" style=\"padding-left: 40px;\"><a href=\"https:\/\/wp.ufpel.edu.br\/poiema\/files\/2025\/04\/17.png\"><img loading=\"lazy\" decoding=\"async\" class=\"wp-image-6474 alignnone\" src=\"https:\/\/wp.ufpel.edu.br\/poiema\/files\/2025\/04\/17-400x400.png\" alt=\"\" width=\"85\" height=\"85\" srcset=\"https:\/\/wp.ufpel.edu.br\/poiema\/files\/2025\/04\/17-400x400.png 400w, https:\/\/wp.ufpel.edu.br\/poiema\/files\/2025\/04\/17-1024x1024.png 1024w, https:\/\/wp.ufpel.edu.br\/poiema\/files\/2025\/04\/17-200x200.png 200w, https:\/\/wp.ufpel.edu.br\/poiema\/files\/2025\/04\/17-768x768.png 768w, https:\/\/wp.ufpel.edu.br\/poiema\/files\/2025\/04\/17-750x750.png 750w, https:\/\/wp.ufpel.edu.br\/poiema\/files\/2025\/04\/17.png 1181w\" sizes=\"auto, (max-width: 85px) 100vw, 85px\" \/>\u00a0 \u00a0\u00a0<\/a><em><strong><a href=\"https:\/\/wp.ufpel.edu.br\/poiema\/trevas-nao\/propostas-didaticas\/atividades-de-reflexao\/\">Atividades de reflex\u00e3o<\/a>;<\/strong><\/em><\/p>\n<p dir=\"ltr\" style=\"padding-left: 40px;\"><a href=\"https:\/\/wp.ufpel.edu.br\/poiema\/files\/2025\/04\/9.png\"><img loading=\"lazy\" decoding=\"async\" class=\"wp-image-6466 alignnone\" src=\"https:\/\/wp.ufpel.edu.br\/poiema\/files\/2025\/04\/9-400x400.png\" alt=\"\" width=\"85\" height=\"85\" srcset=\"https:\/\/wp.ufpel.edu.br\/poiema\/files\/2025\/04\/9-400x400.png 400w, https:\/\/wp.ufpel.edu.br\/poiema\/files\/2025\/04\/9-1024x1024.png 1024w, https:\/\/wp.ufpel.edu.br\/poiema\/files\/2025\/04\/9-200x200.png 200w, https:\/\/wp.ufpel.edu.br\/poiema\/files\/2025\/04\/9-768x768.png 768w, https:\/\/wp.ufpel.edu.br\/poiema\/files\/2025\/04\/9-750x750.png 750w, https:\/\/wp.ufpel.edu.br\/poiema\/files\/2025\/04\/9.png 1181w\" sizes=\"auto, (max-width: 85px) 100vw, 85px\" \/>\u00a0\u00a0<\/a> \u00a0<em><strong><a href=\"https:\/\/wp.ufpel.edu.br\/poiema\/trevas-nao\/propostas-didaticas\/desafios\/\">Desafios &amp; Jogos<\/a>;<\/strong><\/em><\/p>\n<p dir=\"ltr\" style=\"padding-left: 40px;\"><strong><a href=\"https:\/\/wp.ufpel.edu.br\/poiema\/files\/2025\/04\/7.png\"><img loading=\"lazy\" decoding=\"async\" class=\"wp-image-6464 alignnone\" src=\"https:\/\/wp.ufpel.edu.br\/poiema\/files\/2025\/04\/7-400x400.png\" alt=\"\" width=\"85\" height=\"85\" srcset=\"https:\/\/wp.ufpel.edu.br\/poiema\/files\/2025\/04\/7-400x400.png 400w, https:\/\/wp.ufpel.edu.br\/poiema\/files\/2025\/04\/7-1024x1024.png 1024w, https:\/\/wp.ufpel.edu.br\/poiema\/files\/2025\/04\/7-200x200.png 200w, https:\/\/wp.ufpel.edu.br\/poiema\/files\/2025\/04\/7-768x768.png 768w, https:\/\/wp.ufpel.edu.br\/poiema\/files\/2025\/04\/7-750x750.png 750w, https:\/\/wp.ufpel.edu.br\/poiema\/files\/2025\/04\/7.png 1181w\" sizes=\"auto, (max-width: 85px) 100vw, 85px\" \/>\u00a0\u00a0\u00a0<\/a><\/strong><em><strong><a href=\"https:\/\/wp.ufpel.edu.br\/poiema\/trevas-nao\/propostas-didaticas\/curiosidades-medievais\/\">Curiosidades medievais<\/a>;<\/strong><\/em><\/p>\n<p style=\"padding-left: 40px;\"><a href=\"https:\/\/wp.ufpel.edu.br\/poiema\/files\/2025\/04\/11.png\"><img loading=\"lazy\" decoding=\"async\" class=\"wp-image-6468 alignnone\" src=\"https:\/\/wp.ufpel.edu.br\/poiema\/files\/2025\/04\/11-400x400.png\" alt=\"\" width=\"85\" height=\"85\" srcset=\"https:\/\/wp.ufpel.edu.br\/poiema\/files\/2025\/04\/11-400x400.png 400w, https:\/\/wp.ufpel.edu.br\/poiema\/files\/2025\/04\/11-1024x1024.png 1024w, https:\/\/wp.ufpel.edu.br\/poiema\/files\/2025\/04\/11-200x200.png 200w, https:\/\/wp.ufpel.edu.br\/poiema\/files\/2025\/04\/11-768x768.png 768w, https:\/\/wp.ufpel.edu.br\/poiema\/files\/2025\/04\/11-750x750.png 750w, https:\/\/wp.ufpel.edu.br\/poiema\/files\/2025\/04\/11.png 1181w\" sizes=\"auto, (max-width: 85px) 100vw, 85px\" \/>\u00a0\u00a0\u00a0\u00a0<\/a><em><strong><a href=\"https:\/\/wp.ufpel.edu.br\/poiema\/trevas-nao\/propostas-didaticas\/recepcoes-medievais\/\">Recep\u00e7\u00f5es medievais<\/a>;<\/strong><\/em><\/p>\n<p style=\"padding-left: 80px;\">Al\u00e9m disso, voc\u00ea pode consultar nossas <strong><em>listas de indica\u00e7\u00f5es<\/em><\/strong>:<\/p>\n<p style=\"padding-left: 40px;\"><img loading=\"lazy\" decoding=\"async\" class=\"wp-image-6476 alignnone\" style=\"color: #9538c5; text-align: justify;\" src=\"https:\/\/wp.ufpel.edu.br\/poiema\/files\/2025\/04\/19-400x400.png\" alt=\"\" width=\"85\" height=\"85\" srcset=\"https:\/\/wp.ufpel.edu.br\/poiema\/files\/2025\/04\/19-400x400.png 400w, https:\/\/wp.ufpel.edu.br\/poiema\/files\/2025\/04\/19-1024x1024.png 1024w, https:\/\/wp.ufpel.edu.br\/poiema\/files\/2025\/04\/19-200x200.png 200w, https:\/\/wp.ufpel.edu.br\/poiema\/files\/2025\/04\/19-768x768.png 768w, https:\/\/wp.ufpel.edu.br\/poiema\/files\/2025\/04\/19-750x750.png 750w, https:\/\/wp.ufpel.edu.br\/poiema\/files\/2025\/04\/19.png 1181w\" sizes=\"auto, (max-width: 85px) 100vw, 85px\" \/>\u00a0 \u00a0 \u00a0 \u00a0<em><strong>Acervos &amp; Fontes\u00a0 \u00a0 \u00a0 \u00a0 \u00a0 \u00a0 \u00a0 \u00a0 \u00a0 \u00a0 \u00a0 \u00a0 \u00a0<\/strong><\/em><em><strong><a href=\"https:\/\/wp.ufpel.edu.br\/poiema\/files\/2025\/04\/15.png\"><img loading=\"lazy\" decoding=\"async\" class=\"wp-image-6472 alignnone\" src=\"https:\/\/wp.ufpel.edu.br\/poiema\/files\/2025\/04\/15-400x400.png\" alt=\"\" width=\"85\" height=\"85\" srcset=\"https:\/\/wp.ufpel.edu.br\/poiema\/files\/2025\/04\/15-400x400.png 400w, https:\/\/wp.ufpel.edu.br\/poiema\/files\/2025\/04\/15-1024x1024.png 1024w, https:\/\/wp.ufpel.edu.br\/poiema\/files\/2025\/04\/15-200x200.png 200w, https:\/\/wp.ufpel.edu.br\/poiema\/files\/2025\/04\/15-768x768.png 768w, https:\/\/wp.ufpel.edu.br\/poiema\/files\/2025\/04\/15-750x750.png 750w, https:\/\/wp.ufpel.edu.br\/poiema\/files\/2025\/04\/15.png 1181w\" sizes=\"auto, (max-width: 85px) 100vw, 85px\" \/><\/a><\/strong><\/em><strong>\u00a0 \u00a0 \u00a0<a href=\"https:\/\/wp.ufpel.edu.br\/poiema\/trevas-nao\/indicacoes-de-leitura\/\"><em>Refer\u00eancias bibliogr\u00e1ficas<\/em><\/a><\/strong><\/p>\n<p style=\"padding-left: 40px;\"><a href=\"https:\/\/wp.ufpel.edu.br\/poiema\/files\/2025\/04\/TREVAS-NAO-ADESIVOS-2025-3.png\"><img loading=\"lazy\" decoding=\"async\" class=\" wp-image-6509 alignleft\" src=\"https:\/\/wp.ufpel.edu.br\/poiema\/files\/2025\/04\/TREVAS-NAO-ADESIVOS-2025-3-400x400.png\" alt=\"\" width=\"85\" height=\"85\" srcset=\"https:\/\/wp.ufpel.edu.br\/poiema\/files\/2025\/04\/TREVAS-NAO-ADESIVOS-2025-3-400x400.png 400w, https:\/\/wp.ufpel.edu.br\/poiema\/files\/2025\/04\/TREVAS-NAO-ADESIVOS-2025-3-1024x1024.png 1024w, https:\/\/wp.ufpel.edu.br\/poiema\/files\/2025\/04\/TREVAS-NAO-ADESIVOS-2025-3-200x200.png 200w, https:\/\/wp.ufpel.edu.br\/poiema\/files\/2025\/04\/TREVAS-NAO-ADESIVOS-2025-3-768x768.png 768w, https:\/\/wp.ufpel.edu.br\/poiema\/files\/2025\/04\/TREVAS-NAO-ADESIVOS-2025-3-750x750.png 750w, https:\/\/wp.ufpel.edu.br\/poiema\/files\/2025\/04\/TREVAS-NAO-ADESIVOS-2025-3.png 1181w\" sizes=\"auto, (max-width: 85px) 100vw, 85px\" \/><\/a><\/p>\n<p>&nbsp;<\/p>\n<p style=\"text-align: justify; padding-left: 40px;\">Aqui voc\u00ea tamb\u00e9m encontra espa\u00e7o para <a href=\"https:\/\/wp.ufpel.edu.br\/poiema\/trevas-nao\/relatos-experiencia\/\"><strong><em>compartilhar e ler relatos de experi\u00eancias de ensino de hist\u00f3ria medieval<\/em><\/strong><\/a> com outros professores e alunos da gradua\u00e7\u00e3o.<br \/>\n<b><\/b><\/p>\n<p>&nbsp;<\/p>\n<p style=\"text-align: justify;\"><i><span style=\"font-weight: 400;\">O projeto ainda encontra-se em constru\u00e7\u00e3o e as atividades ser\u00e3o disponibilizadas conforme produzidas e revisadas. Sinta-se \u00e0 vontade para conhecer ao projeto, <a href=\"https:\/\/wp.ufpel.edu.br\/poiema\/trevas-nao\/compartilhe-sua-experiencia\/\">compartilhar experi\u00eancias<\/a> e conhecer as <a href=\"https:\/\/wp.ufpel.edu.br\/poiema\/blog\/\">leituras<\/a>, <a href=\"https:\/\/www.youtube.com\/c\/POIEMAUFPEL\">lives<\/a> e <a href=\"https:\/\/www.instagram.com\/poiemaufpel\/\">discuss\u00f5es<\/a> do POIEMA. Para receber as atualiza\u00e7\u00f5es do site voc\u00ea pode inscrever-se <a href=\"https:\/\/wp.ufpel.edu.br\/poiema\/cadastro\/\">aqui<\/a>.<\/span><\/i><\/p>\n<p style=\"text-align: justify;\"><b>Palavras-chave<\/b><span style=\"font-weight: 400;\">: Idade M\u00e9dia; Ensino de Hist\u00f3ria Medieval; Recursos Did\u00e1ticos<\/span><\/p>\n<p>&nbsp;<\/p>\n<p>&nbsp;<\/p>\n","protected":false},"excerpt":{"rendered":"<p>CONHE\u00c7A O PROETO DE ENSINO DO POIEMA!\u00a0 &#8220;TREVAS N\u00c3O!&#8221;: Algumas luzes para o ensino de hist\u00f3ria medieval O projeto \u201cTrevas n\u00e3o!\u201d \u00e9 um dentre os m\u00faltiplos projetos que constituem as atividades do POIEMA.\u00a0E foi elaborado para que se constitua como um projeto cooperativo de pesquisas, produ\u00e7\u00f5es e divulga\u00e7\u00e3o de pr\u00e1ticas did\u00e1ticas voltadas ao medievo em &hellip; <\/p>\n<p><a class=\"more-link btn\" href=\"https:\/\/wp.ufpel.edu.br\/poiema\/trevas-nao\/\">Continue lendo<\/a><\/p>\n","protected":false},"author":1170,"featured_media":0,"parent":0,"menu_order":0,"comment_status":"closed","ping_status":"closed","template":"template-onecolumn.php","meta":{"footnotes":""},"class_list":["post-4560","page","type-page","status-publish","hentry","nodate","item-wrap"],"yoast_head":"<!-- This site is optimized with the Yoast SEO plugin v26.7 - https:\/\/yoast.com\/wordpress\/plugins\/seo\/ -->\n<title>Trevas N\u00e3o! - POIEMA<\/title>\n<meta name=\"robots\" content=\"index, follow, max-snippet:-1, max-image-preview:large, max-video-preview:-1\" \/>\n<link rel=\"canonical\" href=\"https:\/\/wp.ufpel.edu.br\/poiema\/trevas-nao\/\" \/>\n<meta property=\"og:locale\" content=\"pt_BR\" \/>\n<meta property=\"og:type\" content=\"article\" \/>\n<meta property=\"og:title\" content=\"Trevas N\u00e3o! - POIEMA\" \/>\n<meta property=\"og:description\" content=\"CONHE\u00c7A O PROETO DE ENSINO DO POIEMA!\u00a0 &#8220;TREVAS N\u00c3O!&#8221;: Algumas luzes para o ensino de hist\u00f3ria medieval O projeto \u201cTrevas n\u00e3o!\u201d \u00e9 um dentre os m\u00faltiplos projetos que constituem as atividades do POIEMA.\u00a0E foi elaborado para que se constitua como um projeto cooperativo de pesquisas, produ\u00e7\u00f5es e divulga\u00e7\u00e3o de pr\u00e1ticas did\u00e1ticas voltadas ao medievo em &hellip; Continue lendo\" \/>\n<meta property=\"og:url\" content=\"https:\/\/wp.ufpel.edu.br\/poiema\/trevas-nao\/\" \/>\n<meta property=\"og:site_name\" content=\"POIEMA\" \/>\n<meta property=\"article:modified_time\" content=\"2025-04-28T21:38:23+00:00\" \/>\n<meta property=\"og:image\" content=\"https:\/\/wp.ufpel.edu.br\/poiema\/files\/2025\/04\/TREVAS-NAO-ADESIVOS-2025-2.png\" \/>\n\t<meta property=\"og:image:width\" content=\"1181\" \/>\n\t<meta property=\"og:image:height\" content=\"1181\" \/>\n\t<meta property=\"og:image:type\" content=\"image\/png\" \/>\n<meta name=\"twitter:card\" content=\"summary_large_image\" \/>\n<meta name=\"twitter:label1\" content=\"Est. tempo de leitura\" \/>\n\t<meta name=\"twitter:data1\" content=\"5 minutos\" \/>\n<script type=\"application\/ld+json\" class=\"yoast-schema-graph\">{\"@context\":\"https:\/\/schema.org\",\"@graph\":[{\"@type\":\"WebPage\",\"@id\":\"https:\/\/wp.ufpel.edu.br\/poiema\/trevas-nao\/\",\"url\":\"https:\/\/wp.ufpel.edu.br\/poiema\/trevas-nao\/\",\"name\":\"Trevas N\u00e3o! - POIEMA\",\"isPartOf\":{\"@id\":\"https:\/\/wp.ufpel.edu.br\/poiema\/#website\"},\"primaryImageOfPage\":{\"@id\":\"https:\/\/wp.ufpel.edu.br\/poiema\/trevas-nao\/#primaryimage\"},\"image\":{\"@id\":\"https:\/\/wp.ufpel.edu.br\/poiema\/trevas-nao\/#primaryimage\"},\"thumbnailUrl\":\"https:\/\/wp.ufpel.edu.br\/poiema\/files\/2025\/04\/TREVAS-NAO-ADESIVOS-2025-2-400x400.png\",\"datePublished\":\"2022-09-29T08:34:35+00:00\",\"dateModified\":\"2025-04-28T21:38:23+00:00\",\"breadcrumb\":{\"@id\":\"https:\/\/wp.ufpel.edu.br\/poiema\/trevas-nao\/#breadcrumb\"},\"inLanguage\":\"pt-BR\",\"potentialAction\":[{\"@type\":\"ReadAction\",\"target\":[\"https:\/\/wp.ufpel.edu.br\/poiema\/trevas-nao\/\"]}]},{\"@type\":\"ImageObject\",\"inLanguage\":\"pt-BR\",\"@id\":\"https:\/\/wp.ufpel.edu.br\/poiema\/trevas-nao\/#primaryimage\",\"url\":\"https:\/\/wp.ufpel.edu.br\/poiema\/files\/2025\/04\/TREVAS-NAO-ADESIVOS-2025-2.png\",\"contentUrl\":\"https:\/\/wp.ufpel.edu.br\/poiema\/files\/2025\/04\/TREVAS-NAO-ADESIVOS-2025-2.png\",\"width\":1181,\"height\":1181},{\"@type\":\"BreadcrumbList\",\"@id\":\"https:\/\/wp.ufpel.edu.br\/poiema\/trevas-nao\/#breadcrumb\",\"itemListElement\":[{\"@type\":\"ListItem\",\"position\":1,\"name\":\"In\u00edcio\",\"item\":\"https:\/\/wp.ufpel.edu.br\/poiema\/\"},{\"@type\":\"ListItem\",\"position\":2,\"name\":\"Trevas N\u00e3o!\"}]},{\"@type\":\"WebSite\",\"@id\":\"https:\/\/wp.ufpel.edu.br\/poiema\/#website\",\"url\":\"https:\/\/wp.ufpel.edu.br\/poiema\/\",\"name\":\"POIEMA\",\"description\":\"POIEMA ufpel\",\"potentialAction\":[{\"@type\":\"SearchAction\",\"target\":{\"@type\":\"EntryPoint\",\"urlTemplate\":\"https:\/\/wp.ufpel.edu.br\/poiema\/?s={search_term_string}\"},\"query-input\":{\"@type\":\"PropertyValueSpecification\",\"valueRequired\":true,\"valueName\":\"search_term_string\"}}],\"inLanguage\":\"pt-BR\"}]}<\/script>\n<!-- \/ Yoast SEO plugin. -->","yoast_head_json":{"title":"Trevas N\u00e3o! - POIEMA","robots":{"index":"index","follow":"follow","max-snippet":"max-snippet:-1","max-image-preview":"max-image-preview:large","max-video-preview":"max-video-preview:-1"},"canonical":"https:\/\/wp.ufpel.edu.br\/poiema\/trevas-nao\/","og_locale":"pt_BR","og_type":"article","og_title":"Trevas N\u00e3o! - POIEMA","og_description":"CONHE\u00c7A O PROETO DE ENSINO DO POIEMA!\u00a0 &#8220;TREVAS N\u00c3O!&#8221;: Algumas luzes para o ensino de hist\u00f3ria medieval O projeto \u201cTrevas n\u00e3o!\u201d \u00e9 um dentre os m\u00faltiplos projetos que constituem as atividades do POIEMA.\u00a0E foi elaborado para que se constitua como um projeto cooperativo de pesquisas, produ\u00e7\u00f5es e divulga\u00e7\u00e3o de pr\u00e1ticas did\u00e1ticas voltadas ao medievo em &hellip; Continue lendo","og_url":"https:\/\/wp.ufpel.edu.br\/poiema\/trevas-nao\/","og_site_name":"POIEMA","article_modified_time":"2025-04-28T21:38:23+00:00","og_image":[{"width":1181,"height":1181,"url":"https:\/\/wp.ufpel.edu.br\/poiema\/files\/2025\/04\/TREVAS-NAO-ADESIVOS-2025-2.png","type":"image\/png"}],"twitter_card":"summary_large_image","twitter_misc":{"Est. tempo de leitura":"5 minutos"},"schema":{"@context":"https:\/\/schema.org","@graph":[{"@type":"WebPage","@id":"https:\/\/wp.ufpel.edu.br\/poiema\/trevas-nao\/","url":"https:\/\/wp.ufpel.edu.br\/poiema\/trevas-nao\/","name":"Trevas N\u00e3o! - POIEMA","isPartOf":{"@id":"https:\/\/wp.ufpel.edu.br\/poiema\/#website"},"primaryImageOfPage":{"@id":"https:\/\/wp.ufpel.edu.br\/poiema\/trevas-nao\/#primaryimage"},"image":{"@id":"https:\/\/wp.ufpel.edu.br\/poiema\/trevas-nao\/#primaryimage"},"thumbnailUrl":"https:\/\/wp.ufpel.edu.br\/poiema\/files\/2025\/04\/TREVAS-NAO-ADESIVOS-2025-2-400x400.png","datePublished":"2022-09-29T08:34:35+00:00","dateModified":"2025-04-28T21:38:23+00:00","breadcrumb":{"@id":"https:\/\/wp.ufpel.edu.br\/poiema\/trevas-nao\/#breadcrumb"},"inLanguage":"pt-BR","potentialAction":[{"@type":"ReadAction","target":["https:\/\/wp.ufpel.edu.br\/poiema\/trevas-nao\/"]}]},{"@type":"ImageObject","inLanguage":"pt-BR","@id":"https:\/\/wp.ufpel.edu.br\/poiema\/trevas-nao\/#primaryimage","url":"https:\/\/wp.ufpel.edu.br\/poiema\/files\/2025\/04\/TREVAS-NAO-ADESIVOS-2025-2.png","contentUrl":"https:\/\/wp.ufpel.edu.br\/poiema\/files\/2025\/04\/TREVAS-NAO-ADESIVOS-2025-2.png","width":1181,"height":1181},{"@type":"BreadcrumbList","@id":"https:\/\/wp.ufpel.edu.br\/poiema\/trevas-nao\/#breadcrumb","itemListElement":[{"@type":"ListItem","position":1,"name":"In\u00edcio","item":"https:\/\/wp.ufpel.edu.br\/poiema\/"},{"@type":"ListItem","position":2,"name":"Trevas N\u00e3o!"}]},{"@type":"WebSite","@id":"https:\/\/wp.ufpel.edu.br\/poiema\/#website","url":"https:\/\/wp.ufpel.edu.br\/poiema\/","name":"POIEMA","description":"POIEMA ufpel","potentialAction":[{"@type":"SearchAction","target":{"@type":"EntryPoint","urlTemplate":"https:\/\/wp.ufpel.edu.br\/poiema\/?s={search_term_string}"},"query-input":{"@type":"PropertyValueSpecification","valueRequired":true,"valueName":"search_term_string"}}],"inLanguage":"pt-BR"}]}},"jetpack_sharing_enabled":true,"_links":{"self":[{"href":"https:\/\/wp.ufpel.edu.br\/poiema\/wp-json\/wp\/v2\/pages\/4560","targetHints":{"allow":["GET"]}}],"collection":[{"href":"https:\/\/wp.ufpel.edu.br\/poiema\/wp-json\/wp\/v2\/pages"}],"about":[{"href":"https:\/\/wp.ufpel.edu.br\/poiema\/wp-json\/wp\/v2\/types\/page"}],"author":[{"embeddable":true,"href":"https:\/\/wp.ufpel.edu.br\/poiema\/wp-json\/wp\/v2\/users\/1170"}],"replies":[{"embeddable":true,"href":"https:\/\/wp.ufpel.edu.br\/poiema\/wp-json\/wp\/v2\/comments?post=4560"}],"version-history":[{"count":20,"href":"https:\/\/wp.ufpel.edu.br\/poiema\/wp-json\/wp\/v2\/pages\/4560\/revisions"}],"predecessor-version":[{"id":6546,"href":"https:\/\/wp.ufpel.edu.br\/poiema\/wp-json\/wp\/v2\/pages\/4560\/revisions\/6546"}],"wp:attachment":[{"href":"https:\/\/wp.ufpel.edu.br\/poiema\/wp-json\/wp\/v2\/media?parent=4560"}],"curies":[{"name":"wp","href":"https:\/\/api.w.org\/{rel}","templated":true}]}}