{"id":3915,"date":"2022-04-28T14:13:39","date_gmt":"2022-04-28T17:13:39","guid":{"rendered":"https:\/\/wp.ufpel.edu.br\/poiema\/?page_id=3915"},"modified":"2022-10-09T14:24:48","modified_gmt":"2022-10-09T17:24:48","slug":"vitor-cunha","status":"publish","type":"page","link":"https:\/\/wp.ufpel.edu.br\/poiema\/vitor-cunha\/","title":{"rendered":"Pesquisa: Aceita\u00e7\u00e3o Da Observ\u00e2ncia Do Duplo Sabbath Na Eti\u00f3pia Crist\u00e3: Uma Cronologia"},"content":{"rendered":"<p>Em 1450, ap\u00f3s o Conc\u00edlio de Dabra M\u04d9\u1e6dm\u0101q, o cristianismo et\u00edope passou por uma<br \/>\nimportante altera\u00e7\u00e3o: a observ\u00e2ncia do s\u00e1bado e do domingo passou a fazer parte de sua<br \/>\nortodoxia. As discuss\u00f5es, entre a cristandade, a respeito do duplo Sabbath datam de per\u00edodos<br \/>\nmuito anteriores a esse acontecimento, mas, para o caso et\u00edope, elas parecem ter vindo \u00e0 tona<br \/>\nap\u00f3s o desenvolvimento do movimento eustatiano em regi\u00f5es setentrionais entre os s\u00e9culos<br \/>\nXIII e XV.<\/p>\n<p>Este projeto visa tra\u00e7ar uma cronologia, atrav\u00e9s do estudo de manuscritos<br \/>\nproduzidos dentro desse recorte, da aceita\u00e7\u00e3o dessa nova ortodoxia na Eti\u00f3pia Crist\u00e3 a partir<br \/>\nda ocorr\u00eancia de combina\u00e7\u00f5es do termo \u201csanbat\u201d (\u1230\u1295\u1260\u1275) com outros termos para determinar<br \/>\nseu significado. Com isso, ser\u00e1 poss\u00edvel tra\u00e7ar uma cronologia para a aceita\u00e7\u00e3o que a<br \/>\nmudan\u00e7a de 1450 trouxe para o cristianismo et\u00edope, contribuindo para preencher uma lacuna<br \/>\nna \u00e1rea de estudos et\u00edopes (internacionalmente) e estimulando pesquisas deste teor no Brasil<br \/>\n(nacionalmente).<\/p>\n<p>Veja a pesquisa do Vitor como card no Instagram <a href=\"https:\/\/www.instagram.com\/p\/CEmjnneg4_g\/\">aqui<\/a>.<\/p>\n<p><strong>DOUTORANDO VITOR BORGES DA CUNHA<\/strong><br \/>\nDoutorando em Hist\u00f3ria do PPGH &#8211; UFPel; Mestre em Hist\u00f3ria do PPGH &#8211; UFRGS; Licenciado em Hist\u00f3ria &#8211; UFRGS.<br \/>\nIntegrante do POIEMA desde 2018.<\/p>\n","protected":false},"excerpt":{"rendered":"<p>Em 1450, ap\u00f3s o Conc\u00edlio de Dabra M\u04d9\u1e6dm\u0101q, o cristianismo et\u00edope passou por uma importante altera\u00e7\u00e3o: a observ\u00e2ncia do s\u00e1bado e do domingo passou a fazer parte de sua ortodoxia. As discuss\u00f5es, entre a cristandade, a respeito do duplo Sabbath datam de per\u00edodos muito anteriores a esse acontecimento, mas, para o caso et\u00edope, elas parecem &hellip; <\/p>\n<p><a class=\"more-link btn\" href=\"https:\/\/wp.ufpel.edu.br\/poiema\/vitor-cunha\/\">Continue lendo<\/a><\/p>\n","protected":false},"author":1170,"featured_media":0,"parent":0,"menu_order":0,"comment_status":"closed","ping_status":"closed","template":"","meta":{"footnotes":""},"class_list":["post-3915","page","type-page","status-publish","hentry","nodate","item-wrap"],"yoast_head":"<!-- This site is optimized with the Yoast SEO plugin v26.7 - https:\/\/yoast.com\/wordpress\/plugins\/seo\/ -->\n<title>Pesquisa: Aceita\u00e7\u00e3o Da Observ\u00e2ncia Do Duplo Sabbath Na Eti\u00f3pia Crist\u00e3: Uma Cronologia - POIEMA<\/title>\n<meta name=\"robots\" content=\"index, follow, max-snippet:-1, max-image-preview:large, max-video-preview:-1\" \/>\n<link rel=\"canonical\" href=\"https:\/\/wp.ufpel.edu.br\/poiema\/vitor-cunha\/\" \/>\n<meta property=\"og:locale\" content=\"pt_BR\" \/>\n<meta property=\"og:type\" content=\"article\" \/>\n<meta property=\"og:title\" content=\"Pesquisa: Aceita\u00e7\u00e3o Da Observ\u00e2ncia Do Duplo Sabbath Na Eti\u00f3pia Crist\u00e3: Uma Cronologia - POIEMA\" \/>\n<meta property=\"og:description\" content=\"Em 1450, ap\u00f3s o Conc\u00edlio de Dabra M\u04d9\u1e6dm\u0101q, o cristianismo et\u00edope passou por uma importante altera\u00e7\u00e3o: a observ\u00e2ncia do s\u00e1bado e do domingo passou a fazer parte de sua ortodoxia. As discuss\u00f5es, entre a cristandade, a respeito do duplo Sabbath datam de per\u00edodos muito anteriores a esse acontecimento, mas, para o caso et\u00edope, elas parecem &hellip; Continue lendo\" \/>\n<meta property=\"og:url\" content=\"https:\/\/wp.ufpel.edu.br\/poiema\/vitor-cunha\/\" \/>\n<meta property=\"og:site_name\" content=\"POIEMA\" \/>\n<meta property=\"article:modified_time\" content=\"2022-10-09T17:24:48+00:00\" \/>\n<meta name=\"twitter:card\" content=\"summary_large_image\" \/>\n<meta name=\"twitter:label1\" content=\"Est. tempo de leitura\" \/>\n\t<meta name=\"twitter:data1\" content=\"2 minutos\" \/>\n<script type=\"application\/ld+json\" class=\"yoast-schema-graph\">{\"@context\":\"https:\/\/schema.org\",\"@graph\":[{\"@type\":\"WebPage\",\"@id\":\"https:\/\/wp.ufpel.edu.br\/poiema\/vitor-cunha\/\",\"url\":\"https:\/\/wp.ufpel.edu.br\/poiema\/vitor-cunha\/\",\"name\":\"Pesquisa: Aceita\u00e7\u00e3o Da Observ\u00e2ncia Do Duplo Sabbath Na Eti\u00f3pia Crist\u00e3: Uma Cronologia - POIEMA\",\"isPartOf\":{\"@id\":\"https:\/\/wp.ufpel.edu.br\/poiema\/#website\"},\"datePublished\":\"2022-04-28T17:13:39+00:00\",\"dateModified\":\"2022-10-09T17:24:48+00:00\",\"breadcrumb\":{\"@id\":\"https:\/\/wp.ufpel.edu.br\/poiema\/vitor-cunha\/#breadcrumb\"},\"inLanguage\":\"pt-BR\",\"potentialAction\":[{\"@type\":\"ReadAction\",\"target\":[\"https:\/\/wp.ufpel.edu.br\/poiema\/vitor-cunha\/\"]}]},{\"@type\":\"BreadcrumbList\",\"@id\":\"https:\/\/wp.ufpel.edu.br\/poiema\/vitor-cunha\/#breadcrumb\",\"itemListElement\":[{\"@type\":\"ListItem\",\"position\":1,\"name\":\"In\u00edcio\",\"item\":\"https:\/\/wp.ufpel.edu.br\/poiema\/\"},{\"@type\":\"ListItem\",\"position\":2,\"name\":\"Pesquisa: Aceita\u00e7\u00e3o Da Observ\u00e2ncia Do Duplo Sabbath Na Eti\u00f3pia Crist\u00e3: Uma Cronologia\"}]},{\"@type\":\"WebSite\",\"@id\":\"https:\/\/wp.ufpel.edu.br\/poiema\/#website\",\"url\":\"https:\/\/wp.ufpel.edu.br\/poiema\/\",\"name\":\"POIEMA\",\"description\":\"POIEMA UFPel\",\"potentialAction\":[{\"@type\":\"SearchAction\",\"target\":{\"@type\":\"EntryPoint\",\"urlTemplate\":\"https:\/\/wp.ufpel.edu.br\/poiema\/?s={search_term_string}\"},\"query-input\":{\"@type\":\"PropertyValueSpecification\",\"valueRequired\":true,\"valueName\":\"search_term_string\"}}],\"inLanguage\":\"pt-BR\"}]}<\/script>\n<!-- \/ Yoast SEO plugin. -->","yoast_head_json":{"title":"Pesquisa: Aceita\u00e7\u00e3o Da Observ\u00e2ncia Do Duplo Sabbath Na Eti\u00f3pia Crist\u00e3: Uma Cronologia - POIEMA","robots":{"index":"index","follow":"follow","max-snippet":"max-snippet:-1","max-image-preview":"max-image-preview:large","max-video-preview":"max-video-preview:-1"},"canonical":"https:\/\/wp.ufpel.edu.br\/poiema\/vitor-cunha\/","og_locale":"pt_BR","og_type":"article","og_title":"Pesquisa: Aceita\u00e7\u00e3o Da Observ\u00e2ncia Do Duplo Sabbath Na Eti\u00f3pia Crist\u00e3: Uma Cronologia - POIEMA","og_description":"Em 1450, ap\u00f3s o Conc\u00edlio de Dabra M\u04d9\u1e6dm\u0101q, o cristianismo et\u00edope passou por uma importante altera\u00e7\u00e3o: a observ\u00e2ncia do s\u00e1bado e do domingo passou a fazer parte de sua ortodoxia. As discuss\u00f5es, entre a cristandade, a respeito do duplo Sabbath datam de per\u00edodos muito anteriores a esse acontecimento, mas, para o caso et\u00edope, elas parecem &hellip; Continue lendo","og_url":"https:\/\/wp.ufpel.edu.br\/poiema\/vitor-cunha\/","og_site_name":"POIEMA","article_modified_time":"2022-10-09T17:24:48+00:00","twitter_card":"summary_large_image","twitter_misc":{"Est. tempo de leitura":"2 minutos"},"schema":{"@context":"https:\/\/schema.org","@graph":[{"@type":"WebPage","@id":"https:\/\/wp.ufpel.edu.br\/poiema\/vitor-cunha\/","url":"https:\/\/wp.ufpel.edu.br\/poiema\/vitor-cunha\/","name":"Pesquisa: Aceita\u00e7\u00e3o Da Observ\u00e2ncia Do Duplo Sabbath Na Eti\u00f3pia Crist\u00e3: Uma Cronologia - POIEMA","isPartOf":{"@id":"https:\/\/wp.ufpel.edu.br\/poiema\/#website"},"datePublished":"2022-04-28T17:13:39+00:00","dateModified":"2022-10-09T17:24:48+00:00","breadcrumb":{"@id":"https:\/\/wp.ufpel.edu.br\/poiema\/vitor-cunha\/#breadcrumb"},"inLanguage":"pt-BR","potentialAction":[{"@type":"ReadAction","target":["https:\/\/wp.ufpel.edu.br\/poiema\/vitor-cunha\/"]}]},{"@type":"BreadcrumbList","@id":"https:\/\/wp.ufpel.edu.br\/poiema\/vitor-cunha\/#breadcrumb","itemListElement":[{"@type":"ListItem","position":1,"name":"In\u00edcio","item":"https:\/\/wp.ufpel.edu.br\/poiema\/"},{"@type":"ListItem","position":2,"name":"Pesquisa: Aceita\u00e7\u00e3o Da Observ\u00e2ncia Do Duplo Sabbath Na Eti\u00f3pia Crist\u00e3: Uma Cronologia"}]},{"@type":"WebSite","@id":"https:\/\/wp.ufpel.edu.br\/poiema\/#website","url":"https:\/\/wp.ufpel.edu.br\/poiema\/","name":"POIEMA","description":"POIEMA UFPel","potentialAction":[{"@type":"SearchAction","target":{"@type":"EntryPoint","urlTemplate":"https:\/\/wp.ufpel.edu.br\/poiema\/?s={search_term_string}"},"query-input":{"@type":"PropertyValueSpecification","valueRequired":true,"valueName":"search_term_string"}}],"inLanguage":"pt-BR"}]}},"jetpack_sharing_enabled":true,"_links":{"self":[{"href":"https:\/\/wp.ufpel.edu.br\/poiema\/wp-json\/wp\/v2\/pages\/3915","targetHints":{"allow":["GET"]}}],"collection":[{"href":"https:\/\/wp.ufpel.edu.br\/poiema\/wp-json\/wp\/v2\/pages"}],"about":[{"href":"https:\/\/wp.ufpel.edu.br\/poiema\/wp-json\/wp\/v2\/types\/page"}],"author":[{"embeddable":true,"href":"https:\/\/wp.ufpel.edu.br\/poiema\/wp-json\/wp\/v2\/users\/1170"}],"replies":[{"embeddable":true,"href":"https:\/\/wp.ufpel.edu.br\/poiema\/wp-json\/wp\/v2\/comments?post=3915"}],"version-history":[{"count":1,"href":"https:\/\/wp.ufpel.edu.br\/poiema\/wp-json\/wp\/v2\/pages\/3915\/revisions"}],"predecessor-version":[{"id":3917,"href":"https:\/\/wp.ufpel.edu.br\/poiema\/wp-json\/wp\/v2\/pages\/3915\/revisions\/3917"}],"wp:attachment":[{"href":"https:\/\/wp.ufpel.edu.br\/poiema\/wp-json\/wp\/v2\/media?parent=3915"}],"curies":[{"name":"wp","href":"https:\/\/api.w.org\/{rel}","templated":true}]}}