{"id":3478,"date":"2022-03-29T14:09:46","date_gmt":"2022-03-29T17:09:46","guid":{"rendered":"https:\/\/wp.ufpel.edu.br\/poiema\/?page_id=3478"},"modified":"2022-10-09T14:25:57","modified_gmt":"2022-10-09T17:25:57","slug":"daniel-reyes","status":"publish","type":"page","link":"https:\/\/wp.ufpel.edu.br\/poiema\/daniel-reyes\/","title":{"rendered":"Pesquisa: O Rei que Nunca Existiu"},"content":{"rendered":"<p><strong>Artur \u00e9 o Rei que nunca existiu!<\/strong><br \/>\nA recep\u00e7\u00e3o do Medievo nas &#8220;Cr\u00f4nicas de Artur&#8221; de Bernard Cornwell.<\/p>\n<p>As Cr\u00f4nicas de Artur abordam uma vis\u00e3o diferente sobre o personagem mitol\u00f3gico. Esque\u00e7a os cavaleiros galantes em armaduras brilhantes buscando o amor de uma donzela e o Santo Graal. Ainda assim, tem cavaleiros em armaduras, romance e uma busca por um Graal, n\u00e3o necessariamente nesta ordem (\u00e9 parecido, mas diferente).<br \/>\nTudo isso baseado nas fontes liter\u00e1rias criadas durante o per\u00edodo medieval combinadas com a escrita do autor, Bernard Corwell.<\/p>\n<p>\u00c9 desenvolvido uma an\u00e1lise sob a forma como o medievo \u00e9 recepcionado na obra, os sincronismos e anacronismos que vem com essa recep\u00e7\u00e3o, al\u00e9m de discutir a teoria desenvolvida pelo autor Umberto Eco sobre os diferentes usos das representa\u00e7\u00f5es medievais.<\/p>\n<p>A pesquisa est\u00e1 em desenvolvimento, sob um olhar anal\u00edtico do desenvolvimento de como as fontes foram utilizadas, as semelhan\u00e7as entre as lendas e as descri\u00e7\u00f5es das fontes e o que resultou da combina\u00e7\u00e3o entre a fic\u00e7\u00e3o e a hist\u00f3ria.<\/p>\n<p>\u00c9 um estudo sobre uma obra escrita no s\u00e9culo 20 que une ficcionalmente os acontecimentos ocorridos entre os s\u00e9culos V e VI e que foram popularizados em forma de fic\u00e7\u00e3o atrav\u00e9s da literatura no decorrer dos s\u00e9culos XII, XIII e\u00a0 XV. Tudo isso acaba virando um caldeir\u00e3o borbulhante que une passado e presente, fic\u00e7\u00e3o e hist\u00f3ria nas suas mais diversas formas.<\/p>\n<p>Leia a pesquisa do Third como card no Instagram <a href=\"https:\/\/www.instagram.com\/p\/CT22Vs9sn_4\/\">aqui<\/a>.<\/p>\n<p><strong>MESTRANDO DANIEL SOARES REYES<\/strong><br \/>\nMestrando em Hist\u00f3ria do PPGH da UFPel; Graduando em Hist\u00f3ria \u2013 Bacharelado pela UFPel; Licenciado em Hist\u00f3ria pela Universidade Federal de Pelotas (UFPel).<br \/>\nIntegrante do POIEMA desde 2020.<\/p>\n","protected":false},"excerpt":{"rendered":"<p>Artur \u00e9 o Rei que nunca existiu! A recep\u00e7\u00e3o do Medievo nas &#8220;Cr\u00f4nicas de Artur&#8221; de Bernard Cornwell. As Cr\u00f4nicas de Artur abordam uma vis\u00e3o diferente sobre o personagem mitol\u00f3gico. Esque\u00e7a os cavaleiros galantes em armaduras brilhantes buscando o amor de uma donzela e o Santo Graal. Ainda assim, tem cavaleiros em armaduras, romance e &hellip; <\/p>\n<p><a class=\"more-link btn\" href=\"https:\/\/wp.ufpel.edu.br\/poiema\/daniel-reyes\/\">Continue lendo<\/a><\/p>\n","protected":false},"author":1170,"featured_media":0,"parent":0,"menu_order":0,"comment_status":"closed","ping_status":"closed","template":"","meta":{"footnotes":""},"class_list":["post-3478","page","type-page","status-publish","hentry","nodate","item-wrap"],"yoast_head":"<!-- This site is optimized with the Yoast SEO plugin v26.7 - https:\/\/yoast.com\/wordpress\/plugins\/seo\/ -->\n<title>Pesquisa: O Rei que Nunca Existiu - POIEMA<\/title>\n<meta name=\"robots\" content=\"index, follow, max-snippet:-1, max-image-preview:large, max-video-preview:-1\" \/>\n<link rel=\"canonical\" href=\"https:\/\/wp.ufpel.edu.br\/poiema\/daniel-reyes\/\" \/>\n<meta property=\"og:locale\" content=\"pt_BR\" \/>\n<meta property=\"og:type\" content=\"article\" \/>\n<meta property=\"og:title\" content=\"Pesquisa: O Rei que Nunca Existiu - POIEMA\" \/>\n<meta property=\"og:description\" content=\"Artur \u00e9 o Rei que nunca existiu! A recep\u00e7\u00e3o do Medievo nas &#8220;Cr\u00f4nicas de Artur&#8221; de Bernard Cornwell. As Cr\u00f4nicas de Artur abordam uma vis\u00e3o diferente sobre o personagem mitol\u00f3gico. Esque\u00e7a os cavaleiros galantes em armaduras brilhantes buscando o amor de uma donzela e o Santo Graal. Ainda assim, tem cavaleiros em armaduras, romance e &hellip; Continue lendo\" \/>\n<meta property=\"og:url\" content=\"https:\/\/wp.ufpel.edu.br\/poiema\/daniel-reyes\/\" \/>\n<meta property=\"og:site_name\" content=\"POIEMA\" \/>\n<meta property=\"article:modified_time\" content=\"2022-10-09T17:25:57+00:00\" \/>\n<meta name=\"twitter:card\" content=\"summary_large_image\" \/>\n<meta name=\"twitter:label1\" content=\"Est. tempo de leitura\" \/>\n\t<meta name=\"twitter:data1\" content=\"2 minutos\" \/>\n<script type=\"application\/ld+json\" class=\"yoast-schema-graph\">{\"@context\":\"https:\/\/schema.org\",\"@graph\":[{\"@type\":\"WebPage\",\"@id\":\"https:\/\/wp.ufpel.edu.br\/poiema\/daniel-reyes\/\",\"url\":\"https:\/\/wp.ufpel.edu.br\/poiema\/daniel-reyes\/\",\"name\":\"Pesquisa: O Rei que Nunca Existiu - POIEMA\",\"isPartOf\":{\"@id\":\"https:\/\/wp.ufpel.edu.br\/poiema\/#website\"},\"datePublished\":\"2022-03-29T17:09:46+00:00\",\"dateModified\":\"2022-10-09T17:25:57+00:00\",\"breadcrumb\":{\"@id\":\"https:\/\/wp.ufpel.edu.br\/poiema\/daniel-reyes\/#breadcrumb\"},\"inLanguage\":\"pt-BR\",\"potentialAction\":[{\"@type\":\"ReadAction\",\"target\":[\"https:\/\/wp.ufpel.edu.br\/poiema\/daniel-reyes\/\"]}]},{\"@type\":\"BreadcrumbList\",\"@id\":\"https:\/\/wp.ufpel.edu.br\/poiema\/daniel-reyes\/#breadcrumb\",\"itemListElement\":[{\"@type\":\"ListItem\",\"position\":1,\"name\":\"In\u00edcio\",\"item\":\"https:\/\/wp.ufpel.edu.br\/poiema\/\"},{\"@type\":\"ListItem\",\"position\":2,\"name\":\"Pesquisa: O Rei que Nunca Existiu\"}]},{\"@type\":\"WebSite\",\"@id\":\"https:\/\/wp.ufpel.edu.br\/poiema\/#website\",\"url\":\"https:\/\/wp.ufpel.edu.br\/poiema\/\",\"name\":\"POIEMA\",\"description\":\"POIEMA ufpel\",\"potentialAction\":[{\"@type\":\"SearchAction\",\"target\":{\"@type\":\"EntryPoint\",\"urlTemplate\":\"https:\/\/wp.ufpel.edu.br\/poiema\/?s={search_term_string}\"},\"query-input\":{\"@type\":\"PropertyValueSpecification\",\"valueRequired\":true,\"valueName\":\"search_term_string\"}}],\"inLanguage\":\"pt-BR\"}]}<\/script>\n<!-- \/ Yoast SEO plugin. -->","yoast_head_json":{"title":"Pesquisa: O Rei que Nunca Existiu - POIEMA","robots":{"index":"index","follow":"follow","max-snippet":"max-snippet:-1","max-image-preview":"max-image-preview:large","max-video-preview":"max-video-preview:-1"},"canonical":"https:\/\/wp.ufpel.edu.br\/poiema\/daniel-reyes\/","og_locale":"pt_BR","og_type":"article","og_title":"Pesquisa: O Rei que Nunca Existiu - POIEMA","og_description":"Artur \u00e9 o Rei que nunca existiu! A recep\u00e7\u00e3o do Medievo nas &#8220;Cr\u00f4nicas de Artur&#8221; de Bernard Cornwell. As Cr\u00f4nicas de Artur abordam uma vis\u00e3o diferente sobre o personagem mitol\u00f3gico. Esque\u00e7a os cavaleiros galantes em armaduras brilhantes buscando o amor de uma donzela e o Santo Graal. Ainda assim, tem cavaleiros em armaduras, romance e &hellip; Continue lendo","og_url":"https:\/\/wp.ufpel.edu.br\/poiema\/daniel-reyes\/","og_site_name":"POIEMA","article_modified_time":"2022-10-09T17:25:57+00:00","twitter_card":"summary_large_image","twitter_misc":{"Est. tempo de leitura":"2 minutos"},"schema":{"@context":"https:\/\/schema.org","@graph":[{"@type":"WebPage","@id":"https:\/\/wp.ufpel.edu.br\/poiema\/daniel-reyes\/","url":"https:\/\/wp.ufpel.edu.br\/poiema\/daniel-reyes\/","name":"Pesquisa: O Rei que Nunca Existiu - POIEMA","isPartOf":{"@id":"https:\/\/wp.ufpel.edu.br\/poiema\/#website"},"datePublished":"2022-03-29T17:09:46+00:00","dateModified":"2022-10-09T17:25:57+00:00","breadcrumb":{"@id":"https:\/\/wp.ufpel.edu.br\/poiema\/daniel-reyes\/#breadcrumb"},"inLanguage":"pt-BR","potentialAction":[{"@type":"ReadAction","target":["https:\/\/wp.ufpel.edu.br\/poiema\/daniel-reyes\/"]}]},{"@type":"BreadcrumbList","@id":"https:\/\/wp.ufpel.edu.br\/poiema\/daniel-reyes\/#breadcrumb","itemListElement":[{"@type":"ListItem","position":1,"name":"In\u00edcio","item":"https:\/\/wp.ufpel.edu.br\/poiema\/"},{"@type":"ListItem","position":2,"name":"Pesquisa: O Rei que Nunca Existiu"}]},{"@type":"WebSite","@id":"https:\/\/wp.ufpel.edu.br\/poiema\/#website","url":"https:\/\/wp.ufpel.edu.br\/poiema\/","name":"POIEMA","description":"POIEMA ufpel","potentialAction":[{"@type":"SearchAction","target":{"@type":"EntryPoint","urlTemplate":"https:\/\/wp.ufpel.edu.br\/poiema\/?s={search_term_string}"},"query-input":{"@type":"PropertyValueSpecification","valueRequired":true,"valueName":"search_term_string"}}],"inLanguage":"pt-BR"}]}},"jetpack_sharing_enabled":true,"_links":{"self":[{"href":"https:\/\/wp.ufpel.edu.br\/poiema\/wp-json\/wp\/v2\/pages\/3478","targetHints":{"allow":["GET"]}}],"collection":[{"href":"https:\/\/wp.ufpel.edu.br\/poiema\/wp-json\/wp\/v2\/pages"}],"about":[{"href":"https:\/\/wp.ufpel.edu.br\/poiema\/wp-json\/wp\/v2\/types\/page"}],"author":[{"embeddable":true,"href":"https:\/\/wp.ufpel.edu.br\/poiema\/wp-json\/wp\/v2\/users\/1170"}],"replies":[{"embeddable":true,"href":"https:\/\/wp.ufpel.edu.br\/poiema\/wp-json\/wp\/v2\/comments?post=3478"}],"version-history":[{"count":4,"href":"https:\/\/wp.ufpel.edu.br\/poiema\/wp-json\/wp\/v2\/pages\/3478\/revisions"}],"predecessor-version":[{"id":3830,"href":"https:\/\/wp.ufpel.edu.br\/poiema\/wp-json\/wp\/v2\/pages\/3478\/revisions\/3830"}],"wp:attachment":[{"href":"https:\/\/wp.ufpel.edu.br\/poiema\/wp-json\/wp\/v2\/media?parent=3478"}],"curies":[{"name":"wp","href":"https:\/\/api.w.org\/{rel}","templated":true}]}}