{"id":1788,"date":"2021-09-30T16:51:47","date_gmt":"2021-09-30T19:51:47","guid":{"rendered":"https:\/\/wp.ufpel.edu.br\/poiema\/?page_id=1788"},"modified":"2022-04-15T21:22:29","modified_gmt":"2022-04-16T00:22:29","slug":"pesquisa-xilogravuras-que-se-mexem-imagens-que-evocam-a-morte-e-recepcoes-do-medievo-em-jogos","status":"publish","type":"page","link":"https:\/\/wp.ufpel.edu.br\/poiema\/pesquisa-xilogravuras-que-se-mexem-imagens-que-evocam-a-morte-e-recepcoes-do-medievo-em-jogos\/","title":{"rendered":"Pesquisa: Xilogravuras que se mexem, imagens que evocam a morte e recep\u00e7\u00f5es do Medievo em jogos"},"content":{"rendered":"<p>A xilogravura \u00e9 um processo art\u00edstico atrav\u00e9s do qual se entalha um desenho em uma chapa de madeira e logo ap\u00f3s isso se \u201ccarimba\u201d em outra superf\u00edcie, como pap\u00e9is e tecidos. Em territ\u00f3rio europeu, foi se popularizar ap\u00f3s o s\u00e9culo XIV, trazendo \u00e0 tona nomes como Michael Wolgemut, Hans Holbein e Albrecht Durer.<\/p>\n<p>E como essas (e outras) influ\u00eancias vieram parar num videogame do s\u00e9culo XXI?<\/p>\n<p><em>Apocalipsis: Harry at the end of the world<\/em> foi lan\u00e7ado em 2018, onde conhecemos Harry, que parte numa jornada em busca de Zula, sua amada, at\u00e9 o fim do mundo. Esse videogame possui uma est\u00e9tica bastante peculiar, inspirada em xilogravuras do fim da Idade M\u00e9dia, e que por isso de certa forma \u201cganham vida\u201d neste jogo.<\/p>\n<p><em>Apocalipsis<\/em> cont\u00e9m ainda uma atmosfera carregada de imagens que evocam a morte, trazendo ao jogo uma sensa\u00e7\u00e3o de mortandade. Corpos que apodrecem, seres mitol\u00f3gicos, peste, bruxas, ajudam a compor esse cen\u00e1rio em que quase podemos sentir o odor de podrid\u00e3o presente no ar.<\/p>\n<p>Mas porque estudar videogames?<br \/>\nVivemos em uma sociedade em que a ind\u00fastria cultural, em particular na produ\u00e7\u00e3o de jogos eletr\u00f4nicos, impera, molda e interfere no nosso cotidiano. E <em>Apocalipsis<\/em> se enquadra nisso e segue al\u00e9m, j\u00e1 que se aproveita de uma recep\u00e7\u00e3o do Medievo (e de outras idades hist\u00f3ricas) para construir uma narrativa instigante e modeladora de uma determinada vis\u00e3o sobre a Idade M\u00e9dia.<\/p>\n<p>Este post traz reflex\u00f5es iniciais futuramente presentes na disserta\u00e7\u00e3o de mestrado denominada \u201cHiper-realismo e intermidialidade em videogames: an\u00e1lises dialogadas de Darkest Dungeon (2016) e Apocalipsis: Harry at the end of the world (2018)\u201d, em curso, da mestranda B\u00e1rbara Denise Xavier da Costa (Licenciada em Hist\u00f3ria pela Universidade Federal de Pelotas), bolsista CAPES. Foi editora-assistente da Revista Discente Of\u00edcios de Clio em 2018 e 2019. Possui interesse em recep\u00e7\u00f5es do Medievo, videogames e nas rela\u00e7\u00f5es entre Hist\u00f3ria e Literatura.<\/p>\n<p>&nbsp;<\/p>\n<p>Veja a pesquisa da Berel como card no Instagram <a href=\"https:\/\/www.instagram.com\/p\/CAV97eqge1k\/\" target=\"_blank\" rel=\"noopener\">aqui.<\/a><\/p>\n<p>&nbsp;<\/p>\n<p><strong>B\u00c1RBARA DENISE XAVIER DA COSTA<\/strong><br \/>\nLicenciada em Hist\u00f3ria pela Universidade Federal de Pelotas e atualmente mestranda pela mesma institui\u00e7\u00e3o.<br \/>\nIntegrante do POIEMA desde 2019.<\/p>\n","protected":false},"excerpt":{"rendered":"<p>A xilogravura \u00e9 um processo art\u00edstico atrav\u00e9s do qual se entalha um desenho em uma chapa de madeira e logo ap\u00f3s isso se \u201ccarimba\u201d em outra superf\u00edcie, como pap\u00e9is e tecidos. Em territ\u00f3rio europeu, foi se popularizar ap\u00f3s o s\u00e9culo XIV, trazendo \u00e0 tona nomes como Michael Wolgemut, Hans Holbein e Albrecht Durer. E como &hellip; <\/p>\n<p><a class=\"more-link btn\" href=\"https:\/\/wp.ufpel.edu.br\/poiema\/pesquisa-xilogravuras-que-se-mexem-imagens-que-evocam-a-morte-e-recepcoes-do-medievo-em-jogos\/\">Continue lendo<\/a><\/p>\n","protected":false},"author":1170,"featured_media":0,"parent":0,"menu_order":0,"comment_status":"closed","ping_status":"closed","template":"","meta":{"footnotes":""},"class_list":["post-1788","page","type-page","status-publish","hentry","nodate","item-wrap"],"yoast_head":"<!-- This site is optimized with the Yoast SEO plugin v26.7 - https:\/\/yoast.com\/wordpress\/plugins\/seo\/ -->\n<title>Pesquisa: Xilogravuras que se mexem, imagens que evocam a morte e recep\u00e7\u00f5es do Medievo em jogos - POIEMA<\/title>\n<meta name=\"robots\" content=\"index, follow, max-snippet:-1, max-image-preview:large, max-video-preview:-1\" \/>\n<link rel=\"canonical\" href=\"https:\/\/wp.ufpel.edu.br\/poiema\/pesquisa-xilogravuras-que-se-mexem-imagens-que-evocam-a-morte-e-recepcoes-do-medievo-em-jogos\/\" \/>\n<meta property=\"og:locale\" content=\"pt_BR\" \/>\n<meta property=\"og:type\" content=\"article\" \/>\n<meta property=\"og:title\" content=\"Pesquisa: Xilogravuras que se mexem, imagens que evocam a morte e recep\u00e7\u00f5es do Medievo em jogos - POIEMA\" \/>\n<meta property=\"og:description\" content=\"A xilogravura \u00e9 um processo art\u00edstico atrav\u00e9s do qual se entalha um desenho em uma chapa de madeira e logo ap\u00f3s isso se \u201ccarimba\u201d em outra superf\u00edcie, como pap\u00e9is e tecidos. Em territ\u00f3rio europeu, foi se popularizar ap\u00f3s o s\u00e9culo XIV, trazendo \u00e0 tona nomes como Michael Wolgemut, Hans Holbein e Albrecht Durer. E como &hellip; Continue lendo\" \/>\n<meta property=\"og:url\" content=\"https:\/\/wp.ufpel.edu.br\/poiema\/pesquisa-xilogravuras-que-se-mexem-imagens-que-evocam-a-morte-e-recepcoes-do-medievo-em-jogos\/\" \/>\n<meta property=\"og:site_name\" content=\"POIEMA\" \/>\n<meta property=\"article:modified_time\" content=\"2022-04-16T00:22:29+00:00\" \/>\n<meta name=\"twitter:card\" content=\"summary_large_image\" \/>\n<meta name=\"twitter:label1\" content=\"Est. tempo de leitura\" \/>\n\t<meta name=\"twitter:data1\" content=\"2 minutos\" \/>\n<script type=\"application\/ld+json\" class=\"yoast-schema-graph\">{\"@context\":\"https:\/\/schema.org\",\"@graph\":[{\"@type\":\"WebPage\",\"@id\":\"https:\/\/wp.ufpel.edu.br\/poiema\/pesquisa-xilogravuras-que-se-mexem-imagens-que-evocam-a-morte-e-recepcoes-do-medievo-em-jogos\/\",\"url\":\"https:\/\/wp.ufpel.edu.br\/poiema\/pesquisa-xilogravuras-que-se-mexem-imagens-que-evocam-a-morte-e-recepcoes-do-medievo-em-jogos\/\",\"name\":\"Pesquisa: Xilogravuras que se mexem, imagens que evocam a morte e recep\u00e7\u00f5es do Medievo em jogos - POIEMA\",\"isPartOf\":{\"@id\":\"https:\/\/wp.ufpel.edu.br\/poiema\/#website\"},\"datePublished\":\"2021-09-30T19:51:47+00:00\",\"dateModified\":\"2022-04-16T00:22:29+00:00\",\"breadcrumb\":{\"@id\":\"https:\/\/wp.ufpel.edu.br\/poiema\/pesquisa-xilogravuras-que-se-mexem-imagens-que-evocam-a-morte-e-recepcoes-do-medievo-em-jogos\/#breadcrumb\"},\"inLanguage\":\"pt-BR\",\"potentialAction\":[{\"@type\":\"ReadAction\",\"target\":[\"https:\/\/wp.ufpel.edu.br\/poiema\/pesquisa-xilogravuras-que-se-mexem-imagens-que-evocam-a-morte-e-recepcoes-do-medievo-em-jogos\/\"]}]},{\"@type\":\"BreadcrumbList\",\"@id\":\"https:\/\/wp.ufpel.edu.br\/poiema\/pesquisa-xilogravuras-que-se-mexem-imagens-que-evocam-a-morte-e-recepcoes-do-medievo-em-jogos\/#breadcrumb\",\"itemListElement\":[{\"@type\":\"ListItem\",\"position\":1,\"name\":\"In\u00edcio\",\"item\":\"https:\/\/wp.ufpel.edu.br\/poiema\/\"},{\"@type\":\"ListItem\",\"position\":2,\"name\":\"Pesquisa: Xilogravuras que se mexem, imagens que evocam a morte e recep\u00e7\u00f5es do Medievo em jogos\"}]},{\"@type\":\"WebSite\",\"@id\":\"https:\/\/wp.ufpel.edu.br\/poiema\/#website\",\"url\":\"https:\/\/wp.ufpel.edu.br\/poiema\/\",\"name\":\"POIEMA\",\"description\":\"POIEMA UFPel\",\"potentialAction\":[{\"@type\":\"SearchAction\",\"target\":{\"@type\":\"EntryPoint\",\"urlTemplate\":\"https:\/\/wp.ufpel.edu.br\/poiema\/?s={search_term_string}\"},\"query-input\":{\"@type\":\"PropertyValueSpecification\",\"valueRequired\":true,\"valueName\":\"search_term_string\"}}],\"inLanguage\":\"pt-BR\"}]}<\/script>\n<!-- \/ Yoast SEO plugin. -->","yoast_head_json":{"title":"Pesquisa: Xilogravuras que se mexem, imagens que evocam a morte e recep\u00e7\u00f5es do Medievo em jogos - POIEMA","robots":{"index":"index","follow":"follow","max-snippet":"max-snippet:-1","max-image-preview":"max-image-preview:large","max-video-preview":"max-video-preview:-1"},"canonical":"https:\/\/wp.ufpel.edu.br\/poiema\/pesquisa-xilogravuras-que-se-mexem-imagens-que-evocam-a-morte-e-recepcoes-do-medievo-em-jogos\/","og_locale":"pt_BR","og_type":"article","og_title":"Pesquisa: Xilogravuras que se mexem, imagens que evocam a morte e recep\u00e7\u00f5es do Medievo em jogos - POIEMA","og_description":"A xilogravura \u00e9 um processo art\u00edstico atrav\u00e9s do qual se entalha um desenho em uma chapa de madeira e logo ap\u00f3s isso se \u201ccarimba\u201d em outra superf\u00edcie, como pap\u00e9is e tecidos. Em territ\u00f3rio europeu, foi se popularizar ap\u00f3s o s\u00e9culo XIV, trazendo \u00e0 tona nomes como Michael Wolgemut, Hans Holbein e Albrecht Durer. E como &hellip; Continue lendo","og_url":"https:\/\/wp.ufpel.edu.br\/poiema\/pesquisa-xilogravuras-que-se-mexem-imagens-que-evocam-a-morte-e-recepcoes-do-medievo-em-jogos\/","og_site_name":"POIEMA","article_modified_time":"2022-04-16T00:22:29+00:00","twitter_card":"summary_large_image","twitter_misc":{"Est. tempo de leitura":"2 minutos"},"schema":{"@context":"https:\/\/schema.org","@graph":[{"@type":"WebPage","@id":"https:\/\/wp.ufpel.edu.br\/poiema\/pesquisa-xilogravuras-que-se-mexem-imagens-que-evocam-a-morte-e-recepcoes-do-medievo-em-jogos\/","url":"https:\/\/wp.ufpel.edu.br\/poiema\/pesquisa-xilogravuras-que-se-mexem-imagens-que-evocam-a-morte-e-recepcoes-do-medievo-em-jogos\/","name":"Pesquisa: Xilogravuras que se mexem, imagens que evocam a morte e recep\u00e7\u00f5es do Medievo em jogos - POIEMA","isPartOf":{"@id":"https:\/\/wp.ufpel.edu.br\/poiema\/#website"},"datePublished":"2021-09-30T19:51:47+00:00","dateModified":"2022-04-16T00:22:29+00:00","breadcrumb":{"@id":"https:\/\/wp.ufpel.edu.br\/poiema\/pesquisa-xilogravuras-que-se-mexem-imagens-que-evocam-a-morte-e-recepcoes-do-medievo-em-jogos\/#breadcrumb"},"inLanguage":"pt-BR","potentialAction":[{"@type":"ReadAction","target":["https:\/\/wp.ufpel.edu.br\/poiema\/pesquisa-xilogravuras-que-se-mexem-imagens-que-evocam-a-morte-e-recepcoes-do-medievo-em-jogos\/"]}]},{"@type":"BreadcrumbList","@id":"https:\/\/wp.ufpel.edu.br\/poiema\/pesquisa-xilogravuras-que-se-mexem-imagens-que-evocam-a-morte-e-recepcoes-do-medievo-em-jogos\/#breadcrumb","itemListElement":[{"@type":"ListItem","position":1,"name":"In\u00edcio","item":"https:\/\/wp.ufpel.edu.br\/poiema\/"},{"@type":"ListItem","position":2,"name":"Pesquisa: Xilogravuras que se mexem, imagens que evocam a morte e recep\u00e7\u00f5es do Medievo em jogos"}]},{"@type":"WebSite","@id":"https:\/\/wp.ufpel.edu.br\/poiema\/#website","url":"https:\/\/wp.ufpel.edu.br\/poiema\/","name":"POIEMA","description":"POIEMA UFPel","potentialAction":[{"@type":"SearchAction","target":{"@type":"EntryPoint","urlTemplate":"https:\/\/wp.ufpel.edu.br\/poiema\/?s={search_term_string}"},"query-input":{"@type":"PropertyValueSpecification","valueRequired":true,"valueName":"search_term_string"}}],"inLanguage":"pt-BR"}]}},"jetpack_sharing_enabled":true,"_links":{"self":[{"href":"https:\/\/wp.ufpel.edu.br\/poiema\/wp-json\/wp\/v2\/pages\/1788","targetHints":{"allow":["GET"]}}],"collection":[{"href":"https:\/\/wp.ufpel.edu.br\/poiema\/wp-json\/wp\/v2\/pages"}],"about":[{"href":"https:\/\/wp.ufpel.edu.br\/poiema\/wp-json\/wp\/v2\/types\/page"}],"author":[{"embeddable":true,"href":"https:\/\/wp.ufpel.edu.br\/poiema\/wp-json\/wp\/v2\/users\/1170"}],"replies":[{"embeddable":true,"href":"https:\/\/wp.ufpel.edu.br\/poiema\/wp-json\/wp\/v2\/comments?post=1788"}],"version-history":[{"count":2,"href":"https:\/\/wp.ufpel.edu.br\/poiema\/wp-json\/wp\/v2\/pages\/1788\/revisions"}],"predecessor-version":[{"id":3828,"href":"https:\/\/wp.ufpel.edu.br\/poiema\/wp-json\/wp\/v2\/pages\/1788\/revisions\/3828"}],"wp:attachment":[{"href":"https:\/\/wp.ufpel.edu.br\/poiema\/wp-json\/wp\/v2\/media?parent=1788"}],"curies":[{"name":"wp","href":"https:\/\/api.w.org\/{rel}","templated":true}]}}