{"id":1735,"date":"2021-09-29T18:53:44","date_gmt":"2021-09-29T21:53:44","guid":{"rendered":"https:\/\/wp.ufpel.edu.br\/poiema\/?page_id=1735"},"modified":"2022-09-27T05:23:31","modified_gmt":"2022-09-27T08:23:31","slug":"rodrigo-viera","status":"publish","type":"page","link":"https:\/\/wp.ufpel.edu.br\/poiema\/rodrigo-viera\/","title":{"rendered":"Pesquisa: Dist\u00farbios e Incapacidades no Medievo"},"content":{"rendered":"<p><strong>CONCEITUALIZA\u00c7\u00c3O E PRECONCEITOS DE DIST\u00daRBIOS E INCAPACIDADES NO MEDIEVO: UMA REVIS\u00c3O BIBLIOGR\u00c1FICA<\/strong><\/p>\n<p>O objetivo desse trabalho \u00e9 apresentar uma revis\u00e3o bibliogr\u00e1fica sobre pesquisas que abordam a tem\u00e1tica da defici\u00eancia ou dist\u00farbio, a forma como essa sociedade se relacionava com essas diferen\u00e7as sociais, assim como quais eram as diferentes formas de tratamento dispon\u00edvel para essas pessoas.<\/p>\n<p>A motiva\u00e7\u00e3o maior para o desenvolvimento desse trabalho \u00e9 a car\u00eancia de material em l\u00edngua portuguesa sobre o tema no campo da historiografia medieval.<\/p>\n<p>Para tanto, realizar-se-\u00e1 um estudo comparado e bibliogr\u00e1fico de diferentes autores que comentaram sobre o tema da sa\u00fade mental durante o medievo, focando-se tamb\u00e9m nos estudos de desabilidades e as for como os preju\u00edzos aplicados sobre esses grupos minorit\u00e1rios se mostra presente at\u00e9 os dias atuais.<\/p>\n<p>Voc\u00ea pode ver a pesquisa do Rodrigo como card no Instagram <a href=\"https:\/\/www.instagram.com\/p\/CUddtQgMCxf\/\">aqui<\/a>.<\/p>\n<p><strong>GRADUANDO RODRIGO DOS SANTOS VIERA<\/strong><br \/>\nGraduando de Hist\u00f3ria Bacharelado pela Universidade Federal de Pelotas (UFPEL).<br \/>\nIntegrante do POIEMA desde 2018.<\/p>\n","protected":false},"excerpt":{"rendered":"<p>CONCEITUALIZA\u00c7\u00c3O E PRECONCEITOS DE DIST\u00daRBIOS E INCAPACIDADES NO MEDIEVO: UMA REVIS\u00c3O BIBLIOGR\u00c1FICA O objetivo desse trabalho \u00e9 apresentar uma revis\u00e3o bibliogr\u00e1fica sobre pesquisas que abordam a tem\u00e1tica da defici\u00eancia ou dist\u00farbio, a forma como essa sociedade se relacionava com essas diferen\u00e7as sociais, assim como quais eram as diferentes formas de tratamento dispon\u00edvel para essas pessoas. &hellip; <\/p>\n<p><a class=\"more-link btn\" href=\"https:\/\/wp.ufpel.edu.br\/poiema\/rodrigo-viera\/\">Continue lendo<\/a><\/p>\n","protected":false},"author":1170,"featured_media":0,"parent":0,"menu_order":0,"comment_status":"closed","ping_status":"closed","template":"","meta":{"footnotes":""},"class_list":["post-1735","page","type-page","status-publish","hentry","nodate","item-wrap"],"yoast_head":"<!-- This site is optimized with the Yoast SEO plugin v26.7 - https:\/\/yoast.com\/wordpress\/plugins\/seo\/ -->\n<title>Pesquisa: Dist\u00farbios e Incapacidades no Medievo - POIEMA<\/title>\n<meta name=\"robots\" content=\"index, follow, max-snippet:-1, max-image-preview:large, max-video-preview:-1\" \/>\n<link rel=\"canonical\" href=\"https:\/\/wp.ufpel.edu.br\/poiema\/rodrigo-viera\/\" \/>\n<meta property=\"og:locale\" content=\"pt_BR\" \/>\n<meta property=\"og:type\" content=\"article\" \/>\n<meta property=\"og:title\" content=\"Pesquisa: Dist\u00farbios e Incapacidades no Medievo - POIEMA\" \/>\n<meta property=\"og:description\" content=\"CONCEITUALIZA\u00c7\u00c3O E PRECONCEITOS DE DIST\u00daRBIOS E INCAPACIDADES NO MEDIEVO: UMA REVIS\u00c3O BIBLIOGR\u00c1FICA O objetivo desse trabalho \u00e9 apresentar uma revis\u00e3o bibliogr\u00e1fica sobre pesquisas que abordam a tem\u00e1tica da defici\u00eancia ou dist\u00farbio, a forma como essa sociedade se relacionava com essas diferen\u00e7as sociais, assim como quais eram as diferentes formas de tratamento dispon\u00edvel para essas pessoas. &hellip; Continue lendo\" \/>\n<meta property=\"og:url\" content=\"https:\/\/wp.ufpel.edu.br\/poiema\/rodrigo-viera\/\" \/>\n<meta property=\"og:site_name\" content=\"POIEMA\" \/>\n<meta property=\"article:modified_time\" content=\"2022-09-27T08:23:31+00:00\" \/>\n<meta name=\"twitter:card\" content=\"summary_large_image\" \/>\n<meta name=\"twitter:label1\" content=\"Est. tempo de leitura\" \/>\n\t<meta name=\"twitter:data1\" content=\"1 minuto\" \/>\n<script type=\"application\/ld+json\" class=\"yoast-schema-graph\">{\"@context\":\"https:\/\/schema.org\",\"@graph\":[{\"@type\":\"WebPage\",\"@id\":\"https:\/\/wp.ufpel.edu.br\/poiema\/rodrigo-viera\/\",\"url\":\"https:\/\/wp.ufpel.edu.br\/poiema\/rodrigo-viera\/\",\"name\":\"Pesquisa: Dist\u00farbios e Incapacidades no Medievo - POIEMA\",\"isPartOf\":{\"@id\":\"https:\/\/wp.ufpel.edu.br\/poiema\/#website\"},\"datePublished\":\"2021-09-29T21:53:44+00:00\",\"dateModified\":\"2022-09-27T08:23:31+00:00\",\"breadcrumb\":{\"@id\":\"https:\/\/wp.ufpel.edu.br\/poiema\/rodrigo-viera\/#breadcrumb\"},\"inLanguage\":\"pt-BR\",\"potentialAction\":[{\"@type\":\"ReadAction\",\"target\":[\"https:\/\/wp.ufpel.edu.br\/poiema\/rodrigo-viera\/\"]}]},{\"@type\":\"BreadcrumbList\",\"@id\":\"https:\/\/wp.ufpel.edu.br\/poiema\/rodrigo-viera\/#breadcrumb\",\"itemListElement\":[{\"@type\":\"ListItem\",\"position\":1,\"name\":\"In\u00edcio\",\"item\":\"https:\/\/wp.ufpel.edu.br\/poiema\/\"},{\"@type\":\"ListItem\",\"position\":2,\"name\":\"Pesquisa: Dist\u00farbios e Incapacidades no Medievo\"}]},{\"@type\":\"WebSite\",\"@id\":\"https:\/\/wp.ufpel.edu.br\/poiema\/#website\",\"url\":\"https:\/\/wp.ufpel.edu.br\/poiema\/\",\"name\":\"POIEMA\",\"description\":\"POIEMA UFPel\",\"potentialAction\":[{\"@type\":\"SearchAction\",\"target\":{\"@type\":\"EntryPoint\",\"urlTemplate\":\"https:\/\/wp.ufpel.edu.br\/poiema\/?s={search_term_string}\"},\"query-input\":{\"@type\":\"PropertyValueSpecification\",\"valueRequired\":true,\"valueName\":\"search_term_string\"}}],\"inLanguage\":\"pt-BR\"}]}<\/script>\n<!-- \/ Yoast SEO plugin. -->","yoast_head_json":{"title":"Pesquisa: Dist\u00farbios e Incapacidades no Medievo - POIEMA","robots":{"index":"index","follow":"follow","max-snippet":"max-snippet:-1","max-image-preview":"max-image-preview:large","max-video-preview":"max-video-preview:-1"},"canonical":"https:\/\/wp.ufpel.edu.br\/poiema\/rodrigo-viera\/","og_locale":"pt_BR","og_type":"article","og_title":"Pesquisa: Dist\u00farbios e Incapacidades no Medievo - POIEMA","og_description":"CONCEITUALIZA\u00c7\u00c3O E PRECONCEITOS DE DIST\u00daRBIOS E INCAPACIDADES NO MEDIEVO: UMA REVIS\u00c3O BIBLIOGR\u00c1FICA O objetivo desse trabalho \u00e9 apresentar uma revis\u00e3o bibliogr\u00e1fica sobre pesquisas que abordam a tem\u00e1tica da defici\u00eancia ou dist\u00farbio, a forma como essa sociedade se relacionava com essas diferen\u00e7as sociais, assim como quais eram as diferentes formas de tratamento dispon\u00edvel para essas pessoas. &hellip; Continue lendo","og_url":"https:\/\/wp.ufpel.edu.br\/poiema\/rodrigo-viera\/","og_site_name":"POIEMA","article_modified_time":"2022-09-27T08:23:31+00:00","twitter_card":"summary_large_image","twitter_misc":{"Est. tempo de leitura":"1 minuto"},"schema":{"@context":"https:\/\/schema.org","@graph":[{"@type":"WebPage","@id":"https:\/\/wp.ufpel.edu.br\/poiema\/rodrigo-viera\/","url":"https:\/\/wp.ufpel.edu.br\/poiema\/rodrigo-viera\/","name":"Pesquisa: Dist\u00farbios e Incapacidades no Medievo - POIEMA","isPartOf":{"@id":"https:\/\/wp.ufpel.edu.br\/poiema\/#website"},"datePublished":"2021-09-29T21:53:44+00:00","dateModified":"2022-09-27T08:23:31+00:00","breadcrumb":{"@id":"https:\/\/wp.ufpel.edu.br\/poiema\/rodrigo-viera\/#breadcrumb"},"inLanguage":"pt-BR","potentialAction":[{"@type":"ReadAction","target":["https:\/\/wp.ufpel.edu.br\/poiema\/rodrigo-viera\/"]}]},{"@type":"BreadcrumbList","@id":"https:\/\/wp.ufpel.edu.br\/poiema\/rodrigo-viera\/#breadcrumb","itemListElement":[{"@type":"ListItem","position":1,"name":"In\u00edcio","item":"https:\/\/wp.ufpel.edu.br\/poiema\/"},{"@type":"ListItem","position":2,"name":"Pesquisa: Dist\u00farbios e Incapacidades no Medievo"}]},{"@type":"WebSite","@id":"https:\/\/wp.ufpel.edu.br\/poiema\/#website","url":"https:\/\/wp.ufpel.edu.br\/poiema\/","name":"POIEMA","description":"POIEMA UFPel","potentialAction":[{"@type":"SearchAction","target":{"@type":"EntryPoint","urlTemplate":"https:\/\/wp.ufpel.edu.br\/poiema\/?s={search_term_string}"},"query-input":{"@type":"PropertyValueSpecification","valueRequired":true,"valueName":"search_term_string"}}],"inLanguage":"pt-BR"}]}},"jetpack_sharing_enabled":true,"_links":{"self":[{"href":"https:\/\/wp.ufpel.edu.br\/poiema\/wp-json\/wp\/v2\/pages\/1735","targetHints":{"allow":["GET"]}}],"collection":[{"href":"https:\/\/wp.ufpel.edu.br\/poiema\/wp-json\/wp\/v2\/pages"}],"about":[{"href":"https:\/\/wp.ufpel.edu.br\/poiema\/wp-json\/wp\/v2\/types\/page"}],"author":[{"embeddable":true,"href":"https:\/\/wp.ufpel.edu.br\/poiema\/wp-json\/wp\/v2\/users\/1170"}],"replies":[{"embeddable":true,"href":"https:\/\/wp.ufpel.edu.br\/poiema\/wp-json\/wp\/v2\/comments?post=1735"}],"version-history":[{"count":2,"href":"https:\/\/wp.ufpel.edu.br\/poiema\/wp-json\/wp\/v2\/pages\/1735\/revisions"}],"predecessor-version":[{"id":3840,"href":"https:\/\/wp.ufpel.edu.br\/poiema\/wp-json\/wp\/v2\/pages\/1735\/revisions\/3840"}],"wp:attachment":[{"href":"https:\/\/wp.ufpel.edu.br\/poiema\/wp-json\/wp\/v2\/media?parent=1735"}],"curies":[{"name":"wp","href":"https:\/\/api.w.org\/{rel}","templated":true}]}}