{"id":1727,"date":"2021-09-29T18:40:01","date_gmt":"2021-09-29T21:40:01","guid":{"rendered":"https:\/\/wp.ufpel.edu.br\/poiema\/?page_id=1727"},"modified":"2022-04-15T21:28:12","modified_gmt":"2022-04-16T00:28:12","slug":"pesquisa-chilling-adventures-of-sabrina","status":"publish","type":"page","link":"https:\/\/wp.ufpel.edu.br\/poiema\/pesquisa-chilling-adventures-of-sabrina\/","title":{"rendered":"Pesquisa: Chilling adventures of Sabrina"},"content":{"rendered":"<p style=\"text-align: justify;\">As m\u00eddias t\u00eam se mostrado, reiteradamente, espa\u00e7os n\u00e3o apenas de entretenimento, como tamb\u00e9m da possibilidade de se abordar as m\u00faltiplas conjecturas sociais e as escolhas midi\u00e1ticas, ao que consiste em suas narrativas, tendem a se posicionar de acordo com as agita\u00e7\u00f5es sociais.<\/p>\n<p style=\"text-align: justify;\">Constructos f\u00edlmicos, por exemplo, podem dar \u00eanfase a determinados elementos presentes no cotidiano dos sujeitos que fazem parte de sua cria\u00e7\u00e3o, assim como levantam tra\u00e7os da pr\u00f3pria organiza\u00e7\u00e3o social da qual fazem parte.<\/p>\n<p style=\"text-align: justify;\">Tendo isso em vista, buscamos, atrav\u00e9s da an\u00e1lise intraf\u00edlmica e extraf\u00edlmica, identificar como se deram as representa\u00e7\u00f5es da mulher-bruxa na s\u00e9rie Chilling adventures of Sabrina (CAOS), assim como as explana\u00e7\u00f5es em cima dos processos de categoriza\u00e7\u00e3o de g\u00eanero, identidade e religiosidade\/misticismo apresentados ao<br \/>\nlongo das tr\u00eas primeiras temporadas da obra.<\/p>\n<p style=\"text-align: justify;\">Por meio de um entendimento que leva em conta a potencializa\u00e7\u00e3o com a qual as m\u00eddias s\u00e3o capazes de tocar o espectador, nos detivemos a abordar tem\u00e1ticas caras aos atuais debates sociopol\u00edticos, tendo especial foco aos arcos (da produ\u00e7\u00e3o) que se dedicaram a constru\u00e7\u00e3o de discursos que provocam reflex\u00f5es sobre misoginia, transfobia, hipersexualiza\u00e7\u00e3o de protagonistas femininas, sistema patriarcalista entre outros t\u00f3picos que referenciam debates da sociedade contempor\u00e2nea.<\/p>\n<p style=\"text-align: justify;\">Palavras-chave: CAOS; G\u00eanero; Identidade; M\u00eddias.<\/p>\n<p>Veja outros trabalhos da Sara como card no Instagram <a href=\"https:\/\/www.instagram.com\/p\/CANySWngaQF\/\" target=\"_blank\" rel=\"noopener\">aqui.<\/a><\/p>\n<p><strong>MESTRA SARA SCHNEIDER-BITTENCOURT<br \/>\n<\/strong>Mestra em Hist\u00f3ria pela Universidade Federal de Pelotas \u2013 UFPel. Bacharela em Hist\u00f3ria pela Universidade Federal do Rio Grande \u2013 FURG.<br \/>\nIntegrante do POIEMA desde 2019.<\/p>\n","protected":false},"excerpt":{"rendered":"<p>As m\u00eddias t\u00eam se mostrado, reiteradamente, espa\u00e7os n\u00e3o apenas de entretenimento, como tamb\u00e9m da possibilidade de se abordar as m\u00faltiplas conjecturas sociais e as escolhas midi\u00e1ticas, ao que consiste em suas narrativas, tendem a se posicionar de acordo com as agita\u00e7\u00f5es sociais. Constructos f\u00edlmicos, por exemplo, podem dar \u00eanfase a determinados elementos presentes no cotidiano &hellip; <\/p>\n<p><a class=\"more-link btn\" href=\"https:\/\/wp.ufpel.edu.br\/poiema\/pesquisa-chilling-adventures-of-sabrina\/\">Continue lendo<\/a><\/p>\n","protected":false},"author":1170,"featured_media":0,"parent":0,"menu_order":0,"comment_status":"closed","ping_status":"closed","template":"","meta":{"footnotes":""},"class_list":["post-1727","page","type-page","status-publish","hentry","nodate","item-wrap"],"yoast_head":"<!-- This site is optimized with the Yoast SEO plugin v26.7 - https:\/\/yoast.com\/wordpress\/plugins\/seo\/ -->\n<title>Pesquisa: Chilling adventures of Sabrina - POIEMA<\/title>\n<meta name=\"robots\" content=\"index, follow, max-snippet:-1, max-image-preview:large, max-video-preview:-1\" \/>\n<link rel=\"canonical\" href=\"https:\/\/wp.ufpel.edu.br\/poiema\/pesquisa-chilling-adventures-of-sabrina\/\" \/>\n<meta property=\"og:locale\" content=\"pt_BR\" \/>\n<meta property=\"og:type\" content=\"article\" \/>\n<meta property=\"og:title\" content=\"Pesquisa: Chilling adventures of Sabrina - POIEMA\" \/>\n<meta property=\"og:description\" content=\"As m\u00eddias t\u00eam se mostrado, reiteradamente, espa\u00e7os n\u00e3o apenas de entretenimento, como tamb\u00e9m da possibilidade de se abordar as m\u00faltiplas conjecturas sociais e as escolhas midi\u00e1ticas, ao que consiste em suas narrativas, tendem a se posicionar de acordo com as agita\u00e7\u00f5es sociais. Constructos f\u00edlmicos, por exemplo, podem dar \u00eanfase a determinados elementos presentes no cotidiano &hellip; Continue lendo\" \/>\n<meta property=\"og:url\" content=\"https:\/\/wp.ufpel.edu.br\/poiema\/pesquisa-chilling-adventures-of-sabrina\/\" \/>\n<meta property=\"og:site_name\" content=\"POIEMA\" \/>\n<meta property=\"article:modified_time\" content=\"2022-04-16T00:28:12+00:00\" \/>\n<meta name=\"twitter:card\" content=\"summary_large_image\" \/>\n<meta name=\"twitter:label1\" content=\"Est. tempo de leitura\" \/>\n\t<meta name=\"twitter:data1\" content=\"2 minutos\" \/>\n<script type=\"application\/ld+json\" class=\"yoast-schema-graph\">{\"@context\":\"https:\/\/schema.org\",\"@graph\":[{\"@type\":\"WebPage\",\"@id\":\"https:\/\/wp.ufpel.edu.br\/poiema\/pesquisa-chilling-adventures-of-sabrina\/\",\"url\":\"https:\/\/wp.ufpel.edu.br\/poiema\/pesquisa-chilling-adventures-of-sabrina\/\",\"name\":\"Pesquisa: Chilling adventures of Sabrina - POIEMA\",\"isPartOf\":{\"@id\":\"https:\/\/wp.ufpel.edu.br\/poiema\/#website\"},\"datePublished\":\"2021-09-29T21:40:01+00:00\",\"dateModified\":\"2022-04-16T00:28:12+00:00\",\"breadcrumb\":{\"@id\":\"https:\/\/wp.ufpel.edu.br\/poiema\/pesquisa-chilling-adventures-of-sabrina\/#breadcrumb\"},\"inLanguage\":\"pt-BR\",\"potentialAction\":[{\"@type\":\"ReadAction\",\"target\":[\"https:\/\/wp.ufpel.edu.br\/poiema\/pesquisa-chilling-adventures-of-sabrina\/\"]}]},{\"@type\":\"BreadcrumbList\",\"@id\":\"https:\/\/wp.ufpel.edu.br\/poiema\/pesquisa-chilling-adventures-of-sabrina\/#breadcrumb\",\"itemListElement\":[{\"@type\":\"ListItem\",\"position\":1,\"name\":\"In\u00edcio\",\"item\":\"https:\/\/wp.ufpel.edu.br\/poiema\/\"},{\"@type\":\"ListItem\",\"position\":2,\"name\":\"Pesquisa: Chilling adventures of Sabrina\"}]},{\"@type\":\"WebSite\",\"@id\":\"https:\/\/wp.ufpel.edu.br\/poiema\/#website\",\"url\":\"https:\/\/wp.ufpel.edu.br\/poiema\/\",\"name\":\"POIEMA\",\"description\":\"POIEMA UFPel\",\"potentialAction\":[{\"@type\":\"SearchAction\",\"target\":{\"@type\":\"EntryPoint\",\"urlTemplate\":\"https:\/\/wp.ufpel.edu.br\/poiema\/?s={search_term_string}\"},\"query-input\":{\"@type\":\"PropertyValueSpecification\",\"valueRequired\":true,\"valueName\":\"search_term_string\"}}],\"inLanguage\":\"pt-BR\"}]}<\/script>\n<!-- \/ Yoast SEO plugin. -->","yoast_head_json":{"title":"Pesquisa: Chilling adventures of Sabrina - POIEMA","robots":{"index":"index","follow":"follow","max-snippet":"max-snippet:-1","max-image-preview":"max-image-preview:large","max-video-preview":"max-video-preview:-1"},"canonical":"https:\/\/wp.ufpel.edu.br\/poiema\/pesquisa-chilling-adventures-of-sabrina\/","og_locale":"pt_BR","og_type":"article","og_title":"Pesquisa: Chilling adventures of Sabrina - POIEMA","og_description":"As m\u00eddias t\u00eam se mostrado, reiteradamente, espa\u00e7os n\u00e3o apenas de entretenimento, como tamb\u00e9m da possibilidade de se abordar as m\u00faltiplas conjecturas sociais e as escolhas midi\u00e1ticas, ao que consiste em suas narrativas, tendem a se posicionar de acordo com as agita\u00e7\u00f5es sociais. Constructos f\u00edlmicos, por exemplo, podem dar \u00eanfase a determinados elementos presentes no cotidiano &hellip; Continue lendo","og_url":"https:\/\/wp.ufpel.edu.br\/poiema\/pesquisa-chilling-adventures-of-sabrina\/","og_site_name":"POIEMA","article_modified_time":"2022-04-16T00:28:12+00:00","twitter_card":"summary_large_image","twitter_misc":{"Est. tempo de leitura":"2 minutos"},"schema":{"@context":"https:\/\/schema.org","@graph":[{"@type":"WebPage","@id":"https:\/\/wp.ufpel.edu.br\/poiema\/pesquisa-chilling-adventures-of-sabrina\/","url":"https:\/\/wp.ufpel.edu.br\/poiema\/pesquisa-chilling-adventures-of-sabrina\/","name":"Pesquisa: Chilling adventures of Sabrina - POIEMA","isPartOf":{"@id":"https:\/\/wp.ufpel.edu.br\/poiema\/#website"},"datePublished":"2021-09-29T21:40:01+00:00","dateModified":"2022-04-16T00:28:12+00:00","breadcrumb":{"@id":"https:\/\/wp.ufpel.edu.br\/poiema\/pesquisa-chilling-adventures-of-sabrina\/#breadcrumb"},"inLanguage":"pt-BR","potentialAction":[{"@type":"ReadAction","target":["https:\/\/wp.ufpel.edu.br\/poiema\/pesquisa-chilling-adventures-of-sabrina\/"]}]},{"@type":"BreadcrumbList","@id":"https:\/\/wp.ufpel.edu.br\/poiema\/pesquisa-chilling-adventures-of-sabrina\/#breadcrumb","itemListElement":[{"@type":"ListItem","position":1,"name":"In\u00edcio","item":"https:\/\/wp.ufpel.edu.br\/poiema\/"},{"@type":"ListItem","position":2,"name":"Pesquisa: Chilling adventures of Sabrina"}]},{"@type":"WebSite","@id":"https:\/\/wp.ufpel.edu.br\/poiema\/#website","url":"https:\/\/wp.ufpel.edu.br\/poiema\/","name":"POIEMA","description":"POIEMA UFPel","potentialAction":[{"@type":"SearchAction","target":{"@type":"EntryPoint","urlTemplate":"https:\/\/wp.ufpel.edu.br\/poiema\/?s={search_term_string}"},"query-input":{"@type":"PropertyValueSpecification","valueRequired":true,"valueName":"search_term_string"}}],"inLanguage":"pt-BR"}]}},"jetpack_sharing_enabled":true,"_links":{"self":[{"href":"https:\/\/wp.ufpel.edu.br\/poiema\/wp-json\/wp\/v2\/pages\/1727","targetHints":{"allow":["GET"]}}],"collection":[{"href":"https:\/\/wp.ufpel.edu.br\/poiema\/wp-json\/wp\/v2\/pages"}],"about":[{"href":"https:\/\/wp.ufpel.edu.br\/poiema\/wp-json\/wp\/v2\/types\/page"}],"author":[{"embeddable":true,"href":"https:\/\/wp.ufpel.edu.br\/poiema\/wp-json\/wp\/v2\/users\/1170"}],"replies":[{"embeddable":true,"href":"https:\/\/wp.ufpel.edu.br\/poiema\/wp-json\/wp\/v2\/comments?post=1727"}],"version-history":[{"count":5,"href":"https:\/\/wp.ufpel.edu.br\/poiema\/wp-json\/wp\/v2\/pages\/1727\/revisions"}],"predecessor-version":[{"id":3842,"href":"https:\/\/wp.ufpel.edu.br\/poiema\/wp-json\/wp\/v2\/pages\/1727\/revisions\/3842"}],"wp:attachment":[{"href":"https:\/\/wp.ufpel.edu.br\/poiema\/wp-json\/wp\/v2\/media?parent=1727"}],"curies":[{"name":"wp","href":"https:\/\/api.w.org\/{rel}","templated":true}]}}