{"id":1719,"date":"2021-09-29T18:31:02","date_gmt":"2021-09-29T21:31:02","guid":{"rendered":"https:\/\/wp.ufpel.edu.br\/poiema\/?page_id=1719"},"modified":"2022-05-21T02:13:19","modified_gmt":"2022-05-21T05:13:19","slug":"pesquisa-disability-como-categoria-historica","status":"publish","type":"page","link":"https:\/\/wp.ufpel.edu.br\/poiema\/pesquisa-disability-como-categoria-historica\/","title":{"rendered":"Pesquisa: &#8216;Disability&#8217; como categoria hist\u00f3rica"},"content":{"rendered":"<div class=\"ns4p8fja j83agx80 cbu4d94t a6sixzi8 bkfpd7mw d2edcug0 kb5gq1qc nred35xi pcp91wgn dflh9lhu\" role=\"none\">\n<div class=\"pfnyh3mw ciadx1gn mudddibn aovydwv3 j83agx80\">Sua pesquisa atual enfoca a rela\u00e7\u00e3o entre deficientes e n\u00e3o deficientes nos reinos de Arag\u00e3o e Castela e Le\u00e3o nos s\u00e9culos XII e XIII.<\/div>\n<div><\/div>\n<div class=\"pfnyh3mw ciadx1gn mudddibn aovydwv3 j83agx80\">\n<p>Prop\u00f5e a aplica\u00e7\u00e3o da no\u00e7\u00e3o de &#8220;defici\u00eancia&#8221; ao campo dos Estudos Medievais&#8221;.<\/p>\n<p>\u00c1reas de Interesse: Espanha medieval; Hist\u00f3ria Medieval; Hist\u00f3ria Cultural; Hist\u00f3ria Conectada; Juda\u00edsmo medieval; Zoohist\u00f3ria; Disability Studies.<\/p>\n<p>Veja a pesquisa do L\u00e9o como card no Instagram <a href=\"https:\/\/www.instagram.com\/p\/CSuQM8ngAce\/\">aqui<\/a>.<\/p>\n<p>&nbsp;<\/p>\n<\/div>\n<\/div>\n<div><strong>DOUTORANDO L\u00c9O ARA\u00daJO LACERDA<br \/>\n<\/strong>Doutorando em Hist\u00f3ria pelo PPGH da Universidade Federal de Pelotas; bacharelando do curso de Hist\u00f3ria da UFPEL. Mestre e licenciado em Hist\u00f3ria (PPGH-UFPEL); Especialista em Gest\u00e3o Escolar (dire\u00e7\u00e3o, supervis\u00e3o, coordena\u00e7\u00e3o e inspe\u00e7\u00e3o escolar).<\/div>\n<div>Integrante do POIEMA desde 2019.<\/div>\n","protected":false},"excerpt":{"rendered":"<p>Sua pesquisa atual enfoca a rela\u00e7\u00e3o entre deficientes e n\u00e3o deficientes nos reinos de Arag\u00e3o e Castela e Le\u00e3o nos s\u00e9culos XII e XIII. Prop\u00f5e a aplica\u00e7\u00e3o da no\u00e7\u00e3o de &#8220;defici\u00eancia&#8221; ao campo dos Estudos Medievais&#8221;. \u00c1reas de Interesse: Espanha medieval; Hist\u00f3ria Medieval; Hist\u00f3ria Cultural; Hist\u00f3ria Conectada; Juda\u00edsmo medieval; Zoohist\u00f3ria; Disability Studies. Veja a pesquisa &hellip; <\/p>\n<p><a class=\"more-link btn\" href=\"https:\/\/wp.ufpel.edu.br\/poiema\/pesquisa-disability-como-categoria-historica\/\">Continue lendo<\/a><\/p>\n","protected":false},"author":1170,"featured_media":0,"parent":0,"menu_order":0,"comment_status":"closed","ping_status":"closed","template":"","meta":{"footnotes":""},"class_list":["post-1719","page","type-page","status-publish","hentry","nodate","item-wrap"],"yoast_head":"<!-- This site is optimized with the Yoast SEO plugin v26.7 - https:\/\/yoast.com\/wordpress\/plugins\/seo\/ -->\n<title>Pesquisa: &#039;Disability&#039; como categoria hist\u00f3rica - POIEMA<\/title>\n<meta name=\"robots\" content=\"index, follow, max-snippet:-1, max-image-preview:large, max-video-preview:-1\" \/>\n<link rel=\"canonical\" href=\"https:\/\/wp.ufpel.edu.br\/poiema\/pesquisa-disability-como-categoria-historica\/\" \/>\n<meta property=\"og:locale\" content=\"pt_BR\" \/>\n<meta property=\"og:type\" content=\"article\" \/>\n<meta property=\"og:title\" content=\"Pesquisa: &#039;Disability&#039; como categoria hist\u00f3rica - POIEMA\" \/>\n<meta property=\"og:description\" content=\"Sua pesquisa atual enfoca a rela\u00e7\u00e3o entre deficientes e n\u00e3o deficientes nos reinos de Arag\u00e3o e Castela e Le\u00e3o nos s\u00e9culos XII e XIII. Prop\u00f5e a aplica\u00e7\u00e3o da no\u00e7\u00e3o de &#8220;defici\u00eancia&#8221; ao campo dos Estudos Medievais&#8221;. \u00c1reas de Interesse: Espanha medieval; Hist\u00f3ria Medieval; Hist\u00f3ria Cultural; Hist\u00f3ria Conectada; Juda\u00edsmo medieval; Zoohist\u00f3ria; Disability Studies. Veja a pesquisa &hellip; Continue lendo\" \/>\n<meta property=\"og:url\" content=\"https:\/\/wp.ufpel.edu.br\/poiema\/pesquisa-disability-como-categoria-historica\/\" \/>\n<meta property=\"og:site_name\" content=\"POIEMA\" \/>\n<meta property=\"article:modified_time\" content=\"2022-05-21T05:13:19+00:00\" \/>\n<meta name=\"twitter:card\" content=\"summary_large_image\" \/>\n<meta name=\"twitter:label1\" content=\"Est. tempo de leitura\" \/>\n\t<meta name=\"twitter:data1\" content=\"1 minuto\" \/>\n<script type=\"application\/ld+json\" class=\"yoast-schema-graph\">{\"@context\":\"https:\/\/schema.org\",\"@graph\":[{\"@type\":\"WebPage\",\"@id\":\"https:\/\/wp.ufpel.edu.br\/poiema\/pesquisa-disability-como-categoria-historica\/\",\"url\":\"https:\/\/wp.ufpel.edu.br\/poiema\/pesquisa-disability-como-categoria-historica\/\",\"name\":\"Pesquisa: 'Disability' como categoria hist\u00f3rica - POIEMA\",\"isPartOf\":{\"@id\":\"https:\/\/wp.ufpel.edu.br\/poiema\/#website\"},\"datePublished\":\"2021-09-29T21:31:02+00:00\",\"dateModified\":\"2022-05-21T05:13:19+00:00\",\"breadcrumb\":{\"@id\":\"https:\/\/wp.ufpel.edu.br\/poiema\/pesquisa-disability-como-categoria-historica\/#breadcrumb\"},\"inLanguage\":\"pt-BR\",\"potentialAction\":[{\"@type\":\"ReadAction\",\"target\":[\"https:\/\/wp.ufpel.edu.br\/poiema\/pesquisa-disability-como-categoria-historica\/\"]}]},{\"@type\":\"BreadcrumbList\",\"@id\":\"https:\/\/wp.ufpel.edu.br\/poiema\/pesquisa-disability-como-categoria-historica\/#breadcrumb\",\"itemListElement\":[{\"@type\":\"ListItem\",\"position\":1,\"name\":\"In\u00edcio\",\"item\":\"https:\/\/wp.ufpel.edu.br\/poiema\/\"},{\"@type\":\"ListItem\",\"position\":2,\"name\":\"Pesquisa: &#8216;Disability&#8217; como categoria hist\u00f3rica\"}]},{\"@type\":\"WebSite\",\"@id\":\"https:\/\/wp.ufpel.edu.br\/poiema\/#website\",\"url\":\"https:\/\/wp.ufpel.edu.br\/poiema\/\",\"name\":\"POIEMA\",\"description\":\"POIEMA ufpel\",\"potentialAction\":[{\"@type\":\"SearchAction\",\"target\":{\"@type\":\"EntryPoint\",\"urlTemplate\":\"https:\/\/wp.ufpel.edu.br\/poiema\/?s={search_term_string}\"},\"query-input\":{\"@type\":\"PropertyValueSpecification\",\"valueRequired\":true,\"valueName\":\"search_term_string\"}}],\"inLanguage\":\"pt-BR\"}]}<\/script>\n<!-- \/ Yoast SEO plugin. -->","yoast_head_json":{"title":"Pesquisa: 'Disability' como categoria hist\u00f3rica - POIEMA","robots":{"index":"index","follow":"follow","max-snippet":"max-snippet:-1","max-image-preview":"max-image-preview:large","max-video-preview":"max-video-preview:-1"},"canonical":"https:\/\/wp.ufpel.edu.br\/poiema\/pesquisa-disability-como-categoria-historica\/","og_locale":"pt_BR","og_type":"article","og_title":"Pesquisa: 'Disability' como categoria hist\u00f3rica - POIEMA","og_description":"Sua pesquisa atual enfoca a rela\u00e7\u00e3o entre deficientes e n\u00e3o deficientes nos reinos de Arag\u00e3o e Castela e Le\u00e3o nos s\u00e9culos XII e XIII. Prop\u00f5e a aplica\u00e7\u00e3o da no\u00e7\u00e3o de &#8220;defici\u00eancia&#8221; ao campo dos Estudos Medievais&#8221;. \u00c1reas de Interesse: Espanha medieval; Hist\u00f3ria Medieval; Hist\u00f3ria Cultural; Hist\u00f3ria Conectada; Juda\u00edsmo medieval; Zoohist\u00f3ria; Disability Studies. Veja a pesquisa &hellip; Continue lendo","og_url":"https:\/\/wp.ufpel.edu.br\/poiema\/pesquisa-disability-como-categoria-historica\/","og_site_name":"POIEMA","article_modified_time":"2022-05-21T05:13:19+00:00","twitter_card":"summary_large_image","twitter_misc":{"Est. tempo de leitura":"1 minuto"},"schema":{"@context":"https:\/\/schema.org","@graph":[{"@type":"WebPage","@id":"https:\/\/wp.ufpel.edu.br\/poiema\/pesquisa-disability-como-categoria-historica\/","url":"https:\/\/wp.ufpel.edu.br\/poiema\/pesquisa-disability-como-categoria-historica\/","name":"Pesquisa: 'Disability' como categoria hist\u00f3rica - POIEMA","isPartOf":{"@id":"https:\/\/wp.ufpel.edu.br\/poiema\/#website"},"datePublished":"2021-09-29T21:31:02+00:00","dateModified":"2022-05-21T05:13:19+00:00","breadcrumb":{"@id":"https:\/\/wp.ufpel.edu.br\/poiema\/pesquisa-disability-como-categoria-historica\/#breadcrumb"},"inLanguage":"pt-BR","potentialAction":[{"@type":"ReadAction","target":["https:\/\/wp.ufpel.edu.br\/poiema\/pesquisa-disability-como-categoria-historica\/"]}]},{"@type":"BreadcrumbList","@id":"https:\/\/wp.ufpel.edu.br\/poiema\/pesquisa-disability-como-categoria-historica\/#breadcrumb","itemListElement":[{"@type":"ListItem","position":1,"name":"In\u00edcio","item":"https:\/\/wp.ufpel.edu.br\/poiema\/"},{"@type":"ListItem","position":2,"name":"Pesquisa: &#8216;Disability&#8217; como categoria hist\u00f3rica"}]},{"@type":"WebSite","@id":"https:\/\/wp.ufpel.edu.br\/poiema\/#website","url":"https:\/\/wp.ufpel.edu.br\/poiema\/","name":"POIEMA","description":"POIEMA ufpel","potentialAction":[{"@type":"SearchAction","target":{"@type":"EntryPoint","urlTemplate":"https:\/\/wp.ufpel.edu.br\/poiema\/?s={search_term_string}"},"query-input":{"@type":"PropertyValueSpecification","valueRequired":true,"valueName":"search_term_string"}}],"inLanguage":"pt-BR"}]}},"jetpack_sharing_enabled":true,"_links":{"self":[{"href":"https:\/\/wp.ufpel.edu.br\/poiema\/wp-json\/wp\/v2\/pages\/1719","targetHints":{"allow":["GET"]}}],"collection":[{"href":"https:\/\/wp.ufpel.edu.br\/poiema\/wp-json\/wp\/v2\/pages"}],"about":[{"href":"https:\/\/wp.ufpel.edu.br\/poiema\/wp-json\/wp\/v2\/types\/page"}],"author":[{"embeddable":true,"href":"https:\/\/wp.ufpel.edu.br\/poiema\/wp-json\/wp\/v2\/users\/1170"}],"replies":[{"embeddable":true,"href":"https:\/\/wp.ufpel.edu.br\/poiema\/wp-json\/wp\/v2\/comments?post=1719"}],"version-history":[{"count":7,"href":"https:\/\/wp.ufpel.edu.br\/poiema\/wp-json\/wp\/v2\/pages\/1719\/revisions"}],"predecessor-version":[{"id":4018,"href":"https:\/\/wp.ufpel.edu.br\/poiema\/wp-json\/wp\/v2\/pages\/1719\/revisions\/4018"}],"wp:attachment":[{"href":"https:\/\/wp.ufpel.edu.br\/poiema\/wp-json\/wp\/v2\/media?parent=1719"}],"curies":[{"name":"wp","href":"https:\/\/api.w.org\/{rel}","templated":true}]}}