{"id":171,"date":"2021-08-17T16:00:58","date_gmt":"2021-08-17T19:00:58","guid":{"rendered":"https:\/\/wp.ufpel.edu.br\/poiema\/?page_id=171"},"modified":"2023-10-10T15:49:44","modified_gmt":"2023-10-10T18:49:44","slug":"links-uteis","status":"publish","type":"page","link":"https:\/\/wp.ufpel.edu.br\/poiema\/links-uteis\/","title":{"rendered":"Links \u00dateis"},"content":{"rendered":"<h4>UFPel<\/h4>\n<p><a href=\"https:\/\/wp.ufpel.edu.br\/historia\/departamento-de-historia\/\">Departamento de Hist\u00f3ria &#8211; UFPel<\/a><br \/>\n<a href=\"https:\/\/wp.ufpel.edu.br\/PPGH\/\">Programa de P\u00f3s-Gradua\u00e7\u00e3o em Hist\u00f3ria &#8211; UFPel<\/a><\/p>\n<h4>Medieval<\/h4>\n<p><a href=\"https:\/\/www.ufrgs.br\/gtestudosmedievais\/\">GT de Hist\u00f3ria Medieval RS<\/a><br \/>\nABREM<\/p>\n<h4>Revistas<\/h4>\n<p><a href=\"https:\/\/periodicos.unipampa.edu.br\/index.php\/Aletheia\/index\">Revista Al\u00e9theia<\/a><br \/>\n<a href=\"https:\/\/www.revistarodadafortuna.com\/\" target=\"_blank\" rel=\"noopener\">Roda da Fortuna<\/a><br \/>\n<a href=\"http:\/\/www.abrem.org.br\/revistas\/index.php\/signum\" target=\"_blank\" rel=\"noopener\">Signum<\/a><\/p>\n<h4>Livros<\/h4>\n<p><a href=\"https:\/\/www.casaletras.com\/_files\/ugd\/4a0b98_23806a402b1d4b80a7f5882065344c04.pdf\">Por Tr\u00e1s da Capa e da Espada: O neomedievalismo em Pr\u00edncipe Valente, de Hal Foster<\/a><br \/>\n<a href=\"https:\/\/drive.google.com\/file\/d\/1u90QbBa34iedo3FSiIl0ia9SSj1ffw1w\/view\">A Hist\u00f3ria Medieval entre a forma\u00e7\u00e3o de professores e o ensino na educa\u00e7\u00e3o b\u00e1sica no s\u00e9culo XXI<\/a><br \/>\n<a href=\"https:\/\/www.acervuseditora.com.br\/almanaque-de-estudos-historia-e-midias\">Almanaque de Estudos sobre Hist\u00f3ria e M\u00eddia<\/a><br \/>\n<a href=\"https:\/\/m.eduff.com.br\/produto\/historia-medieval-fontes-e-analises-e-book-pdf-693\">Hist\u00f3ria Medieval: Fontes e an\u00e1lises<\/a><br \/>\n<a href=\"https:\/\/editora.ufpe.br\/books\/catalog\/book\/828\">Para Al\u00e9m do Ocidente Crist\u00e3o: outras Idades M\u00e9dias?<\/a><br \/>\n<a href=\"https:\/\/editora.ufpe.br\/books\/catalog\/book\/864\">Dossi\u00eas da Idade M\u00e9dia: Arquivos documentais e atividades did\u00e1ticas para o ensino de hist\u00f3ria medieval<\/a><\/p>\n","protected":false},"excerpt":{"rendered":"<p>UFPel Departamento de Hist\u00f3ria &#8211; UFPel Programa de P\u00f3s-Gradua\u00e7\u00e3o em Hist\u00f3ria &#8211; UFPel Medieval GT de Hist\u00f3ria Medieval RS ABREM Revistas Revista Al\u00e9theia Roda da Fortuna Signum Livros Por Tr\u00e1s da Capa e da Espada: O neomedievalismo em Pr\u00edncipe Valente, de Hal Foster A Hist\u00f3ria Medieval entre a forma\u00e7\u00e3o de professores e o ensino na &hellip; <\/p>\n<p><a class=\"more-link btn\" href=\"https:\/\/wp.ufpel.edu.br\/poiema\/links-uteis\/\">Continue lendo<\/a><\/p>\n","protected":false},"author":1170,"featured_media":0,"parent":0,"menu_order":0,"comment_status":"closed","ping_status":"closed","template":"","meta":{"footnotes":""},"class_list":["post-171","page","type-page","status-publish","hentry","nodate","item-wrap"],"yoast_head":"<!-- This site is optimized with the Yoast SEO plugin v26.7 - https:\/\/yoast.com\/wordpress\/plugins\/seo\/ -->\n<title>Links \u00dateis<\/title>\n<meta name=\"description\" content=\"Links \u00dateis sobre o mundo medieval que podem te auxiliar.\" \/>\n<meta name=\"robots\" content=\"index, follow, max-snippet:-1, max-image-preview:large, max-video-preview:-1\" \/>\n<link rel=\"canonical\" href=\"https:\/\/wp.ufpel.edu.br\/poiema\/links-uteis\/\" \/>\n<meta property=\"og:locale\" content=\"pt_BR\" \/>\n<meta property=\"og:type\" content=\"article\" \/>\n<meta property=\"og:title\" content=\"Links \u00dateis\" \/>\n<meta property=\"og:description\" content=\"Links \u00dateis sobre o mundo medieval que podem te auxiliar.\" \/>\n<meta property=\"og:url\" content=\"https:\/\/wp.ufpel.edu.br\/poiema\/links-uteis\/\" \/>\n<meta property=\"og:site_name\" content=\"POIEMA\" \/>\n<meta property=\"article:modified_time\" content=\"2023-10-10T18:49:44+00:00\" \/>\n<meta name=\"twitter:card\" content=\"summary_large_image\" \/>\n<meta name=\"twitter:label1\" content=\"Est. tempo de leitura\" \/>\n\t<meta name=\"twitter:data1\" content=\"1 minuto\" \/>\n<script type=\"application\/ld+json\" class=\"yoast-schema-graph\">{\"@context\":\"https:\/\/schema.org\",\"@graph\":[{\"@type\":\"WebPage\",\"@id\":\"https:\/\/wp.ufpel.edu.br\/poiema\/links-uteis\/\",\"url\":\"https:\/\/wp.ufpel.edu.br\/poiema\/links-uteis\/\",\"name\":\"Links \u00dateis\",\"isPartOf\":{\"@id\":\"https:\/\/wp.ufpel.edu.br\/poiema\/#website\"},\"datePublished\":\"2021-08-17T19:00:58+00:00\",\"dateModified\":\"2023-10-10T18:49:44+00:00\",\"description\":\"Links \u00dateis sobre o mundo medieval que podem te auxiliar.\",\"breadcrumb\":{\"@id\":\"https:\/\/wp.ufpel.edu.br\/poiema\/links-uteis\/#breadcrumb\"},\"inLanguage\":\"pt-BR\",\"potentialAction\":[{\"@type\":\"ReadAction\",\"target\":[\"https:\/\/wp.ufpel.edu.br\/poiema\/links-uteis\/\"]}]},{\"@type\":\"BreadcrumbList\",\"@id\":\"https:\/\/wp.ufpel.edu.br\/poiema\/links-uteis\/#breadcrumb\",\"itemListElement\":[{\"@type\":\"ListItem\",\"position\":1,\"name\":\"In\u00edcio\",\"item\":\"https:\/\/wp.ufpel.edu.br\/poiema\/\"},{\"@type\":\"ListItem\",\"position\":2,\"name\":\"Links \u00dateis\"}]},{\"@type\":\"WebSite\",\"@id\":\"https:\/\/wp.ufpel.edu.br\/poiema\/#website\",\"url\":\"https:\/\/wp.ufpel.edu.br\/poiema\/\",\"name\":\"POIEMA\",\"description\":\"POIEMA UFPel\",\"potentialAction\":[{\"@type\":\"SearchAction\",\"target\":{\"@type\":\"EntryPoint\",\"urlTemplate\":\"https:\/\/wp.ufpel.edu.br\/poiema\/?s={search_term_string}\"},\"query-input\":{\"@type\":\"PropertyValueSpecification\",\"valueRequired\":true,\"valueName\":\"search_term_string\"}}],\"inLanguage\":\"pt-BR\"}]}<\/script>\n<!-- \/ Yoast SEO plugin. -->","yoast_head_json":{"title":"Links \u00dateis","description":"Links \u00dateis sobre o mundo medieval que podem te auxiliar.","robots":{"index":"index","follow":"follow","max-snippet":"max-snippet:-1","max-image-preview":"max-image-preview:large","max-video-preview":"max-video-preview:-1"},"canonical":"https:\/\/wp.ufpel.edu.br\/poiema\/links-uteis\/","og_locale":"pt_BR","og_type":"article","og_title":"Links \u00dateis","og_description":"Links \u00dateis sobre o mundo medieval que podem te auxiliar.","og_url":"https:\/\/wp.ufpel.edu.br\/poiema\/links-uteis\/","og_site_name":"POIEMA","article_modified_time":"2023-10-10T18:49:44+00:00","twitter_card":"summary_large_image","twitter_misc":{"Est. tempo de leitura":"1 minuto"},"schema":{"@context":"https:\/\/schema.org","@graph":[{"@type":"WebPage","@id":"https:\/\/wp.ufpel.edu.br\/poiema\/links-uteis\/","url":"https:\/\/wp.ufpel.edu.br\/poiema\/links-uteis\/","name":"Links \u00dateis","isPartOf":{"@id":"https:\/\/wp.ufpel.edu.br\/poiema\/#website"},"datePublished":"2021-08-17T19:00:58+00:00","dateModified":"2023-10-10T18:49:44+00:00","description":"Links \u00dateis sobre o mundo medieval que podem te auxiliar.","breadcrumb":{"@id":"https:\/\/wp.ufpel.edu.br\/poiema\/links-uteis\/#breadcrumb"},"inLanguage":"pt-BR","potentialAction":[{"@type":"ReadAction","target":["https:\/\/wp.ufpel.edu.br\/poiema\/links-uteis\/"]}]},{"@type":"BreadcrumbList","@id":"https:\/\/wp.ufpel.edu.br\/poiema\/links-uteis\/#breadcrumb","itemListElement":[{"@type":"ListItem","position":1,"name":"In\u00edcio","item":"https:\/\/wp.ufpel.edu.br\/poiema\/"},{"@type":"ListItem","position":2,"name":"Links \u00dateis"}]},{"@type":"WebSite","@id":"https:\/\/wp.ufpel.edu.br\/poiema\/#website","url":"https:\/\/wp.ufpel.edu.br\/poiema\/","name":"POIEMA","description":"POIEMA UFPel","potentialAction":[{"@type":"SearchAction","target":{"@type":"EntryPoint","urlTemplate":"https:\/\/wp.ufpel.edu.br\/poiema\/?s={search_term_string}"},"query-input":{"@type":"PropertyValueSpecification","valueRequired":true,"valueName":"search_term_string"}}],"inLanguage":"pt-BR"}]}},"jetpack_sharing_enabled":true,"_links":{"self":[{"href":"https:\/\/wp.ufpel.edu.br\/poiema\/wp-json\/wp\/v2\/pages\/171","targetHints":{"allow":["GET"]}}],"collection":[{"href":"https:\/\/wp.ufpel.edu.br\/poiema\/wp-json\/wp\/v2\/pages"}],"about":[{"href":"https:\/\/wp.ufpel.edu.br\/poiema\/wp-json\/wp\/v2\/types\/page"}],"author":[{"embeddable":true,"href":"https:\/\/wp.ufpel.edu.br\/poiema\/wp-json\/wp\/v2\/users\/1170"}],"replies":[{"embeddable":true,"href":"https:\/\/wp.ufpel.edu.br\/poiema\/wp-json\/wp\/v2\/comments?post=171"}],"version-history":[{"count":14,"href":"https:\/\/wp.ufpel.edu.br\/poiema\/wp-json\/wp\/v2\/pages\/171\/revisions"}],"predecessor-version":[{"id":7108,"href":"https:\/\/wp.ufpel.edu.br\/poiema\/wp-json\/wp\/v2\/pages\/171\/revisions\/7108"}],"wp:attachment":[{"href":"https:\/\/wp.ufpel.edu.br\/poiema\/wp-json\/wp\/v2\/media?parent=171"}],"curies":[{"name":"wp","href":"https:\/\/api.w.org\/{rel}","templated":true}]}}