{"id":1693,"date":"2021-09-28T16:28:02","date_gmt":"2021-09-28T19:28:02","guid":{"rendered":"https:\/\/wp.ufpel.edu.br\/poiema\/?page_id=1693"},"modified":"2022-04-15T21:26:02","modified_gmt":"2022-04-16T00:26:02","slug":"apresentacao-cultura-pop-japonesa","status":"publish","type":"page","link":"https:\/\/wp.ufpel.edu.br\/poiema\/apresentacao-cultura-pop-japonesa\/","title":{"rendered":"Pesquisa: Cultura Pop Japonesa"},"content":{"rendered":"<p>Meu interesse pela tem\u00e1tica n\u00e3o surgiu dentro do ambiente acad\u00eamico, pois desde a inf\u00e2ncia sou um \u00e1vido consumidor de obras da <em>cultura pop<\/em> japonesa, como mang\u00e1s, animes e jogos eletr\u00f4nicos. Por\u00e9m, ao adentrar no curso de Hist\u00f3ria, decidi pesquisar estas obras; primeiro no mestrado, ao pesquisar os samurais e suas representa\u00e7\u00f5es no mang\u00e1 <em>Vagabond,<\/em>de Takehiko Inoue, e posteriormente no doutorado.<\/p>\n<p>Al\u00e9m do meu interesse como f\u00e3, os estudos japoneses s\u00e3o um espa\u00e7o ainda em constru\u00e7\u00e3o no mundo acad\u00eamico brasileiro, portanto, \u00e9 um campo de pesquisa muito receptivo a novas empreitadas. Juntamente a este fator, ainda persistem muitos estere\u00f3tipos acerca do Jap\u00e3o.<\/p>\n<p>Um deles \u00e9 o enfoque da minha pesquisa no doutorado, sendo ele o do Jap\u00e3o como v\u00edtima da Guerra do Pac\u00edfico (1931-1945), o que n\u00e3o \u00e9 um fato; visto que o imp\u00e9rio japon\u00eas cometeu diversas atrocidades durante o confronto.<\/p>\n<p>Somado ao passado perpetrador, o governo japon\u00eas, atualmente, defende uma (re)militariza\u00e7\u00e3o do pa\u00eds, o que gera grandes tens\u00f5es com os pa\u00edses vizinhos.<\/p>\n<p>Na minha pesquisa utilizo diversos conceitos, como os de mem\u00f3ria, trauma cultural e m\u00eddia; por\u00e9m todos, de alguma forma, est\u00e3o atrelados ao &#8220;guarda-chuva&#8221; do imagin\u00e1rio. A imagina\u00e7\u00e3o \u00e9 o elemento central, pois \u00e9 por interm\u00e9dio dela que podemos averiguar como, atrav\u00e9s de obras de fic\u00e7\u00e3o, o Jap\u00e3o enfrenta seus traumas.<\/p>\n<p>Analisar animes, mang\u00e1s e jogos eletr\u00f4nicos \u00e9 essencial para compreender estas din\u00e2micas de narrativas traum\u00e1ticas do Jap\u00e3o. Por exemplo, vemos muitas obras que endossam a vis\u00e3o do pa\u00eds nip\u00f4nico como v\u00edtima e poucas que realizam uma autocr\u00edtica quanto ao passado militarista.<\/p>\n<p>A partir disto, minha pesquisa se prop\u00f5e a analisar o anime <em>Space Battleship Yamato 2199<\/em>, sua sequ\u00eancia, <em>2202<\/em>, e o mang\u00e1 <em>Shingeki no Kyojin, <\/em>visando compreender como estas narrativas imaginam a guerra e como se posicionam perante ela.<\/p>\n<p>Veja a pesquisa do Lucas como card no Instagram <a href=\"https:\/\/www.instagram.com\/p\/CAQpPyNAs4A\/\" target=\"_blank\" rel=\"noopener\">aqui.<\/a><\/p>\n<p><strong>DOUTORANDO LUCAS MARQUES VILHENA MOTTA<br \/>\n<\/strong>Doutorando em Hist\u00f3ria pelo PPGH da UFPel; Mestre em Hist\u00f3ria pelo PPGH da UFPel; Bacharel em Hist\u00f3ria pela Universidade Federal de Rio Grande- FURG.<br \/>\nIntegrante do POIEMA desde 2019.<\/p>\n","protected":false},"excerpt":{"rendered":"<p>Meu interesse pela tem\u00e1tica n\u00e3o surgiu dentro do ambiente acad\u00eamico, pois desde a inf\u00e2ncia sou um \u00e1vido consumidor de obras da cultura pop japonesa, como mang\u00e1s, animes e jogos eletr\u00f4nicos. Por\u00e9m, ao adentrar no curso de Hist\u00f3ria, decidi pesquisar estas obras; primeiro no mestrado, ao pesquisar os samurais e suas representa\u00e7\u00f5es no mang\u00e1 Vagabond,de Takehiko &hellip; <\/p>\n<p><a class=\"more-link btn\" href=\"https:\/\/wp.ufpel.edu.br\/poiema\/apresentacao-cultura-pop-japonesa\/\">Continue lendo<\/a><\/p>\n","protected":false},"author":1170,"featured_media":0,"parent":0,"menu_order":0,"comment_status":"closed","ping_status":"closed","template":"","meta":{"footnotes":""},"class_list":["post-1693","page","type-page","status-publish","hentry","nodate","item-wrap"],"yoast_head":"<!-- This site is optimized with the Yoast SEO plugin v26.7 - https:\/\/yoast.com\/wordpress\/plugins\/seo\/ -->\n<title>Pesquisa: Cultura Pop Japonesa - POIEMA<\/title>\n<meta name=\"robots\" content=\"index, follow, max-snippet:-1, max-image-preview:large, max-video-preview:-1\" \/>\n<link rel=\"canonical\" href=\"https:\/\/wp.ufpel.edu.br\/poiema\/apresentacao-cultura-pop-japonesa\/\" \/>\n<meta property=\"og:locale\" content=\"pt_BR\" \/>\n<meta property=\"og:type\" content=\"article\" \/>\n<meta property=\"og:title\" content=\"Pesquisa: Cultura Pop Japonesa - POIEMA\" \/>\n<meta property=\"og:description\" content=\"Meu interesse pela tem\u00e1tica n\u00e3o surgiu dentro do ambiente acad\u00eamico, pois desde a inf\u00e2ncia sou um \u00e1vido consumidor de obras da cultura pop japonesa, como mang\u00e1s, animes e jogos eletr\u00f4nicos. Por\u00e9m, ao adentrar no curso de Hist\u00f3ria, decidi pesquisar estas obras; primeiro no mestrado, ao pesquisar os samurais e suas representa\u00e7\u00f5es no mang\u00e1 Vagabond,de Takehiko &hellip; Continue lendo\" \/>\n<meta property=\"og:url\" content=\"https:\/\/wp.ufpel.edu.br\/poiema\/apresentacao-cultura-pop-japonesa\/\" \/>\n<meta property=\"og:site_name\" content=\"POIEMA\" \/>\n<meta property=\"article:modified_time\" content=\"2022-04-16T00:26:02+00:00\" \/>\n<meta name=\"twitter:card\" content=\"summary_large_image\" \/>\n<meta name=\"twitter:label1\" content=\"Est. tempo de leitura\" \/>\n\t<meta name=\"twitter:data1\" content=\"2 minutos\" \/>\n<script type=\"application\/ld+json\" class=\"yoast-schema-graph\">{\"@context\":\"https:\/\/schema.org\",\"@graph\":[{\"@type\":\"WebPage\",\"@id\":\"https:\/\/wp.ufpel.edu.br\/poiema\/apresentacao-cultura-pop-japonesa\/\",\"url\":\"https:\/\/wp.ufpel.edu.br\/poiema\/apresentacao-cultura-pop-japonesa\/\",\"name\":\"Pesquisa: Cultura Pop Japonesa - POIEMA\",\"isPartOf\":{\"@id\":\"https:\/\/wp.ufpel.edu.br\/poiema\/#website\"},\"datePublished\":\"2021-09-28T19:28:02+00:00\",\"dateModified\":\"2022-04-16T00:26:02+00:00\",\"breadcrumb\":{\"@id\":\"https:\/\/wp.ufpel.edu.br\/poiema\/apresentacao-cultura-pop-japonesa\/#breadcrumb\"},\"inLanguage\":\"pt-BR\",\"potentialAction\":[{\"@type\":\"ReadAction\",\"target\":[\"https:\/\/wp.ufpel.edu.br\/poiema\/apresentacao-cultura-pop-japonesa\/\"]}]},{\"@type\":\"BreadcrumbList\",\"@id\":\"https:\/\/wp.ufpel.edu.br\/poiema\/apresentacao-cultura-pop-japonesa\/#breadcrumb\",\"itemListElement\":[{\"@type\":\"ListItem\",\"position\":1,\"name\":\"In\u00edcio\",\"item\":\"https:\/\/wp.ufpel.edu.br\/poiema\/\"},{\"@type\":\"ListItem\",\"position\":2,\"name\":\"Pesquisa: Cultura Pop Japonesa\"}]},{\"@type\":\"WebSite\",\"@id\":\"https:\/\/wp.ufpel.edu.br\/poiema\/#website\",\"url\":\"https:\/\/wp.ufpel.edu.br\/poiema\/\",\"name\":\"POIEMA\",\"description\":\"POIEMA ufpel\",\"potentialAction\":[{\"@type\":\"SearchAction\",\"target\":{\"@type\":\"EntryPoint\",\"urlTemplate\":\"https:\/\/wp.ufpel.edu.br\/poiema\/?s={search_term_string}\"},\"query-input\":{\"@type\":\"PropertyValueSpecification\",\"valueRequired\":true,\"valueName\":\"search_term_string\"}}],\"inLanguage\":\"pt-BR\"}]}<\/script>\n<!-- \/ Yoast SEO plugin. -->","yoast_head_json":{"title":"Pesquisa: Cultura Pop Japonesa - POIEMA","robots":{"index":"index","follow":"follow","max-snippet":"max-snippet:-1","max-image-preview":"max-image-preview:large","max-video-preview":"max-video-preview:-1"},"canonical":"https:\/\/wp.ufpel.edu.br\/poiema\/apresentacao-cultura-pop-japonesa\/","og_locale":"pt_BR","og_type":"article","og_title":"Pesquisa: Cultura Pop Japonesa - POIEMA","og_description":"Meu interesse pela tem\u00e1tica n\u00e3o surgiu dentro do ambiente acad\u00eamico, pois desde a inf\u00e2ncia sou um \u00e1vido consumidor de obras da cultura pop japonesa, como mang\u00e1s, animes e jogos eletr\u00f4nicos. Por\u00e9m, ao adentrar no curso de Hist\u00f3ria, decidi pesquisar estas obras; primeiro no mestrado, ao pesquisar os samurais e suas representa\u00e7\u00f5es no mang\u00e1 Vagabond,de Takehiko &hellip; Continue lendo","og_url":"https:\/\/wp.ufpel.edu.br\/poiema\/apresentacao-cultura-pop-japonesa\/","og_site_name":"POIEMA","article_modified_time":"2022-04-16T00:26:02+00:00","twitter_card":"summary_large_image","twitter_misc":{"Est. tempo de leitura":"2 minutos"},"schema":{"@context":"https:\/\/schema.org","@graph":[{"@type":"WebPage","@id":"https:\/\/wp.ufpel.edu.br\/poiema\/apresentacao-cultura-pop-japonesa\/","url":"https:\/\/wp.ufpel.edu.br\/poiema\/apresentacao-cultura-pop-japonesa\/","name":"Pesquisa: Cultura Pop Japonesa - POIEMA","isPartOf":{"@id":"https:\/\/wp.ufpel.edu.br\/poiema\/#website"},"datePublished":"2021-09-28T19:28:02+00:00","dateModified":"2022-04-16T00:26:02+00:00","breadcrumb":{"@id":"https:\/\/wp.ufpel.edu.br\/poiema\/apresentacao-cultura-pop-japonesa\/#breadcrumb"},"inLanguage":"pt-BR","potentialAction":[{"@type":"ReadAction","target":["https:\/\/wp.ufpel.edu.br\/poiema\/apresentacao-cultura-pop-japonesa\/"]}]},{"@type":"BreadcrumbList","@id":"https:\/\/wp.ufpel.edu.br\/poiema\/apresentacao-cultura-pop-japonesa\/#breadcrumb","itemListElement":[{"@type":"ListItem","position":1,"name":"In\u00edcio","item":"https:\/\/wp.ufpel.edu.br\/poiema\/"},{"@type":"ListItem","position":2,"name":"Pesquisa: Cultura Pop Japonesa"}]},{"@type":"WebSite","@id":"https:\/\/wp.ufpel.edu.br\/poiema\/#website","url":"https:\/\/wp.ufpel.edu.br\/poiema\/","name":"POIEMA","description":"POIEMA ufpel","potentialAction":[{"@type":"SearchAction","target":{"@type":"EntryPoint","urlTemplate":"https:\/\/wp.ufpel.edu.br\/poiema\/?s={search_term_string}"},"query-input":{"@type":"PropertyValueSpecification","valueRequired":true,"valueName":"search_term_string"}}],"inLanguage":"pt-BR"}]}},"jetpack_sharing_enabled":true,"_links":{"self":[{"href":"https:\/\/wp.ufpel.edu.br\/poiema\/wp-json\/wp\/v2\/pages\/1693","targetHints":{"allow":["GET"]}}],"collection":[{"href":"https:\/\/wp.ufpel.edu.br\/poiema\/wp-json\/wp\/v2\/pages"}],"about":[{"href":"https:\/\/wp.ufpel.edu.br\/poiema\/wp-json\/wp\/v2\/types\/page"}],"author":[{"embeddable":true,"href":"https:\/\/wp.ufpel.edu.br\/poiema\/wp-json\/wp\/v2\/users\/1170"}],"replies":[{"embeddable":true,"href":"https:\/\/wp.ufpel.edu.br\/poiema\/wp-json\/wp\/v2\/comments?post=1693"}],"version-history":[{"count":5,"href":"https:\/\/wp.ufpel.edu.br\/poiema\/wp-json\/wp\/v2\/pages\/1693\/revisions"}],"predecessor-version":[{"id":3837,"href":"https:\/\/wp.ufpel.edu.br\/poiema\/wp-json\/wp\/v2\/pages\/1693\/revisions\/3837"}],"wp:attachment":[{"href":"https:\/\/wp.ufpel.edu.br\/poiema\/wp-json\/wp\/v2\/media?parent=1693"}],"curies":[{"name":"wp","href":"https:\/\/api.w.org\/{rel}","templated":true}]}}