{"id":1682,"date":"2021-09-27T15:27:32","date_gmt":"2021-09-27T18:27:32","guid":{"rendered":"https:\/\/wp.ufpel.edu.br\/poiema\/?page_id=1682"},"modified":"2022-04-15T21:26:16","modified_gmt":"2022-04-16T00:26:16","slug":"apresentacao-akira","status":"publish","type":"page","link":"https:\/\/wp.ufpel.edu.br\/poiema\/apresentacao-akira\/","title":{"rendered":"Pesquisa: Akira"},"content":{"rendered":"<p>Minha pesquisa nasceu da vontade de trabalhar com algo que gosto de maneira cr\u00edtica. Por consumir muito anime\/mang\u00e1 e interagir com outras pessoas que compartilham do mesmo gosto, percebi o quanto esses produtos culturais v\u00eam sendo apropriados de maneira irrefletida pelos f\u00e3s, os quais desenvolveram uma vis\u00e3o idealizada sobre o Jap\u00e3o. Dessa forma, empreender trabalhos sem o verniz da glamouriza\u00e7\u00e3o torna-se uma tarefa indispens\u00e1vel \u2014 ainda mais quando falamos do Brasil, onde a cultura pop japonesa tem sido consumida mais do que nunca.<\/p>\n<p>Dirigido e roteirizado por Katsuhiro Otomo, <em>Akira<\/em> (1988) \u00e9 um filme que estreou num momento hist\u00f3rico de paradigmas. Internacionalmente a Guerra Fria conhecia seu esfacelamento; enquanto no Jap\u00e3o as novas configura\u00e7\u00f5es pol\u00edticas permitiram que o nacionalismo ganhasse espa\u00e7o e as mem\u00f3rias de guerra viessem \u00e0 tona. Isso tudo converge para o momento que Akira estreou. Afetado pela mudan\u00e7a global e local, o filme explora de modo significativo esse contexto. O exemplo mais expressivo, nesse sentido, pode ser encontrado na primeira cena da anima\u00e7\u00e3o. Nele, observamos a cidade de T\u00f3quio ser aniquilada por uma for\u00e7a que objetivamente \u00e9 uma met\u00e1fora para as bombas nucleares que destru\u00edram Hiroshima e Nagasaki.<\/p>\n<p>Na minha pesquisa trabalho com dois conceitos, o de mem\u00f3ria e o de identidade nacional. Eles s\u00e3o valiosos na medida em que compreendemos que o Jap\u00e3o buscou alcan\u00e7ar a modernidade via o progresso econ\u00f4mico no p\u00f3s-guerra. Nessa no\u00e7\u00e3o de progresso, o pa\u00eds tentou seguir em frente deixando o passado de lado, o que provocou o esquecimento das mem\u00f3rias de guerra. O resultado disso repercutiu diretamente na identidade japonesa, pois os valores culturais inculcados para se alcan\u00e7ar o progresso, juntamente com o esquecimento, afetaram o pr\u00f3prio sentido do \u201cser japon\u00eas\u201d. Isso tudo torna o momento que <em>Akira<\/em> estreou ainda mais emblem\u00e1tico, pois com o fim da guerra fria e com a estagna\u00e7\u00e3o da economia japonesa, as mem\u00f3rias de guerra emergiram e o senso de identidade nacional japon\u00eas precisou ser refor\u00e7ado. Nesse sentido, n\u00e3o apenas as v\u00edtimas procuraram por repara\u00e7\u00e3o, como tamb\u00e9m os perpetradores promoveram o revisionismo hist\u00f3rico.<\/p>\n<p>&nbsp;<\/p>\n<p>Veja outros trabalhos da Lu como card no Instagram <a href=\"https:\/\/www.instagram.com\/p\/CAF8t26APo9\/\" target=\"_blank\" rel=\"noopener\">aqui.<\/a><\/p>\n<p><strong>MESTRANDA LUCIANA DE \u00c1VILA FREITAS<br \/>\n<\/strong>Mestranda em Hist\u00f3ria do PPGH da UFPel; Licenciada em Hist\u00f3ria pela Universidade Federal de Pelotas (UFPel).<br \/>\nIntegrante do\u00a0\u00a0Poiema desde 2020.<\/p>\n<p>&nbsp;<\/p>\n","protected":false},"excerpt":{"rendered":"<p>Minha pesquisa nasceu da vontade de trabalhar com algo que gosto de maneira cr\u00edtica. Por consumir muito anime\/mang\u00e1 e interagir com outras pessoas que compartilham do mesmo gosto, percebi o quanto esses produtos culturais v\u00eam sendo apropriados de maneira irrefletida pelos f\u00e3s, os quais desenvolveram uma vis\u00e3o idealizada sobre o Jap\u00e3o. Dessa forma, empreender trabalhos &hellip; <\/p>\n<p><a class=\"more-link btn\" href=\"https:\/\/wp.ufpel.edu.br\/poiema\/apresentacao-akira\/\">Continue lendo<\/a><\/p>\n","protected":false},"author":1170,"featured_media":0,"parent":0,"menu_order":0,"comment_status":"closed","ping_status":"closed","template":"","meta":{"footnotes":""},"class_list":["post-1682","page","type-page","status-publish","hentry","nodate","item-wrap"],"yoast_head":"<!-- This site is optimized with the Yoast SEO plugin v26.7 - https:\/\/yoast.com\/wordpress\/plugins\/seo\/ -->\n<title>Pesquisa: Akira - POIEMA<\/title>\n<meta name=\"robots\" content=\"index, follow, max-snippet:-1, max-image-preview:large, max-video-preview:-1\" \/>\n<link rel=\"canonical\" href=\"https:\/\/wp.ufpel.edu.br\/poiema\/apresentacao-akira\/\" \/>\n<meta property=\"og:locale\" content=\"pt_BR\" \/>\n<meta property=\"og:type\" content=\"article\" \/>\n<meta property=\"og:title\" content=\"Pesquisa: Akira - POIEMA\" \/>\n<meta property=\"og:description\" content=\"Minha pesquisa nasceu da vontade de trabalhar com algo que gosto de maneira cr\u00edtica. Por consumir muito anime\/mang\u00e1 e interagir com outras pessoas que compartilham do mesmo gosto, percebi o quanto esses produtos culturais v\u00eam sendo apropriados de maneira irrefletida pelos f\u00e3s, os quais desenvolveram uma vis\u00e3o idealizada sobre o Jap\u00e3o. Dessa forma, empreender trabalhos &hellip; Continue lendo\" \/>\n<meta property=\"og:url\" content=\"https:\/\/wp.ufpel.edu.br\/poiema\/apresentacao-akira\/\" \/>\n<meta property=\"og:site_name\" content=\"POIEMA\" \/>\n<meta property=\"article:modified_time\" content=\"2022-04-16T00:26:16+00:00\" \/>\n<meta name=\"twitter:card\" content=\"summary_large_image\" \/>\n<meta name=\"twitter:label1\" content=\"Est. tempo de leitura\" \/>\n\t<meta name=\"twitter:data1\" content=\"3 minutos\" \/>\n<script type=\"application\/ld+json\" class=\"yoast-schema-graph\">{\"@context\":\"https:\/\/schema.org\",\"@graph\":[{\"@type\":\"WebPage\",\"@id\":\"https:\/\/wp.ufpel.edu.br\/poiema\/apresentacao-akira\/\",\"url\":\"https:\/\/wp.ufpel.edu.br\/poiema\/apresentacao-akira\/\",\"name\":\"Pesquisa: Akira - POIEMA\",\"isPartOf\":{\"@id\":\"https:\/\/wp.ufpel.edu.br\/poiema\/#website\"},\"datePublished\":\"2021-09-27T18:27:32+00:00\",\"dateModified\":\"2022-04-16T00:26:16+00:00\",\"breadcrumb\":{\"@id\":\"https:\/\/wp.ufpel.edu.br\/poiema\/apresentacao-akira\/#breadcrumb\"},\"inLanguage\":\"pt-BR\",\"potentialAction\":[{\"@type\":\"ReadAction\",\"target\":[\"https:\/\/wp.ufpel.edu.br\/poiema\/apresentacao-akira\/\"]}]},{\"@type\":\"BreadcrumbList\",\"@id\":\"https:\/\/wp.ufpel.edu.br\/poiema\/apresentacao-akira\/#breadcrumb\",\"itemListElement\":[{\"@type\":\"ListItem\",\"position\":1,\"name\":\"In\u00edcio\",\"item\":\"https:\/\/wp.ufpel.edu.br\/poiema\/\"},{\"@type\":\"ListItem\",\"position\":2,\"name\":\"Pesquisa: Akira\"}]},{\"@type\":\"WebSite\",\"@id\":\"https:\/\/wp.ufpel.edu.br\/poiema\/#website\",\"url\":\"https:\/\/wp.ufpel.edu.br\/poiema\/\",\"name\":\"POIEMA\",\"description\":\"POIEMA UFPel\",\"potentialAction\":[{\"@type\":\"SearchAction\",\"target\":{\"@type\":\"EntryPoint\",\"urlTemplate\":\"https:\/\/wp.ufpel.edu.br\/poiema\/?s={search_term_string}\"},\"query-input\":{\"@type\":\"PropertyValueSpecification\",\"valueRequired\":true,\"valueName\":\"search_term_string\"}}],\"inLanguage\":\"pt-BR\"}]}<\/script>\n<!-- \/ Yoast SEO plugin. -->","yoast_head_json":{"title":"Pesquisa: Akira - POIEMA","robots":{"index":"index","follow":"follow","max-snippet":"max-snippet:-1","max-image-preview":"max-image-preview:large","max-video-preview":"max-video-preview:-1"},"canonical":"https:\/\/wp.ufpel.edu.br\/poiema\/apresentacao-akira\/","og_locale":"pt_BR","og_type":"article","og_title":"Pesquisa: Akira - POIEMA","og_description":"Minha pesquisa nasceu da vontade de trabalhar com algo que gosto de maneira cr\u00edtica. Por consumir muito anime\/mang\u00e1 e interagir com outras pessoas que compartilham do mesmo gosto, percebi o quanto esses produtos culturais v\u00eam sendo apropriados de maneira irrefletida pelos f\u00e3s, os quais desenvolveram uma vis\u00e3o idealizada sobre o Jap\u00e3o. Dessa forma, empreender trabalhos &hellip; Continue lendo","og_url":"https:\/\/wp.ufpel.edu.br\/poiema\/apresentacao-akira\/","og_site_name":"POIEMA","article_modified_time":"2022-04-16T00:26:16+00:00","twitter_card":"summary_large_image","twitter_misc":{"Est. tempo de leitura":"3 minutos"},"schema":{"@context":"https:\/\/schema.org","@graph":[{"@type":"WebPage","@id":"https:\/\/wp.ufpel.edu.br\/poiema\/apresentacao-akira\/","url":"https:\/\/wp.ufpel.edu.br\/poiema\/apresentacao-akira\/","name":"Pesquisa: Akira - POIEMA","isPartOf":{"@id":"https:\/\/wp.ufpel.edu.br\/poiema\/#website"},"datePublished":"2021-09-27T18:27:32+00:00","dateModified":"2022-04-16T00:26:16+00:00","breadcrumb":{"@id":"https:\/\/wp.ufpel.edu.br\/poiema\/apresentacao-akira\/#breadcrumb"},"inLanguage":"pt-BR","potentialAction":[{"@type":"ReadAction","target":["https:\/\/wp.ufpel.edu.br\/poiema\/apresentacao-akira\/"]}]},{"@type":"BreadcrumbList","@id":"https:\/\/wp.ufpel.edu.br\/poiema\/apresentacao-akira\/#breadcrumb","itemListElement":[{"@type":"ListItem","position":1,"name":"In\u00edcio","item":"https:\/\/wp.ufpel.edu.br\/poiema\/"},{"@type":"ListItem","position":2,"name":"Pesquisa: Akira"}]},{"@type":"WebSite","@id":"https:\/\/wp.ufpel.edu.br\/poiema\/#website","url":"https:\/\/wp.ufpel.edu.br\/poiema\/","name":"POIEMA","description":"POIEMA UFPel","potentialAction":[{"@type":"SearchAction","target":{"@type":"EntryPoint","urlTemplate":"https:\/\/wp.ufpel.edu.br\/poiema\/?s={search_term_string}"},"query-input":{"@type":"PropertyValueSpecification","valueRequired":true,"valueName":"search_term_string"}}],"inLanguage":"pt-BR"}]}},"jetpack_sharing_enabled":true,"_links":{"self":[{"href":"https:\/\/wp.ufpel.edu.br\/poiema\/wp-json\/wp\/v2\/pages\/1682","targetHints":{"allow":["GET"]}}],"collection":[{"href":"https:\/\/wp.ufpel.edu.br\/poiema\/wp-json\/wp\/v2\/pages"}],"about":[{"href":"https:\/\/wp.ufpel.edu.br\/poiema\/wp-json\/wp\/v2\/types\/page"}],"author":[{"embeddable":true,"href":"https:\/\/wp.ufpel.edu.br\/poiema\/wp-json\/wp\/v2\/users\/1170"}],"replies":[{"embeddable":true,"href":"https:\/\/wp.ufpel.edu.br\/poiema\/wp-json\/wp\/v2\/comments?post=1682"}],"version-history":[{"count":5,"href":"https:\/\/wp.ufpel.edu.br\/poiema\/wp-json\/wp\/v2\/pages\/1682\/revisions"}],"predecessor-version":[{"id":3838,"href":"https:\/\/wp.ufpel.edu.br\/poiema\/wp-json\/wp\/v2\/pages\/1682\/revisions\/3838"}],"wp:attachment":[{"href":"https:\/\/wp.ufpel.edu.br\/poiema\/wp-json\/wp\/v2\/media?parent=1682"}],"curies":[{"name":"wp","href":"https:\/\/api.w.org\/{rel}","templated":true}]}}